{"id":10086,"date":"2024-09-26T14:43:23","date_gmt":"2024-09-26T12:43:23","guid":{"rendered":"https:\/\/sfgrs.de\/wordpress\/sfgrs-24\/?page_id=10086"},"modified":"2024-11-04T11:46:49","modified_gmt":"2024-11-04T10:46:49","slug":"fach-sport","status":"publish","type":"page","link":"https:\/\/sfgrs.de\/wordpress\/index.php\/fach-sport\/","title":{"rendered":"Fach &#8211; Sport"},"content":{"rendered":"<div class=\"fusion-fullwidth fullwidth-box fusion-builder-row-1 fusion-flex-container has-pattern-background has-mask-background nonhundred-percent-fullwidth non-hundred-percent-height-scrolling\" style=\"--awb-border-radius-top-left:0px;--awb-border-radius-top-right:0px;--awb-border-radius-bottom-right:0px;--awb-border-radius-bottom-left:0px;--awb-flex-wrap:wrap;\" ><div class=\"fusion-builder-row fusion-row fusion-flex-align-items-flex-start fusion-flex-content-wrap\" style=\"max-width:1456px;margin-left: calc(-4% \/ 2 );margin-right: calc(-4% \/ 2 );\"><div class=\"fusion-layout-column fusion_builder_column fusion-builder-column-0 fusion_builder_column_1_6 1_6 fusion-flex-column\" style=\"--awb-bg-size:cover;--awb-width-large:16.666666666667%;--awb-margin-top-large:0px;--awb-spacing-right-large:11.52%;--awb-margin-bottom-large:20px;--awb-spacing-left-large:11.52%;--awb-width-medium:100%;--awb-order-medium:0;--awb-spacing-right-medium:1.92%;--awb-spacing-left-medium:1.92%;--awb-width-small:100%;--awb-order-small:0;--awb-spacing-right-small:1.92%;--awb-spacing-left-small:1.92%;\"><div class=\"fusion-column-wrapper fusion-column-has-shadow fusion-flex-justify-content-flex-start fusion-content-layout-column\"><\/div><\/div><div class=\"fusion-layout-column fusion_builder_column fusion-builder-column-1 fusion_builder_column_2_3 2_3 fusion-flex-column\" style=\"--awb-bg-size:cover;--awb-width-large:66.666666666667%;--awb-margin-top-large:0px;--awb-spacing-right-large:2.88%;--awb-margin-bottom-large:20px;--awb-spacing-left-large:2.88%;--awb-width-medium:100%;--awb-order-medium:0;--awb-spacing-right-medium:1.92%;--awb-spacing-left-medium:1.92%;--awb-width-small:100%;--awb-order-small:0;--awb-spacing-right-small:1.92%;--awb-spacing-left-small:1.92%;\"><div class=\"fusion-column-wrapper fusion-column-has-shadow fusion-flex-justify-content-flex-start fusion-content-layout-column\"><div class=\"fusion-image-element \" style=\"--awb-aspect-ratio:21 \/ 9;--awb-object-position:49% 49%;--awb-margin-bottom:30px;--awb-caption-title-font-family:var(--h2_typography-font-family);--awb-caption-title-font-weight:var(--h2_typography-font-weight);--awb-caption-title-font-style:var(--h2_typography-font-style);--awb-caption-title-size:var(--h2_typography-font-size);--awb-caption-title-transform:var(--h2_typography-text-transform);--awb-caption-title-line-height:var(--h2_typography-line-height);--awb-caption-title-letter-spacing:var(--h2_typography-letter-spacing);\"><span class=\" fusion-imageframe imageframe-none imageframe-1 hover-type-none has-aspect-ratio\"><img decoding=\"async\" width=\"300\" height=\"139\" title=\"2f40a147-e944-4361-9fd1-ac91f3d3d919\" src=\"https:\/\/sfgrs.de\/wordpress\/wp-content\/uploads\/2024\/01\/2f40a147-e944-4361-9fd1-ac91f3d3d919-300x139.jpeg\" class=\"img-responsive wp-image-8765 img-with-aspect-ratio\" alt srcset=\"https:\/\/sfgrs.de\/wordpress\/wp-content\/uploads\/2024\/01\/2f40a147-e944-4361-9fd1-ac91f3d3d919-200x92.jpeg 200w, https:\/\/sfgrs.de\/wordpress\/wp-content\/uploads\/2024\/01\/2f40a147-e944-4361-9fd1-ac91f3d3d919-400x185.jpeg 400w, https:\/\/sfgrs.de\/wordpress\/wp-content\/uploads\/2024\/01\/2f40a147-e944-4361-9fd1-ac91f3d3d919-600x277.jpeg 600w, https:\/\/sfgrs.de\/wordpress\/wp-content\/uploads\/2024\/01\/2f40a147-e944-4361-9fd1-ac91f3d3d919-800x370.jpeg 800w, https:\/\/sfgrs.de\/wordpress\/wp-content\/uploads\/2024\/01\/2f40a147-e944-4361-9fd1-ac91f3d3d919-1200x554.jpeg 1200w, https:\/\/sfgrs.de\/wordpress\/wp-content\/uploads\/2024\/01\/2f40a147-e944-4361-9fd1-ac91f3d3d919.jpeg 1366w\" sizes=\"(max-width: 1140px) 100vw, (max-width: 640px) 100vw, 1200px\" \/><\/span><\/div><div class=\"fusion-text fusion-text-1 fusion-text-no-margin\" style=\"--awb-margin-bottom:30px;\"><p>Der FB Sport besitzt zwei Turnhallen, die jeweils f\u00fcr andere Sportarten geeignet sind. Somit k\u00f6nnen wir modernen und bewegungsintensiven Sportunterricht f\u00fcr jede Klassenstufe anbieten. Dar\u00fcber hinaus verf\u00fcgen wir \u00fcber einen neuen Outdoor-Sportplatz, der unser Portfolio der klassischen Sportarten erweitert. So k\u00f6nnen aktuelle Trends des Sports zum Beispiel 3&#215;3 Basketball umgesetzt werden. Ein voll variables Netz erm\u00f6glicht einen schnellen Switch zwischen Badminton und Volleyball oder kleinen Spielen wie V\u00f6lkerball. Zudem k\u00f6nnen wir Disziplinen der Leichtathletik wie Weitsprung in einer eigenen Sprunggrube unterrichten.<\/p>\n<p>Der Sportunterricht wird mit zahlreichen Sportevents au\u00dferhalb der Unterrichtszeit bereichert. Zum einen finden regelm\u00e4\u00dfig offene Turnhallen statt. In dieser Zeit spielen unsere Sch\u00fclerinnen mit Sch\u00fclern anderen Schulen miteinander Handball oder Volleyball. Zum anderen findet j\u00e4hrlich ein Waldlauftag auf freiwilliger Basis statt. Besondere Highlights wie ein Dartworkshop mit dem DSV Donnersberg zeigen unseren Sch\u00fclerinnen die die Vielfalt des Sports.<\/p>\n<p><u>Kurzinfos \u00fcber die festen und regelm\u00e4\u00dfigen Sportereignisse unseres Schulalltags<\/u>:<\/p>\n<\/div><div class=\"accordian fusion-accordian\" style=\"--awb-border-size:1px;--awb-icon-size:13px;--awb-content-font-size:16px;--awb-icon-alignment:left;--awb-hover-color:#f9f9f9;--awb-border-color:var(--awb-color3);--awb-background-color:#ffffff;--awb-divider-color:var(--awb-color3);--awb-divider-hover-color:var(--awb-color3);--awb-icon-color:#ffffff;--awb-title-color:var(--awb-color5);--awb-content-color:#747474;--awb-icon-box-color:#b8d3b6;--awb-toggle-hover-accent-color:var(--awb-color7);--awb-toggle-active-accent-color:var(--awb-color5);--awb-title-font-family:var(--awb-typography4-font-family);--awb-title-font-weight:var(--awb-typography4-font-weight);--awb-title-font-style:var(--awb-typography4-font-style);--awb-title-font-size:var(--awb-typography4-font-size);--awb-title-letter-spacing:var(--awb-typography4-letter-spacing);--awb-title-line-height:var(--awb-typography4-line-height);--awb-content-font-family:&quot;Raleway&quot;;--awb-content-font-style:normal;--awb-content-font-weight:400;\"><div class=\"panel-group fusion-toggle-icon-boxed\" id=\"accordion-10086-1\"><div class=\"fusion-panel panel-default panel-9743a6ba21a0b7a05 fusion-toggle-has-divider\" style=\"--awb-title-color:var(--awb-color5);\"><div class=\"panel-heading\"><h4 class=\"panel-title toggle\" id=\"toggle_9743a6ba21a0b7a05\"><a aria-expanded=\"false\" aria-controls=\"9743a6ba21a0b7a05\" role=\"button\" data-toggle=\"collapse\" data-parent=\"#accordion-10086-1\" data-target=\"#9743a6ba21a0b7a05\" href=\"#9743a6ba21a0b7a05\"><span class=\"fusion-toggle-icon-wrapper\" aria-hidden=\"true\"><i class=\"fa-fusion-box active-icon awb-icon-minus\" aria-hidden=\"true\"><\/i><i class=\"fa-fusion-box inactive-icon awb-icon-plus\" aria-hidden=\"true\"><\/i><\/span><span class=\"fusion-toggle-heading\">\u201eBall \u00fcber die Schnur\u201c-Turnier<\/span><\/a><\/h4><\/div><div id=\"9743a6ba21a0b7a05\" class=\"panel-collapse collapse \" aria-labelledby=\"toggle_9743a6ba21a0b7a05\"><div class=\"panel-body toggle-content fusion-clearfix\">\n<p>Alle 5. Klassen bilden klassenintern vier Mannschaften, die an einem gesamten Vormittag gegeneinander antreten. Dabei beobachten wir auf drei Spielfeldern in zwei Turnhallen tolle Spiele und spannende Finals um die Medaillen.<\/p>\n<\/div><\/div><\/div><div class=\"fusion-panel panel-default panel-7583cef77e79c46d2 fusion-toggle-has-divider\" style=\"--awb-title-color:var(--awb-color5);\"><div class=\"panel-heading\"><h4 class=\"panel-title toggle\" id=\"toggle_7583cef77e79c46d2\"><a aria-expanded=\"false\" aria-controls=\"7583cef77e79c46d2\" role=\"button\" data-toggle=\"collapse\" data-parent=\"#accordion-10086-1\" data-target=\"#7583cef77e79c46d2\" href=\"#7583cef77e79c46d2\"><span class=\"fusion-toggle-icon-wrapper\" aria-hidden=\"true\"><i class=\"fa-fusion-box active-icon awb-icon-minus\" aria-hidden=\"true\"><\/i><i class=\"fa-fusion-box inactive-icon awb-icon-plus\" aria-hidden=\"true\"><\/i><\/span><span class=\"fusion-toggle-heading\">Sportfest der 7. Klassen<\/span><\/a><\/h4><\/div><div id=\"7583cef77e79c46d2\" class=\"panel-collapse collapse \" aria-labelledby=\"toggle_7583cef77e79c46d2\"><div class=\"panel-body toggle-content fusion-clearfix\">\n<p>Alle 7.Klassen bilden klassenintern drei Mannschaften, die gegeneinander in verschiedenen Disziplinen um den Sieg k\u00e4mpfen. Dabei kommt es auf Geschicklichkeit, Kraft, Ausdauer, Kreativit\u00e4t und Teamgeist an.<\/p>\n<\/div><\/div><\/div><div class=\"fusion-panel panel-default panel-7654749e1afd78d71 fusion-toggle-has-divider\" style=\"--awb-title-color:var(--awb-color5);\"><div class=\"panel-heading\"><h4 class=\"panel-title toggle\" id=\"toggle_7654749e1afd78d71\"><a aria-expanded=\"false\" aria-controls=\"7654749e1afd78d71\" role=\"button\" data-toggle=\"collapse\" data-parent=\"#accordion-10086-1\" data-target=\"#7654749e1afd78d71\" href=\"#7654749e1afd78d71\"><span class=\"fusion-toggle-icon-wrapper\" aria-hidden=\"true\"><i class=\"fa-fusion-box active-icon awb-icon-minus\" aria-hidden=\"true\"><\/i><i class=\"fa-fusion-box inactive-icon awb-icon-plus\" aria-hidden=\"true\"><\/i><\/span><span class=\"fusion-toggle-heading\">Basketballturnier der 10.Klassen<\/span><\/a><\/h4><\/div><div id=\"7654749e1afd78d71\" class=\"panel-collapse collapse \" aria-labelledby=\"toggle_7654749e1afd78d71\"><div class=\"panel-body toggle-content fusion-clearfix\">\n<p>Alle 10. Klassen bilden klassenintern Mannschaften, die dem Kleinfeldbasketball entsprechen und spielen \u00fcber den gesamten Schultag ein spannendes Turnier.<\/p>\n<\/div><\/div><\/div><div class=\"fusion-panel panel-default panel-ff129bdbee9f65f32 fusion-toggle-has-divider\" style=\"--awb-title-color:var(--awb-color5);\"><div class=\"panel-heading\"><h4 class=\"panel-title toggle\" id=\"toggle_ff129bdbee9f65f32\"><a aria-expanded=\"false\" aria-controls=\"ff129bdbee9f65f32\" role=\"button\" data-toggle=\"collapse\" data-parent=\"#accordion-10086-1\" data-target=\"#ff129bdbee9f65f32\" href=\"#ff129bdbee9f65f32\"><span class=\"fusion-toggle-icon-wrapper\" aria-hidden=\"true\"><i class=\"fa-fusion-box active-icon awb-icon-minus\" aria-hidden=\"true\"><\/i><i class=\"fa-fusion-box inactive-icon awb-icon-plus\" aria-hidden=\"true\"><\/i><\/span><span class=\"fusion-toggle-heading\">Volleyballturnier der MSS<\/span><\/a><\/h4><\/div><div id=\"ff129bdbee9f65f32\" class=\"panel-collapse collapse \" aria-labelledby=\"toggle_ff129bdbee9f65f32\"><div class=\"panel-body toggle-content fusion-clearfix\">\n<p>Die gesamte Oberstufe spielt ein Turnier, bei dem die Mannschaften kurs\u00fcbergreifend, aber nicht stufen\u00fcbergreifend gebildet werden. Dieses Turnier hat die Besonderheit, dass Mannschaften drei Teilnahmen \u00fcber die gesamte Oberstufenzeit haben und somit der Titelgewinn und die Verteidigung des Titels besondere Spannung erzeugt.<\/p>\n<\/div><\/div><\/div><div class=\"fusion-panel panel-default panel-9e964a87f7077be98 fusion-toggle-has-divider\" style=\"--awb-title-color:var(--awb-color5);\"><div class=\"panel-heading\"><h4 class=\"panel-title toggle\" id=\"toggle_9e964a87f7077be98\"><a aria-expanded=\"false\" aria-controls=\"9e964a87f7077be98\" role=\"button\" data-toggle=\"collapse\" data-parent=\"#accordion-10086-1\" data-target=\"#9e964a87f7077be98\" href=\"#9e964a87f7077be98\"><span class=\"fusion-toggle-icon-wrapper\" aria-hidden=\"true\"><i class=\"fa-fusion-box active-icon awb-icon-minus\" aria-hidden=\"true\"><\/i><i class=\"fa-fusion-box inactive-icon awb-icon-plus\" aria-hidden=\"true\"><\/i><\/span><span class=\"fusion-toggle-heading\">Sport-AGs unserer Schule<\/span><\/a><\/h4><\/div><div id=\"9e964a87f7077be98\" class=\"panel-collapse collapse \" aria-labelledby=\"toggle_9e964a87f7077be98\"><div class=\"panel-body toggle-content fusion-clearfix\">\n<ul>\n<li>Lauf-AG<\/li>\n<li>Volleyball-AG<\/li>\n<li><a href=\"https:\/\/sfgrs.de\/wordpress\/index.php\/ropeskipping\/\">Rope Skipping-AG<\/a><\/li>\n<li>Yoga-AG<\/li>\n<\/ul>\n<\/div><\/div><\/div><div class=\"fusion-panel panel-default panel-e23cabea31f5c1b72 fusion-toggle-has-divider\" style=\"--awb-title-color:var(--awb-color5);\"><div class=\"panel-heading\"><h4 class=\"panel-title toggle\" id=\"toggle_e23cabea31f5c1b72\"><a aria-expanded=\"false\" aria-controls=\"e23cabea31f5c1b72\" role=\"button\" data-toggle=\"collapse\" data-parent=\"#accordion-10086-1\" data-target=\"#e23cabea31f5c1b72\" href=\"#e23cabea31f5c1b72\"><span class=\"fusion-toggle-icon-wrapper\" aria-hidden=\"true\"><i class=\"fa-fusion-box active-icon awb-icon-minus\" aria-hidden=\"true\"><\/i><i class=\"fa-fusion-box inactive-icon awb-icon-plus\" aria-hidden=\"true\"><\/i><\/span><span class=\"fusion-toggle-heading\">Teilnahme an Jugend trainiert f\u00fcr Olympia<\/span><\/a><\/h4><\/div><div id=\"e23cabea31f5c1b72\" class=\"panel-collapse collapse \" aria-labelledby=\"toggle_e23cabea31f5c1b72\"><div class=\"panel-body toggle-content fusion-clearfix\">\n<p>Immer wieder nehmen wir mit gro\u00dfem Erfolg an verschiedenen Jtfo-Turnieren teil. Dabei melden wir Sch\u00fclerinnen einer Wettkampfklasse, die eine Sportart besonders gut k\u00f6nnen an. Besonders erfolgreich waren in den letzten Jahren unsere Turnmannschaften.<\/p>\n<\/div><\/div><\/div><div class=\"fusion-panel panel-default panel-3f313ed80fbcac030 fusion-toggle-has-divider\" style=\"--awb-title-color:var(--awb-color5);\"><div class=\"panel-heading\"><h4 class=\"panel-title toggle\" id=\"toggle_3f313ed80fbcac030\"><a aria-expanded=\"false\" aria-controls=\"3f313ed80fbcac030\" role=\"button\" data-toggle=\"collapse\" data-parent=\"#accordion-10086-1\" data-target=\"#3f313ed80fbcac030\" href=\"#3f313ed80fbcac030\"><span class=\"fusion-toggle-icon-wrapper\" aria-hidden=\"true\"><i class=\"fa-fusion-box active-icon awb-icon-minus\" aria-hidden=\"true\"><\/i><i class=\"fa-fusion-box inactive-icon awb-icon-plus\" aria-hidden=\"true\"><\/i><\/span><span class=\"fusion-toggle-heading\">City-Lauf<\/span><\/a><\/h4><\/div><div id=\"3f313ed80fbcac030\" class=\"panel-collapse collapse \" aria-labelledby=\"toggle_3f313ed80fbcac030\"><div class=\"panel-body toggle-content fusion-clearfix\">\n<p>J\u00e4hrlich nimmt unsere Schule mit Erfolg beim traditionellen City-Lauf Kaiserslautern teil. Zahlreiche Platzierung auf dem Podest geh\u00f6ren seit Jahren zu unserer Sportfachschaft<\/p>\n<\/div><\/div><\/div><div class=\"fusion-panel panel-default panel-8dcfd45cb35d5a8cb fusion-toggle-has-divider\" style=\"--awb-title-color:var(--awb-color5);\"><div class=\"panel-heading\"><h4 class=\"panel-title toggle\" id=\"toggle_8dcfd45cb35d5a8cb\"><a aria-expanded=\"false\" aria-controls=\"8dcfd45cb35d5a8cb\" role=\"button\" data-toggle=\"collapse\" data-parent=\"#accordion-10086-1\" data-target=\"#8dcfd45cb35d5a8cb\" href=\"#8dcfd45cb35d5a8cb\"><span class=\"fusion-toggle-icon-wrapper\" aria-hidden=\"true\"><i class=\"fa-fusion-box active-icon awb-icon-minus\" aria-hidden=\"true\"><\/i><i class=\"fa-fusion-box inactive-icon awb-icon-plus\" aria-hidden=\"true\"><\/i><\/span><span class=\"fusion-toggle-heading\">Teilnahme am \u201eMainzer Sch\u00fcler-Ekidenlauf\u201c<\/span><\/a><\/h4><\/div><div id=\"8dcfd45cb35d5a8cb\" class=\"panel-collapse collapse \" aria-labelledby=\"toggle_8dcfd45cb35d5a8cb\"><div class=\"panel-body toggle-content fusion-clearfix\">\n<p>Regelm\u00e4\u00dfige Teilnahme am gr\u00f6\u00dften Laufwettkampf f\u00fcr Schulen in RLP. Oft belegen wir mit unserer Staffeln Platzierungen unter den ersten sechs Mannschaften.<\/p>\n<\/div><\/div><\/div><\/div><\/div><div class=\"fusion-image-carousel fusion-image-carousel-auto fusion-image-carousel-1 fusion-carousel-border\"><div class=\"awb-carousel awb-swiper awb-swiper-carousel\" data-autoplay=\"no\" data-columns=\"3\" data-itemmargin=\"13\" data-itemwidth=\"180\" data-touchscroll=\"no\" data-imagesize=\"auto\" style=\"--awb-columns:3;\"><div class=\"swiper-wrapper awb-image-carousel-wrapper fusion-flex-align-items-center\"><div class=\"swiper-slide\"><div class=\"fusion-carousel-item-wrapper\"><div class=\"fusion-image-wrapper hover-type-none\"><img decoding=\"async\" width=\"1024\" height=\"768\" src=\"https:\/\/sfgrs.de\/wordpress\/wp-content\/uploads\/2024\/09\/Spendenlauf-1.jpg\" class=\"attachment-full size-full\" alt=\"\" srcset=\"https:\/\/sfgrs.de\/wordpress\/wp-content\/uploads\/2024\/09\/Spendenlauf-1-200x150.jpg 200w, https:\/\/sfgrs.de\/wordpress\/wp-content\/uploads\/2024\/09\/Spendenlauf-1-400x300.jpg 400w, https:\/\/sfgrs.de\/wordpress\/wp-content\/uploads\/2024\/09\/Spendenlauf-1-600x450.jpg 600w, https:\/\/sfgrs.de\/wordpress\/wp-content\/uploads\/2024\/09\/Spendenlauf-1-800x600.jpg 800w, https:\/\/sfgrs.de\/wordpress\/wp-content\/uploads\/2024\/09\/Spendenlauf-1.jpg 1024w\" sizes=\"(min-width: 2200px) 100vw, (min-width: 960px) 458px, (min-width: 800px) 687px, (min-width: 640px) 800px, \" \/><\/div><\/div><\/div><div class=\"swiper-slide\"><div class=\"fusion-carousel-item-wrapper\"><div class=\"fusion-image-wrapper hover-type-none\"><img decoding=\"async\" width=\"1151\" height=\"768\" src=\"https:\/\/sfgrs.de\/wordpress\/wp-content\/uploads\/2024\/01\/Rope-Skipping-Homepage_Bild-2.jpg\" class=\"attachment-full size-full\" alt=\"\" srcset=\"https:\/\/sfgrs.de\/wordpress\/wp-content\/uploads\/2024\/01\/Rope-Skipping-Homepage_Bild-2-200x133.jpg 200w, https:\/\/sfgrs.de\/wordpress\/wp-content\/uploads\/2024\/01\/Rope-Skipping-Homepage_Bild-2-400x267.jpg 400w, https:\/\/sfgrs.de\/wordpress\/wp-content\/uploads\/2024\/01\/Rope-Skipping-Homepage_Bild-2-600x400.jpg 600w, https:\/\/sfgrs.de\/wordpress\/wp-content\/uploads\/2024\/01\/Rope-Skipping-Homepage_Bild-2-800x534.jpg 800w, https:\/\/sfgrs.de\/wordpress\/wp-content\/uploads\/2024\/01\/Rope-Skipping-Homepage_Bild-2.jpg 1151w\" sizes=\"(min-width: 2200px) 100vw, (min-width: 960px) 458px, (min-width: 800px) 687px, (min-width: 640px) 800px, \" \/><\/div><\/div><\/div><div class=\"swiper-slide\"><div class=\"fusion-carousel-item-wrapper\"><div class=\"fusion-image-wrapper hover-type-none\"><img decoding=\"async\" width=\"1366\" height=\"631\" src=\"https:\/\/sfgrs.de\/wordpress\/wp-content\/uploads\/2024\/01\/3ca0f509-91c4-4690-8323-fe1b4bd29184.jpeg\" class=\"attachment-full size-full\" alt=\"\" srcset=\"https:\/\/sfgrs.de\/wordpress\/wp-content\/uploads\/2024\/01\/3ca0f509-91c4-4690-8323-fe1b4bd29184-200x92.jpeg 200w, https:\/\/sfgrs.de\/wordpress\/wp-content\/uploads\/2024\/01\/3ca0f509-91c4-4690-8323-fe1b4bd29184-400x185.jpeg 400w, https:\/\/sfgrs.de\/wordpress\/wp-content\/uploads\/2024\/01\/3ca0f509-91c4-4690-8323-fe1b4bd29184-600x277.jpeg 600w, https:\/\/sfgrs.de\/wordpress\/wp-content\/uploads\/2024\/01\/3ca0f509-91c4-4690-8323-fe1b4bd29184-800x370.jpeg 800w, https:\/\/sfgrs.de\/wordpress\/wp-content\/uploads\/2024\/01\/3ca0f509-91c4-4690-8323-fe1b4bd29184-1200x554.jpeg 1200w, https:\/\/sfgrs.de\/wordpress\/wp-content\/uploads\/2024\/01\/3ca0f509-91c4-4690-8323-fe1b4bd29184.jpeg 1366w\" sizes=\"(min-width: 2200px) 100vw, (min-width: 960px) 458px, (min-width: 800px) 687px, (min-width: 640px) 800px, \" \/><\/div><\/div><\/div><div class=\"swiper-slide\"><div class=\"fusion-carousel-item-wrapper\"><div class=\"fusion-image-wrapper hover-type-none\"><img decoding=\"async\" width=\"1366\" height=\"631\" src=\"https:\/\/sfgrs.de\/wordpress\/wp-content\/uploads\/2024\/01\/4cf82a1e-738c-48bf-a49f-8555972e2c37.jpeg\" class=\"attachment-full size-full\" alt=\"\" srcset=\"https:\/\/sfgrs.de\/wordpress\/wp-content\/uploads\/2024\/01\/4cf82a1e-738c-48bf-a49f-8555972e2c37-200x92.jpeg 200w, https:\/\/sfgrs.de\/wordpress\/wp-content\/uploads\/2024\/01\/4cf82a1e-738c-48bf-a49f-8555972e2c37-400x185.jpeg 400w, https:\/\/sfgrs.de\/wordpress\/wp-content\/uploads\/2024\/01\/4cf82a1e-738c-48bf-a49f-8555972e2c37-600x277.jpeg 600w, https:\/\/sfgrs.de\/wordpress\/wp-content\/uploads\/2024\/01\/4cf82a1e-738c-48bf-a49f-8555972e2c37-800x370.jpeg 800w, https:\/\/sfgrs.de\/wordpress\/wp-content\/uploads\/2024\/01\/4cf82a1e-738c-48bf-a49f-8555972e2c37-1200x554.jpeg 1200w, https:\/\/sfgrs.de\/wordpress\/wp-content\/uploads\/2024\/01\/4cf82a1e-738c-48bf-a49f-8555972e2c37.jpeg 1366w\" sizes=\"(min-width: 2200px) 100vw, (min-width: 960px) 458px, (min-width: 800px) 687px, (min-width: 640px) 800px, \" \/><\/div><\/div><\/div><div class=\"swiper-slide\"><div class=\"fusion-carousel-item-wrapper\"><div class=\"fusion-image-wrapper hover-type-none\"><img decoding=\"async\" width=\"1365\" height=\"768\" src=\"https:\/\/sfgrs.de\/wordpress\/wp-content\/uploads\/2023\/10\/PHOTO-2023-10-14-12-36-02.jpg\" class=\"attachment-full size-full\" alt=\"\" srcset=\"https:\/\/sfgrs.de\/wordpress\/wp-content\/uploads\/2023\/10\/PHOTO-2023-10-14-12-36-02-200x113.jpg 200w, https:\/\/sfgrs.de\/wordpress\/wp-content\/uploads\/2023\/10\/PHOTO-2023-10-14-12-36-02-400x225.jpg 400w, https:\/\/sfgrs.de\/wordpress\/wp-content\/uploads\/2023\/10\/PHOTO-2023-10-14-12-36-02-600x338.jpg 600w, https:\/\/sfgrs.de\/wordpress\/wp-content\/uploads\/2023\/10\/PHOTO-2023-10-14-12-36-02-800x450.jpg 800w, https:\/\/sfgrs.de\/wordpress\/wp-content\/uploads\/2023\/10\/PHOTO-2023-10-14-12-36-02-1200x675.jpg 1200w, https:\/\/sfgrs.de\/wordpress\/wp-content\/uploads\/2023\/10\/PHOTO-2023-10-14-12-36-02.jpg 1365w\" sizes=\"(min-width: 2200px) 100vw, (min-width: 960px) 458px, (min-width: 800px) 687px, (min-width: 640px) 800px, \" \/><\/div><\/div><\/div><\/div><div class=\"awb-swiper-button awb-swiper-button-prev\"><i class=\"awb-icon-angle-left\" aria-hidden=\"true\"><\/i><\/div><div class=\"awb-swiper-button awb-swiper-button-next\"><i class=\"awb-icon-angle-right\" aria-hidden=\"true\"><\/i><\/div><\/div><\/div><\/div><\/div><div class=\"fusion-layout-column fusion_builder_column fusion-builder-column-2 fusion_builder_column_1_6 1_6 fusion-flex-column\" style=\"--awb-bg-size:cover;--awb-width-large:16.666666666667%;--awb-margin-top-large:0px;--awb-spacing-right-large:11.52%;--awb-margin-bottom-large:20px;--awb-spacing-left-large:11.52%;--awb-width-medium:100%;--awb-order-medium:0;--awb-spacing-right-medium:1.92%;--awb-spacing-left-medium:1.92%;--awb-width-small:100%;--awb-order-small:0;--awb-spacing-right-small:1.92%;--awb-spacing-left-small:1.92%;\"><div class=\"fusion-column-wrapper fusion-column-has-shadow fusion-flex-justify-content-flex-start fusion-content-layout-column\"><\/div><\/div><\/div><\/div>\n","protected":false},"excerpt":{"rendered":"","protected":false},"author":1,"featured_media":0,"parent":0,"menu_order":0,"comment_status":"closed","ping_status":"closed","template":"","meta":{"footnotes":""},"categories":[44],"tags":[],"class_list":["post-10086","page","type-page","status-publish","hentry","category-sub-faecher"],"_links":{"self":[{"href":"https:\/\/sfgrs.de\/wordpress\/index.php\/wp-json\/wp\/v2\/pages\/10086","targetHints":{"allow":["GET"]}}],"collection":[{"href":"https:\/\/sfgrs.de\/wordpress\/index.php\/wp-json\/wp\/v2\/pages"}],"about":[{"href":"https:\/\/sfgrs.de\/wordpress\/index.php\/wp-json\/wp\/v2\/types\/page"}],"author":[{"embeddable":true,"href":"https:\/\/sfgrs.de\/wordpress\/index.php\/wp-json\/wp\/v2\/users\/1"}],"replies":[{"embeddable":true,"href":"https:\/\/sfgrs.de\/wordpress\/index.php\/wp-json\/wp\/v2\/comments?post=10086"}],"version-history":[{"count":4,"href":"https:\/\/sfgrs.de\/wordpress\/index.php\/wp-json\/wp\/v2\/pages\/10086\/revisions"}],"predecessor-version":[{"id":11969,"href":"https:\/\/sfgrs.de\/wordpress\/index.php\/wp-json\/wp\/v2\/pages\/10086\/revisions\/11969"}],"wp:attachment":[{"href":"https:\/\/sfgrs.de\/wordpress\/index.php\/wp-json\/wp\/v2\/media?parent=10086"}],"wp:term":[{"taxonomy":"category","embeddable":true,"href":"https:\/\/sfgrs.de\/wordpress\/index.php\/wp-json\/wp\/v2\/categories?post=10086"},{"taxonomy":"post_tag","embeddable":true,"href":"https:\/\/sfgrs.de\/wordpress\/index.php\/wp-json\/wp\/v2\/tags?post=10086"}],"curies":[{"name":"wp","href":"https:\/\/api.w.org\/{rel}","templated":true}]}}