{"id":10088,"date":"2024-09-26T14:43:36","date_gmt":"2024-09-26T12:43:36","guid":{"rendered":"https:\/\/sfgrs.de\/wordpress\/sfgrs-24\/?page_id=10088"},"modified":"2024-11-04T11:42:43","modified_gmt":"2024-11-04T10:42:43","slug":"fach-biologie","status":"publish","type":"page","link":"https:\/\/sfgrs.de\/wordpress\/index.php\/fach-biologie\/","title":{"rendered":"Fach &#8211; Biologie"},"content":{"rendered":"<div class=\"fusion-fullwidth fullwidth-box fusion-builder-row-1 fusion-flex-container has-pattern-background has-mask-background nonhundred-percent-fullwidth non-hundred-percent-height-scrolling\" style=\"--awb-border-radius-top-left:0px;--awb-border-radius-top-right:0px;--awb-border-radius-bottom-right:0px;--awb-border-radius-bottom-left:0px;--awb-flex-wrap:wrap;\" ><div class=\"fusion-builder-row fusion-row fusion-flex-align-items-flex-start fusion-flex-content-wrap\" style=\"max-width:1456px;margin-left: calc(-4% \/ 2 );margin-right: calc(-4% \/ 2 );\"><div class=\"fusion-layout-column fusion_builder_column fusion-builder-column-0 fusion_builder_column_1_6 1_6 fusion-flex-column\" style=\"--awb-bg-size:cover;--awb-width-large:16.666666666667%;--awb-margin-top-large:0px;--awb-spacing-right-large:11.52%;--awb-margin-bottom-large:20px;--awb-spacing-left-large:11.52%;--awb-width-medium:100%;--awb-order-medium:0;--awb-spacing-right-medium:1.92%;--awb-spacing-left-medium:1.92%;--awb-width-small:100%;--awb-order-small:0;--awb-spacing-right-small:1.92%;--awb-spacing-left-small:1.92%;\"><div class=\"fusion-column-wrapper fusion-column-has-shadow fusion-flex-justify-content-flex-start fusion-content-layout-column\"><\/div><\/div><div class=\"fusion-layout-column fusion_builder_column fusion-builder-column-1 fusion_builder_column_2_3 2_3 fusion-flex-column\" style=\"--awb-bg-size:cover;--awb-width-large:66.666666666667%;--awb-margin-top-large:0px;--awb-spacing-right-large:2.88%;--awb-margin-bottom-large:20px;--awb-spacing-left-large:2.88%;--awb-width-medium:100%;--awb-order-medium:0;--awb-spacing-right-medium:1.92%;--awb-spacing-left-medium:1.92%;--awb-width-small:100%;--awb-order-small:0;--awb-spacing-right-small:1.92%;--awb-spacing-left-small:1.92%;\"><div class=\"fusion-column-wrapper fusion-column-has-shadow fusion-flex-justify-content-flex-start fusion-content-layout-column\"><div class=\"fusion-image-element \" style=\"--awb-aspect-ratio:21 \/ 9;--awb-caption-title-font-family:var(--h2_typography-font-family);--awb-caption-title-font-weight:var(--h2_typography-font-weight);--awb-caption-title-font-style:var(--h2_typography-font-style);--awb-caption-title-size:var(--h2_typography-font-size);--awb-caption-title-transform:var(--h2_typography-text-transform);--awb-caption-title-line-height:var(--h2_typography-line-height);--awb-caption-title-letter-spacing:var(--h2_typography-letter-spacing);\"><span class=\" fusion-imageframe imageframe-none imageframe-1 hover-type-none has-aspect-ratio\"><img decoding=\"async\" width=\"1024\" height=\"577\" title=\"2McuMVOC\" src=\"https:\/\/sfgrs.de\/wordpress\/wp-content\/uploads\/2024\/10\/2McuMVOC-scaled-e1729668477110-1024x577.jpeg\" class=\"img-responsive wp-image-11142 img-with-aspect-ratio\" alt srcset=\"https:\/\/sfgrs.de\/wordpress\/wp-content\/uploads\/2024\/10\/2McuMVOC-scaled-e1729668477110-200x113.jpeg 200w, https:\/\/sfgrs.de\/wordpress\/wp-content\/uploads\/2024\/10\/2McuMVOC-scaled-e1729668477110-400x225.jpeg 400w, https:\/\/sfgrs.de\/wordpress\/wp-content\/uploads\/2024\/10\/2McuMVOC-scaled-e1729668477110-600x338.jpeg 600w, https:\/\/sfgrs.de\/wordpress\/wp-content\/uploads\/2024\/10\/2McuMVOC-scaled-e1729668477110-800x451.jpeg 800w, https:\/\/sfgrs.de\/wordpress\/wp-content\/uploads\/2024\/10\/2McuMVOC-scaled-e1729668477110-1200x676.jpeg 1200w\" sizes=\"(max-width: 1140px) 100vw, (max-width: 640px) 100vw, 1200px\" \/><\/span><\/div><div class=\"fusion-text fusion-text-1\" style=\"--awb-margin-top:25px;\"><h2>Biologie<\/h2>\n<p>Der FB Biologie besitzt zwei Fachr\u00e4ume, die jeweils mit modernen Smart-Displays ausgestattet sind. Bei Bedarf k\u00f6nnen die Boards durch eine vorhandene Smart-Kamera erg\u00e4nzt werden. Unser Unterricht wird besonders anschaulich durch die Verwendung des umfangreichen und vielf\u00e4ltigen Sammlungsmaterials, welches u.a. Skelett-Pr\u00e4parate, Zell- und Organmodelle, Fossilien, Experimentierk\u00e4sten zur Funktionsweise des Auges und Modellbauk\u00e4sten zur Darstellung der 3D-Struktur der DNA umfasst.<\/p>\n<p>Dar\u00fcber hinaus besitzen wir hochwertige Mikroskope, Binokulare und Pr\u00e4parierwannen inkl. dem dazugeh\u00f6rigen Pr\u00e4parierbesteck. Zus\u00e4tzlich wurden f\u00fcr einen zeitgem\u00e4\u00dfen Biologie-Unterricht verschiedene Sensoren, Messger\u00e4te und ein Photometer f\u00fcr den Einsatz im Unterricht und im Feld angeschafft, wobei die gemessenen Daten auch mit den digitalen Endger\u00e4ten der Sch\u00fclerinnen erfasst werden k\u00f6nnen.<\/p>\n<p>Ein H\u00f6hepunkt unseres Oberstufen-Unterrichts ist die, gemeinsam mit den FBs Chemie und Erdkunde durchgef\u00fchrte, mehrt\u00e4gige Exkursion in den <a href=\"https:\/\/sfgrs.de\/wordpress\/?page_id=11080&amp;preview=true\">S\u00fcdschwarzwald<\/a> (u.a. in die Wutach-Schlucht), welche seit fast 40 Jahren an unserer Schule durchgef\u00fchrt wird und die Sch\u00fclerinnen begeistert.<\/p>\n<p>Des weiteren hat die Biologie im Rahmen der Forscherinnentage ein Projekt zum Thema \u201eReptilien\u201c gestaltet. Dabei ging es neben allgemeinen Informationen \u00fcber diese Tiergruppe auch um alle heimischen Reptilien, die unseren Schutz brauchen \u2013 eine gute Gelegenheit, um die begeistert teilnehmenden Kinder f\u00fcr die Bed\u00fcrfnisse der \u201eNatur vor der Haust\u00fcr\u201c zu sensibilisieren.<\/p>\n<p>Ganz besonders stolz ist der FB Biologie \u00fcber den Bundessieg einer unserer Sch\u00fclerinnen beim Wettbewerb <a href=\"https:\/\/sfgrs.de\/wordpress\/index.php\/jugend-forscht\/\">\u201eJugend forscht\u201c<\/a> im Jahr 2015 (<a href=\"https:\/\/www.jugend-forscht.de\/projektdatenbank\/lernverhalten-von-eseln-und-maultieren.html\">https:\/\/www.jugend-forscht.de\/projektdatenbank\/lernverhalten-von-eseln-und-maultieren.html<\/a>)<\/p>\n<\/div><div class=\"fusion-image-carousel fusion-image-carousel-auto fusion-image-carousel-1 fusion-carousel-border\"><div class=\"awb-carousel awb-swiper awb-swiper-carousel\" data-autoplay=\"yes\" data-columns=\"3\" data-itemmargin=\"1\" data-itemwidth=\"180\" data-touchscroll=\"no\" data-imagesize=\"auto\" style=\"--awb-columns:3;--awb-column-spacing:1px;\"><div class=\"swiper-wrapper awb-image-carousel-wrapper fusion-flex-align-items-center\"><div class=\"swiper-slide\"><div class=\"fusion-carousel-item-wrapper\"><div class=\"fusion-image-wrapper hover-type-none\"><img decoding=\"async\" width=\"2808\" height=\"1872\" src=\"https:\/\/sfgrs.de\/wordpress\/wp-content\/uploads\/2024\/10\/Bio-5.png\" class=\"attachment-full size-full\" alt=\"\" srcset=\"https:\/\/sfgrs.de\/wordpress\/wp-content\/uploads\/2024\/10\/Bio-5-200x133.png 200w, https:\/\/sfgrs.de\/wordpress\/wp-content\/uploads\/2024\/10\/Bio-5-400x267.png 400w, https:\/\/sfgrs.de\/wordpress\/wp-content\/uploads\/2024\/10\/Bio-5-600x400.png 600w, https:\/\/sfgrs.de\/wordpress\/wp-content\/uploads\/2024\/10\/Bio-5-800x533.png 800w, https:\/\/sfgrs.de\/wordpress\/wp-content\/uploads\/2024\/10\/Bio-5-1200x800.png 1200w, https:\/\/sfgrs.de\/wordpress\/wp-content\/uploads\/2024\/10\/Bio-5.png 2808w\" sizes=\"(min-width: 2200px) 100vw, (min-width: 960px) 466px, (min-width: 800px) 699px, (min-width: 640px) 800px, \" \/><\/div><\/div><\/div><div class=\"swiper-slide\"><div class=\"fusion-carousel-item-wrapper\"><div class=\"fusion-image-wrapper hover-type-none\"><img decoding=\"async\" width=\"600\" height=\"401\" src=\"https:\/\/sfgrs.de\/wordpress\/wp-content\/uploads\/2024\/10\/Bio-4.png\" class=\"attachment-full size-full\" alt=\"\" srcset=\"https:\/\/sfgrs.de\/wordpress\/wp-content\/uploads\/2024\/10\/Bio-4-200x134.png 200w, https:\/\/sfgrs.de\/wordpress\/wp-content\/uploads\/2024\/10\/Bio-4-400x267.png 400w, https:\/\/sfgrs.de\/wordpress\/wp-content\/uploads\/2024\/10\/Bio-4.png 600w\" sizes=\"(min-width: 2200px) 100vw, (min-width: 960px) 466px, (min-width: 800px) 699px, (min-width: 640px) 800px, \" \/><\/div><\/div><\/div><div class=\"swiper-slide\"><div class=\"fusion-carousel-item-wrapper\"><div class=\"fusion-image-wrapper hover-type-none\"><img decoding=\"async\" width=\"4000\" height=\"2667\" src=\"https:\/\/sfgrs.de\/wordpress\/wp-content\/uploads\/2024\/10\/Bio-3.png\" class=\"attachment-full size-full\" alt=\"\" srcset=\"https:\/\/sfgrs.de\/wordpress\/wp-content\/uploads\/2024\/10\/Bio-3-200x133.png 200w, https:\/\/sfgrs.de\/wordpress\/wp-content\/uploads\/2024\/10\/Bio-3-400x267.png 400w, https:\/\/sfgrs.de\/wordpress\/wp-content\/uploads\/2024\/10\/Bio-3-600x400.png 600w, https:\/\/sfgrs.de\/wordpress\/wp-content\/uploads\/2024\/10\/Bio-3-800x533.png 800w, https:\/\/sfgrs.de\/wordpress\/wp-content\/uploads\/2024\/10\/Bio-3-1200x800.png 1200w, https:\/\/sfgrs.de\/wordpress\/wp-content\/uploads\/2024\/10\/Bio-3.png 4000w\" sizes=\"(min-width: 2200px) 100vw, (min-width: 960px) 466px, (min-width: 800px) 699px, (min-width: 640px) 800px, \" \/><\/div><\/div><\/div><div class=\"swiper-slide\"><div class=\"fusion-carousel-item-wrapper\"><div class=\"fusion-image-wrapper hover-type-none\"><img decoding=\"async\" width=\"3556\" height=\"2371\" src=\"https:\/\/sfgrs.de\/wordpress\/wp-content\/uploads\/2024\/10\/Bio-1.png\" class=\"attachment-full size-full\" alt=\"\" srcset=\"https:\/\/sfgrs.de\/wordpress\/wp-content\/uploads\/2024\/10\/Bio-1-200x133.png 200w, https:\/\/sfgrs.de\/wordpress\/wp-content\/uploads\/2024\/10\/Bio-1-400x267.png 400w, https:\/\/sfgrs.de\/wordpress\/wp-content\/uploads\/2024\/10\/Bio-1-600x400.png 600w, https:\/\/sfgrs.de\/wordpress\/wp-content\/uploads\/2024\/10\/Bio-1-800x533.png 800w, https:\/\/sfgrs.de\/wordpress\/wp-content\/uploads\/2024\/10\/Bio-1-1200x800.png 1200w, https:\/\/sfgrs.de\/wordpress\/wp-content\/uploads\/2024\/10\/Bio-1.png 3556w\" sizes=\"(min-width: 2200px) 100vw, (min-width: 960px) 466px, (min-width: 800px) 699px, (min-width: 640px) 800px, \" \/><\/div><\/div><\/div><div class=\"swiper-slide\"><div class=\"fusion-carousel-item-wrapper\"><div class=\"fusion-image-wrapper hover-type-none\"><img decoding=\"async\" width=\"4032\" height=\"2688\" src=\"https:\/\/sfgrs.de\/wordpress\/wp-content\/uploads\/2024\/10\/Bio-6.png\" class=\"attachment-full size-full\" alt=\"\" srcset=\"https:\/\/sfgrs.de\/wordpress\/wp-content\/uploads\/2024\/10\/Bio-6-200x133.png 200w, https:\/\/sfgrs.de\/wordpress\/wp-content\/uploads\/2024\/10\/Bio-6-400x267.png 400w, https:\/\/sfgrs.de\/wordpress\/wp-content\/uploads\/2024\/10\/Bio-6-600x400.png 600w, https:\/\/sfgrs.de\/wordpress\/wp-content\/uploads\/2024\/10\/Bio-6-800x533.png 800w, https:\/\/sfgrs.de\/wordpress\/wp-content\/uploads\/2024\/10\/Bio-6-1200x800.png 1200w, https:\/\/sfgrs.de\/wordpress\/wp-content\/uploads\/2024\/10\/Bio-6.png 4032w\" sizes=\"(min-width: 2200px) 100vw, (min-width: 960px) 466px, (min-width: 800px) 699px, (min-width: 640px) 800px, \" \/><\/div><\/div><\/div><\/div><\/div><\/div><\/div><\/div><div class=\"fusion-layout-column fusion_builder_column fusion-builder-column-2 fusion_builder_column_1_6 1_6 fusion-flex-column\" style=\"--awb-bg-size:cover;--awb-width-large:16.666666666667%;--awb-margin-top-large:0px;--awb-spacing-right-large:11.52%;--awb-margin-bottom-large:20px;--awb-spacing-left-large:11.52%;--awb-width-medium:100%;--awb-order-medium:0;--awb-spacing-right-medium:1.92%;--awb-spacing-left-medium:1.92%;--awb-width-small:100%;--awb-order-small:0;--awb-spacing-right-small:1.92%;--awb-spacing-left-small:1.92%;\"><div class=\"fusion-column-wrapper fusion-column-has-shadow fusion-flex-justify-content-flex-start fusion-content-layout-column\"><\/div><\/div><\/div><\/div>\n","protected":false},"excerpt":{"rendered":"","protected":false},"author":1,"featured_media":0,"parent":0,"menu_order":0,"comment_status":"closed","ping_status":"closed","template":"","meta":{"footnotes":""},"categories":[44],"tags":[],"class_list":["post-10088","page","type-page","status-publish","hentry","category-sub-faecher"],"_links":{"self":[{"href":"https:\/\/sfgrs.de\/wordpress\/index.php\/wp-json\/wp\/v2\/pages\/10088","targetHints":{"allow":["GET"]}}],"collection":[{"href":"https:\/\/sfgrs.de\/wordpress\/index.php\/wp-json\/wp\/v2\/pages"}],"about":[{"href":"https:\/\/sfgrs.de\/wordpress\/index.php\/wp-json\/wp\/v2\/types\/page"}],"author":[{"embeddable":true,"href":"https:\/\/sfgrs.de\/wordpress\/index.php\/wp-json\/wp\/v2\/users\/1"}],"replies":[{"embeddable":true,"href":"https:\/\/sfgrs.de\/wordpress\/index.php\/wp-json\/wp\/v2\/comments?post=10088"}],"version-history":[{"count":11,"href":"https:\/\/sfgrs.de\/wordpress\/index.php\/wp-json\/wp\/v2\/pages\/10088\/revisions"}],"predecessor-version":[{"id":11968,"href":"https:\/\/sfgrs.de\/wordpress\/index.php\/wp-json\/wp\/v2\/pages\/10088\/revisions\/11968"}],"wp:attachment":[{"href":"https:\/\/sfgrs.de\/wordpress\/index.php\/wp-json\/wp\/v2\/media?parent=10088"}],"wp:term":[{"taxonomy":"category","embeddable":true,"href":"https:\/\/sfgrs.de\/wordpress\/index.php\/wp-json\/wp\/v2\/categories?post=10088"},{"taxonomy":"post_tag","embeddable":true,"href":"https:\/\/sfgrs.de\/wordpress\/index.php\/wp-json\/wp\/v2\/tags?post=10088"}],"curies":[{"name":"wp","href":"https:\/\/api.w.org\/{rel}","templated":true}]}}