{"id":10096,"date":"2024-09-26T14:44:40","date_gmt":"2024-09-26T12:44:40","guid":{"rendered":"https:\/\/sfgrs.de\/wordpress\/sfgrs-24\/?page_id=10096"},"modified":"2024-10-29T09:15:46","modified_gmt":"2024-10-29T08:15:46","slug":"fach-sozialkunde","status":"publish","type":"page","link":"https:\/\/sfgrs.de\/wordpress\/index.php\/fach-sozialkunde\/","title":{"rendered":"Fach &#8211; Sozialkunde"},"content":{"rendered":"<div class=\"fusion-fullwidth fullwidth-box fusion-builder-row-1 fusion-flex-container has-pattern-background has-mask-background nonhundred-percent-fullwidth non-hundred-percent-height-scrolling\" style=\"--awb-border-radius-top-left:0px;--awb-border-radius-top-right:0px;--awb-border-radius-bottom-right:0px;--awb-border-radius-bottom-left:0px;--awb-flex-wrap:wrap;\" ><div class=\"fusion-builder-row fusion-row fusion-flex-align-items-flex-start fusion-flex-content-wrap\" style=\"max-width:1456px;margin-left: calc(-4% \/ 2 );margin-right: calc(-4% \/ 2 );\"><div class=\"fusion-layout-column fusion_builder_column fusion-builder-column-0 fusion_builder_column_1_6 1_6 fusion-flex-column\" style=\"--awb-bg-size:cover;--awb-width-large:16.666666666667%;--awb-margin-top-large:0px;--awb-spacing-right-large:11.52%;--awb-margin-bottom-large:20px;--awb-spacing-left-large:11.52%;--awb-width-medium:100%;--awb-order-medium:0;--awb-spacing-right-medium:1.92%;--awb-spacing-left-medium:1.92%;--awb-width-small:100%;--awb-order-small:0;--awb-spacing-right-small:1.92%;--awb-spacing-left-small:1.92%;\"><div class=\"fusion-column-wrapper fusion-column-has-shadow fusion-flex-justify-content-flex-start fusion-content-layout-column\"><\/div><\/div><div class=\"fusion-layout-column fusion_builder_column fusion-builder-column-1 fusion_builder_column_2_3 2_3 fusion-flex-column\" style=\"--awb-bg-size:cover;--awb-width-large:66.666666666667%;--awb-margin-top-large:0px;--awb-spacing-right-large:2.88%;--awb-margin-bottom-large:20px;--awb-spacing-left-large:2.88%;--awb-width-medium:100%;--awb-order-medium:0;--awb-spacing-right-medium:1.92%;--awb-spacing-left-medium:1.92%;--awb-width-small:100%;--awb-order-small:0;--awb-spacing-right-small:1.92%;--awb-spacing-left-small:1.92%;\"><div class=\"fusion-column-wrapper fusion-column-has-shadow fusion-flex-justify-content-flex-start fusion-content-layout-column\"><div class=\"fusion-image-element \" style=\"--awb-aspect-ratio:21 \/ 9;--awb-object-position:51% 60%;--awb-margin-bottom:25px;--awb-caption-title-font-family:var(--h2_typography-font-family);--awb-caption-title-font-weight:var(--h2_typography-font-weight);--awb-caption-title-font-style:var(--h2_typography-font-style);--awb-caption-title-size:var(--h2_typography-font-size);--awb-caption-title-transform:var(--h2_typography-text-transform);--awb-caption-title-line-height:var(--h2_typography-line-height);--awb-caption-title-letter-spacing:var(--h2_typography-letter-spacing);\"><span class=\" fusion-imageframe imageframe-none imageframe-1 hover-type-none has-aspect-ratio\"><img decoding=\"async\" width=\"300\" height=\"225\" title=\"1\" src=\"https:\/\/sfgrs.de\/wordpress\/wp-content\/uploads\/2024\/10\/1-300x225.jpg\" class=\"img-responsive wp-image-11200 img-with-aspect-ratio\" alt srcset=\"https:\/\/sfgrs.de\/wordpress\/wp-content\/uploads\/2024\/10\/1-200x150.jpg 200w, https:\/\/sfgrs.de\/wordpress\/wp-content\/uploads\/2024\/10\/1-400x300.jpg 400w, https:\/\/sfgrs.de\/wordpress\/wp-content\/uploads\/2024\/10\/1-600x450.jpg 600w, https:\/\/sfgrs.de\/wordpress\/wp-content\/uploads\/2024\/10\/1-800x600.jpg 800w, https:\/\/sfgrs.de\/wordpress\/wp-content\/uploads\/2024\/10\/1-1200x900.jpg 1200w\" sizes=\"(max-width: 1140px) 100vw, (max-width: 640px) 100vw, 1200px\" \/><\/span><\/div><div class=\"fusion-text fusion-text-1\"><p><strong>\u201eDemokratie braucht Demokraten.\u201c <\/strong><em>Friedrich Ebert<\/em><\/p>\n<p>In Sozialkunde setzen sich die Sch\u00fclerinnen mit politischen, gesellschaftlichen und wirtschaftlichen Zusammenh\u00e4ngen auf lokaler, nationaler und internationaler Ebene auseinander, um diese (er)leben, verstehen und daran partizipieren zu k\u00f6nnen. Die Zielsetzung des Sozialkundeunterrichts ist also, die Sch\u00fclerinnen dazu <em>\u201ezu bef\u00e4higen, als m\u00fcndige B\u00fcrger [und B\u00fcrgerinnen] in unserer Demokratie Verantwortung zu \u00fcbernehmen und sich in Politik und Gesellschaft zu engagieren\u201c<\/em> (Lehrplan f\u00fcr die gesellschaftswissenschaftlichen F\u00e4cher. Sozialkunde; Sekundarstufe I, S. 136; Anm. d. Verf.).<\/p>\n<p style=\"text-align: center;\"><strong>\u00a0<\/strong><strong>Politik betrifft uns ALLE!<\/strong><\/p>\n<\/div><div class=\"fusion-image-carousel fusion-image-carousel-auto fusion-image-carousel-1 fusion-carousel-border\"><div class=\"awb-carousel awb-swiper awb-swiper-carousel\" data-autoplay=\"no\" data-columns=\"1\" data-itemmargin=\"13\" data-itemwidth=\"180\" data-touchscroll=\"no\" data-imagesize=\"auto\" style=\"--awb-columns:1;\"><div class=\"swiper-wrapper awb-image-carousel-wrapper fusion-flex-align-items-center\"><div class=\"swiper-slide\"><div class=\"fusion-carousel-item-wrapper\"><div class=\"fusion-image-wrapper hover-type-none\"><img decoding=\"async\" width=\"1556\" height=\"1150\" src=\"https:\/\/sfgrs.de\/wordpress\/wp-content\/uploads\/2024\/10\/3.jpg\" class=\"attachment-full size-full\" alt=\"\" srcset=\"https:\/\/sfgrs.de\/wordpress\/wp-content\/uploads\/2024\/10\/3-200x148.jpg 200w, https:\/\/sfgrs.de\/wordpress\/wp-content\/uploads\/2024\/10\/3-300x222.jpg 300w, https:\/\/sfgrs.de\/wordpress\/wp-content\/uploads\/2024\/10\/3-400x296.jpg 400w, https:\/\/sfgrs.de\/wordpress\/wp-content\/uploads\/2024\/10\/3-600x443.jpg 600w, https:\/\/sfgrs.de\/wordpress\/wp-content\/uploads\/2024\/10\/3-768x568.jpg 768w, https:\/\/sfgrs.de\/wordpress\/wp-content\/uploads\/2024\/10\/3-800x591.jpg 800w, https:\/\/sfgrs.de\/wordpress\/wp-content\/uploads\/2024\/10\/3-1024x757.jpg 1024w, https:\/\/sfgrs.de\/wordpress\/wp-content\/uploads\/2024\/10\/3-1200x887.jpg 1200w, https:\/\/sfgrs.de\/wordpress\/wp-content\/uploads\/2024\/10\/3-1536x1135.jpg 1536w, https:\/\/sfgrs.de\/wordpress\/wp-content\/uploads\/2024\/10\/3.jpg 1556w\" sizes=\"(max-width: 1556px) 100vw, 1556px\" \/><\/div><\/div><\/div><div class=\"swiper-slide\"><div class=\"fusion-carousel-item-wrapper\"><div class=\"fusion-image-wrapper hover-type-none\"><img decoding=\"async\" width=\"2560\" height=\"1920\" src=\"https:\/\/sfgrs.de\/wordpress\/wp-content\/uploads\/2024\/10\/2-scaled.jpg\" class=\"attachment-full size-full\" alt=\"\" srcset=\"https:\/\/sfgrs.de\/wordpress\/wp-content\/uploads\/2024\/10\/2-200x150.jpg 200w, https:\/\/sfgrs.de\/wordpress\/wp-content\/uploads\/2024\/10\/2-300x225.jpg 300w, https:\/\/sfgrs.de\/wordpress\/wp-content\/uploads\/2024\/10\/2-400x300.jpg 400w, https:\/\/sfgrs.de\/wordpress\/wp-content\/uploads\/2024\/10\/2-600x450.jpg 600w, https:\/\/sfgrs.de\/wordpress\/wp-content\/uploads\/2024\/10\/2-768x576.jpg 768w, https:\/\/sfgrs.de\/wordpress\/wp-content\/uploads\/2024\/10\/2-800x600.jpg 800w, https:\/\/sfgrs.de\/wordpress\/wp-content\/uploads\/2024\/10\/2-1024x768.jpg 1024w, https:\/\/sfgrs.de\/wordpress\/wp-content\/uploads\/2024\/10\/2-1200x900.jpg 1200w, https:\/\/sfgrs.de\/wordpress\/wp-content\/uploads\/2024\/10\/2-1536x1152.jpg 1536w, https:\/\/sfgrs.de\/wordpress\/wp-content\/uploads\/2024\/10\/2-scaled.jpg 2560w\" sizes=\"(max-width: 2560px) 100vw, 2560px\" \/><\/div><\/div><\/div><\/div><div class=\"awb-swiper-button awb-swiper-button-prev\"><i class=\"awb-icon-angle-left\" aria-hidden=\"true\"><\/i><\/div><div class=\"awb-swiper-button awb-swiper-button-next\"><i class=\"awb-icon-angle-right\" aria-hidden=\"true\"><\/i><\/div><\/div><\/div><div class=\"accordian fusion-accordian\" style=\"--awb-border-size:1px;--awb-icon-size:13px;--awb-content-font-size:16px;--awb-icon-alignment:left;--awb-hover-color:#f9f9f9;--awb-border-color:var(--awb-color3);--awb-background-color:#ffffff;--awb-divider-color:var(--awb-color3);--awb-divider-hover-color:var(--awb-color3);--awb-icon-color:#ffffff;--awb-title-color:var(--awb-color5);--awb-content-color:#747474;--awb-icon-box-color:#b8d3b6;--awb-toggle-hover-accent-color:var(--awb-color7);--awb-toggle-active-accent-color:var(--awb-color5);--awb-title-font-family:var(--awb-typography4-font-family);--awb-title-font-weight:var(--awb-typography4-font-weight);--awb-title-font-style:var(--awb-typography4-font-style);--awb-title-font-size:var(--awb-typography4-font-size);--awb-title-letter-spacing:var(--awb-typography4-letter-spacing);--awb-title-line-height:var(--awb-typography4-line-height);--awb-content-font-family:&quot;Raleway&quot;;--awb-content-font-style:normal;--awb-content-font-weight:400;\"><div class=\"panel-group fusion-toggle-icon-boxed\" id=\"accordion-10096-1\"><div class=\"fusion-panel panel-default panel-03b1ed5f95ae2e615 fusion-toggle-has-divider\" style=\"--awb-title-color:var(--awb-color5);\"><div class=\"panel-heading\"><h4 class=\"panel-title toggle\" id=\"toggle_03b1ed5f95ae2e615\"><a aria-expanded=\"false\" aria-controls=\"03b1ed5f95ae2e615\" role=\"button\" data-toggle=\"collapse\" data-parent=\"#accordion-10096-1\" data-target=\"#03b1ed5f95ae2e615\" href=\"#03b1ed5f95ae2e615\"><span class=\"fusion-toggle-icon-wrapper\" aria-hidden=\"true\"><i class=\"fa-fusion-box active-icon awb-icon-minus\" aria-hidden=\"true\"><\/i><i class=\"fa-fusion-box inactive-icon awb-icon-plus\" aria-hidden=\"true\"><\/i><\/span><span class=\"fusion-toggle-heading\">Sekundarstufe I<\/span><\/a><\/h4><\/div><div id=\"03b1ed5f95ae2e615\" class=\"panel-collapse collapse \" aria-labelledby=\"toggle_03b1ed5f95ae2e615\"><div class=\"panel-body toggle-content fusion-clearfix\">\n<p><u>Stundentafel<\/u><\/p>\n<table style=\"height: 259px;\" width=\"261\">\n<tbody>\n<tr>\n<td width=\"106\"><strong>Klassenstufe<\/strong><\/td>\n<td width=\"135\"><strong>Wochenstunden<\/strong><\/td>\n<\/tr>\n<tr>\n<td width=\"106\">Klasse 7<\/td>\n<td width=\"135\">&#8211;<\/td>\n<\/tr>\n<tr>\n<td width=\"106\">Klasse 8<\/td>\n<td width=\"135\">1<\/td>\n<\/tr>\n<tr>\n<td width=\"106\">Klasse 9<\/td>\n<td width=\"135\">2<\/td>\n<\/tr>\n<tr>\n<td width=\"106\">Klasse 10<\/td>\n<td width=\"135\">2<\/td>\n<\/tr>\n<\/tbody>\n<\/table>\n<p><strong>\u00a0<\/strong><strong>\u00a0<\/strong><\/p>\n<p><u>Lernfelder<\/u><\/p>\n<ul>\n<li>Was ist heute Familie und welche Bedeutung hat sie f\u00fcr Kinder und Jugendliche?<\/li>\n<li>Werden wir durch Medien umfassend und objektiv informiert? Welche Bedeutung haben Medien f\u00fcr unsere Demokratie?<\/li>\n<li>Wie bestimmt das Recht unser Leben? Warum gelten f\u00fcr Jugendliche besondere Regelungen? Gleiches Recht f\u00fcr alle?<\/li>\n<li>B\u00fcrger in unserer Demokratie: Zuschauer oder Aktivb\u00fcrger? Wie und warum w\u00e4hlen wir?<\/li>\n<li>Welche Bedeutung hat \u00f6konomisches und \u00f6kologisches Handeln f\u00fcr den Einzelnen und f\u00fcr die Gesellschaft? Wie viel Staat braucht eine soziale und \u00f6kologische Marktwirtschaft?<\/li>\n<li>Welche Bedeutung hat die EU im Alltag? Warum sind europ\u00e4ische Entscheidungsprozesse komplex?<\/li>\n<li>Warum ist es so schwierig, internationale Konflikte (friedlich) zu regeln?<\/li>\n<\/ul>\n<p><u>Demokratietag in der 10. Klasse<\/u><\/p>\n<p>Gem\u00e4\u00df dem gesellschaftswissenschaftlichen Lehrplan (vgl. Lehrplan f\u00fcr die gesellschaftswissenschaftlichen F\u00e4cher. Sozialkunde; Sekundarstufe I, S. 19 f.) muss ab der 8. Klasse ein j\u00e4hrlicher Demokratietag stattfinden. F\u00fcr die 10. Klasse ist hierzu die Fachschaft Sozialkunde verantwortlich. Die Sch\u00fclerinnen schl\u00fcpfen hier beispielsweise im Rahmen eines Planspiels zur Nachhaltigkeit in verschiedene Rollen (Politiker, B\u00fcrger, Wirtschaftsvertreter) und erleben aktiv die Schwierigkeit und Komplexit\u00e4t einer Kompromissl\u00f6sung.<\/p>\n<\/div><\/div><\/div><div class=\"fusion-panel panel-default panel-319f4b7fc192bf8d1 fusion-toggle-has-divider\" style=\"--awb-title-color:var(--awb-color5);\"><div class=\"panel-heading\"><h4 class=\"panel-title toggle\" id=\"toggle_319f4b7fc192bf8d1\"><a aria-expanded=\"false\" aria-controls=\"319f4b7fc192bf8d1\" role=\"button\" data-toggle=\"collapse\" data-parent=\"#accordion-10096-1\" data-target=\"#319f4b7fc192bf8d1\" href=\"#319f4b7fc192bf8d1\"><span class=\"fusion-toggle-icon-wrapper\" aria-hidden=\"true\"><i class=\"fa-fusion-box active-icon awb-icon-minus\" aria-hidden=\"true\"><\/i><i class=\"fa-fusion-box inactive-icon awb-icon-plus\" aria-hidden=\"true\"><\/i><\/span><span class=\"fusion-toggle-heading\">Sekundarstufe II<\/span><\/a><\/h4><\/div><div id=\"319f4b7fc192bf8d1\" class=\"panel-collapse collapse \" aria-labelledby=\"toggle_319f4b7fc192bf8d1\"><div class=\"panel-body toggle-content fusion-clearfix\">\n<p><u>Stundentafel<\/u><\/p>\n<table>\n<tbody>\n<tr>\n<td width=\"57\"><strong>\u00a0<\/strong><\/p>\n<p><strong>Halbjahr<\/strong><\/td>\n<td width=\"127\"><strong>Grundkurs Sozialkunde <\/strong><\/p>\n<p><strong>bei gesellschaftswissenschaftlichem Grundkurs<\/strong><\/td>\n<td width=\"135\"><strong>\u00a0<\/strong><\/p>\n<p><strong>Grundkurs Sozialkunde <\/strong><\/p>\n<p><strong>bei LK Geschichte<\/strong><\/td>\n<td width=\"134\"><strong>\u00a0<\/strong><\/p>\n<p><strong>Grundkurs Sozialkunde bei LK Erdkunde<\/strong><\/td>\n<\/tr>\n<tr>\n<td width=\"57\">11\/1<\/td>\n<td width=\"127\">2<\/td>\n<td width=\"135\">2<\/td>\n<td width=\"134\">2<\/td>\n<\/tr>\n<tr>\n<td width=\"57\">11\/2<\/td>\n<td width=\"127\">2<\/td>\n<td width=\"135\">2<\/td>\n<td width=\"134\">2<\/td>\n<\/tr>\n<tr>\n<td width=\"57\">13<\/td>\n<td width=\"127\">2<\/td>\n<td width=\"135\">2<\/td>\n<td width=\"134\">2<\/td>\n<\/tr>\n<tr>\n<td width=\"57\"><u>\u00a0<\/u><\/td>\n<td width=\"127\"><u>\u00a0<\/u><\/td>\n<td colspan=\"2\" width=\"269\"><\/td>\n<\/tr>\n<tr>\n<td width=\"57\"><u>\u00a0<\/u><\/td>\n<td width=\"127\">+<\/p>\n<p>je 2 Stunden im Grundkurs Geschichte<\/td>\n<td colspan=\"2\" width=\"269\">+<\/p>\n<p>je 4 Stunden in einem anderem gesellschaftswissenschaftlichen LK<\/td>\n<\/tr>\n<\/tbody>\n<\/table>\n<p><u>\u00a0<\/u><\/p>\n<p><u>\u00a0<\/u><\/p>\n<table width=\"425\">\n<tbody>\n<tr>\n<td width=\"67\"><strong>Halbjahr<\/strong><\/td>\n<td width=\"102\"><strong>LK Sozialkunde<\/strong><\/td>\n<td rowspan=\"6\" width=\"22\"><\/td>\n<td rowspan=\"6\" width=\"234\">+ je 2 Stunden Grundkurs in einem der anderen gesellschaftswissenschaftlichen F\u00e4cher<\/td>\n<\/tr>\n<tr>\n<td width=\"67\">11\/1<\/td>\n<td width=\"102\">4<\/td>\n<\/tr>\n<tr>\n<td width=\"67\">11\/2<\/td>\n<td width=\"102\">4<\/td>\n<\/tr>\n<tr>\n<td width=\"67\">12\/1<\/td>\n<td width=\"102\">4<\/td>\n<\/tr>\n<tr>\n<td width=\"67\">12\/2<\/td>\n<td width=\"102\">4<\/td>\n<\/tr>\n<tr>\n<td width=\"67\">13<\/td>\n<td width=\"102\">4<\/td>\n<\/tr>\n<\/tbody>\n<\/table>\n<p><strong>\u00a0<\/strong><\/p>\n<p><strong>\u00a0<\/strong><\/p>\n<p><u>Groblernfelder im Leistungskurs<\/u><\/p>\n<ul>\n<li>Welche Kompetenzen ben\u00f6tigen m\u00fcndige B\u00fcrgerinnen und B\u00fcrger, um sich zu orientieren und erfolgreich zu partizipieren?<\/li>\n<li>Welche Aspekte sozialer Ungleichheit beschreiben den Status in einer Gesellschaft? Welche Fragen und Herausforderungen ergeben sich im Zusammenhang gesellschaftlichen Wandels?<\/li>\n<li>Wertekonflikte \u2013 Wer hat Recht und was bedeutet mir die Freiheit der Andersdenkenden?<\/li>\n<li>Wie funktionieren politische Willensbildungs- und Entscheidungsprozesse in unserem politischen System mit Blick auf Effektivit\u00e4t, Legitimit\u00e4t, Macht und Transparenz?<\/li>\n<li>Wie funktioniert unser Wirtschaftssystem und welche Interessen verfolgen die verschiedenen Akteure im System der Marktwirtschaft?<\/li>\n<li>Wie kann Freiheit in politischer Ordnung heute und in Zukunft gew\u00e4hrleistet werden?<\/li>\n<li>Wie kann das politische System der EU im Rahmen ihrer Werteordnung partizipativer und handlungsf\u00e4higer gestaltet werden?<\/li>\n<li>Wie k\u00f6nnen soziale Sicherungssysteme generationengerecht gestaltet und finanziert werden?<\/li>\n<li>Wie sollte sich die europ\u00e4ische Wirtschaftsordnung entwickeln, damit sie globale Transformationsprozesse bestehen und gestalten kann?<\/li>\n<li>Was verstehe ich, was verstehen wir unter Frieden? Kann es in einer konflikthaften Welt ein gemeinsames Verst\u00e4ndnis universaler Menschenrechte geben?<\/li>\n<li>Wie k\u00f6nnen Akteurinnen und Akteure der internationalen Politik handeln, um Frieden und Freiheit in aktuellen Konflikten zu sichern?<\/li>\n<li>Welche Optionen, Chancen und Risiken er\u00f6ffnet ein globalisierter Wirtschaftsraum?<\/li>\n<li>Wie k\u00f6nnen Politik und Zivilgesellschaft zur Entsch\u00e4rfung globaler gesellschaftlicher Problemlagen beitragen?<\/li>\n<\/ul>\n<\/div><\/div><\/div><div class=\"fusion-panel panel-default panel-fbb60a62e03eaf7de fusion-toggle-has-divider\" style=\"--awb-title-color:var(--awb-color5);\"><div class=\"panel-heading\"><h4 class=\"panel-title toggle\" id=\"toggle_fbb60a62e03eaf7de\"><a aria-expanded=\"false\" aria-controls=\"fbb60a62e03eaf7de\" role=\"button\" data-toggle=\"collapse\" data-parent=\"#accordion-10096-1\" data-target=\"#fbb60a62e03eaf7de\" href=\"#fbb60a62e03eaf7de\"><span class=\"fusion-toggle-icon-wrapper\" aria-hidden=\"true\"><i class=\"fa-fusion-box active-icon awb-icon-minus\" aria-hidden=\"true\"><\/i><i class=\"fa-fusion-box inactive-icon awb-icon-plus\" aria-hidden=\"true\"><\/i><\/span><span class=\"fusion-toggle-heading\">Unsere Exkursionen<\/span><\/a><\/h4><\/div><div id=\"fbb60a62e03eaf7de\" class=\"panel-collapse collapse \" aria-labelledby=\"toggle_fbb60a62e03eaf7de\"><div class=\"panel-body toggle-content fusion-clearfix\">\n<ul>\n<li>Workshops (z.B. virtuelles Rollenspiel zum Europaparlament vom Lautrer Demokratieladen)<\/li>\n<li>Gerichtsbesuche (z.B. Amts- und Landgericht Kaiserslautern)<\/li>\n<li>Landtagsbesuch in Mainz<\/li>\n<li>Bundestagsbesuch in Berlin im Rahmen der Klassenfahrt 10<\/li>\n<li>Paulskirche in Frankfurt<\/li>\n<\/ul>\n<\/div><\/div><\/div><\/div><\/div><div class=\"accordian fusion-accordian\" style=\"--awb-border-size:1px;--awb-icon-size:13px;--awb-content-font-size:16px;--awb-icon-alignment:left;--awb-hover-color:#f9f9f9;--awb-border-color:var(--awb-color3);--awb-background-color:#ffffff;--awb-divider-color:var(--awb-color3);--awb-divider-hover-color:var(--awb-color3);--awb-icon-color:#ffffff;--awb-title-color:var(--awb-color5);--awb-content-color:#747474;--awb-icon-box-color:#b8d3b6;--awb-toggle-hover-accent-color:var(--awb-color7);--awb-toggle-active-accent-color:var(--awb-color5);--awb-title-font-family:var(--awb-typography4-font-family);--awb-title-font-weight:var(--awb-typography4-font-weight);--awb-title-font-style:var(--awb-typography4-font-style);--awb-title-font-size:var(--awb-typography4-font-size);--awb-title-letter-spacing:var(--awb-typography4-letter-spacing);--awb-title-line-height:var(--awb-typography4-line-height);--awb-content-font-family:&quot;Raleway&quot;;--awb-content-font-style:normal;--awb-content-font-weight:400;\"><div class=\"panel-group fusion-toggle-icon-boxed\" id=\"accordion-10096-2\"><div class=\"fusion-panel panel-default panel-4b803d9b37ecbf5cb fusion-toggle-has-divider\" style=\"--awb-title-color:var(--awb-color5);\"><div class=\"panel-heading\"><h4 class=\"panel-title toggle\" id=\"toggle_4b803d9b37ecbf5cb\"><a aria-expanded=\"false\" aria-controls=\"4b803d9b37ecbf5cb\" role=\"button\" data-toggle=\"collapse\" data-parent=\"#accordion-10096-2\" data-target=\"#4b803d9b37ecbf5cb\" href=\"#4b803d9b37ecbf5cb\"><span class=\"fusion-toggle-icon-wrapper\" aria-hidden=\"true\"><i class=\"fa-fusion-box active-icon awb-icon-minus\" aria-hidden=\"true\"><\/i><i class=\"fa-fusion-box inactive-icon awb-icon-plus\" aria-hidden=\"true\"><\/i><\/span><span class=\"fusion-toggle-heading\">Unsere AGs\/Projekte\/Wettbewerbe<\/span><\/a><\/h4><\/div><div id=\"4b803d9b37ecbf5cb\" class=\"panel-collapse collapse \" aria-labelledby=\"toggle_4b803d9b37ecbf5cb\"><div class=\"panel-body toggle-content fusion-clearfix\">\n<ul>\n<li>AG Botschafter des Europ\u00e4ischen Parlamentes (5.-13. Klasse)<\/li>\n<li>Besuche von Politikern, Experten, etc. (z.B. Schulbesuchstag der Landtagsabgeordneten rund um dem 9. November)<\/li>\n<li>Teilnahme am Gr\u00fcnderworkshop des BIC (Business and Innovation Center)<\/li>\n<li>Teilnahme am Projekt Juniorwahl (z.B. bei Landtags-, Bundestags- und Europawahlen)<\/li>\n<li>Wanderausstellung zur Europawahl 2024 in unserer Schule<\/li>\n<li>Vortr\u00e4ge (z.B. Angebote von Europe Direct Kaiserslautern)<\/li>\n<li>Teilnahme am j\u00e4hrlich stattfindenden Europ\u00e4ischen Wettbewerb (aktuell: 72. Europ\u00e4ischer Wettbewerb)<\/li>\n<li>Teilnahme am Planspiel B\u00f6rse<\/li>\n<\/ul>\n<\/div><\/div><\/div><\/div><\/div><div class=\"fusion-image-carousel fusion-image-carousel-auto fusion-image-carousel-2 fusion-carousel-border\"><div class=\"awb-carousel awb-swiper awb-swiper-carousel\" data-autoplay=\"no\" data-columns=\"3\" data-itemmargin=\"13\" data-itemwidth=\"180\" data-touchscroll=\"no\" data-imagesize=\"auto\" style=\"--awb-columns:3;\"><div class=\"swiper-wrapper awb-image-carousel-wrapper fusion-flex-align-items-center\"><div class=\"swiper-slide\"><div class=\"fusion-carousel-item-wrapper\"><div class=\"fusion-image-wrapper hover-type-none\"><img decoding=\"async\" width=\"1544\" height=\"1136\" src=\"https:\/\/sfgrs.de\/wordpress\/wp-content\/uploads\/2024\/10\/6.jpg\" class=\"attachment-full size-full\" alt=\"\" srcset=\"https:\/\/sfgrs.de\/wordpress\/wp-content\/uploads\/2024\/10\/6-200x147.jpg 200w, https:\/\/sfgrs.de\/wordpress\/wp-content\/uploads\/2024\/10\/6-400x294.jpg 400w, https:\/\/sfgrs.de\/wordpress\/wp-content\/uploads\/2024\/10\/6-600x441.jpg 600w, https:\/\/sfgrs.de\/wordpress\/wp-content\/uploads\/2024\/10\/6-800x589.jpg 800w, https:\/\/sfgrs.de\/wordpress\/wp-content\/uploads\/2024\/10\/6-1200x883.jpg 1200w, https:\/\/sfgrs.de\/wordpress\/wp-content\/uploads\/2024\/10\/6.jpg 1544w\" sizes=\"(min-width: 2200px) 100vw, (min-width: 960px) 458px, (min-width: 800px) 687px, (min-width: 640px) 800px, \" \/><\/div><\/div><\/div><div class=\"swiper-slide\"><div class=\"fusion-carousel-item-wrapper\"><div class=\"fusion-image-wrapper hover-type-none\"><img decoding=\"async\" width=\"1539\" height=\"1170\" src=\"https:\/\/sfgrs.de\/wordpress\/wp-content\/uploads\/2024\/10\/9.jpg\" class=\"attachment-full size-full\" alt=\"\" srcset=\"https:\/\/sfgrs.de\/wordpress\/wp-content\/uploads\/2024\/10\/9-200x152.jpg 200w, https:\/\/sfgrs.de\/wordpress\/wp-content\/uploads\/2024\/10\/9-400x304.jpg 400w, https:\/\/sfgrs.de\/wordpress\/wp-content\/uploads\/2024\/10\/9-600x456.jpg 600w, https:\/\/sfgrs.de\/wordpress\/wp-content\/uploads\/2024\/10\/9-800x608.jpg 800w, https:\/\/sfgrs.de\/wordpress\/wp-content\/uploads\/2024\/10\/9-1200x912.jpg 1200w, https:\/\/sfgrs.de\/wordpress\/wp-content\/uploads\/2024\/10\/9.jpg 1539w\" sizes=\"(min-width: 2200px) 100vw, (min-width: 960px) 458px, (min-width: 800px) 687px, (min-width: 640px) 800px, \" \/><\/div><\/div><\/div><div class=\"swiper-slide\"><div class=\"fusion-carousel-item-wrapper\"><div class=\"fusion-image-wrapper hover-type-none\"><img decoding=\"async\" width=\"2560\" height=\"1920\" src=\"https:\/\/sfgrs.de\/wordpress\/wp-content\/uploads\/2024\/10\/8-scaled.jpg\" class=\"attachment-full size-full\" alt=\"\" srcset=\"https:\/\/sfgrs.de\/wordpress\/wp-content\/uploads\/2024\/10\/8-200x150.jpg 200w, https:\/\/sfgrs.de\/wordpress\/wp-content\/uploads\/2024\/10\/8-400x300.jpg 400w, https:\/\/sfgrs.de\/wordpress\/wp-content\/uploads\/2024\/10\/8-600x450.jpg 600w, https:\/\/sfgrs.de\/wordpress\/wp-content\/uploads\/2024\/10\/8-800x600.jpg 800w, https:\/\/sfgrs.de\/wordpress\/wp-content\/uploads\/2024\/10\/8-1200x900.jpg 1200w, https:\/\/sfgrs.de\/wordpress\/wp-content\/uploads\/2024\/10\/8-scaled.jpg 2560w\" sizes=\"(min-width: 2200px) 100vw, (min-width: 960px) 458px, (min-width: 800px) 687px, (min-width: 640px) 800px, \" \/><\/div><\/div><\/div><div class=\"swiper-slide\"><div class=\"fusion-carousel-item-wrapper\"><div class=\"fusion-image-wrapper hover-type-none\"><img decoding=\"async\" width=\"2560\" height=\"1920\" src=\"https:\/\/sfgrs.de\/wordpress\/wp-content\/uploads\/2024\/10\/5-scaled.jpg\" class=\"attachment-full size-full\" alt=\"\" srcset=\"https:\/\/sfgrs.de\/wordpress\/wp-content\/uploads\/2024\/10\/5-200x150.jpg 200w, https:\/\/sfgrs.de\/wordpress\/wp-content\/uploads\/2024\/10\/5-400x300.jpg 400w, https:\/\/sfgrs.de\/wordpress\/wp-content\/uploads\/2024\/10\/5-600x450.jpg 600w, https:\/\/sfgrs.de\/wordpress\/wp-content\/uploads\/2024\/10\/5-800x600.jpg 800w, https:\/\/sfgrs.de\/wordpress\/wp-content\/uploads\/2024\/10\/5-1200x900.jpg 1200w, https:\/\/sfgrs.de\/wordpress\/wp-content\/uploads\/2024\/10\/5-scaled.jpg 2560w\" sizes=\"(min-width: 2200px) 100vw, (min-width: 960px) 458px, (min-width: 800px) 687px, (min-width: 640px) 800px, \" \/><\/div><\/div><\/div><\/div><div class=\"awb-swiper-button awb-swiper-button-prev\"><i class=\"awb-icon-angle-left\" aria-hidden=\"true\"><\/i><\/div><div class=\"awb-swiper-button awb-swiper-button-next\"><i class=\"awb-icon-angle-right\" aria-hidden=\"true\"><\/i><\/div><\/div><\/div><\/div><\/div><div class=\"fusion-layout-column fusion_builder_column fusion-builder-column-2 fusion_builder_column_1_6 1_6 fusion-flex-column\" style=\"--awb-bg-size:cover;--awb-width-large:16.666666666667%;--awb-margin-top-large:0px;--awb-spacing-right-large:11.52%;--awb-margin-bottom-large:20px;--awb-spacing-left-large:11.52%;--awb-width-medium:100%;--awb-order-medium:0;--awb-spacing-right-medium:1.92%;--awb-spacing-left-medium:1.92%;--awb-width-small:100%;--awb-order-small:0;--awb-spacing-right-small:1.92%;--awb-spacing-left-small:1.92%;\"><div class=\"fusion-column-wrapper fusion-column-has-shadow fusion-flex-justify-content-flex-start fusion-content-layout-column\"><\/div><\/div><\/div><\/div>\n","protected":false},"excerpt":{"rendered":"","protected":false},"author":1,"featured_media":0,"parent":0,"menu_order":0,"comment_status":"closed","ping_status":"closed","template":"","meta":{"footnotes":""},"categories":[44],"tags":[],"class_list":["post-10096","page","type-page","status-publish","hentry","category-sub-faecher"],"_links":{"self":[{"href":"https:\/\/sfgrs.de\/wordpress\/index.php\/wp-json\/wp\/v2\/pages\/10096","targetHints":{"allow":["GET"]}}],"collection":[{"href":"https:\/\/sfgrs.de\/wordpress\/index.php\/wp-json\/wp\/v2\/pages"}],"about":[{"href":"https:\/\/sfgrs.de\/wordpress\/index.php\/wp-json\/wp\/v2\/types\/page"}],"author":[{"embeddable":true,"href":"https:\/\/sfgrs.de\/wordpress\/index.php\/wp-json\/wp\/v2\/users\/1"}],"replies":[{"embeddable":true,"href":"https:\/\/sfgrs.de\/wordpress\/index.php\/wp-json\/wp\/v2\/comments?post=10096"}],"version-history":[{"count":11,"href":"https:\/\/sfgrs.de\/wordpress\/index.php\/wp-json\/wp\/v2\/pages\/10096\/revisions"}],"predecessor-version":[{"id":11411,"href":"https:\/\/sfgrs.de\/wordpress\/index.php\/wp-json\/wp\/v2\/pages\/10096\/revisions\/11411"}],"wp:attachment":[{"href":"https:\/\/sfgrs.de\/wordpress\/index.php\/wp-json\/wp\/v2\/media?parent=10096"}],"wp:term":[{"taxonomy":"category","embeddable":true,"href":"https:\/\/sfgrs.de\/wordpress\/index.php\/wp-json\/wp\/v2\/categories?post=10096"},{"taxonomy":"post_tag","embeddable":true,"href":"https:\/\/sfgrs.de\/wordpress\/index.php\/wp-json\/wp\/v2\/tags?post=10096"}],"curies":[{"name":"wp","href":"https:\/\/api.w.org\/{rel}","templated":true}]}}