{"id":10098,"date":"2024-09-26T14:44:59","date_gmt":"2024-09-26T12:44:59","guid":{"rendered":"https:\/\/sfgrs.de\/wordpress\/sfgrs-24\/?page_id=10098"},"modified":"2024-10-23T10:04:30","modified_gmt":"2024-10-23T08:04:30","slug":"fach-bilingualer-zweig","status":"publish","type":"page","link":"https:\/\/sfgrs.de\/wordpress\/index.php\/fach-bilingualer-zweig\/","title":{"rendered":"Fach &#8211; Bilingualer Zweig"},"content":{"rendered":"<div class=\"fusion-fullwidth fullwidth-box fusion-builder-row-1 fusion-flex-container has-pattern-background has-mask-background nonhundred-percent-fullwidth non-hundred-percent-height-scrolling\" style=\"--awb-border-radius-top-left:0px;--awb-border-radius-top-right:0px;--awb-border-radius-bottom-right:0px;--awb-border-radius-bottom-left:0px;--awb-flex-wrap:wrap;\" ><div class=\"fusion-builder-row fusion-row fusion-flex-align-items-flex-start fusion-flex-content-wrap\" style=\"max-width:1456px;margin-left: calc(-4% \/ 2 );margin-right: calc(-4% \/ 2 );\"><div class=\"fusion-layout-column fusion_builder_column fusion-builder-column-0 fusion_builder_column_1_6 1_6 fusion-flex-column\" style=\"--awb-bg-size:cover;--awb-width-large:16.666666666667%;--awb-margin-top-large:0px;--awb-spacing-right-large:11.52%;--awb-margin-bottom-large:20px;--awb-spacing-left-large:11.52%;--awb-width-medium:100%;--awb-order-medium:0;--awb-spacing-right-medium:1.92%;--awb-spacing-left-medium:1.92%;--awb-width-small:100%;--awb-order-small:0;--awb-spacing-right-small:1.92%;--awb-spacing-left-small:1.92%;\"><div class=\"fusion-column-wrapper fusion-column-has-shadow fusion-flex-justify-content-flex-start fusion-content-layout-column\"><\/div><\/div><div class=\"fusion-layout-column fusion_builder_column fusion-builder-column-1 fusion_builder_column_2_3 2_3 fusion-flex-column\" style=\"--awb-bg-size:cover;--awb-width-large:66.666666666667%;--awb-margin-top-large:0px;--awb-spacing-right-large:2.88%;--awb-margin-bottom-large:20px;--awb-spacing-left-large:2.88%;--awb-width-medium:100%;--awb-order-medium:0;--awb-spacing-right-medium:1.92%;--awb-spacing-left-medium:1.92%;--awb-width-small:100%;--awb-order-small:0;--awb-spacing-right-small:1.92%;--awb-spacing-left-small:1.92%;\"><div class=\"fusion-column-wrapper fusion-column-has-shadow fusion-flex-justify-content-flex-start fusion-content-layout-column\"><div class=\"fusion-image-element \" style=\"--awb-aspect-ratio:21 \/ 9;--awb-margin-bottom:30px;--awb-caption-title-font-family:var(--h2_typography-font-family);--awb-caption-title-font-weight:var(--h2_typography-font-weight);--awb-caption-title-font-style:var(--h2_typography-font-style);--awb-caption-title-size:var(--h2_typography-font-size);--awb-caption-title-transform:var(--h2_typography-text-transform);--awb-caption-title-line-height:var(--h2_typography-line-height);--awb-caption-title-letter-spacing:var(--h2_typography-letter-spacing);\"><span class=\" fusion-imageframe imageframe-none imageframe-1 hover-type-none has-aspect-ratio\"><img decoding=\"async\" width=\"1024\" height=\"683\" title=\"Pnq7fdV3\" src=\"https:\/\/sfgrs.de\/wordpress\/wp-content\/uploads\/2024\/10\/Pnq7fdV3-1024x683.jpeg\" class=\"img-responsive wp-image-11184 img-with-aspect-ratio\" alt srcset=\"https:\/\/sfgrs.de\/wordpress\/wp-content\/uploads\/2024\/10\/Pnq7fdV3-200x133.jpeg 200w, https:\/\/sfgrs.de\/wordpress\/wp-content\/uploads\/2024\/10\/Pnq7fdV3-400x267.jpeg 400w, https:\/\/sfgrs.de\/wordpress\/wp-content\/uploads\/2024\/10\/Pnq7fdV3-600x400.jpeg 600w, https:\/\/sfgrs.de\/wordpress\/wp-content\/uploads\/2024\/10\/Pnq7fdV3-800x534.jpeg 800w, https:\/\/sfgrs.de\/wordpress\/wp-content\/uploads\/2024\/10\/Pnq7fdV3-1200x800.jpeg 1200w\" sizes=\"(max-width: 1140px) 100vw, (max-width: 640px) 100vw, 1200px\" \/><\/span><\/div><div class=\"fusion-text fusion-text-1 fusion-text-no-margin\" style=\"--awb-margin-bottom:30px;\"><p style=\"font-weight: 400;\">Bilingualer Unterricht \u2013 das bedeutet Erdkunde, Geschichte und Sozialkunde auf Englisch. Das klingt nach einer gro\u00dfen Herausforderung? Ist es auch!<\/p>\n<p style=\"font-weight: 400;\">Wer sie annimmt, erh\u00e4lt bei uns in der <strong>Orientierungsstufe <\/strong>zun\u00e4chst einmal <strong>eine zus\u00e4tzliche Englischstunde.<\/strong> Diese dient als Vorbereitung und Orientierung f\u00fcr diejenigen, die beim \u00dcbergang in Klasse 7 die Zulassung zum bilingualen Zweig beantragen.<\/p>\n<p style=\"font-weight: 400;\">W\u00e4hrend wir in der <strong>7. und 8. Klasse Erdkunde<\/strong> auf Englisch unterrichten, steht in der <strong>9. und 10. Klasse Geschichte<\/strong> auf dem Bili-Stundenplan. Da der Unterricht in der Fremdsprache mehr Zeit erfordert, sind diese F\u00e4cher mit <strong>einer zus\u00e4tzlichen Wochenstunde<\/strong> ausgestattet. Das bedeutet: 2 statt 1 Stunde Erdkunde und 3 statt 2 Stunden Geschichte. Dar\u00fcber hinaus bekommen unsere Bili-Sch\u00fclerinnen ihre <strong>eigene Lerngruppe in Englisch<\/strong>.<\/p>\n<p style=\"font-weight: 400;\">Achtung: ein Austritt aus dem bilingualen Zweig ist vor Ende der 10. Klasse nur im H\u00e4rtefall m\u00f6glich. Erfahrungsgem\u00e4\u00df entscheiden sich aber <strong>fast alle Sch\u00fclerinnen<\/strong> des bilingualen Zweigs, bis zum Ende der <strong>Oberstufe<\/strong> weiter zu machen. In unserem bilingualen Gemeinschaftskundekurs werden die F\u00e4cher <strong>Erdkunde, Geschichte und Sozialkunde<\/strong> kombiniert.<\/p>\n<\/div><div class=\"fusion-image-element \" style=\"--awb-aspect-ratio:21 \/ 9;--awb-margin-bottom:30px;--awb-caption-title-font-family:var(--h2_typography-font-family);--awb-caption-title-font-weight:var(--h2_typography-font-weight);--awb-caption-title-font-style:var(--h2_typography-font-style);--awb-caption-title-size:var(--h2_typography-font-size);--awb-caption-title-transform:var(--h2_typography-text-transform);--awb-caption-title-line-height:var(--h2_typography-line-height);--awb-caption-title-letter-spacing:var(--h2_typography-letter-spacing);\"><span class=\" fusion-imageframe imageframe-none imageframe-2 hover-type-none has-aspect-ratio\"><img decoding=\"async\" width=\"762\" height=\"517\" title=\"Bili Artikel Bild 1\" src=\"https:\/\/sfgrs.de\/wordpress\/wp-content\/uploads\/2024\/10\/Bili-Artikel-Bild-1.jpg\" class=\"img-responsive wp-image-10987 img-with-aspect-ratio\" alt srcset=\"https:\/\/sfgrs.de\/wordpress\/wp-content\/uploads\/2024\/10\/Bili-Artikel-Bild-1-200x136.jpg 200w, https:\/\/sfgrs.de\/wordpress\/wp-content\/uploads\/2024\/10\/Bili-Artikel-Bild-1-400x271.jpg 400w, https:\/\/sfgrs.de\/wordpress\/wp-content\/uploads\/2024\/10\/Bili-Artikel-Bild-1-600x407.jpg 600w, https:\/\/sfgrs.de\/wordpress\/wp-content\/uploads\/2024\/10\/Bili-Artikel-Bild-1.jpg 762w\" sizes=\"(max-width: 1140px) 100vw, (max-width: 640px) 100vw, 762px\" \/><\/span><\/div><div class=\"accordian fusion-accordian\" style=\"--awb-border-size:1px;--awb-icon-size:13px;--awb-content-font-size:16px;--awb-icon-alignment:left;--awb-hover-color:#f9f9f9;--awb-border-color:var(--awb-color3);--awb-background-color:#ffffff;--awb-divider-color:var(--awb-color3);--awb-divider-hover-color:var(--awb-color3);--awb-icon-color:#ffffff;--awb-title-color:#5dad24;--awb-content-color:#747474;--awb-icon-box-color:#b8d3b6;--awb-toggle-hover-accent-color:var(--awb-color7);--awb-toggle-active-accent-color:var(--awb-color5);--awb-title-font-family:var(--awb-typography4-font-family);--awb-title-font-weight:var(--awb-typography4-font-weight);--awb-title-font-style:var(--awb-typography4-font-style);--awb-title-font-size:var(--awb-typography4-font-size);--awb-title-letter-spacing:var(--awb-typography4-letter-spacing);--awb-title-line-height:var(--awb-typography4-line-height);--awb-content-font-family:&quot;Raleway&quot;;--awb-content-font-style:normal;--awb-content-font-weight:400;\"><div class=\"panel-group fusion-toggle-icon-boxed\" id=\"accordion-10098-1\"><div class=\"fusion-panel panel-default panel-75c6086d07b672fb4 fusion-toggle-has-divider\" style=\"--awb-title-color:var(--awb-color5);\"><div class=\"panel-heading\"><h4 class=\"panel-title toggle\" id=\"toggle_75c6086d07b672fb4\"><a aria-expanded=\"false\" aria-controls=\"75c6086d07b672fb4\" role=\"button\" data-toggle=\"collapse\" data-parent=\"#accordion-10098-1\" data-target=\"#75c6086d07b672fb4\" href=\"#75c6086d07b672fb4\"><span class=\"fusion-toggle-icon-wrapper\" aria-hidden=\"true\"><i class=\"fa-fusion-box active-icon awb-icon-minus\" aria-hidden=\"true\"><\/i><i class=\"fa-fusion-box inactive-icon awb-icon-plus\" aria-hidden=\"true\"><\/i><\/span><span class=\"fusion-toggle-heading\">Was bringt bilingualer Unterricht?<\/span><\/a><\/h4><\/div><div id=\"75c6086d07b672fb4\" class=\"panel-collapse collapse \" aria-labelledby=\"toggle_75c6086d07b672fb4\"><div class=\"panel-body toggle-content fusion-clearfix\">\n<ul>\n<li>Er f\u00f6rdert die <strong>Fremdsprachenkompetenz<\/strong> durch authentische Sprechanl\u00e4sse und einen hohen Sprachumsatz.<\/li>\n<li>Er schult die <strong>interkulturellen Kompetenz<\/strong> durch kontinuierliche Perspektivenwechsel und Reflexion eigener Sichtweisen.<\/li>\n<li>Durch die kleinen Lerngruppen und die zus\u00e4tzliche Stunde haben wir mehr Raum f\u00fcr projekt- und handlungsorientiertes Arbeiten. Das f\u00fchrt zu einer <strong>gr\u00f6\u00dferen Verarbeitungstiefe<\/strong>.<\/li>\n<li>Er hat auch einen <strong>sozialen Mehrwert: <\/strong>Unsere Bili-Gruppen bleiben von der ersten Erdkundestunde in Klasse 7 bis zur Abschlussfahrt nach Dublin zusammen und werden dadurch zu eingeschworenen Gemeinschaften.<\/li>\n<\/ul>\n<\/div><\/div><\/div><div class=\"fusion-panel panel-default panel-5ffc37d7d0f57a2b6 fusion-toggle-has-divider\" style=\"--awb-title-color:var(--awb-color5);\"><div class=\"panel-heading\"><h4 class=\"panel-title toggle\" id=\"toggle_5ffc37d7d0f57a2b6\"><a aria-expanded=\"false\" aria-controls=\"5ffc37d7d0f57a2b6\" role=\"button\" data-toggle=\"collapse\" data-parent=\"#accordion-10098-1\" data-target=\"#5ffc37d7d0f57a2b6\" href=\"#5ffc37d7d0f57a2b6\"><span class=\"fusion-toggle-icon-wrapper\" aria-hidden=\"true\"><i class=\"fa-fusion-box active-icon awb-icon-minus\" aria-hidden=\"true\"><\/i><i class=\"fa-fusion-box inactive-icon awb-icon-plus\" aria-hidden=\"true\"><\/i><\/span><span class=\"fusion-toggle-heading\">Wer kann sich anmelden?<\/span><\/a><\/h4><\/div><div id=\"5ffc37d7d0f57a2b6\" class=\"panel-collapse collapse \" aria-labelledby=\"toggle_5ffc37d7d0f57a2b6\"><div class=\"panel-body toggle-content fusion-clearfix\">\n<p style=\"font-weight: 400;\">F\u00fcr den Bili-Zweig suchen wir Sch\u00fclerinnen mit <strong>allgemeiner Begabung <\/strong>und <strong>hoher Gesamtmotivation<\/strong>, die dazu bereit sind, sich zus\u00e4tzlich zu engagieren und eine l\u00e4ngerfristige Verpflichtung einzugehen. Ob Englisch oder Franz\u00f6sisch als erste Fremdsprache gew\u00e4hlt wird, spielt dabei keine Rolle.<\/p>\n<\/div><\/div><\/div><div class=\"fusion-panel panel-default panel-cd2affab61b7f290d fusion-toggle-has-divider\" style=\"--awb-title-color:var(--awb-color5);\"><div class=\"panel-heading\"><h4 class=\"panel-title toggle\" id=\"toggle_cd2affab61b7f290d\"><a aria-expanded=\"false\" aria-controls=\"cd2affab61b7f290d\" role=\"button\" data-toggle=\"collapse\" data-parent=\"#accordion-10098-1\" data-target=\"#cd2affab61b7f290d\" href=\"#cd2affab61b7f290d\"><span class=\"fusion-toggle-icon-wrapper\" aria-hidden=\"true\"><i class=\"fa-fusion-box active-icon awb-icon-minus\" aria-hidden=\"true\"><\/i><i class=\"fa-fusion-box inactive-icon awb-icon-plus\" aria-hidden=\"true\"><\/i><\/span><span class=\"fusion-toggle-heading\">Wie werde ich vorbereitet?<\/span><\/a><\/h4><\/div><div id=\"cd2affab61b7f290d\" class=\"panel-collapse collapse \" aria-labelledby=\"toggle_cd2affab61b7f290d\"><div class=\"panel-body toggle-content fusion-clearfix\">\n<p style=\"font-weight: 400;\">Unser Vorbereitungsunterricht bietet in der Orientierungsstufe eine zus\u00e4tzliche Englischstunde, in der der spielerische und kreative Umgang mit der Sprache im Fokus steht. In einer m\u00f6glichst ungezwungenen Umgebung wird hier die Bereitschaft zum Sprechen gef\u00f6rdert und sachfachspezifischer Wortschatz einge\u00fcbt.<\/p>\n<\/div><\/div><\/div><\/div><\/div><div class=\"fusion-image-carousel fusion-image-carousel-auto fusion-image-carousel-1 fusion-carousel-border\" style=\"margin-top:25px;\"><div class=\"awb-carousel awb-swiper awb-swiper-carousel\" data-autoplay=\"no\" data-columns=\"2\" data-itemmargin=\"13\" data-itemwidth=\"180\" data-touchscroll=\"no\" data-imagesize=\"auto\" style=\"--awb-columns:2;\"><div class=\"swiper-wrapper awb-image-carousel-wrapper fusion-flex-align-items-center\"><div class=\"swiper-slide\"><div class=\"fusion-carousel-item-wrapper\"><div class=\"fusion-image-wrapper hover-type-none\"><img decoding=\"async\" width=\"227\" height=\"325\" src=\"https:\/\/sfgrs.de\/wordpress\/wp-content\/uploads\/2024\/10\/Artikel-Bili_Bild-2.jpg\" class=\"attachment-full size-full\" alt=\"\" srcset=\"https:\/\/sfgrs.de\/wordpress\/wp-content\/uploads\/2024\/10\/Artikel-Bili_Bild-2-200x286.jpg 200w, https:\/\/sfgrs.de\/wordpress\/wp-content\/uploads\/2024\/10\/Artikel-Bili_Bild-2.jpg 227w\" sizes=\"(min-width: 2200px) 100vw, (min-width: 800px) 694px, (min-width: 640px) 800px, \" \/><\/div><\/div><\/div><div class=\"swiper-slide\"><div class=\"fusion-carousel-item-wrapper\"><div class=\"fusion-image-wrapper hover-type-none\"><img decoding=\"async\" width=\"234\" height=\"325\" src=\"https:\/\/sfgrs.de\/wordpress\/wp-content\/uploads\/2024\/10\/Artikel-Bili_Bild-3.png\" class=\"attachment-full size-full\" alt=\"\" srcset=\"https:\/\/sfgrs.de\/wordpress\/wp-content\/uploads\/2024\/10\/Artikel-Bili_Bild-3-200x278.png 200w, https:\/\/sfgrs.de\/wordpress\/wp-content\/uploads\/2024\/10\/Artikel-Bili_Bild-3.png 234w\" sizes=\"(min-width: 2200px) 100vw, (min-width: 800px) 694px, (min-width: 640px) 800px, \" \/><\/div><\/div><\/div><div class=\"swiper-slide\"><div class=\"fusion-carousel-item-wrapper\"><div class=\"fusion-image-wrapper hover-type-none\"><img decoding=\"async\" width=\"159\" height=\"197\" src=\"https:\/\/sfgrs.de\/wordpress\/wp-content\/uploads\/2024\/10\/Artikel-Bili_Bild-4.jpg\" class=\"attachment-full size-full\" alt=\"\" \/><\/div><\/div><\/div><\/div><div class=\"awb-swiper-button awb-swiper-button-prev\"><i class=\"awb-icon-angle-left\" aria-hidden=\"true\"><\/i><\/div><div class=\"awb-swiper-button awb-swiper-button-next\"><i class=\"awb-icon-angle-right\" aria-hidden=\"true\"><\/i><\/div><\/div><\/div><\/div><\/div><\/div><\/div>\n","protected":false},"excerpt":{"rendered":"","protected":false},"author":1,"featured_media":0,"parent":0,"menu_order":0,"comment_status":"closed","ping_status":"closed","template":"","meta":{"footnotes":""},"categories":[44],"tags":[],"class_list":["post-10098","page","type-page","status-publish","hentry","category-sub-faecher"],"_links":{"self":[{"href":"https:\/\/sfgrs.de\/wordpress\/index.php\/wp-json\/wp\/v2\/pages\/10098","targetHints":{"allow":["GET"]}}],"collection":[{"href":"https:\/\/sfgrs.de\/wordpress\/index.php\/wp-json\/wp\/v2\/pages"}],"about":[{"href":"https:\/\/sfgrs.de\/wordpress\/index.php\/wp-json\/wp\/v2\/types\/page"}],"author":[{"embeddable":true,"href":"https:\/\/sfgrs.de\/wordpress\/index.php\/wp-json\/wp\/v2\/users\/1"}],"replies":[{"embeddable":true,"href":"https:\/\/sfgrs.de\/wordpress\/index.php\/wp-json\/wp\/v2\/comments?post=10098"}],"version-history":[{"count":9,"href":"https:\/\/sfgrs.de\/wordpress\/index.php\/wp-json\/wp\/v2\/pages\/10098\/revisions"}],"predecessor-version":[{"id":11185,"href":"https:\/\/sfgrs.de\/wordpress\/index.php\/wp-json\/wp\/v2\/pages\/10098\/revisions\/11185"}],"wp:attachment":[{"href":"https:\/\/sfgrs.de\/wordpress\/index.php\/wp-json\/wp\/v2\/media?parent=10098"}],"wp:term":[{"taxonomy":"category","embeddable":true,"href":"https:\/\/sfgrs.de\/wordpress\/index.php\/wp-json\/wp\/v2\/categories?post=10098"},{"taxonomy":"post_tag","embeddable":true,"href":"https:\/\/sfgrs.de\/wordpress\/index.php\/wp-json\/wp\/v2\/tags?post=10098"}],"curies":[{"name":"wp","href":"https:\/\/api.w.org\/{rel}","templated":true}]}}