{"id":10115,"date":"2024-09-26T14:53:48","date_gmt":"2024-09-26T12:53:48","guid":{"rendered":"https:\/\/sfgrs.de\/wordpress\/sfgrs-24\/?page_id=10115"},"modified":"2024-10-31T15:06:50","modified_gmt":"2024-10-31T14:06:50","slug":"fach-kus","status":"publish","type":"page","link":"https:\/\/sfgrs.de\/wordpress\/index.php\/fach-kus\/","title":{"rendered":"Fach &#8211; KUS"},"content":{"rendered":"<div class=\"fusion-fullwidth fullwidth-box fusion-builder-row-1 fusion-flex-container has-pattern-background has-mask-background nonhundred-percent-fullwidth non-hundred-percent-height-scrolling\" style=\"--awb-border-radius-top-left:0px;--awb-border-radius-top-right:0px;--awb-border-radius-bottom-right:0px;--awb-border-radius-bottom-left:0px;--awb-flex-wrap:wrap;\" ><div class=\"fusion-builder-row fusion-row fusion-flex-align-items-flex-start fusion-flex-content-wrap\" style=\"max-width:1456px;margin-left: calc(-4% \/ 2 );margin-right: calc(-4% \/ 2 );\"><div class=\"fusion-layout-column fusion_builder_column fusion-builder-column-0 fusion_builder_column_1_6 1_6 fusion-flex-column\" style=\"--awb-bg-size:cover;--awb-width-large:16.666666666667%;--awb-margin-top-large:0px;--awb-spacing-right-large:11.52%;--awb-margin-bottom-large:20px;--awb-spacing-left-large:11.52%;--awb-width-medium:100%;--awb-order-medium:0;--awb-spacing-right-medium:1.92%;--awb-spacing-left-medium:1.92%;--awb-width-small:100%;--awb-order-small:0;--awb-spacing-right-small:1.92%;--awb-spacing-left-small:1.92%;\"><div class=\"fusion-column-wrapper fusion-column-has-shadow fusion-flex-justify-content-flex-start fusion-content-layout-column\"><\/div><\/div><div class=\"fusion-layout-column fusion_builder_column fusion-builder-column-1 fusion_builder_column_2_3 2_3 fusion-flex-column\" style=\"--awb-bg-size:cover;--awb-width-large:66.666666666667%;--awb-margin-top-large:0px;--awb-spacing-right-large:2.88%;--awb-margin-bottom-large:20px;--awb-spacing-left-large:2.88%;--awb-width-medium:100%;--awb-order-medium:0;--awb-spacing-right-medium:1.92%;--awb-spacing-left-medium:1.92%;--awb-width-small:100%;--awb-order-small:0;--awb-spacing-right-small:1.92%;--awb-spacing-left-small:1.92%;\"><div class=\"fusion-column-wrapper fusion-column-has-shadow fusion-flex-justify-content-flex-start fusion-content-layout-column\"><div class=\"fusion-image-element \" style=\"--awb-aspect-ratio:21 \/ 9;--awb-object-position:49% 0%;--awb-margin-bottom:20px;--awb-caption-title-font-family:var(--h2_typography-font-family);--awb-caption-title-font-weight:var(--h2_typography-font-weight);--awb-caption-title-font-style:var(--h2_typography-font-style);--awb-caption-title-size:var(--h2_typography-font-size);--awb-caption-title-transform:var(--h2_typography-text-transform);--awb-caption-title-line-height:var(--h2_typography-line-height);--awb-caption-title-letter-spacing:var(--h2_typography-letter-spacing);\"><span class=\" fusion-imageframe imageframe-none imageframe-1 hover-type-none has-aspect-ratio\"><img decoding=\"async\" width=\"3105\" height=\"2070\" title=\"KUS-3\" src=\"https:\/\/sfgrs.de\/wordpress\/wp-content\/uploads\/2024\/10\/KUS-3-1.png\" class=\"img-responsive wp-image-11838 img-with-aspect-ratio\" alt srcset=\"https:\/\/sfgrs.de\/wordpress\/wp-content\/uploads\/2024\/10\/KUS-3-1-200x133.png 200w, https:\/\/sfgrs.de\/wordpress\/wp-content\/uploads\/2024\/10\/KUS-3-1-400x267.png 400w, https:\/\/sfgrs.de\/wordpress\/wp-content\/uploads\/2024\/10\/KUS-3-1-600x400.png 600w, https:\/\/sfgrs.de\/wordpress\/wp-content\/uploads\/2024\/10\/KUS-3-1-800x533.png 800w, https:\/\/sfgrs.de\/wordpress\/wp-content\/uploads\/2024\/10\/KUS-3-1-1200x800.png 1200w, https:\/\/sfgrs.de\/wordpress\/wp-content\/uploads\/2024\/10\/KUS-3-1.png 3105w\" sizes=\"(max-width: 1140px) 100vw, (max-width: 640px) 100vw, 1200px\" \/><\/span><\/div><div class=\"fusion-text fusion-text-1\"><h3><strong>Kulturtechniken-Umwelt-Soziales<\/strong><\/h3>\n<p>Wer sollte das Fach KUS w\u00e4hlen?<\/p>\n<p>KUS eignet sich f\u00fcr alle, die sich f\u00fcr gesunde Ern\u00e4hrung interessieren und gerne neue Rezepte ausprobieren. Wer KUS w\u00e4hlt, sollte offen sein f\u00fcr verschiedene Geschmacksrichtungen und vielf\u00e4ltige Gerichte.<\/p>\n<p>Im textilen oder dekorativen Bereich ist Raum f\u00fcr Kreativit\u00e4t und Fingerfertigkeit. Daran wird jeder Spa\u00df haben, der gerne gestaltet und seine Planung praktisch umsetzen m\u00f6chte.<br \/>\nWer KUS w\u00e4hlt, sollte gerne im Team arbeiten, da die Lehrk\u00fcche f\u00fcr Teams von etwa vier Sch\u00fclerinnen angelegt ist und viele Projekte im Team umgesetzt werden m\u00fcssen.<\/p>\n<p>Vorhanden sein sollte auch Neugier auf Hintergrundwissen in Sachen Ern\u00e4hrung und Kulturtechniken sowie Wertsch\u00e4tzung f\u00fcr Klima und Umwelt.<\/p>\n<ul>\n<li><strong>Der Name KUS<\/strong><br \/>\nsteht f\u00fcr Kulturtechniken \u2013 Umwelt \u2013 Soziales<br \/>\nMit Kulturtechniken sind neben Kochen und Backen auch der Umgang mit Textilien, N\u00e4hen, Basteln und Dekorieren gemeint.<br \/>\nUmweltaspekte wie der Klimawandel werden im Zusammenhang von Anbau und Transport von Lebensmitteln, Recycling oder der textilen Kette thematisiert.<br \/>\nSoziales Miteinander spielt eine wichtige Rolle beim Arbeiten im Team und bei Projekten wie Pausenverkauf oder Bewirtung innerhalb der Schulgemeinschaft.<\/li>\n<li><strong>KUS in Klasse 7<\/strong><br \/>\nIn Klasse 7 wird das Fach zweist\u00fcndig unterrichtet.<br \/>\nLerninhalte sind das Umsetzen von Grundrezepten in der K\u00fcche und Wissen rund um gesunde Ern\u00e4hrung. Ebenso k\u00f6nnen kleinere Textil- oder Gestaltungsprojekte umgesetzt werden<br \/>\nKUS ist gekoppelt mit MKU (= Medienkompetenzunterricht).<br \/>\nSowohl in KUS als auch in MKU wird eine Zeugnisnote erteilt, es wird zudem eine Gesamtnote f\u00fcr beide F\u00e4cher ermittelt.<\/li>\n<li><strong>KUS in Klasse 8<\/strong><br \/>\nIn Klasse 8 umfasst KUS vier Wochenstunden.<br \/>\nDer Unterricht ist st\u00e4rker projektartig angelegt. Sowohl Theorie als auch Praxis nehmen mehr Raum ein. Praxis und Exkursionen finden zum Teil am Nachmittag statt.<\/li>\n<li><strong>Highlights in KUS<\/strong><br \/>\nIn Gruppen durchgef\u00fchrte Projekte wie<br \/>\nPlanung und Organisation eines Pausenverkaufs<br \/>\nKochen eines Men\u00fcs f\u00fcr einen Gast (inkl. Einladungskarte und Tischdekoration)<br \/>\nBacken eines Kuchens oder einer Torte<br \/>\nVorbereiten eines Buffets und Catering<br \/>\nHerstellen eines Rucksackbeutels oder einer Umh\u00e4ngetasche<br \/>\nbleiben den Gruppen oft lange in Erinnerung.<\/li>\n<li><strong>Notengebung und Klassenarbeiten<\/strong><br \/>\nNoten k\u00f6nnen auch in praktischer Form erbracht werden, so kann ein in der Gruppe geplantes und hergestelltes Produkt, bspw. eine Torte oder ein N\u00e4hprojekt als Klassenarbeitsnote gewertet werden.<br \/>\nDas Umsetzen eines Rezeptes in der Kochpraxis wird bewertet, insofern lernen die Sch\u00fclerinnen viele lebenspraktische Dinge.<br \/>\nEbenso gibt es Noten auf theoretisches Wissen wie in anderen F\u00e4chern.<\/li>\n<\/ul>\n<\/div><div class=\"fusion-image-carousel fusion-image-carousel-auto fusion-image-carousel-1 fusion-carousel-border\"><div class=\"awb-carousel awb-swiper awb-swiper-carousel\" data-autoplay=\"yes\" data-columns=\"1\" data-itemmargin=\"1\" data-itemwidth=\"180\" data-touchscroll=\"no\" data-imagesize=\"auto\" style=\"--awb-columns:1;--awb-column-spacing:1px;\"><div class=\"swiper-wrapper awb-image-carousel-wrapper fusion-flex-align-items-center\"><div class=\"swiper-slide\"><div class=\"fusion-carousel-item-wrapper\"><div class=\"fusion-image-wrapper hover-type-none\"><img decoding=\"async\" width=\"3057\" height=\"2038\" src=\"https:\/\/sfgrs.de\/wordpress\/wp-content\/uploads\/2024\/10\/KUS-1-1.png\" class=\"attachment-full size-full\" alt=\"\" srcset=\"https:\/\/sfgrs.de\/wordpress\/wp-content\/uploads\/2024\/10\/KUS-1-1-200x133.png 200w, https:\/\/sfgrs.de\/wordpress\/wp-content\/uploads\/2024\/10\/KUS-1-1-300x200.png 300w, https:\/\/sfgrs.de\/wordpress\/wp-content\/uploads\/2024\/10\/KUS-1-1-400x267.png 400w, https:\/\/sfgrs.de\/wordpress\/wp-content\/uploads\/2024\/10\/KUS-1-1-600x400.png 600w, https:\/\/sfgrs.de\/wordpress\/wp-content\/uploads\/2024\/10\/KUS-1-1-768x512.png 768w, https:\/\/sfgrs.de\/wordpress\/wp-content\/uploads\/2024\/10\/KUS-1-1-800x533.png 800w, https:\/\/sfgrs.de\/wordpress\/wp-content\/uploads\/2024\/10\/KUS-1-1-1024x683.png 1024w, https:\/\/sfgrs.de\/wordpress\/wp-content\/uploads\/2024\/10\/KUS-1-1-1200x800.png 1200w, https:\/\/sfgrs.de\/wordpress\/wp-content\/uploads\/2024\/10\/KUS-1-1-1536x1024.png 1536w, https:\/\/sfgrs.de\/wordpress\/wp-content\/uploads\/2024\/10\/KUS-1-1.png 3057w\" sizes=\"(max-width: 3057px) 100vw, 3057px\" \/><\/div><\/div><\/div><div class=\"swiper-slide\"><div class=\"fusion-carousel-item-wrapper\"><div class=\"fusion-image-wrapper hover-type-none\"><img decoding=\"async\" width=\"3223\" height=\"2149\" src=\"https:\/\/sfgrs.de\/wordpress\/wp-content\/uploads\/2024\/10\/Kus-4.png\" class=\"attachment-full size-full\" alt=\"\" srcset=\"https:\/\/sfgrs.de\/wordpress\/wp-content\/uploads\/2024\/10\/Kus-4-200x133.png 200w, https:\/\/sfgrs.de\/wordpress\/wp-content\/uploads\/2024\/10\/Kus-4-300x200.png 300w, https:\/\/sfgrs.de\/wordpress\/wp-content\/uploads\/2024\/10\/Kus-4-400x267.png 400w, https:\/\/sfgrs.de\/wordpress\/wp-content\/uploads\/2024\/10\/Kus-4-600x400.png 600w, https:\/\/sfgrs.de\/wordpress\/wp-content\/uploads\/2024\/10\/Kus-4-768x512.png 768w, https:\/\/sfgrs.de\/wordpress\/wp-content\/uploads\/2024\/10\/Kus-4-800x533.png 800w, https:\/\/sfgrs.de\/wordpress\/wp-content\/uploads\/2024\/10\/Kus-4-1024x683.png 1024w, https:\/\/sfgrs.de\/wordpress\/wp-content\/uploads\/2024\/10\/Kus-4-1200x800.png 1200w, https:\/\/sfgrs.de\/wordpress\/wp-content\/uploads\/2024\/10\/Kus-4-1536x1024.png 1536w, https:\/\/sfgrs.de\/wordpress\/wp-content\/uploads\/2024\/10\/Kus-4.png 3223w\" sizes=\"(max-width: 3223px) 100vw, 3223px\" \/><\/div><\/div><\/div><div class=\"swiper-slide\"><div class=\"fusion-carousel-item-wrapper\"><div class=\"fusion-image-wrapper hover-type-none\"><img decoding=\"async\" width=\"4032\" height=\"2688\" src=\"https:\/\/sfgrs.de\/wordpress\/wp-content\/uploads\/2024\/10\/Kus-5.png\" class=\"attachment-full size-full\" alt=\"\" srcset=\"https:\/\/sfgrs.de\/wordpress\/wp-content\/uploads\/2024\/10\/Kus-5-200x133.png 200w, https:\/\/sfgrs.de\/wordpress\/wp-content\/uploads\/2024\/10\/Kus-5-300x200.png 300w, https:\/\/sfgrs.de\/wordpress\/wp-content\/uploads\/2024\/10\/Kus-5-400x267.png 400w, https:\/\/sfgrs.de\/wordpress\/wp-content\/uploads\/2024\/10\/Kus-5-600x400.png 600w, https:\/\/sfgrs.de\/wordpress\/wp-content\/uploads\/2024\/10\/Kus-5-768x512.png 768w, https:\/\/sfgrs.de\/wordpress\/wp-content\/uploads\/2024\/10\/Kus-5-800x533.png 800w, https:\/\/sfgrs.de\/wordpress\/wp-content\/uploads\/2024\/10\/Kus-5-1024x683.png 1024w, https:\/\/sfgrs.de\/wordpress\/wp-content\/uploads\/2024\/10\/Kus-5-1200x800.png 1200w, https:\/\/sfgrs.de\/wordpress\/wp-content\/uploads\/2024\/10\/Kus-5-1536x1024.png 1536w, https:\/\/sfgrs.de\/wordpress\/wp-content\/uploads\/2024\/10\/Kus-5.png 4032w\" sizes=\"(max-width: 4032px) 100vw, 4032px\" \/><\/div><\/div><\/div><div class=\"swiper-slide\"><div class=\"fusion-carousel-item-wrapper\"><div class=\"fusion-image-wrapper hover-type-none\"><img decoding=\"async\" width=\"4032\" height=\"2688\" src=\"https:\/\/sfgrs.de\/wordpress\/wp-content\/uploads\/2024\/10\/Kus-6.png\" class=\"attachment-full size-full\" alt=\"\" srcset=\"https:\/\/sfgrs.de\/wordpress\/wp-content\/uploads\/2024\/10\/Kus-6-200x133.png 200w, https:\/\/sfgrs.de\/wordpress\/wp-content\/uploads\/2024\/10\/Kus-6-300x200.png 300w, https:\/\/sfgrs.de\/wordpress\/wp-content\/uploads\/2024\/10\/Kus-6-400x267.png 400w, https:\/\/sfgrs.de\/wordpress\/wp-content\/uploads\/2024\/10\/Kus-6-600x400.png 600w, https:\/\/sfgrs.de\/wordpress\/wp-content\/uploads\/2024\/10\/Kus-6-768x512.png 768w, https:\/\/sfgrs.de\/wordpress\/wp-content\/uploads\/2024\/10\/Kus-6-800x533.png 800w, https:\/\/sfgrs.de\/wordpress\/wp-content\/uploads\/2024\/10\/Kus-6-1024x683.png 1024w, https:\/\/sfgrs.de\/wordpress\/wp-content\/uploads\/2024\/10\/Kus-6-1200x800.png 1200w, https:\/\/sfgrs.de\/wordpress\/wp-content\/uploads\/2024\/10\/Kus-6-1536x1024.png 1536w, https:\/\/sfgrs.de\/wordpress\/wp-content\/uploads\/2024\/10\/Kus-6.png 4032w\" sizes=\"(max-width: 4032px) 100vw, 4032px\" \/><\/div><\/div><\/div><div class=\"swiper-slide\"><div class=\"fusion-carousel-item-wrapper\"><div class=\"fusion-image-wrapper hover-type-none\"><img decoding=\"async\" width=\"3183\" height=\"2122\" src=\"https:\/\/sfgrs.de\/wordpress\/wp-content\/uploads\/2024\/10\/Kus-2.png\" class=\"attachment-full size-full\" alt=\"\" srcset=\"https:\/\/sfgrs.de\/wordpress\/wp-content\/uploads\/2024\/10\/Kus-2-200x133.png 200w, https:\/\/sfgrs.de\/wordpress\/wp-content\/uploads\/2024\/10\/Kus-2-300x200.png 300w, https:\/\/sfgrs.de\/wordpress\/wp-content\/uploads\/2024\/10\/Kus-2-400x267.png 400w, https:\/\/sfgrs.de\/wordpress\/wp-content\/uploads\/2024\/10\/Kus-2-600x400.png 600w, https:\/\/sfgrs.de\/wordpress\/wp-content\/uploads\/2024\/10\/Kus-2-768x512.png 768w, https:\/\/sfgrs.de\/wordpress\/wp-content\/uploads\/2024\/10\/Kus-2-800x533.png 800w, https:\/\/sfgrs.de\/wordpress\/wp-content\/uploads\/2024\/10\/Kus-2-1024x683.png 1024w, https:\/\/sfgrs.de\/wordpress\/wp-content\/uploads\/2024\/10\/Kus-2-1200x800.png 1200w, https:\/\/sfgrs.de\/wordpress\/wp-content\/uploads\/2024\/10\/Kus-2-1536x1024.png 1536w, https:\/\/sfgrs.de\/wordpress\/wp-content\/uploads\/2024\/10\/Kus-2.png 3183w\" sizes=\"(max-width: 3183px) 100vw, 3183px\" \/><\/div><\/div><\/div><\/div><div class=\"awb-swiper-button awb-swiper-button-prev\"><i class=\"awb-icon-angle-left\" aria-hidden=\"true\"><\/i><\/div><div class=\"awb-swiper-button awb-swiper-button-next\"><i class=\"awb-icon-angle-right\" aria-hidden=\"true\"><\/i><\/div><\/div><\/div><\/div><\/div><div class=\"fusion-layout-column fusion_builder_column fusion-builder-column-2 fusion_builder_column_1_6 1_6 fusion-flex-column\" style=\"--awb-bg-size:cover;--awb-width-large:16.666666666667%;--awb-margin-top-large:0px;--awb-spacing-right-large:11.52%;--awb-margin-bottom-large:20px;--awb-spacing-left-large:11.52%;--awb-width-medium:100%;--awb-order-medium:0;--awb-spacing-right-medium:1.92%;--awb-spacing-left-medium:1.92%;--awb-width-small:100%;--awb-order-small:0;--awb-spacing-right-small:1.92%;--awb-spacing-left-small:1.92%;\"><div class=\"fusion-column-wrapper fusion-column-has-shadow fusion-flex-justify-content-flex-start fusion-content-layout-column\"><\/div><\/div><\/div><\/div>\n","protected":false},"excerpt":{"rendered":"","protected":false},"author":1,"featured_media":0,"parent":0,"menu_order":0,"comment_status":"closed","ping_status":"closed","template":"","meta":{"footnotes":""},"categories":[44],"tags":[],"class_list":["post-10115","page","type-page","status-publish","hentry","category-sub-faecher"],"_links":{"self":[{"href":"https:\/\/sfgrs.de\/wordpress\/index.php\/wp-json\/wp\/v2\/pages\/10115","targetHints":{"allow":["GET"]}}],"collection":[{"href":"https:\/\/sfgrs.de\/wordpress\/index.php\/wp-json\/wp\/v2\/pages"}],"about":[{"href":"https:\/\/sfgrs.de\/wordpress\/index.php\/wp-json\/wp\/v2\/types\/page"}],"author":[{"embeddable":true,"href":"https:\/\/sfgrs.de\/wordpress\/index.php\/wp-json\/wp\/v2\/users\/1"}],"replies":[{"embeddable":true,"href":"https:\/\/sfgrs.de\/wordpress\/index.php\/wp-json\/wp\/v2\/comments?post=10115"}],"version-history":[{"count":8,"href":"https:\/\/sfgrs.de\/wordpress\/index.php\/wp-json\/wp\/v2\/pages\/10115\/revisions"}],"predecessor-version":[{"id":11842,"href":"https:\/\/sfgrs.de\/wordpress\/index.php\/wp-json\/wp\/v2\/pages\/10115\/revisions\/11842"}],"wp:attachment":[{"href":"https:\/\/sfgrs.de\/wordpress\/index.php\/wp-json\/wp\/v2\/media?parent=10115"}],"wp:term":[{"taxonomy":"category","embeddable":true,"href":"https:\/\/sfgrs.de\/wordpress\/index.php\/wp-json\/wp\/v2\/categories?post=10115"},{"taxonomy":"post_tag","embeddable":true,"href":"https:\/\/sfgrs.de\/wordpress\/index.php\/wp-json\/wp\/v2\/tags?post=10115"}],"curies":[{"name":"wp","href":"https:\/\/api.w.org\/{rel}","templated":true}]}}