{"id":10117,"date":"2024-09-26T14:54:14","date_gmt":"2024-09-26T12:54:14","guid":{"rendered":"https:\/\/sfgrs.de\/wordpress\/sfgrs-24\/?page_id=10117"},"modified":"2024-10-30T07:12:57","modified_gmt":"2024-10-30T06:12:57","slug":"fach-wuv","status":"publish","type":"page","link":"https:\/\/sfgrs.de\/wordpress\/index.php\/fach-wuv\/","title":{"rendered":"Fach &#8211; WUV"},"content":{"rendered":"<div class=\"fusion-fullwidth fullwidth-box fusion-builder-row-1 fusion-flex-container has-pattern-background has-mask-background nonhundred-percent-fullwidth non-hundred-percent-height-scrolling\" style=\"--awb-border-radius-top-left:0px;--awb-border-radius-top-right:0px;--awb-border-radius-bottom-right:0px;--awb-border-radius-bottom-left:0px;--awb-flex-wrap:wrap;\" ><div class=\"fusion-builder-row fusion-row fusion-flex-align-items-flex-start fusion-flex-content-wrap\" style=\"max-width:1456px;margin-left: calc(-4% \/ 2 );margin-right: calc(-4% \/ 2 );\"><div class=\"fusion-layout-column fusion_builder_column fusion-builder-column-0 fusion_builder_column_1_6 1_6 fusion-flex-column\" style=\"--awb-bg-size:cover;--awb-width-large:16.666666666667%;--awb-margin-top-large:0px;--awb-spacing-right-large:11.52%;--awb-margin-bottom-large:20px;--awb-spacing-left-large:11.52%;--awb-width-medium:100%;--awb-order-medium:0;--awb-spacing-right-medium:1.92%;--awb-spacing-left-medium:1.92%;--awb-width-small:100%;--awb-order-small:0;--awb-spacing-right-small:1.92%;--awb-spacing-left-small:1.92%;\"><div class=\"fusion-column-wrapper fusion-column-has-shadow fusion-flex-justify-content-flex-start fusion-content-layout-column\"><\/div><\/div><div class=\"fusion-layout-column fusion_builder_column fusion-builder-column-1 fusion_builder_column_2_3 2_3 fusion-flex-column\" style=\"--awb-bg-size:cover;--awb-width-large:66.666666666667%;--awb-margin-top-large:0px;--awb-spacing-right-large:2.88%;--awb-margin-bottom-large:20px;--awb-spacing-left-large:2.88%;--awb-width-medium:100%;--awb-order-medium:0;--awb-spacing-right-medium:1.92%;--awb-spacing-left-medium:1.92%;--awb-width-small:100%;--awb-order-small:0;--awb-spacing-right-small:1.92%;--awb-spacing-left-small:1.92%;\"><div class=\"fusion-column-wrapper fusion-column-has-shadow fusion-flex-justify-content-flex-start fusion-content-layout-column\"><div class=\"fusion-image-element \" style=\"--awb-aspect-ratio:21 \/ 9;--awb-object-position:50% 52%;--awb-margin-bottom:20px;--awb-caption-title-font-family:var(--h2_typography-font-family);--awb-caption-title-font-weight:var(--h2_typography-font-weight);--awb-caption-title-font-style:var(--h2_typography-font-style);--awb-caption-title-size:var(--h2_typography-font-size);--awb-caption-title-transform:var(--h2_typography-text-transform);--awb-caption-title-line-height:var(--h2_typography-line-height);--awb-caption-title-letter-spacing:var(--h2_typography-letter-spacing);\"><span class=\" fusion-imageframe imageframe-none imageframe-1 hover-type-none has-aspect-ratio\"><img decoding=\"async\" width=\"2560\" height=\"1709\" title=\"Tabletstufe &#8211; Slider 3\" src=\"https:\/\/sfgrs.de\/wordpress\/wp-content\/uploads\/2024\/10\/Tabletstufe-Slider-3-scaled.jpg\" class=\"img-responsive wp-image-11240 img-with-aspect-ratio\" alt srcset=\"https:\/\/sfgrs.de\/wordpress\/wp-content\/uploads\/2024\/10\/Tabletstufe-Slider-3-200x133.jpg 200w, https:\/\/sfgrs.de\/wordpress\/wp-content\/uploads\/2024\/10\/Tabletstufe-Slider-3-400x267.jpg 400w, https:\/\/sfgrs.de\/wordpress\/wp-content\/uploads\/2024\/10\/Tabletstufe-Slider-3-600x400.jpg 600w, https:\/\/sfgrs.de\/wordpress\/wp-content\/uploads\/2024\/10\/Tabletstufe-Slider-3-800x534.jpg 800w, https:\/\/sfgrs.de\/wordpress\/wp-content\/uploads\/2024\/10\/Tabletstufe-Slider-3-1200x801.jpg 1200w, https:\/\/sfgrs.de\/wordpress\/wp-content\/uploads\/2024\/10\/Tabletstufe-Slider-3-scaled.jpg 2560w\" sizes=\"(max-width: 1140px) 100vw, (max-width: 640px) 100vw, 1200px\" \/><\/span><\/div><div class=\"fusion-text fusion-text-1\"><p><strong>Wirtschaft und Verwaltung<\/strong><\/p>\n<p>Das Wahlpflichtfach Wirtschaft und Verwaltung besch\u00e4ftigt sich mit dem Mensch als Konsument, Arbeitnehmer, Unternehmer und Wirtschaftsb\u00fcrger.<\/p>\n<p>Sch\u00fclerinnen, die diesen Schwerpunkt w\u00e4hlen, erhalten unter anderem Einblicke in folgende Themenfelder:<\/p>\n<ul>\n<li>W\u00fcnsche und Bed\u00fcrfnisse<\/li>\n<li>Markt und Preisbildung<\/li>\n<li>Verbraucherschutz<\/li>\n<li>Unternehmen<\/li>\n<li>Mein Leben nach der Schule<\/li>\n<li>Geld und Finanzen<\/li>\n<li>Soziales Netz<\/li>\n<li>Staat und Wirtschaft<\/li>\n<\/ul>\n<p>Diese Auflistung macht deutlich, dass das Fach Wirtschaft und Verwaltung eine hohen allgemeinbildenden Charakter aufweist. Daneben bereitet das Fach auf eine Berufslaufbahn im Bereich \u00f6ffentlicher Verwaltungen und im betriebswirtschaftlichen Sektor vor. Es bereitet dar\u00fcber hinaus auf einen Besuch einer weiterf\u00fchrenden Schule (mit dem Schwerpunkt Wirtschaft) vor.<\/p>\n<\/div><\/div><\/div><div class=\"fusion-layout-column fusion_builder_column fusion-builder-column-2 fusion_builder_column_1_6 1_6 fusion-flex-column\" style=\"--awb-bg-size:cover;--awb-width-large:16.666666666667%;--awb-margin-top-large:0px;--awb-spacing-right-large:11.52%;--awb-margin-bottom-large:20px;--awb-spacing-left-large:11.52%;--awb-width-medium:100%;--awb-order-medium:0;--awb-spacing-right-medium:1.92%;--awb-spacing-left-medium:1.92%;--awb-width-small:100%;--awb-order-small:0;--awb-spacing-right-small:1.92%;--awb-spacing-left-small:1.92%;\"><div class=\"fusion-column-wrapper fusion-column-has-shadow fusion-flex-justify-content-flex-start fusion-content-layout-column\"><\/div><\/div><\/div><\/div>\n","protected":false},"excerpt":{"rendered":"","protected":false},"author":1,"featured_media":0,"parent":0,"menu_order":0,"comment_status":"closed","ping_status":"closed","template":"","meta":{"footnotes":""},"categories":[44],"tags":[],"class_list":["post-10117","page","type-page","status-publish","hentry","category-sub-faecher"],"_links":{"self":[{"href":"https:\/\/sfgrs.de\/wordpress\/index.php\/wp-json\/wp\/v2\/pages\/10117","targetHints":{"allow":["GET"]}}],"collection":[{"href":"https:\/\/sfgrs.de\/wordpress\/index.php\/wp-json\/wp\/v2\/pages"}],"about":[{"href":"https:\/\/sfgrs.de\/wordpress\/index.php\/wp-json\/wp\/v2\/types\/page"}],"author":[{"embeddable":true,"href":"https:\/\/sfgrs.de\/wordpress\/index.php\/wp-json\/wp\/v2\/users\/1"}],"replies":[{"embeddable":true,"href":"https:\/\/sfgrs.de\/wordpress\/index.php\/wp-json\/wp\/v2\/comments?post=10117"}],"version-history":[{"count":5,"href":"https:\/\/sfgrs.de\/wordpress\/index.php\/wp-json\/wp\/v2\/pages\/10117\/revisions"}],"predecessor-version":[{"id":11529,"href":"https:\/\/sfgrs.de\/wordpress\/index.php\/wp-json\/wp\/v2\/pages\/10117\/revisions\/11529"}],"wp:attachment":[{"href":"https:\/\/sfgrs.de\/wordpress\/index.php\/wp-json\/wp\/v2\/media?parent=10117"}],"wp:term":[{"taxonomy":"category","embeddable":true,"href":"https:\/\/sfgrs.de\/wordpress\/index.php\/wp-json\/wp\/v2\/categories?post=10117"},{"taxonomy":"post_tag","embeddable":true,"href":"https:\/\/sfgrs.de\/wordpress\/index.php\/wp-json\/wp\/v2\/tags?post=10117"}],"curies":[{"name":"wp","href":"https:\/\/api.w.org\/{rel}","templated":true}]}}