{"id":10495,"date":"2024-10-09T08:48:00","date_gmt":"2024-10-09T06:48:00","guid":{"rendered":"https:\/\/sfgrs.de\/wordpress\/sfgrs-24\/?page_id=10495"},"modified":"2024-10-30T11:00:20","modified_gmt":"2024-10-30T10:00:20","slug":"sdui-moodle-2","status":"publish","type":"page","link":"https:\/\/sfgrs.de\/wordpress\/index.php\/sdui-moodle-2\/","title":{"rendered":"Sdui &#038; Moodle"},"content":{"rendered":"<div class=\"fusion-fullwidth fullwidth-box fusion-builder-row-1 fusion-flex-container has-pattern-background has-mask-background nonhundred-percent-fullwidth non-hundred-percent-height-scrolling\" style=\"--awb-border-radius-top-left:0px;--awb-border-radius-top-right:0px;--awb-border-radius-bottom-right:0px;--awb-border-radius-bottom-left:0px;--awb-flex-wrap:wrap;\" ><div class=\"fusion-builder-row fusion-row fusion-flex-align-items-flex-start fusion-flex-content-wrap\" style=\"max-width:1456px;margin-left: calc(-4% \/ 2 );margin-right: calc(-4% \/ 2 );\"><div class=\"fusion-layout-column fusion_builder_column fusion-builder-column-0 fusion_builder_column_1_6 1_6 fusion-flex-column\" style=\"--awb-bg-size:cover;--awb-width-large:16.666666666667%;--awb-margin-top-large:0px;--awb-spacing-right-large:11.52%;--awb-margin-bottom-large:20px;--awb-spacing-left-large:11.52%;--awb-width-medium:100%;--awb-order-medium:0;--awb-spacing-right-medium:1.92%;--awb-spacing-left-medium:1.92%;--awb-width-small:100%;--awb-order-small:0;--awb-spacing-right-small:1.92%;--awb-spacing-left-small:1.92%;\"><div class=\"fusion-column-wrapper fusion-column-has-shadow fusion-flex-justify-content-flex-start fusion-content-layout-column\"><\/div><\/div><div class=\"fusion-layout-column fusion_builder_column fusion-builder-column-1 fusion_builder_column_2_3 2_3 fusion-flex-column\" style=\"--awb-bg-size:cover;--awb-width-large:66.666666666667%;--awb-margin-top-large:0px;--awb-spacing-right-large:2.88%;--awb-margin-bottom-large:20px;--awb-spacing-left-large:2.88%;--awb-width-medium:100%;--awb-order-medium:0;--awb-spacing-right-medium:1.92%;--awb-spacing-left-medium:1.92%;--awb-width-small:100%;--awb-order-small:0;--awb-spacing-right-small:1.92%;--awb-spacing-left-small:1.92%;\"><div class=\"fusion-column-wrapper fusion-column-has-shadow fusion-flex-justify-content-flex-start fusion-content-layout-column\"><div class=\"fusion-image-element \" style=\"--awb-aspect-ratio:16 \/ 9;--awb-object-position:49% 49%;--awb-margin-bottom:30px;--awb-caption-title-font-family:var(--h2_typography-font-family);--awb-caption-title-font-weight:var(--h2_typography-font-weight);--awb-caption-title-font-style:var(--h2_typography-font-style);--awb-caption-title-size:var(--h2_typography-font-size);--awb-caption-title-transform:var(--h2_typography-text-transform);--awb-caption-title-line-height:var(--h2_typography-line-height);--awb-caption-title-letter-spacing:var(--h2_typography-letter-spacing);\"><span class=\" fusion-imageframe imageframe-none imageframe-1 hover-type-none has-aspect-ratio\"><img decoding=\"async\" width=\"300\" height=\"169\" title=\"Sdui und Moodle &#8211; Titelbild\" src=\"https:\/\/sfgrs.de\/wordpress\/wp-content\/uploads\/2024\/10\/Sdui-und-Moodle-Titelbild-300x169.png\" class=\"img-responsive wp-image-11263 img-with-aspect-ratio\" alt srcset=\"https:\/\/sfgrs.de\/wordpress\/wp-content\/uploads\/2024\/10\/Sdui-und-Moodle-Titelbild-200x113.png 200w, https:\/\/sfgrs.de\/wordpress\/wp-content\/uploads\/2024\/10\/Sdui-und-Moodle-Titelbild-400x225.png 400w, https:\/\/sfgrs.de\/wordpress\/wp-content\/uploads\/2024\/10\/Sdui-und-Moodle-Titelbild-600x338.png 600w, https:\/\/sfgrs.de\/wordpress\/wp-content\/uploads\/2024\/10\/Sdui-und-Moodle-Titelbild-800x450.png 800w, https:\/\/sfgrs.de\/wordpress\/wp-content\/uploads\/2024\/10\/Sdui-und-Moodle-Titelbild-1200x675.png 1200w, https:\/\/sfgrs.de\/wordpress\/wp-content\/uploads\/2024\/10\/Sdui-und-Moodle-Titelbild.png 1600w\" sizes=\"(max-width: 1140px) 100vw, (max-width: 640px) 100vw, 1200px\" \/><\/span><\/div><div class=\"fusion-text fusion-text-1 fusion-text-no-margin\" style=\"--awb-margin-bottom:10px;\"><h3><b><span data-contrast=\"auto\">Kommunikation und Lernplattformen<\/span><\/b><span data-ccp-props=\"{}\">\u00a0<\/span><\/h3>\n<\/div><div class=\"accordian fusion-accordian\" style=\"--awb-border-size:1px;--awb-icon-size:13px;--awb-content-font-size:16px;--awb-icon-alignment:left;--awb-hover-color:#f9f9f9;--awb-border-color:var(--awb-color3);--awb-background-color:#ffffff;--awb-divider-color:var(--awb-color3);--awb-divider-hover-color:var(--awb-color3);--awb-icon-color:#ffffff;--awb-title-color:#5dad24;--awb-content-color:#747474;--awb-icon-box-color:#b8d3b6;--awb-toggle-hover-accent-color:var(--awb-color7);--awb-toggle-active-accent-color:var(--awb-color5);--awb-title-font-family:var(--awb-typography4-font-family);--awb-title-font-weight:var(--awb-typography4-font-weight);--awb-title-font-style:var(--awb-typography4-font-style);--awb-title-font-size:var(--awb-typography4-font-size);--awb-title-letter-spacing:var(--awb-typography4-letter-spacing);--awb-title-line-height:var(--awb-typography4-line-height);--awb-content-font-family:&quot;Raleway&quot;;--awb-content-font-style:normal;--awb-content-font-weight:400;\"><div class=\"panel-group fusion-toggle-icon-boxed\" id=\"accordion-10495-1\"><div class=\"fusion-panel panel-default panel-abdad91299a80abc5 fusion-toggle-has-divider\" style=\"--awb-title-color:var(--awb-color5);\"><div class=\"panel-heading\"><h4 class=\"panel-title toggle\" id=\"toggle_abdad91299a80abc5\"><a class=\"active\" aria-expanded=\"true\" aria-controls=\"abdad91299a80abc5\" role=\"button\" data-toggle=\"collapse\" data-parent=\"#accordion-10495-1\" data-target=\"#abdad91299a80abc5\" href=\"#abdad91299a80abc5\"><span class=\"fusion-toggle-icon-wrapper\" aria-hidden=\"true\"><i class=\"fa-fusion-box active-icon awb-icon-minus\" aria-hidden=\"true\"><\/i><i class=\"fa-fusion-box inactive-icon awb-icon-plus\" aria-hidden=\"true\"><\/i><\/span><span class=\"fusion-toggle-heading\">Sdui<\/span><\/a><\/h4><\/div><div id=\"abdad91299a80abc5\" class=\"panel-collapse collapse in\" aria-labelledby=\"toggle_abdad91299a80abc5\"><div class=\"panel-body toggle-content fusion-clearfix\">\n<ul>\n<li><span data-ccp-props=\"{}\">\u00a0Sichere und DSGVO-konforme Kommunikation zwischen Sch\u00fclerinnen, Sorgeberechtigten und Lehrkr\u00e4ften<br \/>\n<\/span><\/li>\n<li>Digitale Elternbriefe dank News-Funktion mit Lesebest\u00e4tigung<\/li>\n<li>Volle Kontrolle \u00fcber Klassen-Chats dank Administrationsm\u00f6glichkeit durch Lehrkraft<\/li>\n<li>Umfragen und Abstimmungen<\/li>\n<\/ul>\n<\/div><\/div><\/div><div class=\"fusion-panel panel-default panel-811a8737ba3e2bbd5 fusion-toggle-has-divider\" style=\"--awb-title-color:var(--awb-color5);\"><div class=\"panel-heading\"><h4 class=\"panel-title toggle\" id=\"toggle_811a8737ba3e2bbd5\"><a class=\"active\" aria-expanded=\"true\" aria-controls=\"811a8737ba3e2bbd5\" role=\"button\" data-toggle=\"collapse\" data-parent=\"#accordion-10495-1\" data-target=\"#811a8737ba3e2bbd5\" href=\"#811a8737ba3e2bbd5\"><span class=\"fusion-toggle-icon-wrapper\" aria-hidden=\"true\"><i class=\"fa-fusion-box active-icon awb-icon-minus\" aria-hidden=\"true\"><\/i><i class=\"fa-fusion-box inactive-icon awb-icon-plus\" aria-hidden=\"true\"><\/i><\/span><span class=\"fusion-toggle-heading\">Schulcampus<\/span><\/a><\/h4><\/div><div id=\"811a8737ba3e2bbd5\" class=\"panel-collapse collapse in\" aria-labelledby=\"toggle_811a8737ba3e2bbd5\"><div class=\"panel-body toggle-content fusion-clearfix\">\n<ul>\n<li>Lernplattform Moodle f\u00fcr interaktive Videos, Quizze, Tests, uvm.<\/li>\n<li>Digitales B\u00fccherregal &#8211; alle digitalen Schulb\u00fccher kosteng\u00fcnstig an einem Ort, ganz ohne Organisationsaufwand<\/li>\n<li>Curriculum uvm.<\/li>\n<\/ul>\n<\/div><\/div><\/div><\/div><\/div><div class=\"fusion-image-carousel fusion-image-carousel-auto fusion-image-carousel-1 fusion-carousel-border\"><div class=\"awb-carousel awb-swiper awb-swiper-carousel\" data-autoplay=\"no\" data-columns=\"3\" data-itemmargin=\"13\" data-itemwidth=\"180\" data-touchscroll=\"no\" data-imagesize=\"auto\" style=\"--awb-columns:3;\"><div class=\"swiper-wrapper awb-image-carousel-wrapper fusion-flex-align-items-center\"><div class=\"swiper-slide\"><div class=\"fusion-carousel-item-wrapper\"><div class=\"fusion-image-wrapper hover-type-none\"><img decoding=\"async\" width=\"300\" height=\"129\" src=\"https:\/\/sfgrs.de\/wordpress\/wp-content\/uploads\/2024\/10\/Sdui-Slide-4.png\" class=\"attachment-full size-full\" alt=\"\" srcset=\"https:\/\/sfgrs.de\/wordpress\/wp-content\/uploads\/2024\/10\/Sdui-Slide-4-200x86.png 200w, https:\/\/sfgrs.de\/wordpress\/wp-content\/uploads\/2024\/10\/Sdui-Slide-4.png 300w\" sizes=\"(min-width: 2200px) 100vw, (min-width: 960px) 458px, (min-width: 800px) 687px, (min-width: 640px) 800px, \" \/><\/div><\/div><\/div><div class=\"swiper-slide\"><div class=\"fusion-carousel-item-wrapper\"><div class=\"fusion-image-wrapper hover-type-none\"><img decoding=\"async\" width=\"700\" height=\"457\" src=\"https:\/\/sfgrs.de\/wordpress\/wp-content\/uploads\/2024\/10\/Sdui-Slide-3.png\" class=\"attachment-full size-full\" alt=\"\" srcset=\"https:\/\/sfgrs.de\/wordpress\/wp-content\/uploads\/2024\/10\/Sdui-Slide-3-200x131.png 200w, https:\/\/sfgrs.de\/wordpress\/wp-content\/uploads\/2024\/10\/Sdui-Slide-3-400x261.png 400w, https:\/\/sfgrs.de\/wordpress\/wp-content\/uploads\/2024\/10\/Sdui-Slide-3-600x392.png 600w, https:\/\/sfgrs.de\/wordpress\/wp-content\/uploads\/2024\/10\/Sdui-Slide-3.png 700w\" sizes=\"(min-width: 2200px) 100vw, (min-width: 960px) 458px, (min-width: 800px) 687px, (min-width: 640px) 800px, \" \/><\/div><\/div><\/div><div class=\"swiper-slide\"><div class=\"fusion-carousel-item-wrapper\"><div class=\"fusion-image-wrapper hover-type-none\"><img decoding=\"async\" width=\"700\" height=\"399\" src=\"https:\/\/sfgrs.de\/wordpress\/wp-content\/uploads\/2024\/10\/Sdui-Slide-1.png\" class=\"attachment-full size-full\" alt=\"\" srcset=\"https:\/\/sfgrs.de\/wordpress\/wp-content\/uploads\/2024\/10\/Sdui-Slide-1-200x114.png 200w, https:\/\/sfgrs.de\/wordpress\/wp-content\/uploads\/2024\/10\/Sdui-Slide-1-400x228.png 400w, https:\/\/sfgrs.de\/wordpress\/wp-content\/uploads\/2024\/10\/Sdui-Slide-1-600x342.png 600w, https:\/\/sfgrs.de\/wordpress\/wp-content\/uploads\/2024\/10\/Sdui-Slide-1.png 700w\" sizes=\"(min-width: 2200px) 100vw, (min-width: 960px) 458px, (min-width: 800px) 687px, (min-width: 640px) 800px, \" \/><\/div><\/div><\/div><div class=\"swiper-slide\"><div class=\"fusion-carousel-item-wrapper\"><div class=\"fusion-image-wrapper hover-type-none\"><img decoding=\"async\" width=\"443\" height=\"446\" src=\"https:\/\/sfgrs.de\/wordpress\/wp-content\/uploads\/2024\/10\/Sdui-Slide-2.png\" class=\"attachment-full size-full\" alt=\"\" srcset=\"https:\/\/sfgrs.de\/wordpress\/wp-content\/uploads\/2024\/10\/Sdui-Slide-2-200x201.png 200w, https:\/\/sfgrs.de\/wordpress\/wp-content\/uploads\/2024\/10\/Sdui-Slide-2-400x403.png 400w, https:\/\/sfgrs.de\/wordpress\/wp-content\/uploads\/2024\/10\/Sdui-Slide-2.png 443w\" sizes=\"(min-width: 2200px) 100vw, (min-width: 960px) 458px, (min-width: 800px) 687px, (min-width: 640px) 800px, \" \/><\/div><\/div><\/div><\/div><div class=\"awb-swiper-button awb-swiper-button-prev\"><i class=\"awb-icon-angle-left\" aria-hidden=\"true\"><\/i><\/div><div class=\"awb-swiper-button awb-swiper-button-next\"><i class=\"awb-icon-angle-right\" aria-hidden=\"true\"><\/i><\/div><\/div><\/div><div class=\"fusion-text fusion-text-2\"><p>Bildnachweise Sdui und Moodle<\/p>\n<p><a href=\"https:\/\/sdui.de\/wp-content\/uploads\/2023\/01\/app-schule-chat.png\"><span data-contrast=\"none\">https:\/\/sdui.de\/wp-content\/uploads\/2023\/01\/app-schule-chat.png<\/span><\/a><span data-contrast=\"auto\">\u00a0<\/span><span data-ccp-props=\"{}\">\u00a0<\/span><\/p>\n<p><a href=\"https:\/\/sdui.de\/wp-content\/uploads\/2021\/01\/sdui-eltern-1-e1636716099903.png\"><span data-contrast=\"none\">https:\/\/sdui.de\/wp-content\/uploads\/2021\/01\/sdui-eltern-1-e1636716099903.png<\/span><\/a><span data-contrast=\"auto\">\u00a0<\/span><span data-ccp-props=\"{}\">\u00a0<\/span><\/p>\n<p><a href=\"https:\/\/sdui.de\/wp-content\/uploads\/2023\/01\/app-schule-mehr-bereich.png\"><span data-contrast=\"none\">https:\/\/sdui.de\/wp-content\/uploads\/2023\/01\/app-schule-mehr-bereich.png<\/span><\/a><span data-contrast=\"auto\">\u00a0<\/span><span data-ccp-props=\"{}\">\u00a0<\/span><\/p>\n<\/div><\/div><\/div><div class=\"fusion-layout-column fusion_builder_column fusion-builder-column-2 fusion_builder_column_1_6 1_6 fusion-flex-column\" style=\"--awb-bg-size:cover;--awb-width-large:16.666666666667%;--awb-margin-top-large:0px;--awb-spacing-right-large:11.52%;--awb-margin-bottom-large:20px;--awb-spacing-left-large:11.52%;--awb-width-medium:100%;--awb-order-medium:0;--awb-spacing-right-medium:1.92%;--awb-spacing-left-medium:1.92%;--awb-width-small:100%;--awb-order-small:0;--awb-spacing-right-small:1.92%;--awb-spacing-left-small:1.92%;\"><div class=\"fusion-column-wrapper fusion-column-has-shadow fusion-flex-justify-content-flex-start fusion-content-layout-column\"><\/div><\/div><\/div><\/div>\n","protected":false},"excerpt":{"rendered":"","protected":false},"author":1,"featured_media":0,"parent":0,"menu_order":0,"comment_status":"closed","ping_status":"closed","template":"","meta":{"footnotes":""},"categories":[47],"tags":[],"class_list":["post-10495","page","type-page","status-publish","hentry","category-sub-digital"],"_links":{"self":[{"href":"https:\/\/sfgrs.de\/wordpress\/index.php\/wp-json\/wp\/v2\/pages\/10495","targetHints":{"allow":["GET"]}}],"collection":[{"href":"https:\/\/sfgrs.de\/wordpress\/index.php\/wp-json\/wp\/v2\/pages"}],"about":[{"href":"https:\/\/sfgrs.de\/wordpress\/index.php\/wp-json\/wp\/v2\/types\/page"}],"author":[{"embeddable":true,"href":"https:\/\/sfgrs.de\/wordpress\/index.php\/wp-json\/wp\/v2\/users\/1"}],"replies":[{"embeddable":true,"href":"https:\/\/sfgrs.de\/wordpress\/index.php\/wp-json\/wp\/v2\/comments?post=10495"}],"version-history":[{"count":4,"href":"https:\/\/sfgrs.de\/wordpress\/index.php\/wp-json\/wp\/v2\/pages\/10495\/revisions"}],"predecessor-version":[{"id":11692,"href":"https:\/\/sfgrs.de\/wordpress\/index.php\/wp-json\/wp\/v2\/pages\/10495\/revisions\/11692"}],"wp:attachment":[{"href":"https:\/\/sfgrs.de\/wordpress\/index.php\/wp-json\/wp\/v2\/media?parent=10495"}],"wp:term":[{"taxonomy":"category","embeddable":true,"href":"https:\/\/sfgrs.de\/wordpress\/index.php\/wp-json\/wp\/v2\/categories?post=10495"},{"taxonomy":"post_tag","embeddable":true,"href":"https:\/\/sfgrs.de\/wordpress\/index.php\/wp-json\/wp\/v2\/tags?post=10495"}],"curies":[{"name":"wp","href":"https:\/\/api.w.org\/{rel}","templated":true}]}}