{"id":10541,"date":"2024-10-09T09:01:44","date_gmt":"2024-10-09T07:01:44","guid":{"rendered":"https:\/\/sfgrs.de\/wordpress\/sfgrs-24\/?page_id=10541"},"modified":"2024-10-30T10:05:01","modified_gmt":"2024-10-30T09:05:01","slug":"exkursionen","status":"publish","type":"page","link":"https:\/\/sfgrs.de\/wordpress\/index.php\/exkursionen\/","title":{"rendered":"Exkursionen &#038; Fahrten"},"content":{"rendered":"<div class=\"fusion-fullwidth fullwidth-box fusion-builder-row-1 fusion-flex-container has-pattern-background has-mask-background nonhundred-percent-fullwidth non-hundred-percent-height-scrolling\" style=\"--awb-border-radius-top-left:0px;--awb-border-radius-top-right:0px;--awb-border-radius-bottom-right:0px;--awb-border-radius-bottom-left:0px;--awb-flex-wrap:wrap;\" ><div class=\"fusion-builder-row fusion-row fusion-flex-align-items-flex-start fusion-flex-content-wrap\" style=\"max-width:1456px;margin-left: calc(-4% \/ 2 );margin-right: calc(-4% \/ 2 );\"><div class=\"fusion-layout-column fusion_builder_column fusion-builder-column-0 fusion_builder_column_1_6 1_6 fusion-flex-column\" style=\"--awb-bg-size:cover;--awb-width-large:16.666666666667%;--awb-margin-top-large:0px;--awb-spacing-right-large:11.52%;--awb-margin-bottom-large:20px;--awb-spacing-left-large:11.52%;--awb-width-medium:100%;--awb-order-medium:0;--awb-spacing-right-medium:1.92%;--awb-spacing-left-medium:1.92%;--awb-width-small:100%;--awb-order-small:0;--awb-spacing-right-small:1.92%;--awb-spacing-left-small:1.92%;\"><div class=\"fusion-column-wrapper fusion-column-has-shadow fusion-flex-justify-content-flex-start fusion-content-layout-column\"><\/div><\/div><div class=\"fusion-layout-column fusion_builder_column fusion-builder-column-1 fusion_builder_column_2_3 2_3 fusion-flex-column\" style=\"--awb-bg-size:cover;--awb-width-large:66.666666666667%;--awb-margin-top-large:0px;--awb-spacing-right-large:2.88%;--awb-margin-bottom-large:20px;--awb-spacing-left-large:2.88%;--awb-width-medium:100%;--awb-order-medium:0;--awb-spacing-right-medium:1.92%;--awb-spacing-left-medium:1.92%;--awb-width-small:100%;--awb-order-small:0;--awb-spacing-right-small:1.92%;--awb-spacing-left-small:1.92%;\"><div class=\"fusion-column-wrapper fusion-column-has-shadow fusion-flex-justify-content-flex-start fusion-content-layout-column\"><div class=\"fusion-image-element \" style=\"--awb-aspect-ratio:21 \/ 9;--awb-object-position:50% 82%;--awb-margin-bottom:30px;--awb-caption-title-font-family:var(--h2_typography-font-family);--awb-caption-title-font-weight:var(--h2_typography-font-weight);--awb-caption-title-font-style:var(--h2_typography-font-style);--awb-caption-title-size:var(--h2_typography-font-size);--awb-caption-title-transform:var(--h2_typography-text-transform);--awb-caption-title-line-height:var(--h2_typography-line-height);--awb-caption-title-letter-spacing:var(--h2_typography-letter-spacing);\"><span class=\" fusion-imageframe imageframe-none imageframe-1 hover-type-none has-aspect-ratio\"><img decoding=\"async\" width=\"1024\" height=\"768\" title=\"IMG_7103\" src=\"https:\/\/sfgrs.de\/wordpress\/wp-content\/uploads\/2024\/10\/IMG_7103-1024x768.jpeg\" class=\"img-responsive wp-image-10871 img-with-aspect-ratio\" alt srcset=\"https:\/\/sfgrs.de\/wordpress\/wp-content\/uploads\/2024\/10\/IMG_7103-200x150.jpeg 200w, https:\/\/sfgrs.de\/wordpress\/wp-content\/uploads\/2024\/10\/IMG_7103-400x300.jpeg 400w, https:\/\/sfgrs.de\/wordpress\/wp-content\/uploads\/2024\/10\/IMG_7103-600x450.jpeg 600w, https:\/\/sfgrs.de\/wordpress\/wp-content\/uploads\/2024\/10\/IMG_7103-800x600.jpeg 800w, https:\/\/sfgrs.de\/wordpress\/wp-content\/uploads\/2024\/10\/IMG_7103-1200x900.jpeg 1200w\" sizes=\"(max-width: 1140px) 100vw, (max-width: 640px) 100vw, 1200px\" \/><\/span><\/div><div class=\"fusion-text fusion-text-1\"><p>An unserer Schule bieten wir ein umfangreiches Programm an Exkursionen, Klassen- und Kursfahrten sowie Wandertagen an. Wichtig sind uns dabei einerseits ein ansprechendes kulturelles Angebot, andererseits aber auch Aktivit\u00e4ten in der Natur oder im Sportbereich. Dabei versuchen wir so sozialvertr\u00e4glich und \u00f6kologisch wie m\u00f6glich zu planen.<\/p>\n<\/div><div class=\"accordian fusion-accordian\" style=\"--awb-border-size:1px;--awb-icon-size:13px;--awb-content-font-size:16px;--awb-icon-alignment:left;--awb-hover-color:#f9f9f9;--awb-border-color:var(--awb-color3);--awb-background-color:#ffffff;--awb-divider-color:var(--awb-color3);--awb-divider-hover-color:var(--awb-color3);--awb-icon-color:#ffffff;--awb-title-color:#5dad24;--awb-content-color:#747474;--awb-icon-box-color:#b8d3b6;--awb-toggle-hover-accent-color:var(--awb-color7);--awb-toggle-active-accent-color:var(--awb-color5);--awb-title-font-family:var(--awb-typography4-font-family);--awb-title-font-weight:var(--awb-typography4-font-weight);--awb-title-font-style:var(--awb-typography4-font-style);--awb-title-font-size:var(--awb-typography4-font-size);--awb-title-letter-spacing:var(--awb-typography4-letter-spacing);--awb-title-line-height:var(--awb-typography4-line-height);--awb-content-font-family:&quot;Raleway&quot;;--awb-content-font-style:normal;--awb-content-font-weight:400;\"><div class=\"panel-group fusion-toggle-icon-boxed\" id=\"accordion-10541-1\"><div class=\"fusion-panel panel-default panel-2354678649b86b3e6 fusion-toggle-has-divider\" style=\"--awb-title-color:var(--awb-color5);\"><div class=\"panel-heading\"><h4 class=\"panel-title toggle\" id=\"toggle_2354678649b86b3e6\"><a aria-expanded=\"false\" aria-controls=\"2354678649b86b3e6\" role=\"button\" data-toggle=\"collapse\" data-parent=\"#accordion-10541-1\" data-target=\"#2354678649b86b3e6\" href=\"#2354678649b86b3e6\"><span class=\"fusion-toggle-icon-wrapper\" aria-hidden=\"true\"><i class=\"fa-fusion-box active-icon awb-icon-minus\" aria-hidden=\"true\"><\/i><i class=\"fa-fusion-box inactive-icon awb-icon-plus\" aria-hidden=\"true\"><\/i><\/span><span class=\"fusion-toggle-heading\">Exkursionen<\/span><\/a><\/h4><\/div><div id=\"2354678649b86b3e6\" class=\"panel-collapse collapse \" aria-labelledby=\"toggle_2354678649b86b3e6\"><div class=\"panel-body toggle-content fusion-clearfix\">\n<p>Wir veranstalten von Klassenstufe 5 bis 13 zahlreiche Exkursionen, bei denen es um Lernen am au\u00dferschulischen Lernorten geht. Wichtig sind uns dabei Erfahrungen an authentischen Orten, die spannend und kreativ gestaltet sind.<\/p>\n<p>Wir bieten unter anderem an:<\/p>\n<ul>\n<li>Speyer (Klasse 5)<\/li>\n<li><a href=\"https:\/\/sfgrs.de\/wordpress\/?page_id=10782\">R\u00f6mermuseum Schwarzenacker (Klasse 6)<\/a><\/li>\n<li>R\u00f6mermuseum Mannheim (Klasse 7)<\/li>\n<li>Trier (Klasse 7\/8)<\/li>\n<li><a href=\"https:\/\/sfgrs.de\/wordpress\/?page_id=11458&amp;preview=true\">Taiz\u00e9 &#8211; Fahrt (Klasse 9-12)<\/a><\/li>\n<li>Hambacher Schloss (Klasse 11)<\/li>\n<li><a href=\"https:\/\/sfgrs.de\/wordpress\/?page_id=11080&amp;preview=true\">Schwarzwald-Wutach (Klasse 11)<\/a><\/li>\n<li>Maginot-Linie (Klasse 12)<\/li>\n<li>Goethe-Haus (Klasse 12)<\/li>\n<li>Museum der Romantik in Frankfurt (Klasse 12)<\/li>\n<li><a href=\"https:\/\/sfgrs.de\/wordpress\/?page_id=11088&amp;preview=true\">BASF Ludwigshafen (Klasse 13)<\/a><\/li>\n<li>\u00a0Mainz (Klasse 13)<\/li>\n<li>Weimar (Klasse 13)<\/li>\n<\/ul>\n<\/div><\/div><\/div><div class=\"fusion-panel panel-default panel-f7fece24e570a2761 fusion-toggle-has-divider\" style=\"--awb-title-color:var(--awb-color5);\"><div class=\"panel-heading\"><h4 class=\"panel-title toggle\" id=\"toggle_f7fece24e570a2761\"><a aria-expanded=\"false\" aria-controls=\"f7fece24e570a2761\" role=\"button\" data-toggle=\"collapse\" data-parent=\"#accordion-10541-1\" data-target=\"#f7fece24e570a2761\" href=\"#f7fece24e570a2761\"><span class=\"fusion-toggle-icon-wrapper\" aria-hidden=\"true\"><i class=\"fa-fusion-box active-icon awb-icon-minus\" aria-hidden=\"true\"><\/i><i class=\"fa-fusion-box inactive-icon awb-icon-plus\" aria-hidden=\"true\"><\/i><\/span><span class=\"fusion-toggle-heading\">Klassen- und Kursfahrten<\/span><\/a><\/h4><\/div><div id=\"f7fece24e570a2761\" class=\"panel-collapse collapse \" aria-labelledby=\"toggle_f7fece24e570a2761\"><div class=\"panel-body toggle-content fusion-clearfix\">\n<p><strong>Abschlussfahrt in Klasse 10<\/strong><\/p>\n<p>Die Abschlussfahrten der 10. Klassen finden im 2. Halbjahr statt, teilweise fahren auch mehrere Klassen zusammen zu einem Ziel.<\/p>\n<p>Die Reiseziele befinden sich in der Regel in Deutschland und dem (grenznahen) Ausland. Dabei soll sich der Kostenrahmen nur in einem von der Schule festgelegten Budget (z. Zt. 400 EUR) \u00a0f\u00fcr Fahrt und Verpflegung nicht \u00fcberschritten werden. Eintrittspreise, Kosten f\u00fcr den Nahverkehr vor Ort und ggf. ein Essen im Klassenverband au\u00dferhalb der Unterkunft k\u00f6nnen in Absprache in m\u00f6glichst geringem Rahmen dazukommen.<\/p>\n<p>Die Begleitperson ist in der Regel die Klassenlehrerin oder der Klassenlehrer und eine weitere Lehrkraft der jeweiligen Klasse<\/p>\n<p>Beliebte Reiseziele unserer 10. Klassen sind:<\/p>\n<ul>\n<li>Hamburg<\/li>\n<li>Berlin<\/li>\n<li>M\u00fcnchen<\/li>\n<li>Amsterdam<\/li>\n<li>Nordsee \/ Ostsee<\/li>\n<\/ul>\n<p><strong>Studienfahrt in der MSS 12 (Laborwoche), verpflichtend<\/strong><\/p>\n<ul>\n<li><strong>Ziel: europ\u00e4isches Ausland (z.B. Prag, S\u00fcdtirol, Wien, Gardasee etc.)<\/strong><\/li>\n<li>d.R. zwei Kursfahrten: eine mit kulturellem Schwerpunkt und eine mit \u00fcberwiegend Outdoor-Aktivit\u00e4ten<\/li>\n<li>aber auch als Stufenfahrt m\u00f6glich<\/li>\n<li>Zielauswahl in Kooperation mit den Sch\u00fclerinnen<\/li>\n<li>Budget: 500 Euro (momentan), inclusive Transfer, Unterkunft mit Halbpension \u2013 Kosten f\u00fcr Programmpunkte und evtl. Reiser\u00fccktrittsversicherung sind extra<\/li>\n<li>Begleitpersonen: i.d.R. Stammkursleiter und Stammkursleiterinnen<\/li>\n<li>nur aus triftigen Gr\u00fcnden ist eine Nichtteilnahme erlaubt, stattdessen ist ein Praktkum verpflichtend<\/li>\n<\/ul>\n<\/div><\/div><\/div><\/div><\/div><div class=\"fusion-image-carousel fusion-image-carousel-auto fusion-image-carousel-1 fusion-carousel-border\"><div class=\"awb-carousel awb-swiper awb-swiper-carousel\" data-autoplay=\"yes\" data-columns=\"1\" data-itemmargin=\"1\" data-itemwidth=\"180\" data-touchscroll=\"no\" data-imagesize=\"auto\" style=\"--awb-columns:1;--awb-column-spacing:1px;\"><div class=\"swiper-wrapper awb-image-carousel-wrapper fusion-flex-align-items-center\"><div class=\"swiper-slide\"><div class=\"fusion-carousel-item-wrapper\"><div class=\"fusion-image-wrapper hover-type-none\"><img decoding=\"async\" width=\"1024\" height=\"768\" src=\"https:\/\/sfgrs.de\/wordpress\/wp-content\/uploads\/2024\/10\/Kursfahrt-12-rotated.jpg\" class=\"attachment-full size-full\" alt=\"\" srcset=\"https:\/\/sfgrs.de\/wordpress\/wp-content\/uploads\/2024\/10\/Kursfahrt-12-200x150.jpg 200w, https:\/\/sfgrs.de\/wordpress\/wp-content\/uploads\/2024\/10\/Kursfahrt-12-300x225.jpg 300w, https:\/\/sfgrs.de\/wordpress\/wp-content\/uploads\/2024\/10\/Kursfahrt-12-400x300.jpg 400w, https:\/\/sfgrs.de\/wordpress\/wp-content\/uploads\/2024\/10\/Kursfahrt-12-600x450.jpg 600w, https:\/\/sfgrs.de\/wordpress\/wp-content\/uploads\/2024\/10\/Kursfahrt-12-768x576.jpg 768w, https:\/\/sfgrs.de\/wordpress\/wp-content\/uploads\/2024\/10\/Kursfahrt-12-800x600.jpg 800w, https:\/\/sfgrs.de\/wordpress\/wp-content\/uploads\/2024\/10\/Kursfahrt-12-rotated.jpg 1024w\" sizes=\"(max-width: 1024px) 100vw, 1024px\" \/><\/div><\/div><\/div><div class=\"swiper-slide\"><div class=\"fusion-carousel-item-wrapper\"><div class=\"fusion-image-wrapper hover-type-none\"><img decoding=\"async\" width=\"1280\" height=\"850\" src=\"https:\/\/sfgrs.de\/wordpress\/wp-content\/uploads\/2020\/06\/clouds-1834809_1280.jpg\" class=\"attachment-full size-full\" alt=\"\" srcset=\"https:\/\/sfgrs.de\/wordpress\/wp-content\/uploads\/2020\/06\/clouds-1834809_1280-200x133.jpg 200w, https:\/\/sfgrs.de\/wordpress\/wp-content\/uploads\/2020\/06\/clouds-1834809_1280-300x199.jpg 300w, https:\/\/sfgrs.de\/wordpress\/wp-content\/uploads\/2020\/06\/clouds-1834809_1280-400x266.jpg 400w, https:\/\/sfgrs.de\/wordpress\/wp-content\/uploads\/2020\/06\/clouds-1834809_1280-600x398.jpg 600w, https:\/\/sfgrs.de\/wordpress\/wp-content\/uploads\/2020\/06\/clouds-1834809_1280-768x510.jpg 768w, https:\/\/sfgrs.de\/wordpress\/wp-content\/uploads\/2020\/06\/clouds-1834809_1280-800x531.jpg 800w, https:\/\/sfgrs.de\/wordpress\/wp-content\/uploads\/2020\/06\/clouds-1834809_1280-1024x680.jpg 1024w, https:\/\/sfgrs.de\/wordpress\/wp-content\/uploads\/2020\/06\/clouds-1834809_1280-1200x797.jpg 1200w, https:\/\/sfgrs.de\/wordpress\/wp-content\/uploads\/2020\/06\/clouds-1834809_1280.jpg 1280w\" sizes=\"(max-width: 1280px) 100vw, 1280px\" \/><\/div><\/div><\/div><div class=\"swiper-slide\"><div class=\"fusion-carousel-item-wrapper\"><div class=\"fusion-image-wrapper hover-type-none\"><img decoding=\"async\" width=\"1024\" height=\"768\" src=\"https:\/\/sfgrs.de\/wordpress\/wp-content\/uploads\/2024\/10\/Kursfahrt-12-3-rotated.jpg\" class=\"attachment-full size-full\" alt=\"\" srcset=\"https:\/\/sfgrs.de\/wordpress\/wp-content\/uploads\/2024\/10\/Kursfahrt-12-3-200x150.jpg 200w, https:\/\/sfgrs.de\/wordpress\/wp-content\/uploads\/2024\/10\/Kursfahrt-12-3-300x225.jpg 300w, https:\/\/sfgrs.de\/wordpress\/wp-content\/uploads\/2024\/10\/Kursfahrt-12-3-400x300.jpg 400w, https:\/\/sfgrs.de\/wordpress\/wp-content\/uploads\/2024\/10\/Kursfahrt-12-3-600x450.jpg 600w, https:\/\/sfgrs.de\/wordpress\/wp-content\/uploads\/2024\/10\/Kursfahrt-12-3-768x576.jpg 768w, https:\/\/sfgrs.de\/wordpress\/wp-content\/uploads\/2024\/10\/Kursfahrt-12-3-800x600.jpg 800w, https:\/\/sfgrs.de\/wordpress\/wp-content\/uploads\/2024\/10\/Kursfahrt-12-3-rotated.jpg 1024w\" sizes=\"(max-width: 1024px) 100vw, 1024px\" \/><\/div><\/div><\/div><div class=\"swiper-slide\"><div class=\"fusion-carousel-item-wrapper\"><div class=\"fusion-image-wrapper hover-type-none\"><img decoding=\"async\" width=\"1024\" height=\"768\" src=\"https:\/\/sfgrs.de\/wordpress\/wp-content\/uploads\/2024\/10\/Kursfahrt-12-2-rotated.jpg\" class=\"attachment-full size-full\" alt=\"\" srcset=\"https:\/\/sfgrs.de\/wordpress\/wp-content\/uploads\/2024\/10\/Kursfahrt-12-2-200x150.jpg 200w, https:\/\/sfgrs.de\/wordpress\/wp-content\/uploads\/2024\/10\/Kursfahrt-12-2-300x225.jpg 300w, https:\/\/sfgrs.de\/wordpress\/wp-content\/uploads\/2024\/10\/Kursfahrt-12-2-400x300.jpg 400w, https:\/\/sfgrs.de\/wordpress\/wp-content\/uploads\/2024\/10\/Kursfahrt-12-2-600x450.jpg 600w, https:\/\/sfgrs.de\/wordpress\/wp-content\/uploads\/2024\/10\/Kursfahrt-12-2-768x576.jpg 768w, https:\/\/sfgrs.de\/wordpress\/wp-content\/uploads\/2024\/10\/Kursfahrt-12-2-800x600.jpg 800w, https:\/\/sfgrs.de\/wordpress\/wp-content\/uploads\/2024\/10\/Kursfahrt-12-2-rotated.jpg 1024w\" sizes=\"(max-width: 1024px) 100vw, 1024px\" \/><\/div><\/div><\/div><div class=\"swiper-slide\"><div class=\"fusion-carousel-item-wrapper\"><div class=\"fusion-image-wrapper hover-type-none\"><img decoding=\"async\" width=\"1024\" height=\"768\" src=\"https:\/\/sfgrs.de\/wordpress\/wp-content\/uploads\/2024\/10\/Kursfahrt-12-.jpg\" class=\"attachment-full size-full\" alt=\"\" srcset=\"https:\/\/sfgrs.de\/wordpress\/wp-content\/uploads\/2024\/10\/Kursfahrt-12--200x150.jpg 200w, https:\/\/sfgrs.de\/wordpress\/wp-content\/uploads\/2024\/10\/Kursfahrt-12--300x225.jpg 300w, https:\/\/sfgrs.de\/wordpress\/wp-content\/uploads\/2024\/10\/Kursfahrt-12--400x300.jpg 400w, https:\/\/sfgrs.de\/wordpress\/wp-content\/uploads\/2024\/10\/Kursfahrt-12--600x450.jpg 600w, https:\/\/sfgrs.de\/wordpress\/wp-content\/uploads\/2024\/10\/Kursfahrt-12--768x576.jpg 768w, https:\/\/sfgrs.de\/wordpress\/wp-content\/uploads\/2024\/10\/Kursfahrt-12--800x600.jpg 800w, https:\/\/sfgrs.de\/wordpress\/wp-content\/uploads\/2024\/10\/Kursfahrt-12-.jpg 1024w\" sizes=\"(max-width: 1024px) 100vw, 1024px\" \/><\/div><\/div><\/div><div class=\"swiper-slide\"><div class=\"fusion-carousel-item-wrapper\"><div class=\"fusion-image-wrapper hover-type-none\"><img decoding=\"async\" width=\"1024\" height=\"768\" src=\"https:\/\/sfgrs.de\/wordpress\/wp-content\/uploads\/2024\/10\/Schwarzenacker.jpeg\" class=\"attachment-full size-full\" alt=\"\" srcset=\"https:\/\/sfgrs.de\/wordpress\/wp-content\/uploads\/2024\/10\/Schwarzenacker-200x150.jpeg 200w, https:\/\/sfgrs.de\/wordpress\/wp-content\/uploads\/2024\/10\/Schwarzenacker-300x225.jpeg 300w, https:\/\/sfgrs.de\/wordpress\/wp-content\/uploads\/2024\/10\/Schwarzenacker-400x300.jpeg 400w, https:\/\/sfgrs.de\/wordpress\/wp-content\/uploads\/2024\/10\/Schwarzenacker-600x450.jpeg 600w, https:\/\/sfgrs.de\/wordpress\/wp-content\/uploads\/2024\/10\/Schwarzenacker-768x576.jpeg 768w, https:\/\/sfgrs.de\/wordpress\/wp-content\/uploads\/2024\/10\/Schwarzenacker-800x600.jpeg 800w, https:\/\/sfgrs.de\/wordpress\/wp-content\/uploads\/2024\/10\/Schwarzenacker.jpeg 1024w\" sizes=\"(max-width: 1024px) 100vw, 1024px\" \/><\/div><\/div><\/div><\/div><\/div><\/div><\/div><\/div><div class=\"fusion-layout-column fusion_builder_column fusion-builder-column-2 fusion_builder_column_1_6 1_6 fusion-flex-column\" style=\"--awb-bg-size:cover;--awb-width-large:16.666666666667%;--awb-margin-top-large:0px;--awb-spacing-right-large:11.52%;--awb-margin-bottom-large:20px;--awb-spacing-left-large:11.52%;--awb-width-medium:100%;--awb-order-medium:0;--awb-spacing-right-medium:1.92%;--awb-spacing-left-medium:1.92%;--awb-width-small:100%;--awb-order-small:0;--awb-spacing-right-small:1.92%;--awb-spacing-left-small:1.92%;\"><div class=\"fusion-column-wrapper fusion-column-has-shadow fusion-flex-justify-content-flex-start fusion-content-layout-column\"><\/div><\/div><\/div><\/div>\n","protected":false},"excerpt":{"rendered":"","protected":false},"author":1,"featured_media":0,"parent":0,"menu_order":0,"comment_status":"closed","ping_status":"closed","template":"","meta":{"footnotes":""},"categories":[51],"tags":[],"class_list":["post-10541","page","type-page","status-publish","hentry","category-sub-fahrten"],"_links":{"self":[{"href":"https:\/\/sfgrs.de\/wordpress\/index.php\/wp-json\/wp\/v2\/pages\/10541","targetHints":{"allow":["GET"]}}],"collection":[{"href":"https:\/\/sfgrs.de\/wordpress\/index.php\/wp-json\/wp\/v2\/pages"}],"about":[{"href":"https:\/\/sfgrs.de\/wordpress\/index.php\/wp-json\/wp\/v2\/types\/page"}],"author":[{"embeddable":true,"href":"https:\/\/sfgrs.de\/wordpress\/index.php\/wp-json\/wp\/v2\/users\/1"}],"replies":[{"embeddable":true,"href":"https:\/\/sfgrs.de\/wordpress\/index.php\/wp-json\/wp\/v2\/comments?post=10541"}],"version-history":[{"count":19,"href":"https:\/\/sfgrs.de\/wordpress\/index.php\/wp-json\/wp\/v2\/pages\/10541\/revisions"}],"predecessor-version":[{"id":11626,"href":"https:\/\/sfgrs.de\/wordpress\/index.php\/wp-json\/wp\/v2\/pages\/10541\/revisions\/11626"}],"wp:attachment":[{"href":"https:\/\/sfgrs.de\/wordpress\/index.php\/wp-json\/wp\/v2\/media?parent=10541"}],"wp:term":[{"taxonomy":"category","embeddable":true,"href":"https:\/\/sfgrs.de\/wordpress\/index.php\/wp-json\/wp\/v2\/categories?post=10541"},{"taxonomy":"post_tag","embeddable":true,"href":"https:\/\/sfgrs.de\/wordpress\/index.php\/wp-json\/wp\/v2\/tags?post=10541"}],"curies":[{"name":"wp","href":"https:\/\/api.w.org\/{rel}","templated":true}]}}