{"id":10591,"date":"2024-10-09T11:36:13","date_gmt":"2024-10-09T09:36:13","guid":{"rendered":"https:\/\/sfgrs.de\/wordpress\/sfgrs-24\/?page_id=10591"},"modified":"2024-10-23T09:56:53","modified_gmt":"2024-10-23T07:56:53","slug":"fach-chemie","status":"publish","type":"page","link":"https:\/\/sfgrs.de\/wordpress\/index.php\/fach-chemie\/","title":{"rendered":"Fach &#8211; Chemie"},"content":{"rendered":"<div class=\"fusion-fullwidth fullwidth-box fusion-builder-row-1 fusion-flex-container has-pattern-background has-mask-background nonhundred-percent-fullwidth non-hundred-percent-height-scrolling\" style=\"--awb-border-radius-top-left:0px;--awb-border-radius-top-right:0px;--awb-border-radius-bottom-right:0px;--awb-border-radius-bottom-left:0px;--awb-flex-wrap:wrap;\" ><div class=\"fusion-builder-row fusion-row fusion-flex-align-items-flex-start fusion-flex-content-wrap\" style=\"max-width:1456px;margin-left: calc(-4% \/ 2 );margin-right: calc(-4% \/ 2 );\"><div class=\"fusion-layout-column fusion_builder_column fusion-builder-column-0 fusion_builder_column_1_6 1_6 fusion-flex-column\" style=\"--awb-bg-size:cover;--awb-width-large:16.666666666667%;--awb-margin-top-large:0px;--awb-spacing-right-large:11.52%;--awb-margin-bottom-large:20px;--awb-spacing-left-large:11.52%;--awb-width-medium:100%;--awb-order-medium:0;--awb-spacing-right-medium:1.92%;--awb-spacing-left-medium:1.92%;--awb-width-small:100%;--awb-order-small:0;--awb-spacing-right-small:1.92%;--awb-spacing-left-small:1.92%;\"><div class=\"fusion-column-wrapper fusion-column-has-shadow fusion-flex-justify-content-flex-start fusion-content-layout-column\"><\/div><\/div><div class=\"fusion-layout-column fusion_builder_column fusion-builder-column-1 fusion_builder_column_2_3 2_3 fusion-flex-column\" style=\"--awb-bg-size:cover;--awb-width-large:66.666666666667%;--awb-margin-top-large:0px;--awb-spacing-right-large:2.88%;--awb-margin-bottom-large:20px;--awb-spacing-left-large:2.88%;--awb-width-medium:100%;--awb-order-medium:0;--awb-spacing-right-medium:1.92%;--awb-spacing-left-medium:1.92%;--awb-width-small:100%;--awb-order-small:0;--awb-spacing-right-small:1.92%;--awb-spacing-left-small:1.92%;\"><div class=\"fusion-column-wrapper fusion-column-has-shadow fusion-flex-justify-content-flex-start fusion-content-layout-column\"><div class=\"fusion-image-element \" style=\"--awb-aspect-ratio:21 \/ 9;--awb-object-position:49% 49%;--awb-margin-bottom:30px;--awb-caption-title-font-family:var(--h2_typography-font-family);--awb-caption-title-font-weight:var(--h2_typography-font-weight);--awb-caption-title-font-style:var(--h2_typography-font-style);--awb-caption-title-size:var(--h2_typography-font-size);--awb-caption-title-transform:var(--h2_typography-text-transform);--awb-caption-title-line-height:var(--h2_typography-line-height);--awb-caption-title-letter-spacing:var(--h2_typography-letter-spacing);\"><span class=\" fusion-imageframe imageframe-none imageframe-1 hover-type-none has-aspect-ratio\"><img decoding=\"async\" width=\"300\" height=\"225\" title=\"Foto unter U\u0308berschrift Chemie\" src=\"https:\/\/sfgrs.de\/wordpress\/wp-content\/uploads\/2024\/10\/Foto-unter-Ueberschrift-Chemie-300x225.jpg\" class=\"img-responsive wp-image-11093 img-with-aspect-ratio\" alt srcset=\"https:\/\/sfgrs.de\/wordpress\/wp-content\/uploads\/2024\/10\/Foto-unter-Ueberschrift-Chemie-200x150.jpg 200w, https:\/\/sfgrs.de\/wordpress\/wp-content\/uploads\/2024\/10\/Foto-unter-Ueberschrift-Chemie-400x300.jpg 400w, https:\/\/sfgrs.de\/wordpress\/wp-content\/uploads\/2024\/10\/Foto-unter-Ueberschrift-Chemie-600x450.jpg 600w, https:\/\/sfgrs.de\/wordpress\/wp-content\/uploads\/2024\/10\/Foto-unter-Ueberschrift-Chemie-800x600.jpg 800w, https:\/\/sfgrs.de\/wordpress\/wp-content\/uploads\/2024\/10\/Foto-unter-Ueberschrift-Chemie-1200x900.jpg 1200w\" sizes=\"(max-width: 1140px) 100vw, (max-width: 640px) 100vw, 1200px\" \/><\/span><\/div><div class=\"fusion-text fusion-text-1 fusion-text-no-margin\" style=\"--awb-margin-bottom:30px;\"><h2><strong>Chemie<\/strong><\/h2>\n<p>Der Unterricht im Fach Chemie setzt sowohl im Gymnasium als auch in der Realschule in der 8. Klasse ein und baut auf den Grundlagen auf, die das Fach NaWi in der Orientierungsstufe gelegt hat. Der Unterricht ist so angelegt, dass nicht nur aus der Mittelstufe des Gymnasiums, sondern ebenso aus der Realschule nach der 10. Klasse ein \u00dcbertreten in die gymnasiale Oberstufe m\u00f6glich ist.<\/p>\n<\/div><div class=\"accordian fusion-accordian\" style=\"--awb-border-size:1px;--awb-icon-size:13px;--awb-content-font-size:16px;--awb-icon-alignment:left;--awb-hover-color:#f9f9f9;--awb-border-color:var(--awb-color3);--awb-background-color:#ffffff;--awb-divider-color:var(--awb-color3);--awb-divider-hover-color:var(--awb-color3);--awb-icon-color:#ffffff;--awb-title-color:#5dad24;--awb-content-color:#747474;--awb-icon-box-color:#b8d3b6;--awb-toggle-hover-accent-color:var(--awb-color7);--awb-toggle-active-accent-color:var(--awb-color5);--awb-title-font-family:var(--awb-typography4-font-family);--awb-title-font-weight:var(--awb-typography4-font-weight);--awb-title-font-style:var(--awb-typography4-font-style);--awb-title-font-size:var(--awb-typography4-font-size);--awb-title-letter-spacing:var(--awb-typography4-letter-spacing);--awb-title-line-height:var(--awb-typography4-line-height);--awb-content-font-family:&quot;Raleway&quot;;--awb-content-font-style:normal;--awb-content-font-weight:400;\"><div class=\"panel-group fusion-toggle-icon-boxed\" id=\"accordion-10591-1\"><div class=\"fusion-panel panel-default panel-7198af48999aae6ee fusion-toggle-has-divider\" style=\"--awb-title-color:var(--awb-color5);\"><div class=\"panel-heading\"><h4 class=\"panel-title toggle\" id=\"toggle_7198af48999aae6ee\"><a aria-expanded=\"false\" aria-controls=\"7198af48999aae6ee\" role=\"button\" data-toggle=\"collapse\" data-parent=\"#accordion-10591-1\" data-target=\"#7198af48999aae6ee\" href=\"#7198af48999aae6ee\"><span class=\"fusion-toggle-icon-wrapper\" aria-hidden=\"true\"><i class=\"fa-fusion-box active-icon awb-icon-minus\" aria-hidden=\"true\"><\/i><i class=\"fa-fusion-box inactive-icon awb-icon-plus\" aria-hidden=\"true\"><\/i><\/span><span class=\"fusion-toggle-heading\">Zwei R\u00e4ume perfekt zum Experimentieren<\/span><\/a><\/h4><\/div><div id=\"7198af48999aae6ee\" class=\"panel-collapse collapse \" aria-labelledby=\"toggle_7198af48999aae6ee\"><div class=\"panel-body toggle-content fusion-clearfix\">\n<p>Unsere beiden Chemie Fachs\u00e4le wurden erst vor wenigen Jahren auf den neusten Stand gebracht und bieten so beste Voraussetzungen um gemeinsam zu experimentieren: Die Arbeitspl\u00e4tze der Sch\u00fclerinnen sind mit eigener Gas- und Stromversorgung ausgestattet, Abz\u00fcge stehen zur Verf\u00fcgung und die R\u00e4ume sind mit allen notwendigen Glasger\u00e4ten ausgestattet. Zudem verf\u00fcgen wir \u00fcber neuartige digitale Messysteme, mit denen die Sch\u00fclerinnen ihre Experimente mit dem eigenen Smartphone oder schulischen Tablet dokumentieren und auswerten k\u00f6nnen.<\/p>\n<\/div><\/div><\/div><div class=\"fusion-panel panel-default panel-eb442a95f14fab9ca fusion-toggle-has-divider\" style=\"--awb-title-color:var(--awb-color5);\"><div class=\"panel-heading\"><h4 class=\"panel-title toggle\" id=\"toggle_eb442a95f14fab9ca\"><a aria-expanded=\"false\" aria-controls=\"eb442a95f14fab9ca\" role=\"button\" data-toggle=\"collapse\" data-parent=\"#accordion-10591-1\" data-target=\"#eb442a95f14fab9ca\" href=\"#eb442a95f14fab9ca\"><span class=\"fusion-toggle-icon-wrapper\" aria-hidden=\"true\"><i class=\"fa-fusion-box active-icon awb-icon-minus\" aria-hidden=\"true\"><\/i><i class=\"fa-fusion-box inactive-icon awb-icon-plus\" aria-hidden=\"true\"><\/i><\/span><span class=\"fusion-toggle-heading\">Exkursionen<\/span><\/a><\/h4><\/div><div id=\"eb442a95f14fab9ca\" class=\"panel-collapse collapse \" aria-labelledby=\"toggle_eb442a95f14fab9ca\"><div class=\"panel-body toggle-content fusion-clearfix\">\n<p>Der Chemieunterricht findet nicht nur in den Chemies\u00e4len statt, sondern wird auch auf Exkursionen, die wir durchf\u00fchren, erweitert. So besuchten wir zum Beispiel mit allen Sch\u00fclerinnen der achten Klassen zum Beginn des neuen Fachs Chemie die MI(N)T-machwelt auf der Gartenschau in Kaiserslautern. Auch der<a href=\"https:\/\/sfgrs.de\/wordpress\/?page_id=11088&amp;preview=true\"> BASF-Besuch<\/a> in Ludwigshafen geh\u00f6rt zu unseren Chemie-Exkursionen, die den Sch\u00fclerinnen immer sehr viel Spa\u00df machen.<\/p>\n<\/div><\/div><\/div><div class=\"fusion-panel panel-default panel-72cb0e120998f6630 fusion-toggle-has-divider\" style=\"--awb-title-color:var(--awb-color5);\"><div class=\"panel-heading\"><h4 class=\"panel-title toggle\" id=\"toggle_72cb0e120998f6630\"><a aria-expanded=\"false\" aria-controls=\"72cb0e120998f6630\" role=\"button\" data-toggle=\"collapse\" data-parent=\"#accordion-10591-1\" data-target=\"#72cb0e120998f6630\" href=\"#72cb0e120998f6630\"><span class=\"fusion-toggle-icon-wrapper\" aria-hidden=\"true\"><i class=\"fa-fusion-box active-icon awb-icon-minus\" aria-hidden=\"true\"><\/i><i class=\"fa-fusion-box inactive-icon awb-icon-plus\" aria-hidden=\"true\"><\/i><\/span><span class=\"fusion-toggle-heading\">Chemie - AG<\/span><\/a><\/h4><\/div><div id=\"72cb0e120998f6630\" class=\"panel-collapse collapse \" aria-labelledby=\"toggle_72cb0e120998f6630\"><div class=\"panel-body toggle-content fusion-clearfix\">\n<p>In der Chemie-AG haben Sch\u00fclerinnen der Mittel- und Oberstufe die M\u00f6glichkeit, weitere Experimente kennenzulernen. Sch\u00fclerinnen der Oberstufe k\u00f6nnen zudem dort an ihren Facharbeiten oder ihrer besonderen Lernleitung (BLL) weiterzuarbeiten und die erforderlichen Experimente unter Aufsicht von Chemielehrkr\u00e4ften durchzuf\u00fchren.<\/p>\n<\/div><\/div><\/div><div class=\"fusion-panel panel-default panel-0cfa95a71b1a0872c fusion-toggle-has-divider\" style=\"--awb-title-color:var(--awb-color5);\"><div class=\"panel-heading\"><h4 class=\"panel-title toggle\" id=\"toggle_0cfa95a71b1a0872c\"><a aria-expanded=\"false\" aria-controls=\"0cfa95a71b1a0872c\" role=\"button\" data-toggle=\"collapse\" data-parent=\"#accordion-10591-1\" data-target=\"#0cfa95a71b1a0872c\" href=\"#0cfa95a71b1a0872c\"><span class=\"fusion-toggle-icon-wrapper\" aria-hidden=\"true\"><i class=\"fa-fusion-box active-icon awb-icon-minus\" aria-hidden=\"true\"><\/i><i class=\"fa-fusion-box inactive-icon awb-icon-plus\" aria-hidden=\"true\"><\/i><\/span><span class=\"fusion-toggle-heading\">Wettbewerbe<\/span><\/a><\/h4><\/div><div id=\"0cfa95a71b1a0872c\" class=\"panel-collapse collapse \" aria-labelledby=\"toggle_0cfa95a71b1a0872c\"><div class=\"panel-body toggle-content fusion-clearfix\">\n<p>Unsere Chemie-begeisterten Sch\u00fclerinnen haben die M\u00f6glichkeiten an Chemiewettbewerben, wie zum Beispiel der Chemie Olympiade, teilzunehmen, bei denen Sch\u00fclerinnen bereits sehr erfolgreich abschnitten.<\/p>\n<\/div><\/div><\/div><\/div><\/div><div class=\"fusion-image-carousel fusion-image-carousel-auto fusion-image-carousel-1 fusion-carousel-border\"><div class=\"awb-carousel awb-swiper awb-swiper-carousel\" data-autoplay=\"no\" data-columns=\"3\" data-itemmargin=\"13\" data-itemwidth=\"180\" data-touchscroll=\"no\" data-imagesize=\"auto\" style=\"--awb-columns:3;\"><div class=\"swiper-wrapper awb-image-carousel-wrapper fusion-flex-align-items-center\"><div class=\"swiper-slide\"><div class=\"fusion-carousel-item-wrapper\"><div class=\"fusion-image-wrapper hover-type-none\"><img decoding=\"async\" width=\"1920\" height=\"2560\" src=\"https:\/\/sfgrs.de\/wordpress\/wp-content\/uploads\/2024\/10\/Chemie-1-scaled.jpg\" class=\"attachment-full size-full\" alt=\"\" srcset=\"https:\/\/sfgrs.de\/wordpress\/wp-content\/uploads\/2024\/10\/Chemie-1-200x267.jpg 200w, https:\/\/sfgrs.de\/wordpress\/wp-content\/uploads\/2024\/10\/Chemie-1-400x533.jpg 400w, https:\/\/sfgrs.de\/wordpress\/wp-content\/uploads\/2024\/10\/Chemie-1-600x800.jpg 600w, https:\/\/sfgrs.de\/wordpress\/wp-content\/uploads\/2024\/10\/Chemie-1-800x1067.jpg 800w, https:\/\/sfgrs.de\/wordpress\/wp-content\/uploads\/2024\/10\/Chemie-1-1200x1600.jpg 1200w, https:\/\/sfgrs.de\/wordpress\/wp-content\/uploads\/2024\/10\/Chemie-1-scaled.jpg 1920w\" sizes=\"(min-width: 2200px) 100vw, (min-width: 960px) 458px, (min-width: 800px) 687px, (min-width: 640px) 800px, \" \/><\/div><\/div><\/div><div class=\"swiper-slide\"><div class=\"fusion-carousel-item-wrapper\"><div class=\"fusion-image-wrapper hover-type-none\"><img decoding=\"async\" width=\"1920\" height=\"2560\" src=\"https:\/\/sfgrs.de\/wordpress\/wp-content\/uploads\/2024\/10\/Chemie-2-scaled.jpg\" class=\"attachment-full size-full\" alt=\"\" srcset=\"https:\/\/sfgrs.de\/wordpress\/wp-content\/uploads\/2024\/10\/Chemie-2-200x267.jpg 200w, https:\/\/sfgrs.de\/wordpress\/wp-content\/uploads\/2024\/10\/Chemie-2-400x533.jpg 400w, https:\/\/sfgrs.de\/wordpress\/wp-content\/uploads\/2024\/10\/Chemie-2-600x800.jpg 600w, https:\/\/sfgrs.de\/wordpress\/wp-content\/uploads\/2024\/10\/Chemie-2-800x1067.jpg 800w, https:\/\/sfgrs.de\/wordpress\/wp-content\/uploads\/2024\/10\/Chemie-2-1200x1600.jpg 1200w, https:\/\/sfgrs.de\/wordpress\/wp-content\/uploads\/2024\/10\/Chemie-2-scaled.jpg 1920w\" sizes=\"(min-width: 2200px) 100vw, (min-width: 960px) 458px, (min-width: 800px) 687px, (min-width: 640px) 800px, \" \/><\/div><\/div><\/div><div class=\"swiper-slide\"><div class=\"fusion-carousel-item-wrapper\"><div class=\"fusion-image-wrapper hover-type-none\"><img decoding=\"async\" width=\"1919\" height=\"2560\" src=\"https:\/\/sfgrs.de\/wordpress\/wp-content\/uploads\/2024\/10\/Chemie-3-scaled.jpg\" class=\"attachment-full size-full\" alt=\"\" srcset=\"https:\/\/sfgrs.de\/wordpress\/wp-content\/uploads\/2024\/10\/Chemie-3-200x267.jpg 200w, https:\/\/sfgrs.de\/wordpress\/wp-content\/uploads\/2024\/10\/Chemie-3-400x534.jpg 400w, https:\/\/sfgrs.de\/wordpress\/wp-content\/uploads\/2024\/10\/Chemie-3-600x800.jpg 600w, https:\/\/sfgrs.de\/wordpress\/wp-content\/uploads\/2024\/10\/Chemie-3-800x1067.jpg 800w, https:\/\/sfgrs.de\/wordpress\/wp-content\/uploads\/2024\/10\/Chemie-3-1200x1601.jpg 1200w, https:\/\/sfgrs.de\/wordpress\/wp-content\/uploads\/2024\/10\/Chemie-3-scaled.jpg 1919w\" sizes=\"(min-width: 2200px) 100vw, (min-width: 960px) 458px, (min-width: 800px) 687px, (min-width: 640px) 800px, \" \/><\/div><\/div><\/div><\/div><div class=\"awb-swiper-button awb-swiper-button-prev\"><i class=\"awb-icon-angle-left\" aria-hidden=\"true\"><\/i><\/div><div class=\"awb-swiper-button awb-swiper-button-next\"><i class=\"awb-icon-angle-right\" aria-hidden=\"true\"><\/i><\/div><\/div><\/div><\/div><\/div><div class=\"fusion-layout-column fusion_builder_column fusion-builder-column-2 fusion_builder_column_1_6 1_6 fusion-flex-column\" style=\"--awb-bg-size:cover;--awb-width-large:16.666666666667%;--awb-margin-top-large:0px;--awb-spacing-right-large:11.52%;--awb-margin-bottom-large:20px;--awb-spacing-left-large:11.52%;--awb-width-medium:100%;--awb-order-medium:0;--awb-spacing-right-medium:1.92%;--awb-spacing-left-medium:1.92%;--awb-width-small:100%;--awb-order-small:0;--awb-spacing-right-small:1.92%;--awb-spacing-left-small:1.92%;\"><div class=\"fusion-column-wrapper fusion-column-has-shadow fusion-flex-justify-content-flex-start fusion-content-layout-column\"><\/div><\/div><\/div><\/div>\n","protected":false},"excerpt":{"rendered":"","protected":false},"author":1,"featured_media":0,"parent":0,"menu_order":0,"comment_status":"closed","ping_status":"closed","template":"","meta":{"footnotes":""},"categories":[44],"tags":[],"class_list":["post-10591","page","type-page","status-publish","hentry","category-sub-faecher"],"_links":{"self":[{"href":"https:\/\/sfgrs.de\/wordpress\/index.php\/wp-json\/wp\/v2\/pages\/10591","targetHints":{"allow":["GET"]}}],"collection":[{"href":"https:\/\/sfgrs.de\/wordpress\/index.php\/wp-json\/wp\/v2\/pages"}],"about":[{"href":"https:\/\/sfgrs.de\/wordpress\/index.php\/wp-json\/wp\/v2\/types\/page"}],"author":[{"embeddable":true,"href":"https:\/\/sfgrs.de\/wordpress\/index.php\/wp-json\/wp\/v2\/users\/1"}],"replies":[{"embeddable":true,"href":"https:\/\/sfgrs.de\/wordpress\/index.php\/wp-json\/wp\/v2\/comments?post=10591"}],"version-history":[{"count":7,"href":"https:\/\/sfgrs.de\/wordpress\/index.php\/wp-json\/wp\/v2\/pages\/10591\/revisions"}],"predecessor-version":[{"id":11174,"href":"https:\/\/sfgrs.de\/wordpress\/index.php\/wp-json\/wp\/v2\/pages\/10591\/revisions\/11174"}],"wp:attachment":[{"href":"https:\/\/sfgrs.de\/wordpress\/index.php\/wp-json\/wp\/v2\/media?parent=10591"}],"wp:term":[{"taxonomy":"category","embeddable":true,"href":"https:\/\/sfgrs.de\/wordpress\/index.php\/wp-json\/wp\/v2\/categories?post=10591"},{"taxonomy":"post_tag","embeddable":true,"href":"https:\/\/sfgrs.de\/wordpress\/index.php\/wp-json\/wp\/v2\/tags?post=10591"}],"curies":[{"name":"wp","href":"https:\/\/api.w.org\/{rel}","templated":true}]}}