{"id":10739,"date":"2024-10-10T10:12:53","date_gmt":"2024-10-10T08:12:53","guid":{"rendered":"https:\/\/sfgrs.de\/wordpress\/sfgrs-24\/?page_id=10739"},"modified":"2025-09-23T11:14:10","modified_gmt":"2025-09-23T09:14:10","slug":"2-fs-und-mut","status":"publish","type":"page","link":"https:\/\/sfgrs.de\/wordpress\/index.php\/2-fs-und-mut\/","title":{"rendered":"Wahl der 2. Fremdsprache oder MUT"},"content":{"rendered":"<div class=\"fusion-fullwidth fullwidth-box fusion-builder-row-1 fusion-flex-container has-pattern-background has-mask-background nonhundred-percent-fullwidth non-hundred-percent-height-scrolling\" style=\"--awb-border-radius-top-left:0px;--awb-border-radius-top-right:0px;--awb-border-radius-bottom-right:0px;--awb-border-radius-bottom-left:0px;--awb-flex-wrap:wrap;\" ><div class=\"fusion-builder-row fusion-row fusion-flex-align-items-flex-start fusion-flex-content-wrap\" style=\"max-width:1456px;margin-left: calc(-4% \/ 2 );margin-right: calc(-4% \/ 2 );\"><div class=\"fusion-layout-column fusion_builder_column fusion-builder-column-0 fusion_builder_column_1_6 1_6 fusion-flex-column\" style=\"--awb-bg-size:cover;--awb-width-large:16.666666666667%;--awb-margin-top-large:0px;--awb-spacing-right-large:11.52%;--awb-margin-bottom-large:20px;--awb-spacing-left-large:11.52%;--awb-width-medium:100%;--awb-order-medium:0;--awb-spacing-right-medium:1.92%;--awb-spacing-left-medium:1.92%;--awb-width-small:100%;--awb-order-small:0;--awb-spacing-right-small:1.92%;--awb-spacing-left-small:1.92%;\"><div class=\"fusion-column-wrapper fusion-column-has-shadow fusion-flex-justify-content-flex-start fusion-content-layout-column\"><\/div><\/div><div class=\"fusion-layout-column fusion_builder_column fusion-builder-column-1 fusion_builder_column_2_3 2_3 fusion-flex-column\" style=\"--awb-bg-size:cover;--awb-width-large:66.666666666667%;--awb-margin-top-large:0px;--awb-spacing-right-large:2.88%;--awb-margin-bottom-large:20px;--awb-spacing-left-large:2.88%;--awb-width-medium:100%;--awb-order-medium:0;--awb-spacing-right-medium:1.92%;--awb-spacing-left-medium:1.92%;--awb-width-small:100%;--awb-order-small:0;--awb-spacing-right-small:1.92%;--awb-spacing-left-small:1.92%;\"><div class=\"fusion-column-wrapper fusion-column-has-shadow fusion-flex-justify-content-flex-start fusion-content-layout-column\"><div class=\"fusion-image-element \" style=\"--awb-aspect-ratio:21 \/ 9;--awb-object-position:75% 55%;--awb-margin-bottom:30px;--awb-caption-title-font-family:var(--h2_typography-font-family);--awb-caption-title-font-weight:var(--h2_typography-font-weight);--awb-caption-title-font-style:var(--h2_typography-font-style);--awb-caption-title-size:var(--h2_typography-font-size);--awb-caption-title-transform:var(--h2_typography-text-transform);--awb-caption-title-line-height:var(--h2_typography-line-height);--awb-caption-title-letter-spacing:var(--h2_typography-letter-spacing);\"><span class=\" fusion-imageframe imageframe-none imageframe-1 hover-type-none has-aspect-ratio\"><img decoding=\"async\" width=\"300\" height=\"200\" title=\"_DSC1360-72\" src=\"https:\/\/sfgrs.de\/wordpress\/wp-content\/uploads\/2024\/10\/DSC1360-72-300x200.jpg\" class=\"img-responsive wp-image-11834 img-with-aspect-ratio\" alt srcset=\"https:\/\/sfgrs.de\/wordpress\/wp-content\/uploads\/2024\/10\/DSC1360-72-200x133.jpg 200w, https:\/\/sfgrs.de\/wordpress\/wp-content\/uploads\/2024\/10\/DSC1360-72-400x267.jpg 400w, https:\/\/sfgrs.de\/wordpress\/wp-content\/uploads\/2024\/10\/DSC1360-72-600x400.jpg 600w, https:\/\/sfgrs.de\/wordpress\/wp-content\/uploads\/2024\/10\/DSC1360-72-800x534.jpg 800w, https:\/\/sfgrs.de\/wordpress\/wp-content\/uploads\/2024\/10\/DSC1360-72-1200x800.jpg 1200w\" sizes=\"(max-width: 1140px) 100vw, (max-width: 640px) 100vw, 1200px\" \/><\/span><\/div><div class=\"fusion-text fusion-text-1\"><h3><strong>Wahl der 2. Fremdsprache oder MUT<\/strong><\/h3>\n<p>Liebe Sch\u00fclerinnen der f\u00fcnften Klassen,<\/p>\n<p>diejenigen, die Englisch als erste Fremdsprache gew\u00e4hlt haben, w\u00e4hlen bis zu den Osterferien eine zweite Fremdsprache (Franz\u00f6sisch oder Latein) oder MUT.<\/p>\n<p>Die Entscheidung f\u00fcr die zweite Fremdsprache oder MUT f\u00e4llt vielen nicht leicht. Eure Klasse bleibt im n\u00e4chsten Schuljahr zusammen, aber f\u00fcr die zweite Fremdsprache oder MUT trennt ihr euch in MUT, Franz\u00f6sisch- oder Latein-Lerngruppen.<\/p>\n<p>Das von euch gew\u00e4hlte Fach wird euch als Hauptfach von der 6. bis einschlie\u00dflich 10. Klasse begleiten.<\/p>\n<\/div><div class=\"fusion-image-element \" style=\"--awb-caption-title-font-family:var(--h2_typography-font-family);--awb-caption-title-font-weight:var(--h2_typography-font-weight);--awb-caption-title-font-style:var(--h2_typography-font-style);--awb-caption-title-size:var(--h2_typography-font-size);--awb-caption-title-transform:var(--h2_typography-text-transform);--awb-caption-title-line-height:var(--h2_typography-line-height);--awb-caption-title-letter-spacing:var(--h2_typography-letter-spacing);\"><span class=\" fusion-imageframe imageframe-none imageframe-2 hover-type-none\"><a href=\"https:\/\/sfgrs.de\/wordpress\/wp-content\/uploads\/2025\/09\/Grafik-Schullaufbahn-2025.png\" class=\"fusion-lightbox\" data-rel=\"iLightbox[bd79151559a1456e17b]\" data-title=\"Grafik Schullaufbahn 2025\" title=\"Grafik Schullaufbahn 2025\"><img decoding=\"async\" width=\"1191\" height=\"842\" src=\"https:\/\/sfgrs.de\/wordpress\/wp-content\/uploads\/2025\/09\/Grafik-Schullaufbahn-2025.png\" alt class=\"img-responsive wp-image-12803\" srcset=\"https:\/\/sfgrs.de\/wordpress\/wp-content\/uploads\/2025\/09\/Grafik-Schullaufbahn-2025-200x141.png 200w, https:\/\/sfgrs.de\/wordpress\/wp-content\/uploads\/2025\/09\/Grafik-Schullaufbahn-2025-400x283.png 400w, https:\/\/sfgrs.de\/wordpress\/wp-content\/uploads\/2025\/09\/Grafik-Schullaufbahn-2025-600x424.png 600w, https:\/\/sfgrs.de\/wordpress\/wp-content\/uploads\/2025\/09\/Grafik-Schullaufbahn-2025-800x566.png 800w, https:\/\/sfgrs.de\/wordpress\/wp-content\/uploads\/2025\/09\/Grafik-Schullaufbahn-2025.png 1191w\" sizes=\"(max-width: 1140px) 100vw, (max-width: 640px) 100vw, 1191px\" \/><\/a><\/span><\/div><div class=\"fusion-text fusion-text-2 fusion-text-no-margin\" style=\"--awb-margin-bottom:30px;\"><p>Vorab solltet ihr wissen, dass ihr mit eurer Wahl eventuell schon den weiteren Weg nach Klasse 6 vorgebt.<\/p>\n<p>Das Fach MUT wird ausschlie\u00dflich auf der Realschule angeboten \u00e0 nach der 6. Klasse wechselt ihr auf unsere Realschule.<\/p>\n<p>Das Fach Latein wird ausschlie\u00dflich am Gymnasium unterrichtet \u00e0 nach der 6. Klasse wechselt ihr auf unser Gymnasium.<\/p>\n<p>Franz\u00f6sisch wird sowohl an der Realschule als auch am Gymnasium unterrichtet \u00e0 nach der 6. Klasse wird entschieden, ob ihr auf die Realschule oder auf das Gymnasium wechselt.<\/p>\n<p>Zu der wichtigen Wahl erhaltet ihr hier einige Informationen:<\/p>\n<ul>\n<li><a href=\"https:\/\/sfgrs.de\/wordpress\/?page_id=10113\">MUT<\/a><\/li>\n<li><a href=\"https:\/\/sfgrs.de\/wordpress\/?page_id=6977\">Franz\u00f6sisch<\/a><\/li>\n<li><a href=\"https:\/\/sfgrs.de\/wordpress\/?page_id=8606\">Latein<\/a><\/li>\n<\/ul>\n<\/div><div class=\"fusion-image-carousel fusion-image-carousel-auto fusion-image-carousel-1 fusion-carousel-border\"><div class=\"awb-carousel awb-swiper awb-swiper-carousel\" data-autoplay=\"no\" data-columns=\"2\" data-itemmargin=\"13\" data-itemwidth=\"180\" data-touchscroll=\"no\" data-imagesize=\"auto\" style=\"--awb-columns:2;\"><div class=\"swiper-wrapper awb-image-carousel-wrapper fusion-flex-align-items-center\"><div class=\"swiper-slide\"><div class=\"fusion-carousel-item-wrapper\"><div class=\"fusion-image-wrapper hover-type-none\"><img decoding=\"async\" width=\"1151\" height=\"768\" src=\"https:\/\/sfgrs.de\/wordpress\/wp-content\/uploads\/2024\/04\/Jubilaeumsfeier_L-03422.jpg\" class=\"attachment-full size-full\" alt=\"\" srcset=\"https:\/\/sfgrs.de\/wordpress\/wp-content\/uploads\/2024\/04\/Jubilaeumsfeier_L-03422-200x133.jpg 200w, https:\/\/sfgrs.de\/wordpress\/wp-content\/uploads\/2024\/04\/Jubilaeumsfeier_L-03422-400x267.jpg 400w, https:\/\/sfgrs.de\/wordpress\/wp-content\/uploads\/2024\/04\/Jubilaeumsfeier_L-03422-600x400.jpg 600w, https:\/\/sfgrs.de\/wordpress\/wp-content\/uploads\/2024\/04\/Jubilaeumsfeier_L-03422-800x534.jpg 800w, https:\/\/sfgrs.de\/wordpress\/wp-content\/uploads\/2024\/04\/Jubilaeumsfeier_L-03422.jpg 1151w\" sizes=\"(min-width: 2200px) 100vw, (min-width: 800px) 694px, (min-width: 640px) 800px, \" \/><\/div><\/div><\/div><div class=\"swiper-slide\"><div class=\"fusion-carousel-item-wrapper\"><div class=\"fusion-image-wrapper hover-type-none\"><img decoding=\"async\" width=\"2560\" height=\"1920\" src=\"https:\/\/sfgrs.de\/wordpress\/wp-content\/uploads\/2024\/10\/Unterricht3-scaled.jpeg\" class=\"attachment-full size-full\" alt=\"\" srcset=\"https:\/\/sfgrs.de\/wordpress\/wp-content\/uploads\/2024\/10\/Unterricht3-200x150.jpeg 200w, https:\/\/sfgrs.de\/wordpress\/wp-content\/uploads\/2024\/10\/Unterricht3-400x300.jpeg 400w, https:\/\/sfgrs.de\/wordpress\/wp-content\/uploads\/2024\/10\/Unterricht3-600x450.jpeg 600w, https:\/\/sfgrs.de\/wordpress\/wp-content\/uploads\/2024\/10\/Unterricht3-800x600.jpeg 800w, https:\/\/sfgrs.de\/wordpress\/wp-content\/uploads\/2024\/10\/Unterricht3-1200x900.jpeg 1200w, https:\/\/sfgrs.de\/wordpress\/wp-content\/uploads\/2024\/10\/Unterricht3-scaled.jpeg 2560w\" sizes=\"(min-width: 2200px) 100vw, (min-width: 800px) 694px, (min-width: 640px) 800px, \" \/><\/div><\/div><\/div><div class=\"swiper-slide\"><div class=\"fusion-carousel-item-wrapper\"><div class=\"fusion-image-wrapper hover-type-none\"><img decoding=\"async\" width=\"600\" height=\"401\" src=\"https:\/\/sfgrs.de\/wordpress\/wp-content\/uploads\/2020\/09\/Virtueller-Rundgang_2-60.jpg\" class=\"attachment-full size-full\" alt=\"\" srcset=\"https:\/\/sfgrs.de\/wordpress\/wp-content\/uploads\/2020\/09\/Virtueller-Rundgang_2-60-200x134.jpg 200w, https:\/\/sfgrs.de\/wordpress\/wp-content\/uploads\/2020\/09\/Virtueller-Rundgang_2-60-400x267.jpg 400w, https:\/\/sfgrs.de\/wordpress\/wp-content\/uploads\/2020\/09\/Virtueller-Rundgang_2-60.jpg 600w\" sizes=\"(min-width: 2200px) 100vw, (min-width: 800px) 694px, (min-width: 640px) 800px, \" \/><\/div><\/div><\/div><\/div><div class=\"awb-swiper-button awb-swiper-button-prev\"><i class=\"awb-icon-angle-left\" aria-hidden=\"true\"><\/i><\/div><div class=\"awb-swiper-button awb-swiper-button-next\"><i class=\"awb-icon-angle-right\" aria-hidden=\"true\"><\/i><\/div><\/div><\/div><\/div><\/div><div class=\"fusion-layout-column fusion_builder_column fusion-builder-column-2 fusion_builder_column_1_6 1_6 fusion-flex-column\" style=\"--awb-bg-size:cover;--awb-width-large:16.666666666667%;--awb-margin-top-large:0px;--awb-spacing-right-large:11.52%;--awb-margin-bottom-large:20px;--awb-spacing-left-large:11.52%;--awb-width-medium:100%;--awb-order-medium:0;--awb-spacing-right-medium:1.92%;--awb-spacing-left-medium:1.92%;--awb-width-small:100%;--awb-order-small:0;--awb-spacing-right-small:1.92%;--awb-spacing-left-small:1.92%;\"><div class=\"fusion-column-wrapper fusion-column-has-shadow fusion-flex-justify-content-flex-start fusion-content-layout-column\"><\/div><\/div><\/div><\/div>\n","protected":false},"excerpt":{"rendered":"","protected":false},"author":1,"featured_media":0,"parent":0,"menu_order":0,"comment_status":"closed","ping_status":"closed","template":"","meta":{"footnotes":""},"categories":[27],"tags":[],"class_list":["post-10739","page","type-page","status-publish","hentry","category-os"],"_links":{"self":[{"href":"https:\/\/sfgrs.de\/wordpress\/index.php\/wp-json\/wp\/v2\/pages\/10739","targetHints":{"allow":["GET"]}}],"collection":[{"href":"https:\/\/sfgrs.de\/wordpress\/index.php\/wp-json\/wp\/v2\/pages"}],"about":[{"href":"https:\/\/sfgrs.de\/wordpress\/index.php\/wp-json\/wp\/v2\/types\/page"}],"author":[{"embeddable":true,"href":"https:\/\/sfgrs.de\/wordpress\/index.php\/wp-json\/wp\/v2\/users\/1"}],"replies":[{"embeddable":true,"href":"https:\/\/sfgrs.de\/wordpress\/index.php\/wp-json\/wp\/v2\/comments?post=10739"}],"version-history":[{"count":15,"href":"https:\/\/sfgrs.de\/wordpress\/index.php\/wp-json\/wp\/v2\/pages\/10739\/revisions"}],"predecessor-version":[{"id":12805,"href":"https:\/\/sfgrs.de\/wordpress\/index.php\/wp-json\/wp\/v2\/pages\/10739\/revisions\/12805"}],"wp:attachment":[{"href":"https:\/\/sfgrs.de\/wordpress\/index.php\/wp-json\/wp\/v2\/media?parent=10739"}],"wp:term":[{"taxonomy":"category","embeddable":true,"href":"https:\/\/sfgrs.de\/wordpress\/index.php\/wp-json\/wp\/v2\/categories?post=10739"},{"taxonomy":"post_tag","embeddable":true,"href":"https:\/\/sfgrs.de\/wordpress\/index.php\/wp-json\/wp\/v2\/tags?post=10739"}],"curies":[{"name":"wp","href":"https:\/\/api.w.org\/{rel}","templated":true}]}}