{"id":10749,"date":"2024-10-11T10:50:14","date_gmt":"2024-10-11T08:50:14","guid":{"rendered":"https:\/\/sfgrs.de\/wordpress\/sfgrs-24\/?page_id=10749"},"modified":"2024-10-11T13:46:09","modified_gmt":"2024-10-11T11:46:09","slug":"jugend-debattiert","status":"publish","type":"page","link":"https:\/\/sfgrs.de\/wordpress\/index.php\/jugend-debattiert\/","title":{"rendered":"Jugend debattiert"},"content":{"rendered":"<div class=\"fusion-fullwidth fullwidth-box fusion-builder-row-1 fusion-flex-container has-pattern-background has-mask-background nonhundred-percent-fullwidth non-hundred-percent-height-scrolling\" style=\"--awb-border-radius-top-left:0px;--awb-border-radius-top-right:0px;--awb-border-radius-bottom-right:0px;--awb-border-radius-bottom-left:0px;--awb-flex-wrap:wrap;\" ><div class=\"fusion-builder-row fusion-row fusion-flex-align-items-flex-start fusion-flex-content-wrap\" style=\"max-width:1456px;margin-left: calc(-4% \/ 2 );margin-right: calc(-4% \/ 2 );\"><div class=\"fusion-layout-column fusion_builder_column fusion-builder-column-0 fusion_builder_column_1_6 1_6 fusion-flex-column\" style=\"--awb-bg-size:cover;--awb-width-large:16.666666666667%;--awb-margin-top-large:0px;--awb-spacing-right-large:11.52%;--awb-margin-bottom-large:20px;--awb-spacing-left-large:11.52%;--awb-width-medium:100%;--awb-order-medium:0;--awb-spacing-right-medium:1.92%;--awb-spacing-left-medium:1.92%;--awb-width-small:100%;--awb-order-small:0;--awb-spacing-right-small:1.92%;--awb-spacing-left-small:1.92%;\"><div class=\"fusion-column-wrapper fusion-column-has-shadow fusion-flex-justify-content-flex-start fusion-content-layout-column\"><\/div><\/div><div class=\"fusion-layout-column fusion_builder_column fusion-builder-column-1 fusion_builder_column_2_3 2_3 fusion-flex-column\" style=\"--awb-bg-size:cover;--awb-width-large:66.666666666667%;--awb-margin-top-large:0px;--awb-spacing-right-large:2.88%;--awb-margin-bottom-large:20px;--awb-spacing-left-large:2.88%;--awb-width-medium:100%;--awb-order-medium:0;--awb-spacing-right-medium:1.92%;--awb-spacing-left-medium:1.92%;--awb-width-small:100%;--awb-order-small:0;--awb-spacing-right-small:1.92%;--awb-spacing-left-small:1.92%;\"><div class=\"fusion-column-wrapper fusion-column-has-shadow fusion-flex-justify-content-flex-start fusion-content-layout-column\"><div class=\"fusion-image-element \" style=\"--awb-aspect-ratio:21 \/ 9;--awb-object-position:49% 58%;--awb-margin-bottom:30px;--awb-caption-title-font-family:var(--h2_typography-font-family);--awb-caption-title-font-weight:var(--h2_typography-font-weight);--awb-caption-title-font-style:var(--h2_typography-font-style);--awb-caption-title-size:var(--h2_typography-font-size);--awb-caption-title-transform:var(--h2_typography-text-transform);--awb-caption-title-line-height:var(--h2_typography-line-height);--awb-caption-title-letter-spacing:var(--h2_typography-letter-spacing);\"><span class=\" fusion-imageframe imageframe-none imageframe-1 hover-type-none has-aspect-ratio\"><img decoding=\"async\" width=\"300\" height=\"225\" title=\"Jugend debattiert 1\" src=\"https:\/\/sfgrs.de\/wordpress\/wp-content\/uploads\/2024\/10\/Jugend-debattiert-1-300x225.jpg\" class=\"img-responsive wp-image-10751 img-with-aspect-ratio\" alt srcset=\"https:\/\/sfgrs.de\/wordpress\/wp-content\/uploads\/2024\/10\/Jugend-debattiert-1-200x150.jpg 200w, https:\/\/sfgrs.de\/wordpress\/wp-content\/uploads\/2024\/10\/Jugend-debattiert-1-400x300.jpg 400w, https:\/\/sfgrs.de\/wordpress\/wp-content\/uploads\/2024\/10\/Jugend-debattiert-1-600x450.jpg 600w, https:\/\/sfgrs.de\/wordpress\/wp-content\/uploads\/2024\/10\/Jugend-debattiert-1-800x600.jpg 800w, https:\/\/sfgrs.de\/wordpress\/wp-content\/uploads\/2024\/10\/Jugend-debattiert-1-1200x900.jpg 1200w\" sizes=\"(max-width: 1140px) 100vw, (max-width: 640px) 100vw, 1200px\" \/><\/span><\/div><div class=\"fusion-text fusion-text-1\"><h2><strong>Jugend debattiert<\/strong><\/h2>\n<p>Genau zuh\u00f6ren, aufeinander eingehen, gut abw\u00e4gen \u2013 all das \u00fcbt man beim Debattieren. Man lernt, wie man sich schnell und gr\u00fcndlich informiert. Sch\u00fclerinnen bekommen Durchblick bei aktuellen Streitfragen und lernen, sich mit anderen respektvoll und konstruktiv auseinanderzusetzen.<\/p>\n<\/div><div class=\"accordian fusion-accordian\" style=\"--awb-border-size:1px;--awb-icon-size:13px;--awb-content-font-size:16px;--awb-icon-alignment:left;--awb-hover-color:#f9f9f9;--awb-border-color:var(--awb-color3);--awb-background-color:#ffffff;--awb-divider-color:var(--awb-color3);--awb-divider-hover-color:var(--awb-color3);--awb-icon-color:#ffffff;--awb-title-color:#5dad24;--awb-content-color:#747474;--awb-icon-box-color:#b8d3b6;--awb-toggle-hover-accent-color:var(--awb-color7);--awb-toggle-active-accent-color:var(--awb-color5);--awb-title-font-family:var(--awb-typography4-font-family);--awb-title-font-weight:var(--awb-typography4-font-weight);--awb-title-font-style:var(--awb-typography4-font-style);--awb-title-font-size:var(--awb-typography4-font-size);--awb-title-letter-spacing:var(--awb-typography4-letter-spacing);--awb-title-line-height:var(--awb-typography4-line-height);--awb-content-font-family:&quot;Raleway&quot;;--awb-content-font-style:normal;--awb-content-font-weight:400;\"><div class=\"panel-group fusion-toggle-icon-boxed\" id=\"accordion-10749-1\"><div class=\"fusion-panel panel-default panel-744c48a53eafd0114 fusion-toggle-has-divider\" style=\"--awb-title-color:#5dad24;\"><div class=\"panel-heading\"><h4 class=\"panel-title toggle\" id=\"toggle_744c48a53eafd0114\"><a aria-expanded=\"false\" aria-controls=\"744c48a53eafd0114\" role=\"button\" data-toggle=\"collapse\" data-parent=\"#accordion-10749-1\" data-target=\"#744c48a53eafd0114\" href=\"#744c48a53eafd0114\"><span class=\"fusion-toggle-icon-wrapper\" aria-hidden=\"true\"><i class=\"fa-fusion-box active-icon awb-icon-minus\" aria-hidden=\"true\"><\/i><i class=\"fa-fusion-box inactive-icon awb-icon-plus\" aria-hidden=\"true\"><\/i><\/span><span class=\"fusion-toggle-heading\">Aufbau der Debatte <\/span><\/a><\/h4><\/div><div id=\"744c48a53eafd0114\" class=\"panel-collapse collapse \" aria-labelledby=\"toggle_744c48a53eafd0114\"><div class=\"panel-body toggle-content fusion-clearfix\">\n<ul>\n<li>Vergabe des Debattenthemas 10 Tage vor dem Wettbewerb<\/li>\n<li>Auslosung der Positionen: Jede Debatte besteht aus 4 Teilnehmerinnen: 2 vertreten die Pro-Seite, 2 die Contra-Seite. Diese Zuordnung wird kurz vor der Debatte ausgelost<\/li>\n<li>Er\u00f6ffnungsrede (2 Minuten pro Debattantin)<\/li>\n<li>Freie Aussprache (12 Minuten)<\/li>\n<li>Schlussrede (1 Minute pro Debattantin)<\/li>\n<li>Beratung der Jury<\/li>\n<li>Verk\u00fcndung der Ergebnisse<\/li>\n<\/ul>\n<\/div><\/div><\/div><div class=\"fusion-panel panel-default panel-934e6f68390f3ad34 fusion-toggle-has-divider\" style=\"--awb-title-color:#5dad24;\"><div class=\"panel-heading\"><h4 class=\"panel-title toggle\" id=\"toggle_934e6f68390f3ad34\"><a aria-expanded=\"false\" aria-controls=\"934e6f68390f3ad34\" role=\"button\" data-toggle=\"collapse\" data-parent=\"#accordion-10749-1\" data-target=\"#934e6f68390f3ad34\" href=\"#934e6f68390f3ad34\"><span class=\"fusion-toggle-icon-wrapper\" aria-hidden=\"true\"><i class=\"fa-fusion-box active-icon awb-icon-minus\" aria-hidden=\"true\"><\/i><i class=\"fa-fusion-box inactive-icon awb-icon-plus\" aria-hidden=\"true\"><\/i><\/span><span class=\"fusion-toggle-heading\">Durchf\u00fchrung des Wettbewerbs <\/span><\/a><\/h4><\/div><div id=\"934e6f68390f3ad34\" class=\"panel-collapse collapse \" aria-labelledby=\"toggle_934e6f68390f3ad34\"><div class=\"panel-body toggle-content fusion-clearfix\">\n<ul>\n<li>Jugend debattiert als Thema im Deutschunterricht<\/li>\n<li><strong>Klassenwettbewerb<\/strong><\/li>\n<li>Klassensiegerinnen treten in einer <strong>Schuldebatte<\/strong> gegeneinander an<\/li>\n<li>Vertreterinnen unserer Schule nehmen am <strong>Regionalvorentscheid<\/strong> teil<\/li>\n<li><strong>Regionalentscheid<\/strong> im gro\u00dfen Ratssaal des Rathauses Kaiserslautern<\/li>\n<li><strong>Landesfinale<\/strong> mit den Siegerinnen des Regionalverbunds Westpfalz<\/li>\n<li><strong>Bundesfinale<\/strong> in Berlin<\/li>\n<\/ul>\n<\/div><\/div><\/div><div class=\"fusion-panel panel-default panel-f2397a45bf835c6c8 fusion-toggle-has-divider\" style=\"--awb-title-color:#5dad24;\"><div class=\"panel-heading\"><h4 class=\"panel-title toggle\" id=\"toggle_f2397a45bf835c6c8\"><a aria-expanded=\"false\" aria-controls=\"f2397a45bf835c6c8\" role=\"button\" data-toggle=\"collapse\" data-parent=\"#accordion-10749-1\" data-target=\"#f2397a45bf835c6c8\" href=\"#f2397a45bf835c6c8\"><span class=\"fusion-toggle-icon-wrapper\" aria-hidden=\"true\"><i class=\"fa-fusion-box active-icon awb-icon-minus\" aria-hidden=\"true\"><\/i><i class=\"fa-fusion-box inactive-icon awb-icon-plus\" aria-hidden=\"true\"><\/i><\/span><span class=\"fusion-toggle-heading\">Jurorin werden <\/span><\/a><\/h4><\/div><div id=\"f2397a45bf835c6c8\" class=\"panel-collapse collapse \" aria-labelledby=\"toggle_f2397a45bf835c6c8\"><div class=\"panel-body toggle-content fusion-clearfix\">\n<p>Jeder Wettbewerb lebt auch von der Jury, welche unter speziellen Gesichtspunkten beurteilt, wie gut eine Debattantin ihre Position vertreten konnte. Die Schwerpunkte lauten:<\/p>\n<ul>\n<li>Sachkenntnis<\/li>\n<li>Gespr\u00e4chsf\u00e4higkeit<\/li>\n<li>Ausdrucksverm\u00f6gen<\/li>\n<li>\u00dcberzeugungskraft<\/li>\n<\/ul>\n<p>Die Mitglieder der Jury durchlaufen im Vorfeld eine Ausbildung oder ein sogenanntes Jurorenbriefing und lernen, konstruktive und wertsch\u00e4tzende Kritik zu geben.<\/p>\n<\/div><\/div><\/div><div class=\"fusion-panel panel-default panel-5a53f9354d6c806d7 fusion-toggle-has-divider\" style=\"--awb-title-color:#5dad24;\"><div class=\"panel-heading\"><h4 class=\"panel-title toggle\" id=\"toggle_5a53f9354d6c806d7\"><a aria-expanded=\"false\" aria-controls=\"5a53f9354d6c806d7\" role=\"button\" data-toggle=\"collapse\" data-parent=\"#accordion-10749-1\" data-target=\"#5a53f9354d6c806d7\" href=\"#5a53f9354d6c806d7\"><span class=\"fusion-toggle-icon-wrapper\" aria-hidden=\"true\"><i class=\"fa-fusion-box active-icon awb-icon-minus\" aria-hidden=\"true\"><\/i><i class=\"fa-fusion-box inactive-icon awb-icon-plus\" aria-hidden=\"true\"><\/i><\/span><span class=\"fusion-toggle-heading\">Bisherige Erfolge am SFG <\/span><\/a><\/h4><\/div><div id=\"5a53f9354d6c806d7\" class=\"panel-collapse collapse \" aria-labelledby=\"toggle_5a53f9354d6c806d7\"><div class=\"panel-body toggle-content fusion-clearfix\">\n<ul>\n<li>Siegerin des Regionalvorentscheids der Altersklasse II: Ariane Huf (2024)<\/li>\n<li>Zweitplatzierte beim Regionalentscheid des Verbunds Westpfalz der Altersklasse I und Debattantin in der Vorrunde des Regionalfinales in Mainz: Jil Adler (2024)<\/li>\n<\/ul>\n<\/div><\/div><\/div><\/div><\/div><div class=\"fusion-image-carousel fusion-image-carousel-auto fusion-image-carousel-1 fusion-carousel-border\"><div class=\"awb-carousel awb-swiper awb-swiper-carousel\" data-autoplay=\"no\" data-columns=\"3\" data-itemmargin=\"13\" data-itemwidth=\"180\" data-touchscroll=\"no\" data-imagesize=\"auto\" style=\"--awb-columns:3;\"><div class=\"swiper-wrapper awb-image-carousel-wrapper fusion-flex-align-items-center\"><div class=\"swiper-slide\"><div class=\"fusion-carousel-item-wrapper\"><div class=\"fusion-image-wrapper hover-type-none\"><img decoding=\"async\" width=\"768\" height=\"1024\" src=\"https:\/\/sfgrs.de\/wordpress\/wp-content\/uploads\/2024\/05\/IMG_1255.jpg\" class=\"attachment-full size-full\" alt=\"\" srcset=\"https:\/\/sfgrs.de\/wordpress\/wp-content\/uploads\/2024\/05\/IMG_1255-200x267.jpg 200w, https:\/\/sfgrs.de\/wordpress\/wp-content\/uploads\/2024\/05\/IMG_1255-400x533.jpg 400w, https:\/\/sfgrs.de\/wordpress\/wp-content\/uploads\/2024\/05\/IMG_1255-600x800.jpg 600w, https:\/\/sfgrs.de\/wordpress\/wp-content\/uploads\/2024\/05\/IMG_1255.jpg 768w\" sizes=\"(min-width: 2200px) 100vw, (min-width: 960px) 458px, (min-width: 800px) 687px, (min-width: 640px) 800px, \" \/><\/div><\/div><\/div><div class=\"swiper-slide\"><div class=\"fusion-carousel-item-wrapper\"><div class=\"fusion-image-wrapper hover-type-none\"><img decoding=\"async\" width=\"1550\" height=\"2326\" src=\"https:\/\/sfgrs.de\/wordpress\/wp-content\/uploads\/2024\/10\/Jugend-debattiert-2.jpg\" class=\"attachment-full size-full\" alt=\"\" srcset=\"https:\/\/sfgrs.de\/wordpress\/wp-content\/uploads\/2024\/10\/Jugend-debattiert-2-200x300.jpg 200w, https:\/\/sfgrs.de\/wordpress\/wp-content\/uploads\/2024\/10\/Jugend-debattiert-2-400x600.jpg 400w, https:\/\/sfgrs.de\/wordpress\/wp-content\/uploads\/2024\/10\/Jugend-debattiert-2-600x900.jpg 600w, https:\/\/sfgrs.de\/wordpress\/wp-content\/uploads\/2024\/10\/Jugend-debattiert-2-800x1201.jpg 800w, https:\/\/sfgrs.de\/wordpress\/wp-content\/uploads\/2024\/10\/Jugend-debattiert-2-1200x1801.jpg 1200w, https:\/\/sfgrs.de\/wordpress\/wp-content\/uploads\/2024\/10\/Jugend-debattiert-2.jpg 1550w\" sizes=\"(min-width: 2200px) 100vw, (min-width: 960px) 458px, (min-width: 800px) 687px, (min-width: 640px) 800px, \" \/><\/div><\/div><\/div><div class=\"swiper-slide\"><div class=\"fusion-carousel-item-wrapper\"><div class=\"fusion-image-wrapper hover-type-none\"><img decoding=\"async\" width=\"1512\" height=\"2016\" src=\"https:\/\/sfgrs.de\/wordpress\/wp-content\/uploads\/2024\/10\/Jugend-debattiert-3.jpg\" class=\"attachment-full size-full\" alt=\"\" srcset=\"https:\/\/sfgrs.de\/wordpress\/wp-content\/uploads\/2024\/10\/Jugend-debattiert-3-200x267.jpg 200w, https:\/\/sfgrs.de\/wordpress\/wp-content\/uploads\/2024\/10\/Jugend-debattiert-3-400x533.jpg 400w, https:\/\/sfgrs.de\/wordpress\/wp-content\/uploads\/2024\/10\/Jugend-debattiert-3-600x800.jpg 600w, https:\/\/sfgrs.de\/wordpress\/wp-content\/uploads\/2024\/10\/Jugend-debattiert-3-800x1067.jpg 800w, https:\/\/sfgrs.de\/wordpress\/wp-content\/uploads\/2024\/10\/Jugend-debattiert-3-1200x1600.jpg 1200w, https:\/\/sfgrs.de\/wordpress\/wp-content\/uploads\/2024\/10\/Jugend-debattiert-3.jpg 1512w\" sizes=\"(min-width: 2200px) 100vw, (min-width: 960px) 458px, (min-width: 800px) 687px, (min-width: 640px) 800px, \" \/><\/div><\/div><\/div><\/div><div class=\"awb-swiper-button awb-swiper-button-prev\"><i class=\"awb-icon-angle-left\" aria-hidden=\"true\"><\/i><\/div><div class=\"awb-swiper-button awb-swiper-button-next\"><i class=\"awb-icon-angle-right\" aria-hidden=\"true\"><\/i><\/div><\/div><\/div><\/div><\/div><div class=\"fusion-layout-column fusion_builder_column fusion-builder-column-2 fusion_builder_column_1_6 1_6 fusion-flex-column\" style=\"--awb-bg-size:cover;--awb-width-large:16.666666666667%;--awb-margin-top-large:0px;--awb-spacing-right-large:11.52%;--awb-margin-bottom-large:20px;--awb-spacing-left-large:11.52%;--awb-width-medium:100%;--awb-order-medium:0;--awb-spacing-right-medium:1.92%;--awb-spacing-left-medium:1.92%;--awb-width-small:100%;--awb-order-small:0;--awb-spacing-right-small:1.92%;--awb-spacing-left-small:1.92%;\"><div class=\"fusion-column-wrapper fusion-column-has-shadow fusion-flex-justify-content-flex-start fusion-content-layout-column\"><\/div><\/div><\/div><\/div>\n","protected":false},"excerpt":{"rendered":"","protected":false},"author":13,"featured_media":0,"parent":0,"menu_order":0,"comment_status":"closed","ping_status":"closed","template":"","meta":{"footnotes":""},"categories":[54],"tags":[],"class_list":["post-10749","page","type-page","status-publish","hentry","category-sub-wettbewerbe"],"_links":{"self":[{"href":"https:\/\/sfgrs.de\/wordpress\/index.php\/wp-json\/wp\/v2\/pages\/10749","targetHints":{"allow":["GET"]}}],"collection":[{"href":"https:\/\/sfgrs.de\/wordpress\/index.php\/wp-json\/wp\/v2\/pages"}],"about":[{"href":"https:\/\/sfgrs.de\/wordpress\/index.php\/wp-json\/wp\/v2\/types\/page"}],"author":[{"embeddable":true,"href":"https:\/\/sfgrs.de\/wordpress\/index.php\/wp-json\/wp\/v2\/users\/13"}],"replies":[{"embeddable":true,"href":"https:\/\/sfgrs.de\/wordpress\/index.php\/wp-json\/wp\/v2\/comments?post=10749"}],"version-history":[{"count":10,"href":"https:\/\/sfgrs.de\/wordpress\/index.php\/wp-json\/wp\/v2\/pages\/10749\/revisions"}],"predecessor-version":[{"id":10770,"href":"https:\/\/sfgrs.de\/wordpress\/index.php\/wp-json\/wp\/v2\/pages\/10749\/revisions\/10770"}],"wp:attachment":[{"href":"https:\/\/sfgrs.de\/wordpress\/index.php\/wp-json\/wp\/v2\/media?parent=10749"}],"wp:term":[{"taxonomy":"category","embeddable":true,"href":"https:\/\/sfgrs.de\/wordpress\/index.php\/wp-json\/wp\/v2\/categories?post=10749"},{"taxonomy":"post_tag","embeddable":true,"href":"https:\/\/sfgrs.de\/wordpress\/index.php\/wp-json\/wp\/v2\/tags?post=10749"}],"curies":[{"name":"wp","href":"https:\/\/api.w.org\/{rel}","templated":true}]}}