{"id":10855,"date":"2024-10-21T09:15:53","date_gmt":"2024-10-21T07:15:53","guid":{"rendered":"https:\/\/sfgrs.de\/wordpress\/sfgrs-24\/?page_id=10855"},"modified":"2024-11-06T12:19:14","modified_gmt":"2024-11-06T11:19:14","slug":"musik-ags","status":"publish","type":"page","link":"https:\/\/sfgrs.de\/wordpress\/index.php\/musik-ags\/","title":{"rendered":"Musik AGs"},"content":{"rendered":"<div class=\"fusion-fullwidth fullwidth-box fusion-builder-row-1 fusion-flex-container has-pattern-background has-mask-background nonhundred-percent-fullwidth non-hundred-percent-height-scrolling\" style=\"--awb-border-radius-top-left:0px;--awb-border-radius-top-right:0px;--awb-border-radius-bottom-right:0px;--awb-border-radius-bottom-left:0px;--awb-flex-wrap:wrap;\" ><div class=\"fusion-builder-row fusion-row fusion-flex-align-items-flex-start fusion-flex-content-wrap\" style=\"max-width:1456px;margin-left: calc(-4% \/ 2 );margin-right: calc(-4% \/ 2 );\"><div class=\"fusion-layout-column fusion_builder_column fusion-builder-column-0 fusion_builder_column_1_6 1_6 fusion-flex-column\" style=\"--awb-bg-size:cover;--awb-width-large:16.666666666667%;--awb-margin-top-large:0px;--awb-spacing-right-large:11.52%;--awb-margin-bottom-large:20px;--awb-spacing-left-large:11.52%;--awb-width-medium:100%;--awb-order-medium:0;--awb-spacing-right-medium:1.92%;--awb-spacing-left-medium:1.92%;--awb-width-small:100%;--awb-order-small:0;--awb-spacing-right-small:1.92%;--awb-spacing-left-small:1.92%;\"><div class=\"fusion-column-wrapper fusion-column-has-shadow fusion-flex-justify-content-flex-start fusion-content-layout-column\"><\/div><\/div><div class=\"fusion-layout-column fusion_builder_column fusion-builder-column-1 fusion_builder_column_2_3 2_3 fusion-flex-column\" style=\"--awb-bg-size:cover;--awb-width-large:66.666666666667%;--awb-margin-top-large:0px;--awb-spacing-right-large:2.88%;--awb-margin-bottom-large:20px;--awb-spacing-left-large:2.88%;--awb-width-medium:100%;--awb-order-medium:0;--awb-spacing-right-medium:1.92%;--awb-spacing-left-medium:1.92%;--awb-width-small:100%;--awb-order-small:0;--awb-spacing-right-small:1.92%;--awb-spacing-left-small:1.92%;\"><div class=\"fusion-column-wrapper fusion-column-has-shadow fusion-flex-justify-content-flex-start fusion-content-layout-column\"><div class=\"fusion-image-element \" style=\"--awb-aspect-ratio:21 \/ 9;--awb-object-position:49% 49%;--awb-margin-bottom:30px;--awb-caption-title-font-family:var(--h2_typography-font-family);--awb-caption-title-font-weight:var(--h2_typography-font-weight);--awb-caption-title-font-style:var(--h2_typography-font-style);--awb-caption-title-size:var(--h2_typography-font-size);--awb-caption-title-transform:var(--h2_typography-text-transform);--awb-caption-title-line-height:var(--h2_typography-line-height);--awb-caption-title-letter-spacing:var(--h2_typography-letter-spacing);\"><span class=\" fusion-imageframe imageframe-none imageframe-1 hover-type-none has-aspect-ratio\"><img decoding=\"async\" width=\"300\" height=\"169\" title=\"03_Mittelstufen- und MSS-Chor\" src=\"https:\/\/sfgrs.de\/wordpress\/wp-content\/uploads\/2024\/10\/03_Mittelstufen-und-MSS-Chor-300x169.jpg\" class=\"img-responsive wp-image-10858 img-with-aspect-ratio\" alt srcset=\"https:\/\/sfgrs.de\/wordpress\/wp-content\/uploads\/2024\/10\/03_Mittelstufen-und-MSS-Chor-200x113.jpg 200w, https:\/\/sfgrs.de\/wordpress\/wp-content\/uploads\/2024\/10\/03_Mittelstufen-und-MSS-Chor-400x225.jpg 400w, https:\/\/sfgrs.de\/wordpress\/wp-content\/uploads\/2024\/10\/03_Mittelstufen-und-MSS-Chor-600x338.jpg 600w, https:\/\/sfgrs.de\/wordpress\/wp-content\/uploads\/2024\/10\/03_Mittelstufen-und-MSS-Chor-800x450.jpg 800w, https:\/\/sfgrs.de\/wordpress\/wp-content\/uploads\/2024\/10\/03_Mittelstufen-und-MSS-Chor-1200x675.jpg 1200w, https:\/\/sfgrs.de\/wordpress\/wp-content\/uploads\/2024\/10\/03_Mittelstufen-und-MSS-Chor.jpg 1920w\" sizes=\"(max-width: 1140px) 100vw, (max-width: 640px) 100vw, 1200px\" \/><\/span><\/div><div class=\"fusion-text fusion-text-1 fusion-text-no-margin\" style=\"--awb-margin-bottom:30px;\"><h2><strong>Es singt und klingt am SFGRS<\/strong><\/h2>\n<\/div><div class=\"accordian fusion-accordian\" style=\"--awb-border-size:1px;--awb-icon-size:13px;--awb-content-font-size:16px;--awb-icon-alignment:left;--awb-hover-color:#f9f9f9;--awb-border-color:var(--awb-color3);--awb-background-color:#ffffff;--awb-divider-color:var(--awb-color3);--awb-divider-hover-color:var(--awb-color3);--awb-icon-color:#ffffff;--awb-title-color:#5dad24;--awb-content-color:#747474;--awb-icon-box-color:#b8d3b6;--awb-toggle-hover-accent-color:var(--awb-color7);--awb-toggle-active-accent-color:var(--awb-color5);--awb-title-font-family:var(--awb-typography4-font-family);--awb-title-font-weight:var(--awb-typography4-font-weight);--awb-title-font-style:var(--awb-typography4-font-style);--awb-title-font-size:var(--awb-typography4-font-size);--awb-title-letter-spacing:var(--awb-typography4-letter-spacing);--awb-title-line-height:var(--awb-typography4-line-height);--awb-content-font-family:&quot;Raleway&quot;;--awb-content-font-style:normal;--awb-content-font-weight:400;\"><div class=\"panel-group fusion-toggle-icon-boxed\" id=\"accordion-10855-1\"><div class=\"fusion-panel panel-default panel-ade0c5227ac1433fa fusion-toggle-has-divider\" style=\"--awb-title-color:#5dad24;\"><div class=\"panel-heading\"><h4 class=\"panel-title toggle\" id=\"toggle_ade0c5227ac1433fa\"><a aria-expanded=\"false\" aria-controls=\"ade0c5227ac1433fa\" role=\"button\" data-toggle=\"collapse\" data-parent=\"#accordion-10855-1\" data-target=\"#ade0c5227ac1433fa\" href=\"#ade0c5227ac1433fa\"><span class=\"fusion-toggle-icon-wrapper\" aria-hidden=\"true\"><i class=\"fa-fusion-box active-icon awb-icon-minus\" aria-hidden=\"true\"><\/i><i class=\"fa-fusion-box inactive-icon awb-icon-plus\" aria-hidden=\"true\"><\/i><\/span><span class=\"fusion-toggle-heading\">10 Musik-Arbeitsgemeinschaften<\/span><\/a><\/h4><\/div><div id=\"ade0c5227ac1433fa\" class=\"panel-collapse collapse \" aria-labelledby=\"toggle_ade0c5227ac1433fa\"><div class=\"panel-body toggle-content fusion-clearfix\">\n<p>In unserem breit-gef\u00e4cherten Musik-AG-Angebot kann jede Sch\u00fclerin, ihrem Interesse und ihrer Begabung entsprechend, Gelegenheit zum Musizieren finden:<br \/>\nVokal oder instrumental, Pop-Rock oder Klassik, Anf\u00e4nger oder Fortgeschrittene.<br \/>\nDas SFGRS baut dabei erfolgreich auf eine langj\u00e4hrige Tradition auf.<\/p>\n<\/div><\/div><\/div><div class=\"fusion-panel panel-default panel-0e3ea81e81250f2d5 fusion-toggle-has-divider\" style=\"--awb-title-color:#5dad24;\"><div class=\"panel-heading\"><h4 class=\"panel-title toggle\" id=\"toggle_0e3ea81e81250f2d5\"><a aria-expanded=\"false\" aria-controls=\"0e3ea81e81250f2d5\" role=\"button\" data-toggle=\"collapse\" data-parent=\"#accordion-10855-1\" data-target=\"#0e3ea81e81250f2d5\" href=\"#0e3ea81e81250f2d5\"><span class=\"fusion-toggle-icon-wrapper\" aria-hidden=\"true\"><i class=\"fa-fusion-box active-icon awb-icon-minus\" aria-hidden=\"true\"><\/i><i class=\"fa-fusion-box inactive-icon awb-icon-plus\" aria-hidden=\"true\"><\/i><\/span><span class=\"fusion-toggle-heading\">Singen macht Spa\u00df und ist gesund<\/span><\/a><\/h4><\/div><div id=\"0e3ea81e81250f2d5\" class=\"panel-collapse collapse \" aria-labelledby=\"toggle_0e3ea81e81250f2d5\"><div class=\"panel-body toggle-content fusion-clearfix\">\n<p>L\u00e4ngst ist hinreichend bekannt und nachgewiesen, dass Singen die Stimmung verbessert und gl\u00fccklich macht: K\u00f6rpereigene Gl\u00fcckshormone werden ausgesch\u00fcttet und Stresshormone abgebaut.<\/p>\n<p>Dies wird in unserer schnelllebigen Zeit auch f\u00fcr unsere Sch\u00fclerinnen immer wichtiger.<br \/>\nDaher bieten wir, <strong>getrennt nach Orientierungs-, <a href=\"https:\/\/sfgrs.de\/wordpress\/index.php\/ag-grosses-orchester\/\">Mittel-<\/a> und Oberstufe<\/strong>, <strong>drei Ch\u00f6re<\/strong> an.<br \/>\nDie Ch\u00f6re erarbeiten vielf\u00e4ltig bunte Programme, je nach Jahreszeit und Anlass verschieden:<br \/>\nWeltlich oder geistlich, rockig oder klassisch, heiter oder tiefgr\u00fcndig.<\/p>\n<\/div><\/div><\/div><div class=\"fusion-panel panel-default panel-8389485c59a686f08 fusion-toggle-has-divider\" style=\"--awb-title-color:#5dad24;\"><div class=\"panel-heading\"><h4 class=\"panel-title toggle\" id=\"toggle_8389485c59a686f08\"><a aria-expanded=\"false\" aria-controls=\"8389485c59a686f08\" role=\"button\" data-toggle=\"collapse\" data-parent=\"#accordion-10855-1\" data-target=\"#8389485c59a686f08\" href=\"#8389485c59a686f08\"><span class=\"fusion-toggle-icon-wrapper\" aria-hidden=\"true\"><i class=\"fa-fusion-box active-icon awb-icon-minus\" aria-hidden=\"true\"><\/i><i class=\"fa-fusion-box inactive-icon awb-icon-plus\" aria-hidden=\"true\"><\/i><\/span><span class=\"fusion-toggle-heading\">Gemeinsames Musizieren f\u00f6rdert die soziale Kompetenz und soziale Reflexionsf\u00e4higkeit<\/span><\/a><\/h4><\/div><div id=\"8389485c59a686f08\" class=\"panel-collapse collapse \" aria-labelledby=\"toggle_8389485c59a686f08\"><div class=\"panel-body toggle-content fusion-clearfix\">\n<p>Teamf\u00e4higkeit, R\u00fccksichtnahme und einander Zuh\u00f6ren sind die Basis f\u00fcr gemeinsames Musizieren und gewinnen im Leben immer mehr an Relevanz.<\/p>\n<p>Da die soziale Kompetenz keine angeborene Charaktereigenschaft ist, muss sie erlernt und gef\u00f6rdert werden. Dabei kann das Musizieren, und besonders das Musizieren in einer Gruppe, helfen.<\/p>\n<\/div><\/div><\/div><div class=\"fusion-panel panel-default panel-44229920f1a406592 fusion-toggle-has-divider\" style=\"--awb-title-color:#5dad24;\"><div class=\"panel-heading\"><h4 class=\"panel-title toggle\" id=\"toggle_44229920f1a406592\"><a aria-expanded=\"false\" aria-controls=\"44229920f1a406592\" role=\"button\" data-toggle=\"collapse\" data-parent=\"#accordion-10855-1\" data-target=\"#44229920f1a406592\" href=\"#44229920f1a406592\"><span class=\"fusion-toggle-icon-wrapper\" aria-hidden=\"true\"><i class=\"fa-fusion-box active-icon awb-icon-minus\" aria-hidden=\"true\"><\/i><i class=\"fa-fusion-box inactive-icon awb-icon-plus\" aria-hidden=\"true\"><\/i><\/span><span class=\"fusion-toggle-heading\">Welche instrumentalen Arbeitsgemeinschaften gibt es konkret?<\/span><\/a><\/h4><\/div><div id=\"44229920f1a406592\" class=\"panel-collapse collapse \" aria-labelledby=\"toggle_44229920f1a406592\"><div class=\"panel-body toggle-content fusion-clearfix\">\n<p>Im <strong>Instrumentalkreis<\/strong> findet sich eine gro\u00dfe Vielfalt an Instrumenten: Auch Nicht-Orchester-Instrumente haben hier ihren Platz. Bereits mit einfachen Grundkenntnissen haben Sch\u00fclerinnen Freude am gemeinsamen Musizieren, bevor sie ihren Weg weiter ins <a href=\"https:\/\/sfgrs.de\/wordpress\/index.php\/ag-grosses-orchester\/\"><strong>Gro\u00dfe Orchester<\/strong> <\/a>gehen, in dem sinfonische Werke von Barock bis in die Moderne erarbeitet werden.<br \/>\nMusizieren mit au\u00dfergew\u00f6hnlichen Instrumenten erleben die Sch\u00fclerinnen sowohl in der <strong>AG Alte Musik<\/strong>, in der auf Gemsh\u00f6rnern und Cornamusen gespielt wird, als auch in der <strong>Stomp-AG<\/strong>, die mit Alltagsgegenst\u00e4nden und verschiedensten Percussions-Instrumenten h\u00e4ufig sogar Eigenproduktionen zur Auff\u00fchrung bringt.<br \/>\nWie erlesen <strong>Blockfl\u00f6tenspiel<\/strong> ist, kann man im Blockfl\u00f6tenkreis der Schule erleben: Mit Blockfl\u00f6ten jeder Gr\u00f6\u00dfe und Tonlage (von Sopranino \u00fcber Sopran, Alt, Tenor und Bass) \u00fcberzeugt das Ensemble in jedem Konzert.<br \/>\nRockig geht es an St.-Franziskus-Gymnasium und -Realschule in der <a href=\"https:\/\/sfgrs.de\/wordpress\/index.php\/ag-schulband\/\"><strong>Schulband &#8222;Spring&#8220;<\/strong><\/a> zu: Hier zeigen unsere Sch\u00fclerinnen, dass sie nicht nur gute S\u00e4ngerinnen sind, sondern auch exzellent Schlagzeug, Saxophon, Gitarre, E-Piano oder Bass spielen k\u00f6nnen.<\/p>\n<\/div><\/div><\/div><div class=\"fusion-panel panel-default panel-e062c3248b8c9da45 fusion-toggle-has-divider\" style=\"--awb-title-color:#5dad24;\"><div class=\"panel-heading\"><h4 class=\"panel-title toggle\" id=\"toggle_e062c3248b8c9da45\"><a aria-expanded=\"false\" aria-controls=\"e062c3248b8c9da45\" role=\"button\" data-toggle=\"collapse\" data-parent=\"#accordion-10855-1\" data-target=\"#e062c3248b8c9da45\" href=\"#e062c3248b8c9da45\"><span class=\"fusion-toggle-icon-wrapper\" aria-hidden=\"true\"><i class=\"fa-fusion-box active-icon awb-icon-minus\" aria-hidden=\"true\"><\/i><i class=\"fa-fusion-box inactive-icon awb-icon-plus\" aria-hidden=\"true\"><\/i><\/span><span class=\"fusion-toggle-heading\">Individuelle F\u00f6rderung im Instrumentalunterricht<\/span><\/a><\/h4><\/div><div id=\"e062c3248b8c9da45\" class=\"panel-collapse collapse \" aria-labelledby=\"toggle_e062c3248b8c9da45\"><div class=\"panel-body toggle-content fusion-clearfix\">\n<p>Auch das Erlernen von Instrumenten und die F\u00f6rderung von &#8222;musikalischem Nachwuchs&#8220; ist der Schule ein wichtiges Anliegen: Neben der Gitarren-AG, in der unsere Sch\u00fclerinnen das Gitarrenspiel erlernen k\u00f6nnen, sind professionell ausgebildete Lehrer sowohl f\u00fcr das Geigen- als auch das Cellospiel an der Schule fest angestellt.<br \/>\nBei ihnen k\u00f6nnen interessierte Sch\u00fclerinnen <strong>Instrumental-Unterricht<\/strong> erhalten und hierf\u00fcr von der Schule ein Instrument ausleihen.<\/p>\n<\/div><\/div><\/div><\/div><\/div><div class=\"fusion-image-carousel fusion-image-carousel-auto fusion-image-carousel-1 fusion-carousel-border\"><div class=\"awb-carousel awb-swiper awb-swiper-carousel\" data-autoplay=\"no\" data-columns=\"3\" data-itemmargin=\"13\" data-itemwidth=\"180\" data-touchscroll=\"no\" data-imagesize=\"auto\" style=\"--awb-columns:3;\"><div class=\"swiper-wrapper awb-image-carousel-wrapper fusion-flex-align-items-center\"><div class=\"swiper-slide\"><div class=\"fusion-carousel-item-wrapper\"><div class=\"fusion-image-wrapper hover-type-none\"><img decoding=\"async\" width=\"1920\" height=\"1080\" src=\"https:\/\/sfgrs.de\/wordpress\/wp-content\/uploads\/2024\/10\/Titelbild_Mu-AGs_Orientierungsstufenchor.jpg\" class=\"attachment-full size-full\" alt=\"\" srcset=\"https:\/\/sfgrs.de\/wordpress\/wp-content\/uploads\/2024\/10\/Titelbild_Mu-AGs_Orientierungsstufenchor-200x113.jpg 200w, https:\/\/sfgrs.de\/wordpress\/wp-content\/uploads\/2024\/10\/Titelbild_Mu-AGs_Orientierungsstufenchor-400x225.jpg 400w, https:\/\/sfgrs.de\/wordpress\/wp-content\/uploads\/2024\/10\/Titelbild_Mu-AGs_Orientierungsstufenchor-600x338.jpg 600w, https:\/\/sfgrs.de\/wordpress\/wp-content\/uploads\/2024\/10\/Titelbild_Mu-AGs_Orientierungsstufenchor-800x450.jpg 800w, https:\/\/sfgrs.de\/wordpress\/wp-content\/uploads\/2024\/10\/Titelbild_Mu-AGs_Orientierungsstufenchor-1200x675.jpg 1200w, https:\/\/sfgrs.de\/wordpress\/wp-content\/uploads\/2024\/10\/Titelbild_Mu-AGs_Orientierungsstufenchor.jpg 1920w\" sizes=\"(min-width: 2200px) 100vw, (min-width: 960px) 458px, (min-width: 800px) 687px, (min-width: 640px) 800px, \" \/><\/div><\/div><\/div><div class=\"swiper-slide\"><div class=\"fusion-carousel-item-wrapper\"><div class=\"fusion-image-wrapper hover-type-none\"><img decoding=\"async\" width=\"1920\" height=\"1080\" src=\"https:\/\/sfgrs.de\/wordpress\/wp-content\/uploads\/2024\/10\/01_Blockfloetenkreis.jpg\" class=\"attachment-full size-full\" alt=\"\" srcset=\"https:\/\/sfgrs.de\/wordpress\/wp-content\/uploads\/2024\/10\/01_Blockfloetenkreis-200x113.jpg 200w, https:\/\/sfgrs.de\/wordpress\/wp-content\/uploads\/2024\/10\/01_Blockfloetenkreis-400x225.jpg 400w, https:\/\/sfgrs.de\/wordpress\/wp-content\/uploads\/2024\/10\/01_Blockfloetenkreis-600x338.jpg 600w, https:\/\/sfgrs.de\/wordpress\/wp-content\/uploads\/2024\/10\/01_Blockfloetenkreis-800x450.jpg 800w, https:\/\/sfgrs.de\/wordpress\/wp-content\/uploads\/2024\/10\/01_Blockfloetenkreis-1200x675.jpg 1200w, https:\/\/sfgrs.de\/wordpress\/wp-content\/uploads\/2024\/10\/01_Blockfloetenkreis.jpg 1920w\" sizes=\"(min-width: 2200px) 100vw, (min-width: 960px) 458px, (min-width: 800px) 687px, (min-width: 640px) 800px, \" \/><\/div><\/div><\/div><div class=\"swiper-slide\"><div class=\"fusion-carousel-item-wrapper\"><div class=\"fusion-image-wrapper hover-type-none\"><img decoding=\"async\" width=\"1920\" height=\"1080\" src=\"https:\/\/sfgrs.de\/wordpress\/wp-content\/uploads\/2024\/10\/04_Schulband-Spring.jpg\" class=\"attachment-full size-full\" alt=\"\" srcset=\"https:\/\/sfgrs.de\/wordpress\/wp-content\/uploads\/2024\/10\/04_Schulband-Spring-200x113.jpg 200w, https:\/\/sfgrs.de\/wordpress\/wp-content\/uploads\/2024\/10\/04_Schulband-Spring-400x225.jpg 400w, https:\/\/sfgrs.de\/wordpress\/wp-content\/uploads\/2024\/10\/04_Schulband-Spring-600x338.jpg 600w, https:\/\/sfgrs.de\/wordpress\/wp-content\/uploads\/2024\/10\/04_Schulband-Spring-800x450.jpg 800w, https:\/\/sfgrs.de\/wordpress\/wp-content\/uploads\/2024\/10\/04_Schulband-Spring-1200x675.jpg 1200w, https:\/\/sfgrs.de\/wordpress\/wp-content\/uploads\/2024\/10\/04_Schulband-Spring.jpg 1920w\" sizes=\"(min-width: 2200px) 100vw, (min-width: 960px) 458px, (min-width: 800px) 687px, (min-width: 640px) 800px, \" \/><\/div><\/div><\/div><div class=\"swiper-slide\"><div class=\"fusion-carousel-item-wrapper\"><div class=\"fusion-image-wrapper hover-type-none\"><img decoding=\"async\" width=\"2560\" height=\"1440\" src=\"https:\/\/sfgrs.de\/wordpress\/wp-content\/uploads\/2024\/10\/02_Grosses-Orchester-scaled.jpg\" class=\"attachment-full size-full\" alt=\"\" srcset=\"https:\/\/sfgrs.de\/wordpress\/wp-content\/uploads\/2024\/10\/02_Grosses-Orchester-200x113.jpg 200w, https:\/\/sfgrs.de\/wordpress\/wp-content\/uploads\/2024\/10\/02_Grosses-Orchester-400x225.jpg 400w, https:\/\/sfgrs.de\/wordpress\/wp-content\/uploads\/2024\/10\/02_Grosses-Orchester-600x338.jpg 600w, https:\/\/sfgrs.de\/wordpress\/wp-content\/uploads\/2024\/10\/02_Grosses-Orchester-800x450.jpg 800w, https:\/\/sfgrs.de\/wordpress\/wp-content\/uploads\/2024\/10\/02_Grosses-Orchester-1200x675.jpg 1200w, https:\/\/sfgrs.de\/wordpress\/wp-content\/uploads\/2024\/10\/02_Grosses-Orchester-scaled.jpg 2560w\" sizes=\"(min-width: 2200px) 100vw, (min-width: 960px) 458px, (min-width: 800px) 687px, (min-width: 640px) 800px, \" \/><\/div><\/div><\/div><div class=\"swiper-slide\"><div class=\"fusion-carousel-item-wrapper\"><div class=\"fusion-image-wrapper hover-type-none\"><img decoding=\"async\" width=\"1920\" height=\"1080\" src=\"https:\/\/sfgrs.de\/wordpress\/wp-content\/uploads\/2024\/11\/05_Stomp.jpg\" class=\"attachment-full size-full\" alt=\"\" srcset=\"https:\/\/sfgrs.de\/wordpress\/wp-content\/uploads\/2024\/11\/05_Stomp-200x113.jpg 200w, https:\/\/sfgrs.de\/wordpress\/wp-content\/uploads\/2024\/11\/05_Stomp-400x225.jpg 400w, https:\/\/sfgrs.de\/wordpress\/wp-content\/uploads\/2024\/11\/05_Stomp-600x338.jpg 600w, https:\/\/sfgrs.de\/wordpress\/wp-content\/uploads\/2024\/11\/05_Stomp-800x450.jpg 800w, https:\/\/sfgrs.de\/wordpress\/wp-content\/uploads\/2024\/11\/05_Stomp-1200x675.jpg 1200w, https:\/\/sfgrs.de\/wordpress\/wp-content\/uploads\/2024\/11\/05_Stomp.jpg 1920w\" sizes=\"(min-width: 2200px) 100vw, (min-width: 960px) 458px, (min-width: 800px) 687px, (min-width: 640px) 800px, \" \/><\/div><\/div><\/div><\/div><div class=\"awb-swiper-button awb-swiper-button-prev\"><i class=\"awb-icon-angle-left\" aria-hidden=\"true\"><\/i><\/div><div class=\"awb-swiper-button awb-swiper-button-next\"><i class=\"awb-icon-angle-right\" aria-hidden=\"true\"><\/i><\/div><\/div><\/div><\/div><\/div><div class=\"fusion-layout-column fusion_builder_column fusion-builder-column-2 fusion_builder_column_1_6 1_6 fusion-flex-column\" style=\"--awb-bg-size:cover;--awb-width-large:16.666666666667%;--awb-margin-top-large:0px;--awb-spacing-right-large:11.52%;--awb-margin-bottom-large:20px;--awb-spacing-left-large:11.52%;--awb-width-medium:100%;--awb-order-medium:0;--awb-spacing-right-medium:1.92%;--awb-spacing-left-medium:1.92%;--awb-width-small:100%;--awb-order-small:0;--awb-spacing-right-small:1.92%;--awb-spacing-left-small:1.92%;\"><div class=\"fusion-column-wrapper fusion-column-has-shadow fusion-flex-justify-content-flex-start fusion-content-layout-column\"><\/div><\/div><\/div><\/div>\n","protected":false},"excerpt":{"rendered":"","protected":false},"author":13,"featured_media":0,"parent":0,"menu_order":0,"comment_status":"closed","ping_status":"closed","template":"","meta":{"footnotes":""},"categories":[58],"tags":[],"class_list":["post-10855","page","type-page","status-publish","hentry","category-sub-ag"],"_links":{"self":[{"href":"https:\/\/sfgrs.de\/wordpress\/index.php\/wp-json\/wp\/v2\/pages\/10855","targetHints":{"allow":["GET"]}}],"collection":[{"href":"https:\/\/sfgrs.de\/wordpress\/index.php\/wp-json\/wp\/v2\/pages"}],"about":[{"href":"https:\/\/sfgrs.de\/wordpress\/index.php\/wp-json\/wp\/v2\/types\/page"}],"author":[{"embeddable":true,"href":"https:\/\/sfgrs.de\/wordpress\/index.php\/wp-json\/wp\/v2\/users\/13"}],"replies":[{"embeddable":true,"href":"https:\/\/sfgrs.de\/wordpress\/index.php\/wp-json\/wp\/v2\/comments?post=10855"}],"version-history":[{"count":3,"href":"https:\/\/sfgrs.de\/wordpress\/index.php\/wp-json\/wp\/v2\/pages\/10855\/revisions"}],"predecessor-version":[{"id":12001,"href":"https:\/\/sfgrs.de\/wordpress\/index.php\/wp-json\/wp\/v2\/pages\/10855\/revisions\/12001"}],"wp:attachment":[{"href":"https:\/\/sfgrs.de\/wordpress\/index.php\/wp-json\/wp\/v2\/media?parent=10855"}],"wp:term":[{"taxonomy":"category","embeddable":true,"href":"https:\/\/sfgrs.de\/wordpress\/index.php\/wp-json\/wp\/v2\/categories?post=10855"},{"taxonomy":"post_tag","embeddable":true,"href":"https:\/\/sfgrs.de\/wordpress\/index.php\/wp-json\/wp\/v2\/tags?post=10855"}],"curies":[{"name":"wp","href":"https:\/\/api.w.org\/{rel}","templated":true}]}}