{"id":10890,"date":"2024-10-21T09:14:07","date_gmt":"2024-10-21T07:14:07","guid":{"rendered":"https:\/\/sfgrs.de\/wordpress\/sfgrs-24\/?page_id=10890"},"modified":"2024-10-30T09:14:22","modified_gmt":"2024-10-30T08:14:22","slug":"berufsorientierung","status":"publish","type":"page","link":"https:\/\/sfgrs.de\/wordpress\/index.php\/berufsorientierung\/","title":{"rendered":"Berufsorientierung (Profil)"},"content":{"rendered":"<div class=\"fusion-fullwidth fullwidth-box fusion-builder-row-1 fusion-flex-container has-pattern-background has-mask-background nonhundred-percent-fullwidth non-hundred-percent-height-scrolling\" style=\"--awb-border-radius-top-left:0px;--awb-border-radius-top-right:0px;--awb-border-radius-bottom-right:0px;--awb-border-radius-bottom-left:0px;--awb-flex-wrap:wrap;\" ><div class=\"fusion-builder-row fusion-row fusion-flex-align-items-flex-start fusion-flex-content-wrap\" style=\"max-width:1456px;margin-left: calc(-4% \/ 2 );margin-right: calc(-4% \/ 2 );\"><div class=\"fusion-layout-column fusion_builder_column fusion-builder-column-0 fusion_builder_column_1_6 1_6 fusion-flex-column\" style=\"--awb-bg-size:cover;--awb-width-large:16.666666666667%;--awb-margin-top-large:0px;--awb-spacing-right-large:11.52%;--awb-margin-bottom-large:20px;--awb-spacing-left-large:11.52%;--awb-width-medium:100%;--awb-order-medium:0;--awb-spacing-right-medium:1.92%;--awb-spacing-left-medium:1.92%;--awb-width-small:100%;--awb-order-small:0;--awb-spacing-right-small:1.92%;--awb-spacing-left-small:1.92%;\"><div class=\"fusion-column-wrapper fusion-column-has-shadow fusion-flex-justify-content-flex-start fusion-content-layout-column\"><\/div><\/div><div class=\"fusion-layout-column fusion_builder_column fusion-builder-column-1 fusion_builder_column_2_3 2_3 fusion-flex-column\" style=\"--awb-bg-size:cover;--awb-width-large:66.666666666667%;--awb-margin-top-large:0px;--awb-spacing-right-large:2.88%;--awb-margin-bottom-large:20px;--awb-spacing-left-large:2.88%;--awb-width-medium:100%;--awb-order-medium:0;--awb-spacing-right-medium:1.92%;--awb-spacing-left-medium:1.92%;--awb-width-small:100%;--awb-order-small:0;--awb-spacing-right-small:1.92%;--awb-spacing-left-small:1.92%;\"><div class=\"fusion-column-wrapper fusion-column-has-shadow fusion-flex-justify-content-flex-start fusion-content-layout-column\"><div class=\"fusion-image-element \" style=\"--awb-aspect-ratio:21 \/ 9;--awb-object-position:49% 49%;--awb-margin-bottom:30px;--awb-caption-title-font-family:var(--h2_typography-font-family);--awb-caption-title-font-weight:var(--h2_typography-font-weight);--awb-caption-title-font-style:var(--h2_typography-font-style);--awb-caption-title-size:var(--h2_typography-font-size);--awb-caption-title-transform:var(--h2_typography-text-transform);--awb-caption-title-line-height:var(--h2_typography-line-height);--awb-caption-title-letter-spacing:var(--h2_typography-letter-spacing);\"><span class=\" fusion-imageframe imageframe-none imageframe-1 hover-type-none has-aspect-ratio\"><img decoding=\"async\" width=\"2560\" height=\"1708\" title=\"_DSC0952-69\" src=\"https:\/\/sfgrs.de\/wordpress\/wp-content\/uploads\/2024\/10\/DSC0952-69-scaled.jpg\" class=\"img-responsive wp-image-11598 img-with-aspect-ratio\" alt srcset=\"https:\/\/sfgrs.de\/wordpress\/wp-content\/uploads\/2024\/10\/DSC0952-69-200x133.jpg 200w, https:\/\/sfgrs.de\/wordpress\/wp-content\/uploads\/2024\/10\/DSC0952-69-400x267.jpg 400w, https:\/\/sfgrs.de\/wordpress\/wp-content\/uploads\/2024\/10\/DSC0952-69-600x400.jpg 600w, https:\/\/sfgrs.de\/wordpress\/wp-content\/uploads\/2024\/10\/DSC0952-69-800x534.jpg 800w, https:\/\/sfgrs.de\/wordpress\/wp-content\/uploads\/2024\/10\/DSC0952-69-1200x800.jpg 1200w, https:\/\/sfgrs.de\/wordpress\/wp-content\/uploads\/2024\/10\/DSC0952-69-scaled.jpg 2560w\" sizes=\"(max-width: 1140px) 100vw, (max-width: 640px) 100vw, 1200px\" \/><\/span><\/div><div class=\"fusion-text fusion-text-1\"><h2><strong>Berufs- und Studienorientierung (BSO)<br \/>\n<\/strong><\/h2>\n<p>Mit zahlreichen Angeboten der Studien- und Berufsorientierung m\u00f6chten wir den Sch\u00fclerinnen eine Orientierung bieten, welchen Weg sie nach der Schule gehen m\u00f6chten. Unseren Sch\u00fclerinnen soll der \u00dcbergang zwischen Schule und Beruf erleichtert werden und es soll eine Hilfe sein sich in der sp\u00e4teren Berufswelt zurechtzufinden.<\/p>\n<p>Dabei sind u.a. folgenden Fragen wichtig:<\/p>\n<ul>\n<li>Was interessiert mich?<\/li>\n<li>Was sind meine Talente?<\/li>\n<li>M\u00f6chte ich mein Abitur machen?<\/li>\n<li>M\u00f6chte ich studieren?<\/li>\n<li>Was f\u00fcr Berufe passen zu mir?<\/li>\n<\/ul>\n<p>Wir regen unsere Sch\u00fclerinnen zur Teilnahme an Veranstaltungen zur Berufs- und Studienorientierung an. Dabei setzen wir \u00fcberwiegend auf Freiwilligkeit und das pers\u00f6nliche Engagement der Sch\u00fclerinnen. Unsere BSO-Angebote werden st\u00e4ndig angepasst und aktualisiert und ein Team aus Kollegen sowie externen Beteiligten f\u00fchrt mit den Sch\u00fclerinnen unterschiedlicher Jahrgangsstufen verschiedene Aktivit\u00e4ten im Rahmen der BSO durch.<\/p>\n<\/div><div class=\"fusion-text fusion-text-2\"><p><strong>In der Sekundarstufe I gibt es beispielsweise folgende Veranstaltungen<\/strong>:<\/p>\n<\/div><div class=\"accordian fusion-accordian\" style=\"--awb-border-size:1px;--awb-icon-size:13px;--awb-content-font-size:16px;--awb-icon-alignment:left;--awb-hover-color:#f9f9f9;--awb-border-color:var(--awb-color3);--awb-background-color:#ffffff;--awb-divider-color:var(--awb-color3);--awb-divider-hover-color:var(--awb-color3);--awb-icon-color:#ffffff;--awb-title-color:#5dad24;--awb-content-color:#747474;--awb-icon-box-color:#b8d3b6;--awb-toggle-hover-accent-color:var(--awb-color7);--awb-toggle-active-accent-color:var(--awb-color5);--awb-title-font-family:var(--awb-typography4-font-family);--awb-title-font-weight:var(--awb-typography4-font-weight);--awb-title-font-style:var(--awb-typography4-font-style);--awb-title-font-size:var(--awb-typography4-font-size);--awb-title-letter-spacing:var(--awb-typography4-letter-spacing);--awb-title-line-height:var(--awb-typography4-line-height);--awb-content-font-family:&quot;Raleway&quot;;--awb-content-font-style:normal;--awb-content-font-weight:400;\"><div class=\"panel-group fusion-toggle-icon-boxed\" id=\"accordion-10890-1\"><div class=\"fusion-panel panel-default panel-edd602765e29fafbe fusion-toggle-has-divider\" style=\"--awb-title-color:#5dad24;\"><div class=\"panel-heading\"><h4 class=\"panel-title toggle\" id=\"toggle_edd602765e29fafbe\"><a aria-expanded=\"false\" aria-controls=\"edd602765e29fafbe\" role=\"button\" data-toggle=\"collapse\" data-parent=\"#accordion-10890-1\" data-target=\"#edd602765e29fafbe\" href=\"#edd602765e29fafbe\"><span class=\"fusion-toggle-icon-wrapper\" aria-hidden=\"true\"><i class=\"fa-fusion-box active-icon awb-icon-minus\" aria-hidden=\"true\"><\/i><i class=\"fa-fusion-box inactive-icon awb-icon-plus\" aria-hidden=\"true\"><\/i><\/span><span class=\"fusion-toggle-heading\">Girls\u2019 Day - M\u00e4dchen Zukunftstag<\/span><\/a><\/h4><\/div><div id=\"edd602765e29fafbe\" class=\"panel-collapse collapse \" aria-labelledby=\"toggle_edd602765e29fafbe\"><div class=\"panel-body toggle-content fusion-clearfix\">\n<p>Dieser Tag findet j\u00e4hrlich statt. Er vermittelt Sch\u00fclerinnen ab Klasse 5 einen Einblick in Berufsfelder und Studieng\u00e4nge, die M\u00e4dchen eher selten in Betracht ziehen. Unternehmen, Hochschule, Forschungszentren und viele andere Institutionen \u00f6ffnen ihre T\u00fcren und informieren \u00fcber ein breites Angebot an Ausbildungsberufen und Studieng\u00e4ngen in den Bereichen Handwerk, Technik, Naturwissenschaften und Informationstechnologie. M\u00e4dchen k\u00f6nnen ihre F\u00e4higkeiten praktisch erproben, wichtige Kontakte kn\u00fcpfen und lernen Frauen in handwerklichen und technischen Berufen kennen.<\/p>\n<\/div><\/div><\/div><div class=\"fusion-panel panel-default panel-deefae4fdea0c56a7 fusion-toggle-has-divider\" style=\"--awb-title-color:#5dad24;\"><div class=\"panel-heading\"><h4 class=\"panel-title toggle\" id=\"toggle_deefae4fdea0c56a7\"><a aria-expanded=\"false\" aria-controls=\"deefae4fdea0c56a7\" role=\"button\" data-toggle=\"collapse\" data-parent=\"#accordion-10890-1\" data-target=\"#deefae4fdea0c56a7\" href=\"#deefae4fdea0c56a7\"><span class=\"fusion-toggle-icon-wrapper\" aria-hidden=\"true\"><i class=\"fa-fusion-box active-icon awb-icon-minus\" aria-hidden=\"true\"><\/i><i class=\"fa-fusion-box inactive-icon awb-icon-plus\" aria-hidden=\"true\"><\/i><\/span><span class=\"fusion-toggle-heading\">\u201e11 vor 9\u201c<\/span><\/a><\/h4><\/div><div id=\"deefae4fdea0c56a7\" class=\"panel-collapse collapse \" aria-labelledby=\"toggle_deefae4fdea0c56a7\"><div class=\"panel-body toggle-content fusion-clearfix\">\n<p>Im Januar\/Februar berichten unsere Sch\u00fclerinnen der MSS 11 den 9. Klassen von ihren Praktikumserfahrungen. Die Sch\u00fclerinnen der 9. Klassen erhalten einen \u00dcberblick \u00fcber verschiedene Berufe und k\u00f6nnen von den Erfahrungen der Oberstufensch\u00fclerinnen f\u00fcr ihr eigenes Praktikum profitieren.<\/p>\n<\/div><\/div><\/div><div class=\"fusion-panel panel-default panel-eb47dcc8d8eed80a0 fusion-toggle-has-divider\" style=\"--awb-title-color:#5dad24;\"><div class=\"panel-heading\"><h4 class=\"panel-title toggle\" id=\"toggle_eb47dcc8d8eed80a0\"><a aria-expanded=\"false\" aria-controls=\"eb47dcc8d8eed80a0\" role=\"button\" data-toggle=\"collapse\" data-parent=\"#accordion-10890-1\" data-target=\"#eb47dcc8d8eed80a0\" href=\"#eb47dcc8d8eed80a0\"><span class=\"fusion-toggle-icon-wrapper\" aria-hidden=\"true\"><i class=\"fa-fusion-box active-icon awb-icon-minus\" aria-hidden=\"true\"><\/i><i class=\"fa-fusion-box inactive-icon awb-icon-plus\" aria-hidden=\"true\"><\/i><\/span><span class=\"fusion-toggle-heading\">Betriebspraktikum in Klasse 9<\/span><\/a><\/h4><\/div><div id=\"eb47dcc8d8eed80a0\" class=\"panel-collapse collapse \" aria-labelledby=\"toggle_eb47dcc8d8eed80a0\"><div class=\"panel-body toggle-content fusion-clearfix\">\n<p>F\u00fcr die 9. Klassen gibt es au\u00dferdem noch eine BIZ-Informationsveranstaltung vor ihrem Praktikum.<\/p>\n<p>Das Praktikum der 9. Klassen findet in der letzten Woche vor den Sommerferien statt.<\/p>\n<p>Alle Informationen zum Praktikum finden Sie <a href=\"https:\/\/sfgrs.de\/wordpress\/?page_id=10885&amp;preview=true\">hier<\/a>.<\/p>\n<\/div><\/div><\/div><\/div><\/div><div class=\"fusion-text fusion-text-3\"><p><strong>F\u00fcr die Sekundarstufe II gibt es folgende Veranstaltungen:<\/strong><\/p>\n<\/div><div class=\"accordian fusion-accordian\" style=\"--awb-border-size:1px;--awb-icon-size:13px;--awb-content-font-size:16px;--awb-icon-alignment:left;--awb-hover-color:#f9f9f9;--awb-border-color:var(--awb-color3);--awb-background-color:#ffffff;--awb-divider-color:var(--awb-color3);--awb-divider-hover-color:var(--awb-color3);--awb-icon-color:#ffffff;--awb-title-color:#5dad24;--awb-content-color:#747474;--awb-icon-box-color:#b8d3b6;--awb-toggle-hover-accent-color:var(--awb-color7);--awb-toggle-active-accent-color:var(--awb-color5);--awb-title-font-family:var(--awb-typography4-font-family);--awb-title-font-weight:var(--awb-typography4-font-weight);--awb-title-font-style:var(--awb-typography4-font-style);--awb-title-font-size:var(--awb-typography4-font-size);--awb-title-letter-spacing:var(--awb-typography4-letter-spacing);--awb-title-line-height:var(--awb-typography4-line-height);--awb-content-font-family:&quot;Raleway&quot;;--awb-content-font-style:normal;--awb-content-font-weight:400;\"><div class=\"panel-group fusion-toggle-icon-boxed\" id=\"accordion-10890-2\"><div class=\"fusion-panel panel-default panel-e56cb05f840e092c5 fusion-toggle-has-divider\" style=\"--awb-title-color:#5dad24;\"><div class=\"panel-heading\"><h4 class=\"panel-title toggle\" id=\"toggle_e56cb05f840e092c5\"><a aria-expanded=\"false\" aria-controls=\"e56cb05f840e092c5\" role=\"button\" data-toggle=\"collapse\" data-parent=\"#accordion-10890-2\" data-target=\"#e56cb05f840e092c5\" href=\"#e56cb05f840e092c5\"><span class=\"fusion-toggle-icon-wrapper\" aria-hidden=\"true\"><i class=\"fa-fusion-box active-icon awb-icon-minus\" aria-hidden=\"true\"><\/i><i class=\"fa-fusion-box inactive-icon awb-icon-plus\" aria-hidden=\"true\"><\/i><\/span><span class=\"fusion-toggle-heading\">Informationsveranstaltung vor dem Praktikum der MSS 11<\/span><\/a><\/h4><\/div><div id=\"e56cb05f840e092c5\" class=\"panel-collapse collapse \" aria-labelledby=\"toggle_e56cb05f840e092c5\"><div class=\"panel-body toggle-content fusion-clearfix\">\n<p>Dieses Veranstaltung findet zu Beginn des Schuljahres statt und wird in Zusammenarbeit mit der Agentur f\u00fcr Arbeit und Kollegen des SFGRS durchgef\u00fchrt. Die Sch\u00fclerinnen erhalten hier Tipps f\u00fcr Vorstellungsgespr\u00e4che, Informationen \u00fcber das Verhalten w\u00e4hrend des Praktikums, Informationen zum Thema \u201eWege nach dem Abitur\u201c und arbeiten am Erkundungstool \u201eCheck you\u201c.<\/p>\n<p>Das Praktikum findet in der Woche vor den Herbstferien statt.<\/p>\n<p>Alle wichtigen Informationen zum Praktikum finden Sie <a href=\"https:\/\/sfgrs.de\/wordpress\/?page_id=10887&amp;preview=true\">hier<\/a>.<\/p>\n<\/div><\/div><\/div><div class=\"fusion-panel panel-default panel-c2898a0acac2abb5a fusion-toggle-has-divider\" style=\"--awb-title-color:#5dad24;\"><div class=\"panel-heading\"><h4 class=\"panel-title toggle\" id=\"toggle_c2898a0acac2abb5a\"><a aria-expanded=\"false\" aria-controls=\"c2898a0acac2abb5a\" role=\"button\" data-toggle=\"collapse\" data-parent=\"#accordion-10890-2\" data-target=\"#c2898a0acac2abb5a\" href=\"#c2898a0acac2abb5a\"><span class=\"fusion-toggle-icon-wrapper\" aria-hidden=\"true\"><i class=\"fa-fusion-box active-icon awb-icon-minus\" aria-hidden=\"true\"><\/i><i class=\"fa-fusion-box inactive-icon awb-icon-plus\" aria-hidden=\"true\"><\/i><\/span><span class=\"fusion-toggle-heading\">\u201e11 vor 9\u201c<\/span><\/a><\/h4><\/div><div id=\"c2898a0acac2abb5a\" class=\"panel-collapse collapse \" aria-labelledby=\"toggle_c2898a0acac2abb5a\"><div class=\"panel-body toggle-content fusion-clearfix\">\n<p>Im Januar\/Februar berichten unsere Sch\u00fclerinnen der MSS 11 den 9. Klassen von ihren Praktikumserfahrungen, die sie vor den Herbstferien gesammelt haben. Die Sch\u00fclerinnen der 9. Klassen erhalten so einen \u00dcberblick \u00fcber verschiedene Berufe und k\u00f6nnen von den Erfahrungen der Oberstufensch\u00fclerinnen f\u00fcr ihr eigenes Praktikum profitieren.<\/p>\n<\/div><\/div><\/div><div class=\"fusion-panel panel-default panel-8dbc7881b6e437d99 fusion-toggle-has-divider\" style=\"--awb-title-color:#5dad24;\"><div class=\"panel-heading\"><h4 class=\"panel-title toggle\" id=\"toggle_8dbc7881b6e437d99\"><a aria-expanded=\"false\" aria-controls=\"8dbc7881b6e437d99\" role=\"button\" data-toggle=\"collapse\" data-parent=\"#accordion-10890-2\" data-target=\"#8dbc7881b6e437d99\" href=\"#8dbc7881b6e437d99\"><span class=\"fusion-toggle-icon-wrapper\" aria-hidden=\"true\"><i class=\"fa-fusion-box active-icon awb-icon-minus\" aria-hidden=\"true\"><\/i><i class=\"fa-fusion-box inactive-icon awb-icon-plus\" aria-hidden=\"true\"><\/i><\/span><span class=\"fusion-toggle-heading\">Bundesagentur f\u00fcr Arbeit<\/span><\/a><\/h4><\/div><div id=\"8dbc7881b6e437d99\" class=\"panel-collapse collapse \" aria-labelledby=\"toggle_8dbc7881b6e437d99\"><div class=\"panel-body toggle-content fusion-clearfix\">\n<p>F\u00fcr die MSS 12 gibt es eine Info-Veranstaltung der Bundesagentur f\u00fcr Arbeit durch Herrn Dr. Kr\u00e4mer.<\/p>\n<\/div><\/div><\/div><div class=\"fusion-panel panel-default panel-36cabad6df061950b fusion-toggle-has-divider\" style=\"--awb-title-color:#5dad24;\"><div class=\"panel-heading\"><h4 class=\"panel-title toggle\" id=\"toggle_36cabad6df061950b\"><a aria-expanded=\"false\" aria-controls=\"36cabad6df061950b\" role=\"button\" data-toggle=\"collapse\" data-parent=\"#accordion-10890-2\" data-target=\"#36cabad6df061950b\" href=\"#36cabad6df061950b\"><span class=\"fusion-toggle-icon-wrapper\" aria-hidden=\"true\"><i class=\"fa-fusion-box active-icon awb-icon-minus\" aria-hidden=\"true\"><\/i><i class=\"fa-fusion-box inactive-icon awb-icon-plus\" aria-hidden=\"true\"><\/i><\/span><span class=\"fusion-toggle-heading\">Sprechstunde bei Herrn Dr. Kr\u00e4mer<\/span><\/a><\/h4><\/div><div id=\"36cabad6df061950b\" class=\"panel-collapse collapse \" aria-labelledby=\"toggle_36cabad6df061950b\"><div class=\"panel-body toggle-content fusion-clearfix\">\n<p>Dar\u00fcber hinaus bieten wir zus\u00e4tzlich monatliche Sprechstunden mit dem Berufsberater der Bundesagentur f\u00fcr Arbeit, Herrn Dr. Kr\u00e4mer an. Au\u00dferdem besteht die M\u00f6glichkeit der Teilnahme an diversen Veranstaltungen der Hochschulen in der Umgebung. \u00dcber diese Informationstage werden die Sch\u00fclerinnen \u00fcber sdui informiert.<\/p>\n<\/div><\/div><\/div><\/div><\/div><div class=\"fusion-text fusion-text-4\"><p><strong>In der Realschule gibt es folgende Veranstaltungen<br \/>\n<\/strong><\/p>\n<ul>\n<li>Berufswahlunterricht in Klasse 7 und 8<\/li>\n<li>Einw\u00f6chiges Berufspraktikum in Klasse 8<\/li>\n<li>Zweiw\u00f6chiges Berufspraktikum in Klasse 9<\/li>\n<li>J\u00e4hrliche Teilnahme am Girls\u2019Day<\/li>\n<li>Bewerbertraining<\/li>\n<li>Informationsabend \u201eRealschule-Was dann?\u201c<\/li>\n<li>Sprechstunden mit der Berufsberatung<\/li>\n<li>Methodentraining: \u201eFit f\u00fcr die Oberstufe\u201c<\/li>\n<li>Betriebsbesichtigungen<\/li>\n<li>Besuch von Ausbildungsmessen<\/li>\n<\/ul>\n<\/div><\/div><\/div><div class=\"fusion-layout-column fusion_builder_column fusion-builder-column-2 fusion_builder_column_1_6 1_6 fusion-flex-column\" style=\"--awb-bg-size:cover;--awb-width-large:16.666666666667%;--awb-margin-top-large:0px;--awb-spacing-right-large:11.52%;--awb-margin-bottom-large:20px;--awb-spacing-left-large:11.52%;--awb-width-medium:100%;--awb-order-medium:0;--awb-spacing-right-medium:1.92%;--awb-spacing-left-medium:1.92%;--awb-width-small:100%;--awb-order-small:0;--awb-spacing-right-small:1.92%;--awb-spacing-left-small:1.92%;\"><div class=\"fusion-column-wrapper fusion-column-has-shadow fusion-flex-justify-content-flex-start fusion-content-layout-column\"><\/div><\/div><\/div><\/div>\n","protected":false},"excerpt":{"rendered":"","protected":false},"author":13,"featured_media":0,"parent":0,"menu_order":0,"comment_status":"closed","ping_status":"closed","template":"","meta":{"footnotes":""},"categories":[48],"tags":[],"class_list":["post-10890","page","type-page","status-publish","hentry","category-sub-angebote"],"_links":{"self":[{"href":"https:\/\/sfgrs.de\/wordpress\/index.php\/wp-json\/wp\/v2\/pages\/10890","targetHints":{"allow":["GET"]}}],"collection":[{"href":"https:\/\/sfgrs.de\/wordpress\/index.php\/wp-json\/wp\/v2\/pages"}],"about":[{"href":"https:\/\/sfgrs.de\/wordpress\/index.php\/wp-json\/wp\/v2\/types\/page"}],"author":[{"embeddable":true,"href":"https:\/\/sfgrs.de\/wordpress\/index.php\/wp-json\/wp\/v2\/users\/13"}],"replies":[{"embeddable":true,"href":"https:\/\/sfgrs.de\/wordpress\/index.php\/wp-json\/wp\/v2\/comments?post=10890"}],"version-history":[{"count":4,"href":"https:\/\/sfgrs.de\/wordpress\/index.php\/wp-json\/wp\/v2\/pages\/10890\/revisions"}],"predecessor-version":[{"id":11605,"href":"https:\/\/sfgrs.de\/wordpress\/index.php\/wp-json\/wp\/v2\/pages\/10890\/revisions\/11605"}],"wp:attachment":[{"href":"https:\/\/sfgrs.de\/wordpress\/index.php\/wp-json\/wp\/v2\/media?parent=10890"}],"wp:term":[{"taxonomy":"category","embeddable":true,"href":"https:\/\/sfgrs.de\/wordpress\/index.php\/wp-json\/wp\/v2\/categories?post=10890"},{"taxonomy":"post_tag","embeddable":true,"href":"https:\/\/sfgrs.de\/wordpress\/index.php\/wp-json\/wp\/v2\/tags?post=10890"}],"curies":[{"name":"wp","href":"https:\/\/api.w.org\/{rel}","templated":true}]}}