{"id":11066,"date":"2024-10-21T09:55:16","date_gmt":"2024-10-21T07:55:16","guid":{"rendered":"https:\/\/sfgrs.de\/wordpress\/sfgrs-24\/?page_id=11066"},"modified":"2024-12-17T08:23:22","modified_gmt":"2024-12-17T07:23:22","slug":"jobs","status":"publish","type":"page","link":"https:\/\/sfgrs.de\/wordpress\/index.php\/jobs\/","title":{"rendered":"Jobs"},"content":{"rendered":"<div class=\"fusion-fullwidth fullwidth-box fusion-builder-row-1 fusion-flex-container has-pattern-background has-mask-background nonhundred-percent-fullwidth non-hundred-percent-height-scrolling\" style=\"--awb-border-radius-top-left:0px;--awb-border-radius-top-right:0px;--awb-border-radius-bottom-right:0px;--awb-border-radius-bottom-left:0px;--awb-flex-wrap:wrap;\" ><div class=\"fusion-builder-row fusion-row fusion-flex-align-items-flex-start fusion-flex-content-wrap\" style=\"max-width:1456px;margin-left: calc(-4% \/ 2 );margin-right: calc(-4% \/ 2 );\"><div class=\"fusion-layout-column fusion_builder_column fusion-builder-column-0 fusion_builder_column_1_6 1_6 fusion-flex-column\" style=\"--awb-bg-size:cover;--awb-width-large:16.666666666667%;--awb-margin-top-large:0px;--awb-spacing-right-large:11.52%;--awb-margin-bottom-large:20px;--awb-spacing-left-large:11.52%;--awb-width-medium:100%;--awb-order-medium:0;--awb-spacing-right-medium:1.92%;--awb-spacing-left-medium:1.92%;--awb-width-small:100%;--awb-order-small:0;--awb-spacing-right-small:1.92%;--awb-spacing-left-small:1.92%;\"><div class=\"fusion-column-wrapper fusion-column-has-shadow fusion-flex-justify-content-flex-start fusion-content-layout-column\"><\/div><\/div><div class=\"fusion-layout-column fusion_builder_column fusion-builder-column-1 fusion_builder_column_2_3 2_3 fusion-flex-column\" style=\"--awb-bg-size:cover;--awb-width-large:66.666666666667%;--awb-margin-top-large:0px;--awb-spacing-right-large:2.88%;--awb-margin-bottom-large:20px;--awb-spacing-left-large:2.88%;--awb-width-medium:100%;--awb-order-medium:0;--awb-spacing-right-medium:1.92%;--awb-spacing-left-medium:1.92%;--awb-width-small:100%;--awb-order-small:0;--awb-spacing-right-small:1.92%;--awb-spacing-left-small:1.92%;\"><div class=\"fusion-column-wrapper fusion-column-has-shadow fusion-flex-justify-content-flex-start fusion-content-layout-column\"><div class=\"fusion-image-element \" style=\"--awb-aspect-ratio:21 \/ 9;--awb-object-position:45% 57%;--awb-margin-bottom:30px;--awb-caption-title-font-family:var(--h2_typography-font-family);--awb-caption-title-font-weight:var(--h2_typography-font-weight);--awb-caption-title-font-style:var(--h2_typography-font-style);--awb-caption-title-size:var(--h2_typography-font-size);--awb-caption-title-transform:var(--h2_typography-text-transform);--awb-caption-title-line-height:var(--h2_typography-line-height);--awb-caption-title-letter-spacing:var(--h2_typography-letter-spacing);\"><span class=\" fusion-imageframe imageframe-none imageframe-1 hover-type-none has-aspect-ratio\"><img decoding=\"async\" width=\"3556\" height=\"2371\" title=\"Bio 1\" src=\"https:\/\/sfgrs.de\/wordpress\/wp-content\/uploads\/2024\/10\/Bio-1.png\" class=\"img-responsive wp-image-10935 img-with-aspect-ratio\" alt srcset=\"https:\/\/sfgrs.de\/wordpress\/wp-content\/uploads\/2024\/10\/Bio-1-200x133.png 200w, https:\/\/sfgrs.de\/wordpress\/wp-content\/uploads\/2024\/10\/Bio-1-400x267.png 400w, https:\/\/sfgrs.de\/wordpress\/wp-content\/uploads\/2024\/10\/Bio-1-600x400.png 600w, https:\/\/sfgrs.de\/wordpress\/wp-content\/uploads\/2024\/10\/Bio-1-800x533.png 800w, https:\/\/sfgrs.de\/wordpress\/wp-content\/uploads\/2024\/10\/Bio-1-1200x800.png 1200w, https:\/\/sfgrs.de\/wordpress\/wp-content\/uploads\/2024\/10\/Bio-1.png 3556w\" sizes=\"(max-width: 1140px) 100vw, (max-width: 640px) 100vw, 1200px\" \/><\/span><\/div><div class=\"fusion-text fusion-text-1 fusion-text-no-margin\" style=\"--awb-margin-bottom:30px;\"><h2 class=\"fusion-responsive-typography-calculated\" data-fontsize=\"36\" data-lineheight=\"54px\">Offene Stellenangebote<\/h2>\n<p>Offene Stellen in Einrichtungen des Bistums Speyer finden Sie <a href=\"https:\/\/bistum-speyer.hcm4all.de\/list#job-ads\"><strong>HIER<\/strong><\/a><\/p>\n<h2 class=\"fusion-responsive-typography-calculated\" data-fontsize=\"36\" data-lineheight=\"54px\">FSJ und BFD<\/h2>\n<p>Das St.-Franziskus-Gymnasium und die Realschule Kaiserslautern suchen ab sofort eine\/einen<b>\u00a0FSJler*in<\/b>\u00a0und eine\/einen\u00a0<strong>BFDler*in<\/strong>\u00a0zum Einsatz im Schulbetrieb.<\/p>\n<p>Zu den Aufgaben geh\u00f6ren:<\/p>\n<ul>\n<li>Mitarbeit bei der Freien Stillarbeit zur p\u00e4dagogischen Unterst\u00fctzung der Lehrkraft (Tischgruppentraining)<\/li>\n<li>Mitarbeit bei der Nachmittagsbetreuung<\/li>\n<li>Unterst\u00fctzung von Sch\u00fclerinnen zur Aufarbeitung von Defiziten in Zusammenarbeit mit der Schulsozialarbeiterin<\/li>\n<li>Hilfe bei der Sch\u00fcleressensausgabe, Hilfsarbeiten in der K\u00fcche<\/li>\n<li>Unterst\u00fctzung des Sekretariats f\u00fcr Anliegen von Sch\u00fclerinnen und Hilfst\u00e4tigkeiten (z.B. Schulbuchausgabe, Telefonfondienst)<\/li>\n<li>Mithilfe beim Servicepoint f\u00fcr digitale Ger\u00e4te<\/li>\n<\/ul>\n<p>Die Arbeitszeit erstreckt sich in der Regel zu den Schul\u00f6ffnungszeiten von 7.45 Uhr bis 15.30 Uhr, individuell auch abh\u00e4ngig vom Stundenplan und Schulbetrieb<\/p>\n<p>Was sollte man als Bewerber*in mitbringen:<\/p>\n<ul>\n<li>Kontaktfreudigkeit<\/li>\n<li>Einf\u00fchlungsverm\u00f6gen<\/li>\n<li>Teamf\u00e4higkeit<\/li>\n<li>Mut zum selbstst\u00e4ndigen Arbeiten<\/li>\n<li>Kritikf\u00e4higkeit<\/li>\n<li>Freude am Umgang mit Kindern und Jugendlichen<\/li>\n<li>Alter von mindestens 18 Jahren<\/li>\n<\/ul>\n<p>Weiterf\u00fchrende Informationen:\u00a0<a href=\"https:\/\/www.caritas-speyer.de\/jobs-und-bildung\/freiwilligendienste\/bfd-inhalte-fuer-teaser\/in-welchen-einrichtungen-kannst-du-einen-bundesfreiwilligendienst-machen\/in-welchen-einrichtungen-kannst-du-einen-bundesfreiwilligendienst-machen\">Wo kannst du deinen BFD machen? \u2013 caritas-speyer.de<\/a><\/p>\n<\/div><\/div><\/div><div class=\"fusion-layout-column fusion_builder_column fusion-builder-column-2 fusion_builder_column_1_6 1_6 fusion-flex-column\" style=\"--awb-bg-size:cover;--awb-width-large:16.666666666667%;--awb-margin-top-large:0px;--awb-spacing-right-large:11.52%;--awb-margin-bottom-large:20px;--awb-spacing-left-large:11.52%;--awb-width-medium:100%;--awb-order-medium:0;--awb-spacing-right-medium:1.92%;--awb-spacing-left-medium:1.92%;--awb-width-small:100%;--awb-order-small:0;--awb-spacing-right-small:1.92%;--awb-spacing-left-small:1.92%;\"><div class=\"fusion-column-wrapper fusion-column-has-shadow fusion-flex-justify-content-flex-start fusion-content-layout-column\"><\/div><\/div><\/div><\/div>\n","protected":false},"excerpt":{"rendered":"","protected":false},"author":1,"featured_media":0,"parent":0,"menu_order":0,"comment_status":"closed","ping_status":"closed","template":"","meta":{"footnotes":""},"categories":[53],"tags":[],"class_list":["post-11066","page","type-page","status-publish","hentry","category-sub-menschen"],"_links":{"self":[{"href":"https:\/\/sfgrs.de\/wordpress\/index.php\/wp-json\/wp\/v2\/pages\/11066","targetHints":{"allow":["GET"]}}],"collection":[{"href":"https:\/\/sfgrs.de\/wordpress\/index.php\/wp-json\/wp\/v2\/pages"}],"about":[{"href":"https:\/\/sfgrs.de\/wordpress\/index.php\/wp-json\/wp\/v2\/types\/page"}],"author":[{"embeddable":true,"href":"https:\/\/sfgrs.de\/wordpress\/index.php\/wp-json\/wp\/v2\/users\/1"}],"replies":[{"embeddable":true,"href":"https:\/\/sfgrs.de\/wordpress\/index.php\/wp-json\/wp\/v2\/comments?post=11066"}],"version-history":[{"count":4,"href":"https:\/\/sfgrs.de\/wordpress\/index.php\/wp-json\/wp\/v2\/pages\/11066\/revisions"}],"predecessor-version":[{"id":12275,"href":"https:\/\/sfgrs.de\/wordpress\/index.php\/wp-json\/wp\/v2\/pages\/11066\/revisions\/12275"}],"wp:attachment":[{"href":"https:\/\/sfgrs.de\/wordpress\/index.php\/wp-json\/wp\/v2\/media?parent=11066"}],"wp:term":[{"taxonomy":"category","embeddable":true,"href":"https:\/\/sfgrs.de\/wordpress\/index.php\/wp-json\/wp\/v2\/categories?post=11066"},{"taxonomy":"post_tag","embeddable":true,"href":"https:\/\/sfgrs.de\/wordpress\/index.php\/wp-json\/wp\/v2\/tags?post=11066"}],"curies":[{"name":"wp","href":"https:\/\/api.w.org\/{rel}","templated":true}]}}