{"id":11123,"date":"2024-10-29T22:19:11","date_gmt":"2024-10-29T21:19:11","guid":{"rendered":"https:\/\/sfgrs.de\/wordpress\/sfgrs-24\/?page_id=11123"},"modified":"2024-10-29T22:20:05","modified_gmt":"2024-10-29T21:20:05","slug":"vorlesewettbewerb","status":"publish","type":"page","link":"https:\/\/sfgrs.de\/wordpress\/index.php\/vorlesewettbewerb\/","title":{"rendered":"Vorlesewettbewerb"},"content":{"rendered":"<div class=\"fusion-fullwidth fullwidth-box fusion-builder-row-1 fusion-flex-container has-pattern-background has-mask-background nonhundred-percent-fullwidth non-hundred-percent-height-scrolling\" style=\"--awb-border-radius-top-left:0px;--awb-border-radius-top-right:0px;--awb-border-radius-bottom-right:0px;--awb-border-radius-bottom-left:0px;--awb-flex-wrap:wrap;\" ><div class=\"fusion-builder-row fusion-row fusion-flex-align-items-flex-start fusion-flex-content-wrap\" style=\"max-width:1456px;margin-left: calc(-4% \/ 2 );margin-right: calc(-4% \/ 2 );\"><div class=\"fusion-layout-column fusion_builder_column fusion-builder-column-0 fusion_builder_column_1_6 1_6 fusion-flex-column\" style=\"--awb-bg-size:cover;--awb-width-large:16.666666666667%;--awb-margin-top-large:0px;--awb-spacing-right-large:11.52%;--awb-margin-bottom-large:20px;--awb-spacing-left-large:11.52%;--awb-width-medium:100%;--awb-order-medium:0;--awb-spacing-right-medium:1.92%;--awb-spacing-left-medium:1.92%;--awb-width-small:100%;--awb-order-small:0;--awb-spacing-right-small:1.92%;--awb-spacing-left-small:1.92%;\"><div class=\"fusion-column-wrapper fusion-column-has-shadow fusion-flex-justify-content-flex-start fusion-content-layout-column\"><\/div><\/div><div class=\"fusion-layout-column fusion_builder_column fusion-builder-column-1 fusion_builder_column_2_3 2_3 fusion-flex-column\" style=\"--awb-bg-size:cover;--awb-width-large:66.666666666667%;--awb-margin-top-large:0px;--awb-spacing-right-large:2.88%;--awb-margin-bottom-large:20px;--awb-spacing-left-large:2.88%;--awb-width-medium:100%;--awb-order-medium:0;--awb-spacing-right-medium:1.92%;--awb-spacing-left-medium:1.92%;--awb-width-small:100%;--awb-order-small:0;--awb-spacing-right-small:1.92%;--awb-spacing-left-small:1.92%;\"><div class=\"fusion-column-wrapper fusion-column-has-shadow fusion-flex-justify-content-flex-start fusion-content-layout-column\"><div class=\"fusion-image-element \" style=\"--awb-aspect-ratio:21 \/ 9;--awb-object-position:49% 49%;--awb-margin-bottom:30px;--awb-caption-title-font-family:var(--h2_typography-font-family);--awb-caption-title-font-weight:var(--h2_typography-font-weight);--awb-caption-title-font-style:var(--h2_typography-font-style);--awb-caption-title-size:var(--h2_typography-font-size);--awb-caption-title-transform:var(--h2_typography-text-transform);--awb-caption-title-line-height:var(--h2_typography-line-height);--awb-caption-title-letter-spacing:var(--h2_typography-letter-spacing);\"><span class=\" fusion-imageframe imageframe-none imageframe-1 hover-type-none has-aspect-ratio\"><img decoding=\"async\" width=\"300\" height=\"225\" title=\"Lesewettbewerb 2\" src=\"https:\/\/sfgrs.de\/wordpress\/wp-content\/uploads\/2024\/03\/Lesewettbewerb-2-300x225.jpeg\" class=\"img-responsive wp-image-8866 img-with-aspect-ratio\" alt srcset=\"https:\/\/sfgrs.de\/wordpress\/wp-content\/uploads\/2024\/03\/Lesewettbewerb-2-200x150.jpeg 200w, https:\/\/sfgrs.de\/wordpress\/wp-content\/uploads\/2024\/03\/Lesewettbewerb-2-400x300.jpeg 400w, https:\/\/sfgrs.de\/wordpress\/wp-content\/uploads\/2024\/03\/Lesewettbewerb-2-600x450.jpeg 600w, https:\/\/sfgrs.de\/wordpress\/wp-content\/uploads\/2024\/03\/Lesewettbewerb-2-800x600.jpeg 800w, https:\/\/sfgrs.de\/wordpress\/wp-content\/uploads\/2024\/03\/Lesewettbewerb-2.jpeg 1024w\" sizes=\"(max-width: 1140px) 100vw, (max-width: 640px) 100vw, 300px\" \/><\/span><\/div><div class=\"fusion-text fusion-text-1 fusion-text-no-margin\" style=\"--awb-margin-bottom:30px;\"><h2><strong>Lesen? Lesen und vorlesen!<\/strong><\/h2>\n<p>Jedes Jahr findet der Vorlesewettbewerb des Deutschen Buchhandels statt. Daran nehmen auch seit vielen Jahren unsere Sch\u00fclerinnen der 6. Klassen teil. Zuerst wird in der Klasse die beste Vorleserin gew\u00e4hlt. In der n\u00e4chsten Runde tritt sie gegen die Klassensiegerinnen der Parallelklassen an. Dabei werden die Vorleserinnen von ihren Klassen unterst\u00fctzt. Jedes Jahr gibt es eine F\u00fclle von guten Geschichten aus der Feder von J. K. Rowling, Kirsten Boie, Astrid Lindgren vorgelesen von unseren Sch\u00fclerinnen. Die Deutschlehrerinnen und Deutschlehrer sowie die Orientierungsstufenleitung fungieren an diesem Tag als Jury. Die Siegerin darf sich auf einen Buchpreis freuen und unsere Schule in der n\u00e4chsten Runde beim Stadtentscheid vertreten.<\/p>\n<\/div><div class=\"fusion-image-carousel fusion-image-carousel-auto fusion-image-carousel-1 fusion-carousel-border\"><div class=\"awb-carousel awb-swiper awb-swiper-carousel\" data-autoplay=\"no\" data-columns=\"3\" data-itemmargin=\"13\" data-itemwidth=\"180\" data-touchscroll=\"no\" data-imagesize=\"auto\" style=\"--awb-columns:3;\"><div class=\"swiper-wrapper awb-image-carousel-wrapper fusion-flex-align-items-center\"><div class=\"swiper-slide\"><div class=\"fusion-carousel-item-wrapper\"><div class=\"fusion-image-wrapper hover-type-none\"><img decoding=\"async\" width=\"768\" height=\"1024\" src=\"https:\/\/sfgrs.de\/wordpress\/wp-content\/uploads\/2024\/03\/Lesewettbewerb-3-rotated.jpeg\" class=\"attachment-full size-full\" alt=\"\" srcset=\"https:\/\/sfgrs.de\/wordpress\/wp-content\/uploads\/2024\/03\/Lesewettbewerb-3-200x267.jpeg 200w, https:\/\/sfgrs.de\/wordpress\/wp-content\/uploads\/2024\/03\/Lesewettbewerb-3-225x300.jpeg 225w, https:\/\/sfgrs.de\/wordpress\/wp-content\/uploads\/2024\/03\/Lesewettbewerb-3-400x533.jpeg 400w, https:\/\/sfgrs.de\/wordpress\/wp-content\/uploads\/2024\/03\/Lesewettbewerb-3-600x800.jpeg 600w, https:\/\/sfgrs.de\/wordpress\/wp-content\/uploads\/2024\/03\/Lesewettbewerb-3-rotated.jpeg 768w\" sizes=\"(max-width: 768px) 100vw, 768px\" \/><\/div><\/div><\/div><\/div><div class=\"awb-swiper-button awb-swiper-button-prev\"><i class=\"awb-icon-angle-left\" aria-hidden=\"true\"><\/i><\/div><div class=\"awb-swiper-button awb-swiper-button-next\"><i class=\"awb-icon-angle-right\" aria-hidden=\"true\"><\/i><\/div><\/div><\/div><\/div><\/div><div class=\"fusion-layout-column fusion_builder_column fusion-builder-column-2 fusion_builder_column_1_6 1_6 fusion-flex-column\" style=\"--awb-bg-size:cover;--awb-width-large:16.666666666667%;--awb-margin-top-large:0px;--awb-spacing-right-large:11.52%;--awb-margin-bottom-large:20px;--awb-spacing-left-large:11.52%;--awb-width-medium:100%;--awb-order-medium:0;--awb-spacing-right-medium:1.92%;--awb-spacing-left-medium:1.92%;--awb-width-small:100%;--awb-order-small:0;--awb-spacing-right-small:1.92%;--awb-spacing-left-small:1.92%;\"><div class=\"fusion-column-wrapper fusion-column-has-shadow fusion-flex-justify-content-flex-start fusion-content-layout-column\"><\/div><\/div><\/div><\/div>\n","protected":false},"excerpt":{"rendered":"","protected":false},"author":13,"featured_media":0,"parent":0,"menu_order":0,"comment_status":"closed","ping_status":"closed","template":"","meta":{"footnotes":""},"categories":[54],"tags":[],"class_list":["post-11123","page","type-page","status-publish","hentry","category-sub-wettbewerbe"],"_links":{"self":[{"href":"https:\/\/sfgrs.de\/wordpress\/index.php\/wp-json\/wp\/v2\/pages\/11123","targetHints":{"allow":["GET"]}}],"collection":[{"href":"https:\/\/sfgrs.de\/wordpress\/index.php\/wp-json\/wp\/v2\/pages"}],"about":[{"href":"https:\/\/sfgrs.de\/wordpress\/index.php\/wp-json\/wp\/v2\/types\/page"}],"author":[{"embeddable":true,"href":"https:\/\/sfgrs.de\/wordpress\/index.php\/wp-json\/wp\/v2\/users\/13"}],"replies":[{"embeddable":true,"href":"https:\/\/sfgrs.de\/wordpress\/index.php\/wp-json\/wp\/v2\/comments?post=11123"}],"version-history":[{"count":5,"href":"https:\/\/sfgrs.de\/wordpress\/index.php\/wp-json\/wp\/v2\/pages\/11123\/revisions"}],"predecessor-version":[{"id":11500,"href":"https:\/\/sfgrs.de\/wordpress\/index.php\/wp-json\/wp\/v2\/pages\/11123\/revisions\/11500"}],"wp:attachment":[{"href":"https:\/\/sfgrs.de\/wordpress\/index.php\/wp-json\/wp\/v2\/media?parent=11123"}],"wp:term":[{"taxonomy":"category","embeddable":true,"href":"https:\/\/sfgrs.de\/wordpress\/index.php\/wp-json\/wp\/v2\/categories?post=11123"},{"taxonomy":"post_tag","embeddable":true,"href":"https:\/\/sfgrs.de\/wordpress\/index.php\/wp-json\/wp\/v2\/tags?post=11123"}],"curies":[{"name":"wp","href":"https:\/\/api.w.org\/{rel}","templated":true}]}}