{"id":11231,"date":"2024-10-29T23:08:44","date_gmt":"2024-10-29T22:08:44","guid":{"rendered":"https:\/\/sfgrs.de\/wordpress\/sfgrs-24\/?page_id=11231"},"modified":"2024-10-30T10:13:26","modified_gmt":"2024-10-30T09:13:26","slug":"sozialer-tag","status":"publish","type":"page","link":"https:\/\/sfgrs.de\/wordpress\/index.php\/sozialer-tag\/","title":{"rendered":"Sozialer Tag"},"content":{"rendered":"<div class=\"fusion-fullwidth fullwidth-box fusion-builder-row-1 fusion-flex-container has-pattern-background has-mask-background nonhundred-percent-fullwidth non-hundred-percent-height-scrolling\" style=\"--awb-border-radius-top-left:0px;--awb-border-radius-top-right:0px;--awb-border-radius-bottom-right:0px;--awb-border-radius-bottom-left:0px;--awb-flex-wrap:wrap;\" ><div class=\"fusion-builder-row fusion-row fusion-flex-align-items-flex-start fusion-flex-content-wrap\" style=\"max-width:1456px;margin-left: calc(-4% \/ 2 );margin-right: calc(-4% \/ 2 );\"><div class=\"fusion-layout-column fusion_builder_column fusion-builder-column-0 fusion_builder_column_1_6 1_6 fusion-flex-column\" style=\"--awb-bg-size:cover;--awb-width-large:16.666666666667%;--awb-margin-top-large:0px;--awb-spacing-right-large:11.52%;--awb-margin-bottom-large:20px;--awb-spacing-left-large:11.52%;--awb-width-medium:100%;--awb-order-medium:0;--awb-spacing-right-medium:1.92%;--awb-spacing-left-medium:1.92%;--awb-width-small:100%;--awb-order-small:0;--awb-spacing-right-small:1.92%;--awb-spacing-left-small:1.92%;\"><div class=\"fusion-column-wrapper fusion-column-has-shadow fusion-flex-justify-content-flex-start fusion-content-layout-column\"><\/div><\/div><div class=\"fusion-layout-column fusion_builder_column fusion-builder-column-1 fusion_builder_column_2_3 2_3 fusion-flex-column\" style=\"--awb-bg-size:cover;--awb-width-large:66.666666666667%;--awb-margin-top-large:0px;--awb-spacing-right-large:2.88%;--awb-margin-bottom-large:20px;--awb-spacing-left-large:2.88%;--awb-width-medium:100%;--awb-order-medium:0;--awb-spacing-right-medium:1.92%;--awb-spacing-left-medium:1.92%;--awb-width-small:100%;--awb-order-small:0;--awb-spacing-right-small:1.92%;--awb-spacing-left-small:1.92%;\"><div class=\"fusion-column-wrapper fusion-column-has-shadow fusion-flex-justify-content-flex-start fusion-content-layout-column\"><div class=\"fusion-image-element \" style=\"--awb-aspect-ratio:21 \/ 9;--awb-object-position:49% 49%;--awb-margin-bottom:30px;--awb-caption-title-font-family:var(--h2_typography-font-family);--awb-caption-title-font-weight:var(--h2_typography-font-weight);--awb-caption-title-font-style:var(--h2_typography-font-style);--awb-caption-title-size:var(--h2_typography-font-size);--awb-caption-title-transform:var(--h2_typography-text-transform);--awb-caption-title-line-height:var(--h2_typography-line-height);--awb-caption-title-letter-spacing:var(--h2_typography-letter-spacing);\"><span class=\" fusion-imageframe imageframe-none imageframe-1 hover-type-none has-aspect-ratio\"><img decoding=\"async\" width=\"300\" height=\"200\" title=\"Schuljahresabschlussgottesdienst_2023-46\" src=\"https:\/\/sfgrs.de\/wordpress\/wp-content\/uploads\/2024\/10\/Schuljahresabschlussgottesdienst_2023-46-300x200.jpg\" class=\"img-responsive wp-image-11521 img-with-aspect-ratio\" alt srcset=\"https:\/\/sfgrs.de\/wordpress\/wp-content\/uploads\/2024\/10\/Schuljahresabschlussgottesdienst_2023-46-200x133.jpg 200w, https:\/\/sfgrs.de\/wordpress\/wp-content\/uploads\/2024\/10\/Schuljahresabschlussgottesdienst_2023-46-400x267.jpg 400w, https:\/\/sfgrs.de\/wordpress\/wp-content\/uploads\/2024\/10\/Schuljahresabschlussgottesdienst_2023-46-600x400.jpg 600w, https:\/\/sfgrs.de\/wordpress\/wp-content\/uploads\/2024\/10\/Schuljahresabschlussgottesdienst_2023-46-800x534.jpg 800w, https:\/\/sfgrs.de\/wordpress\/wp-content\/uploads\/2024\/10\/Schuljahresabschlussgottesdienst_2023-46-1200x800.jpg 1200w\" sizes=\"(max-width: 1140px) 100vw, (max-width: 640px) 100vw, 1200px\" \/><\/span><\/div><div class=\"fusion-text fusion-text-1 fusion-text-no-margin\" style=\"--awb-margin-bottom:30px;\"><h3>Sozialer Tag<\/h3>\n<p>An unserer Schule ist der erste Wandertag des Schuljahres immer ein Sozialer Tag. Die Sch\u00fclerinnen wandern gemeinsam mit ihrer Klasse circa 8 km in der Umgebung von Kaiserslautern oder f\u00fchren ein soziales Projekt durch. F\u00fcr dieses Engagement erbitten Sie Ihre Eltern, Freunde, Verwandte oder Bekannte um eine Spende, die sozialen Projekten zugutekommt.<\/p>\n<p>Es ist sch\u00f6n, dass so viele Sch\u00fclerinnen zusammen helfen, sich anstrengen und sich trauen um Spenden zu bitten! Dies tr\u00e4gt dazu bei, die Welt ein St\u00fcck besser zu machen.<\/p>\n<\/div><div class=\"accordian fusion-accordian\" style=\"--awb-border-size:1px;--awb-icon-size:13px;--awb-content-font-size:16px;--awb-icon-alignment:left;--awb-hover-color:#f9f9f9;--awb-border-color:var(--awb-color3);--awb-background-color:#ffffff;--awb-divider-color:var(--awb-color3);--awb-divider-hover-color:var(--awb-color3);--awb-icon-color:#ffffff;--awb-title-color:#5dad24;--awb-content-color:#747474;--awb-icon-box-color:#b8d3b6;--awb-toggle-hover-accent-color:var(--awb-color7);--awb-toggle-active-accent-color:var(--awb-color5);--awb-title-font-family:var(--awb-typography4-font-family);--awb-title-font-weight:var(--awb-typography4-font-weight);--awb-title-font-style:var(--awb-typography4-font-style);--awb-title-font-size:var(--awb-typography4-font-size);--awb-title-letter-spacing:var(--awb-typography4-letter-spacing);--awb-title-line-height:var(--awb-typography4-line-height);--awb-content-font-family:&quot;Raleway&quot;;--awb-content-font-style:normal;--awb-content-font-weight:400;\"><div class=\"panel-group fusion-toggle-icon-boxed\" id=\"accordion-11231-1\"><div class=\"fusion-panel panel-default panel-05192888f7f5f0160 fusion-toggle-has-divider\" style=\"--awb-title-color:var(--awb-color5);\"><div class=\"panel-heading\"><h4 class=\"panel-title toggle\" id=\"toggle_05192888f7f5f0160\"><a aria-expanded=\"false\" aria-controls=\"05192888f7f5f0160\" role=\"button\" data-toggle=\"collapse\" data-parent=\"#accordion-11231-1\" data-target=\"#05192888f7f5f0160\" href=\"#05192888f7f5f0160\"><span class=\"fusion-toggle-icon-wrapper\" aria-hidden=\"true\"><i class=\"fa-fusion-box active-icon awb-icon-minus\" aria-hidden=\"true\"><\/i><i class=\"fa-fusion-box inactive-icon awb-icon-plus\" aria-hidden=\"true\"><\/i><\/span><span class=\"fusion-toggle-heading\">Spendenzweck<\/span><\/a><\/h4><\/div><div id=\"05192888f7f5f0160\" class=\"panel-collapse collapse \" aria-labelledby=\"toggle_05192888f7f5f0160\"><div class=\"panel-body toggle-content fusion-clearfix\">\n<p>Neben einem von der SV gew\u00e4hlten Projekt der Hilfsorganisation Misereor ist der Erl\u00f6s f\u00fcr Projekte der Dillinger Franziskanerinnen in Nordostbrasilien, S\u00fcdbrasilien und Indien bestimmt. Diese tragen mit ihren Projekten zur M\u00e4dchenbildung und zur gezielten F\u00f6rderung der Kinder bei.<\/p>\n<\/div><\/div><\/div><div class=\"fusion-panel panel-default panel-0cf6f59c646fa9518 fusion-toggle-has-divider\" style=\"--awb-title-color:var(--awb-color5);\"><div class=\"panel-heading\"><h4 class=\"panel-title toggle\" id=\"toggle_0cf6f59c646fa9518\"><a aria-expanded=\"false\" aria-controls=\"0cf6f59c646fa9518\" role=\"button\" data-toggle=\"collapse\" data-parent=\"#accordion-11231-1\" data-target=\"#0cf6f59c646fa9518\" href=\"#0cf6f59c646fa9518\"><span class=\"fusion-toggle-icon-wrapper\" aria-hidden=\"true\"><i class=\"fa-fusion-box active-icon awb-icon-minus\" aria-hidden=\"true\"><\/i><i class=\"fa-fusion-box inactive-icon awb-icon-plus\" aria-hidden=\"true\"><\/i><\/span><span class=\"fusion-toggle-heading\">Spendenkonto<\/span><\/a><\/h4><\/div><div id=\"0cf6f59c646fa9518\" class=\"panel-collapse collapse \" aria-labelledby=\"toggle_0cf6f59c646fa9518\"><div class=\"panel-body toggle-content fusion-clearfix\">\n<p>Bistum Speyer<\/p>\n<p>IBAN Nr.: DE68 7509 0300 0000 0505 04<\/p>\n<p>LIGA Bank Speyer BIC: GENODEF1M05<\/p>\n<p>Verwendungszweck (bitte unbedingt angeben): Sozialer Tag SFGRS; Name und Klasse der Sch\u00fclerin<\/p>\n<\/div><\/div><\/div><div class=\"fusion-panel panel-default panel-00d215102abb2e886 fusion-toggle-has-divider\" style=\"--awb-title-color:var(--awb-color5);\"><div class=\"panel-heading\"><h4 class=\"panel-title toggle\" id=\"toggle_00d215102abb2e886\"><a aria-expanded=\"false\" aria-controls=\"00d215102abb2e886\" role=\"button\" data-toggle=\"collapse\" data-parent=\"#accordion-11231-1\" data-target=\"#00d215102abb2e886\" href=\"#00d215102abb2e886\"><span class=\"fusion-toggle-icon-wrapper\" aria-hidden=\"true\"><i class=\"fa-fusion-box active-icon awb-icon-minus\" aria-hidden=\"true\"><\/i><i class=\"fa-fusion-box inactive-icon awb-icon-plus\" aria-hidden=\"true\"><\/i><\/span><span class=\"fusion-toggle-heading\">Spendenquittung<\/span><\/a><\/h4><\/div><div id=\"00d215102abb2e886\" class=\"panel-collapse collapse \" aria-labelledby=\"toggle_00d215102abb2e886\"><div class=\"panel-body toggle-content fusion-clearfix\">\n<p>Bei einer \u00dcberweisung gen\u00fcgt zur Vorlage beim Finanzamt bis 200\u20ac der Kontoauszug als Spendenquittung.<\/p>\n<p>Bei Barzahlungen an Sch\u00fclerinnen geben Sie bitte lesbar den vollen Namen und die Adresse auf dem Laufzettel der Sch\u00fclerin an. Anschlie\u00dfend wird eine Barquittung ausgestellt.<\/p>\n<\/div><\/div><\/div><div class=\"fusion-panel panel-default panel-728edaa6769b475b0 fusion-toggle-has-divider\" style=\"--awb-title-color:var(--awb-color5);\"><div class=\"panel-heading\"><h4 class=\"panel-title toggle\" id=\"toggle_728edaa6769b475b0\"><a aria-expanded=\"false\" aria-controls=\"728edaa6769b475b0\" role=\"button\" data-toggle=\"collapse\" data-parent=\"#accordion-11231-1\" data-target=\"#728edaa6769b475b0\" href=\"#728edaa6769b475b0\"><span class=\"fusion-toggle-icon-wrapper\" aria-hidden=\"true\"><i class=\"fa-fusion-box active-icon awb-icon-minus\" aria-hidden=\"true\"><\/i><i class=\"fa-fusion-box inactive-icon awb-icon-plus\" aria-hidden=\"true\"><\/i><\/span><span class=\"fusion-toggle-heading\">Danke!<\/span><\/a><\/h4><\/div><div id=\"728edaa6769b475b0\" class=\"panel-collapse collapse \" aria-labelledby=\"toggle_728edaa6769b475b0\"><div class=\"panel-body toggle-content fusion-clearfix\">\n<p>Danke an alle, die mithelfen, die Welt mit ihrer Spende ein St\u00fcck besser zu machen.<\/p>\n<\/div><\/div><\/div><\/div><\/div><div class=\"fusion-image-carousel fusion-image-carousel-auto fusion-image-carousel-1 fusion-carousel-border\"><div class=\"awb-carousel awb-swiper awb-swiper-carousel\" data-autoplay=\"no\" data-columns=\"3\" data-itemmargin=\"13\" data-itemwidth=\"180\" data-touchscroll=\"no\" data-imagesize=\"auto\" style=\"--awb-columns:3;\"><div class=\"swiper-wrapper awb-image-carousel-wrapper fusion-flex-align-items-center\"><div class=\"swiper-slide\"><div class=\"fusion-carousel-item-wrapper\"><div class=\"fusion-image-wrapper hover-type-none\"><img decoding=\"async\" width=\"3000\" height=\"2000\" src=\"https:\/\/sfgrs.de\/wordpress\/wp-content\/uploads\/2017\/08\/sozialer-Tag-1-12.jpg\" class=\"attachment-full size-full\" alt=\"\" srcset=\"https:\/\/sfgrs.de\/wordpress\/wp-content\/uploads\/2017\/08\/sozialer-Tag-1-12-200x133.jpg 200w, https:\/\/sfgrs.de\/wordpress\/wp-content\/uploads\/2017\/08\/sozialer-Tag-1-12-400x267.jpg 400w, https:\/\/sfgrs.de\/wordpress\/wp-content\/uploads\/2017\/08\/sozialer-Tag-1-12-600x400.jpg 600w, https:\/\/sfgrs.de\/wordpress\/wp-content\/uploads\/2017\/08\/sozialer-Tag-1-12-800x533.jpg 800w, https:\/\/sfgrs.de\/wordpress\/wp-content\/uploads\/2017\/08\/sozialer-Tag-1-12-1200x800.jpg 1200w, https:\/\/sfgrs.de\/wordpress\/wp-content\/uploads\/2017\/08\/sozialer-Tag-1-12.jpg 3000w\" sizes=\"(min-width: 2200px) 100vw, (min-width: 960px) 458px, (min-width: 800px) 687px, (min-width: 640px) 800px, \" \/><\/div><\/div><\/div><div class=\"swiper-slide\"><div class=\"fusion-carousel-item-wrapper\"><div class=\"fusion-image-wrapper hover-type-none\"><img decoding=\"async\" width=\"3000\" height=\"2000\" src=\"https:\/\/sfgrs.de\/wordpress\/wp-content\/uploads\/2017\/08\/sozialer-Tag-1-15.jpg\" class=\"attachment-full size-full\" alt=\"\" srcset=\"https:\/\/sfgrs.de\/wordpress\/wp-content\/uploads\/2017\/08\/sozialer-Tag-1-15-200x133.jpg 200w, https:\/\/sfgrs.de\/wordpress\/wp-content\/uploads\/2017\/08\/sozialer-Tag-1-15-400x267.jpg 400w, https:\/\/sfgrs.de\/wordpress\/wp-content\/uploads\/2017\/08\/sozialer-Tag-1-15-600x400.jpg 600w, https:\/\/sfgrs.de\/wordpress\/wp-content\/uploads\/2017\/08\/sozialer-Tag-1-15-800x533.jpg 800w, https:\/\/sfgrs.de\/wordpress\/wp-content\/uploads\/2017\/08\/sozialer-Tag-1-15-1200x800.jpg 1200w, https:\/\/sfgrs.de\/wordpress\/wp-content\/uploads\/2017\/08\/sozialer-Tag-1-15.jpg 3000w\" sizes=\"(min-width: 2200px) 100vw, (min-width: 960px) 458px, (min-width: 800px) 687px, (min-width: 640px) 800px, \" \/><\/div><\/div><\/div><div class=\"swiper-slide\"><div class=\"fusion-carousel-item-wrapper\"><div class=\"fusion-image-wrapper hover-type-none\"><img decoding=\"async\" width=\"1006\" height=\"670\" src=\"https:\/\/sfgrs.de\/wordpress\/wp-content\/uploads\/2021\/09\/Sozialer-Tag.png\" class=\"attachment-full size-full\" alt=\"\" srcset=\"https:\/\/sfgrs.de\/wordpress\/wp-content\/uploads\/2021\/09\/Sozialer-Tag-200x133.png 200w, https:\/\/sfgrs.de\/wordpress\/wp-content\/uploads\/2021\/09\/Sozialer-Tag-400x266.png 400w, https:\/\/sfgrs.de\/wordpress\/wp-content\/uploads\/2021\/09\/Sozialer-Tag-600x400.png 600w, https:\/\/sfgrs.de\/wordpress\/wp-content\/uploads\/2021\/09\/Sozialer-Tag-800x533.png 800w, https:\/\/sfgrs.de\/wordpress\/wp-content\/uploads\/2021\/09\/Sozialer-Tag.png 1006w\" sizes=\"(min-width: 2200px) 100vw, (min-width: 960px) 458px, (min-width: 800px) 687px, (min-width: 640px) 800px, \" \/><\/div><\/div><\/div><div class=\"swiper-slide\"><div class=\"fusion-carousel-item-wrapper\"><div class=\"fusion-image-wrapper hover-type-none\"><img decoding=\"async\" width=\"800\" height=\"600\" src=\"https:\/\/sfgrs.de\/wordpress\/wp-content\/uploads\/2024\/10\/Dillinger-Franziskanerinnen_Brasilien-2.jpg\" class=\"attachment-full size-full\" alt=\"\" srcset=\"https:\/\/sfgrs.de\/wordpress\/wp-content\/uploads\/2024\/10\/Dillinger-Franziskanerinnen_Brasilien-2-200x150.jpg 200w, https:\/\/sfgrs.de\/wordpress\/wp-content\/uploads\/2024\/10\/Dillinger-Franziskanerinnen_Brasilien-2-400x300.jpg 400w, https:\/\/sfgrs.de\/wordpress\/wp-content\/uploads\/2024\/10\/Dillinger-Franziskanerinnen_Brasilien-2-600x450.jpg 600w, https:\/\/sfgrs.de\/wordpress\/wp-content\/uploads\/2024\/10\/Dillinger-Franziskanerinnen_Brasilien-2.jpg 800w\" sizes=\"(min-width: 2200px) 100vw, (min-width: 960px) 458px, (min-width: 800px) 687px, (min-width: 640px) 800px, \" \/><\/div><\/div><\/div><div class=\"swiper-slide\"><div class=\"fusion-carousel-item-wrapper\"><div class=\"fusion-image-wrapper hover-type-none\"><img decoding=\"async\" width=\"1080\" height=\"810\" src=\"https:\/\/sfgrs.de\/wordpress\/wp-content\/uploads\/2024\/10\/Dillinger-Franziskanerinnen_Brasilien.jpg\" class=\"attachment-full size-full\" alt=\"\" srcset=\"https:\/\/sfgrs.de\/wordpress\/wp-content\/uploads\/2024\/10\/Dillinger-Franziskanerinnen_Brasilien-200x150.jpg 200w, https:\/\/sfgrs.de\/wordpress\/wp-content\/uploads\/2024\/10\/Dillinger-Franziskanerinnen_Brasilien-400x300.jpg 400w, https:\/\/sfgrs.de\/wordpress\/wp-content\/uploads\/2024\/10\/Dillinger-Franziskanerinnen_Brasilien-600x450.jpg 600w, https:\/\/sfgrs.de\/wordpress\/wp-content\/uploads\/2024\/10\/Dillinger-Franziskanerinnen_Brasilien-800x600.jpg 800w, https:\/\/sfgrs.de\/wordpress\/wp-content\/uploads\/2024\/10\/Dillinger-Franziskanerinnen_Brasilien.jpg 1080w\" sizes=\"(min-width: 2200px) 100vw, (min-width: 960px) 458px, (min-width: 800px) 687px, (min-width: 640px) 800px, \" \/><\/div><\/div><\/div><\/div><div class=\"awb-swiper-button awb-swiper-button-prev\"><i class=\"awb-icon-angle-left\" aria-hidden=\"true\"><\/i><\/div><div class=\"awb-swiper-button awb-swiper-button-next\"><i class=\"awb-icon-angle-right\" aria-hidden=\"true\"><\/i><\/div><\/div><\/div><\/div><\/div><div class=\"fusion-layout-column fusion_builder_column fusion-builder-column-2 fusion_builder_column_1_6 1_6 fusion-flex-column\" style=\"--awb-bg-size:cover;--awb-width-large:16.666666666667%;--awb-margin-top-large:0px;--awb-spacing-right-large:11.52%;--awb-margin-bottom-large:20px;--awb-spacing-left-large:11.52%;--awb-width-medium:100%;--awb-order-medium:0;--awb-spacing-right-medium:1.92%;--awb-spacing-left-medium:1.92%;--awb-width-small:100%;--awb-order-small:0;--awb-spacing-right-small:1.92%;--awb-spacing-left-small:1.92%;\"><div class=\"fusion-column-wrapper fusion-column-has-shadow fusion-flex-justify-content-flex-start fusion-content-layout-column\"><\/div><\/div><\/div><\/div>\n","protected":false},"excerpt":{"rendered":"","protected":false},"author":13,"featured_media":0,"parent":0,"menu_order":0,"comment_status":"closed","ping_status":"closed","template":"","meta":{"footnotes":""},"categories":[59],"tags":[],"class_list":["post-11231","page","type-page","status-publish","hentry","category-sub-wandertage"],"_links":{"self":[{"href":"https:\/\/sfgrs.de\/wordpress\/index.php\/wp-json\/wp\/v2\/pages\/11231","targetHints":{"allow":["GET"]}}],"collection":[{"href":"https:\/\/sfgrs.de\/wordpress\/index.php\/wp-json\/wp\/v2\/pages"}],"about":[{"href":"https:\/\/sfgrs.de\/wordpress\/index.php\/wp-json\/wp\/v2\/types\/page"}],"author":[{"embeddable":true,"href":"https:\/\/sfgrs.de\/wordpress\/index.php\/wp-json\/wp\/v2\/users\/13"}],"replies":[{"embeddable":true,"href":"https:\/\/sfgrs.de\/wordpress\/index.php\/wp-json\/wp\/v2\/comments?post=11231"}],"version-history":[{"count":3,"href":"https:\/\/sfgrs.de\/wordpress\/index.php\/wp-json\/wp\/v2\/pages\/11231\/revisions"}],"predecessor-version":[{"id":11639,"href":"https:\/\/sfgrs.de\/wordpress\/index.php\/wp-json\/wp\/v2\/pages\/11231\/revisions\/11639"}],"wp:attachment":[{"href":"https:\/\/sfgrs.de\/wordpress\/index.php\/wp-json\/wp\/v2\/media?parent=11231"}],"wp:term":[{"taxonomy":"category","embeddable":true,"href":"https:\/\/sfgrs.de\/wordpress\/index.php\/wp-json\/wp\/v2\/categories?post=11231"},{"taxonomy":"post_tag","embeddable":true,"href":"https:\/\/sfgrs.de\/wordpress\/index.php\/wp-json\/wp\/v2\/tags?post=11231"}],"curies":[{"name":"wp","href":"https:\/\/api.w.org\/{rel}","templated":true}]}}