{"id":11668,"date":"2024-10-30T10:41:28","date_gmt":"2024-10-30T09:41:28","guid":{"rendered":"https:\/\/sfgrs.de\/wordpress\/sfgrs-24\/?page_id=11668"},"modified":"2024-10-30T10:42:04","modified_gmt":"2024-10-30T09:42:04","slug":"europa-schule","status":"publish","type":"page","link":"https:\/\/sfgrs.de\/wordpress\/index.php\/europa-schule\/","title":{"rendered":"Europa-Schule"},"content":{"rendered":"<div class=\"fusion-fullwidth fullwidth-box fusion-builder-row-1 fusion-flex-container has-pattern-background has-mask-background nonhundred-percent-fullwidth non-hundred-percent-height-scrolling\" style=\"--awb-border-radius-top-left:0px;--awb-border-radius-top-right:0px;--awb-border-radius-bottom-right:0px;--awb-border-radius-bottom-left:0px;--awb-flex-wrap:wrap;\" ><div class=\"fusion-builder-row fusion-row fusion-flex-align-items-flex-start fusion-flex-content-wrap\" style=\"max-width:1456px;margin-left: calc(-4% \/ 2 );margin-right: calc(-4% \/ 2 );\"><div class=\"fusion-layout-column fusion_builder_column fusion-builder-column-0 fusion_builder_column_1_6 1_6 fusion-flex-column\" style=\"--awb-bg-size:cover;--awb-width-large:16.666666666667%;--awb-margin-top-large:0px;--awb-spacing-right-large:11.52%;--awb-margin-bottom-large:20px;--awb-spacing-left-large:11.52%;--awb-width-medium:100%;--awb-order-medium:0;--awb-spacing-right-medium:1.92%;--awb-spacing-left-medium:1.92%;--awb-width-small:100%;--awb-order-small:0;--awb-spacing-right-small:1.92%;--awb-spacing-left-small:1.92%;\"><div class=\"fusion-column-wrapper fusion-column-has-shadow fusion-flex-justify-content-flex-start fusion-content-layout-column\"><\/div><\/div><div class=\"fusion-layout-column fusion_builder_column fusion-builder-column-1 fusion_builder_column_2_3 2_3 fusion-flex-column\" style=\"--awb-bg-size:cover;--awb-width-large:66.666666666667%;--awb-margin-top-large:0px;--awb-spacing-right-large:2.88%;--awb-margin-bottom-large:20px;--awb-spacing-left-large:2.88%;--awb-width-medium:100%;--awb-order-medium:0;--awb-spacing-right-medium:1.92%;--awb-spacing-left-medium:1.92%;--awb-width-small:100%;--awb-order-small:0;--awb-spacing-right-small:1.92%;--awb-spacing-left-small:1.92%;\"><div class=\"fusion-column-wrapper fusion-column-has-shadow fusion-flex-justify-content-flex-start fusion-content-layout-column\"><div class=\"fusion-image-element \" style=\"--awb-aspect-ratio:21 \/ 9;--awb-object-position:50% 48%;--awb-margin-bottom:30px;--awb-caption-title-font-family:var(--h2_typography-font-family);--awb-caption-title-font-weight:var(--h2_typography-font-weight);--awb-caption-title-font-style:var(--h2_typography-font-style);--awb-caption-title-size:var(--h2_typography-font-size);--awb-caption-title-transform:var(--h2_typography-text-transform);--awb-caption-title-line-height:var(--h2_typography-line-height);--awb-caption-title-letter-spacing:var(--h2_typography-letter-spacing);\"><span class=\" fusion-imageframe imageframe-none imageframe-1 hover-type-none has-aspect-ratio\"><img decoding=\"async\" width=\"1556\" height=\"1150\" title=\"Screenshot\" src=\"https:\/\/sfgrs.de\/wordpress\/wp-content\/uploads\/2024\/10\/3.jpg\" class=\"img-responsive wp-image-11202 img-with-aspect-ratio\" alt srcset=\"https:\/\/sfgrs.de\/wordpress\/wp-content\/uploads\/2024\/10\/3-200x148.jpg 200w, https:\/\/sfgrs.de\/wordpress\/wp-content\/uploads\/2024\/10\/3-400x296.jpg 400w, https:\/\/sfgrs.de\/wordpress\/wp-content\/uploads\/2024\/10\/3-600x443.jpg 600w, https:\/\/sfgrs.de\/wordpress\/wp-content\/uploads\/2024\/10\/3-800x591.jpg 800w, https:\/\/sfgrs.de\/wordpress\/wp-content\/uploads\/2024\/10\/3-1200x887.jpg 1200w, https:\/\/sfgrs.de\/wordpress\/wp-content\/uploads\/2024\/10\/3.jpg 1556w\" sizes=\"(max-width: 1140px) 100vw, (max-width: 640px) 100vw, 1200px\" \/><\/span><\/div><div class=\"fusion-text fusion-text-1 fusion-text-no-margin\" style=\"--awb-margin-bottom:30px;\"><h3>Botschafterschule des Europ\u00e4ischen Parlaments<\/h3>\n<p>Am Freitag vor den Herbstferien folgte Frau Collin-Langen (MdEP), eine von vier rheinland-pf\u00e4lzischen Abgeordneten des Europ\u00e4ischen Parlaments, der Einladung der Juniorbotschafterinnen des St.-Franziskus-Gymnasiums und der -Realschule, um die Ernennung zur \u201eBotschafter-Schule des Europ\u00e4ischen Parlaments\u201c vorzunehmen.<\/p>\n<p>Die Veranstaltung stand unter dem Motto \u201eEuropa ist wie ein Pannekoeken\u201c, einem Zitat einer niederl\u00e4ndischen Austauschsch\u00fclerin, die im letzten Jahr die europ\u00e4ische Idee wie folgt beschrieben hatte: \u201eEuropa ist f\u00fcr mich wie ein Pannekoeken (Pfannkuchen). Obwohl jede einzelne Zutat schon gut ist, wird es doch erst richtig lecker, wenn man alles zusammengibt und miteinander verbindet.\u201c<\/p>\n<p>Die Sch\u00fclerinnen gestalteten beispielsweise einen \u201eEurope Walk of Fame\u201c in Form von 28 Europa-Sternen inklusive der jeweiligen Nationalflaggen, welche mit entsprechender Farbe und viel Liebe zum Detail in den Schulhof gemalt wurden.<\/p>\n<p>Das Blasorchester der Schule \u00fcbte mehrere Nationalhymnen europ\u00e4ischer L\u00e4nder ein und alle Klassen gestalteten jeweils einen Europa-Stern aus gelber Pappe, auf dem eine bedeutenden Pers\u00f6nlichkeit, die Europa gepr\u00e4gt hat, vorgestellt wurde. Ludwig van Beethoven, Albert Schweitzer und Steven Hawking sind nur einige prominente Vertreter.<\/p>\n<p>H\u00f6hepunkt des Schulprojektes war der Besuch von Frau Collin-Langen, die es sichtlich genoss, mit Sch\u00fclerinnen sowie Lehrerinnen und Lehrern ins Gespr\u00e4ch zu kommen.<\/p>\n<p>Die Europabotschafterinnen-AG besch\u00e4ftigt sich unter anderem mit der schwierigen Situation der <strong><a href=\"https:\/\/www.sfgrs.de\/wordpress\/index.php\/2020\/11\/13\/ag-europabotschafterinnen-aktion-moria\/\">Fl\u00fcchtlinge im Lager Moria<\/a>. <\/strong>(Stand 16.11.2020)<\/p>\n<\/div><div class=\"fusion-image-carousel fusion-image-carousel-auto fusion-image-carousel-1 fusion-carousel-border\"><div class=\"awb-carousel awb-swiper awb-swiper-carousel\" data-autoplay=\"no\" data-columns=\"2\" data-itemmargin=\"13\" data-itemwidth=\"180\" data-touchscroll=\"no\" data-imagesize=\"auto\" style=\"--awb-columns:2;\"><div class=\"swiper-wrapper awb-image-carousel-wrapper fusion-flex-align-items-center\"><div class=\"swiper-slide\"><div class=\"fusion-carousel-item-wrapper\"><div class=\"fusion-image-wrapper hover-type-none\"><img decoding=\"async\" width=\"600\" height=\"338\" src=\"https:\/\/sfgrs.de\/wordpress\/wp-content\/uploads\/2024\/10\/post_cc_mute_tw_de-600x338-1.png\" class=\"attachment-full size-full\" alt=\"\" srcset=\"https:\/\/sfgrs.de\/wordpress\/wp-content\/uploads\/2024\/10\/post_cc_mute_tw_de-600x338-1-200x113.png 200w, https:\/\/sfgrs.de\/wordpress\/wp-content\/uploads\/2024\/10\/post_cc_mute_tw_de-600x338-1-400x225.png 400w, https:\/\/sfgrs.de\/wordpress\/wp-content\/uploads\/2024\/10\/post_cc_mute_tw_de-600x338-1.png 600w\" sizes=\"(min-width: 2200px) 100vw, (min-width: 800px) 694px, (min-width: 640px) 800px, \" \/><\/div><\/div><\/div><div class=\"swiper-slide\"><div class=\"fusion-carousel-item-wrapper\"><div class=\"fusion-image-wrapper hover-type-none\"><img decoding=\"async\" width=\"1544\" height=\"1136\" src=\"https:\/\/sfgrs.de\/wordpress\/wp-content\/uploads\/2024\/10\/6.jpg\" class=\"attachment-full size-full\" alt=\"\" srcset=\"https:\/\/sfgrs.de\/wordpress\/wp-content\/uploads\/2024\/10\/6-200x147.jpg 200w, https:\/\/sfgrs.de\/wordpress\/wp-content\/uploads\/2024\/10\/6-400x294.jpg 400w, https:\/\/sfgrs.de\/wordpress\/wp-content\/uploads\/2024\/10\/6-600x441.jpg 600w, https:\/\/sfgrs.de\/wordpress\/wp-content\/uploads\/2024\/10\/6-800x589.jpg 800w, https:\/\/sfgrs.de\/wordpress\/wp-content\/uploads\/2024\/10\/6-1200x883.jpg 1200w, https:\/\/sfgrs.de\/wordpress\/wp-content\/uploads\/2024\/10\/6.jpg 1544w\" sizes=\"(min-width: 2200px) 100vw, (min-width: 800px) 694px, (min-width: 640px) 800px, \" \/><\/div><\/div><\/div><div class=\"swiper-slide\"><div class=\"fusion-carousel-item-wrapper\"><div class=\"fusion-image-wrapper hover-type-none\"><img decoding=\"async\" width=\"2016\" height=\"1512\" src=\"https:\/\/sfgrs.de\/wordpress\/wp-content\/uploads\/2024\/10\/1.jpg\" class=\"attachment-full size-full\" alt=\"\" srcset=\"https:\/\/sfgrs.de\/wordpress\/wp-content\/uploads\/2024\/10\/1-200x150.jpg 200w, https:\/\/sfgrs.de\/wordpress\/wp-content\/uploads\/2024\/10\/1-400x300.jpg 400w, https:\/\/sfgrs.de\/wordpress\/wp-content\/uploads\/2024\/10\/1-600x450.jpg 600w, https:\/\/sfgrs.de\/wordpress\/wp-content\/uploads\/2024\/10\/1-800x600.jpg 800w, https:\/\/sfgrs.de\/wordpress\/wp-content\/uploads\/2024\/10\/1-1200x900.jpg 1200w, https:\/\/sfgrs.de\/wordpress\/wp-content\/uploads\/2024\/10\/1.jpg 2016w\" sizes=\"(min-width: 2200px) 100vw, (min-width: 800px) 694px, (min-width: 640px) 800px, \" \/><\/div><\/div><\/div><div class=\"swiper-slide\"><div class=\"fusion-carousel-item-wrapper\"><div class=\"fusion-image-wrapper hover-type-none\"><img decoding=\"async\" width=\"1539\" height=\"1170\" src=\"https:\/\/sfgrs.de\/wordpress\/wp-content\/uploads\/2024\/10\/9.jpg\" class=\"attachment-full size-full\" alt=\"\" srcset=\"https:\/\/sfgrs.de\/wordpress\/wp-content\/uploads\/2024\/10\/9-200x152.jpg 200w, https:\/\/sfgrs.de\/wordpress\/wp-content\/uploads\/2024\/10\/9-400x304.jpg 400w, https:\/\/sfgrs.de\/wordpress\/wp-content\/uploads\/2024\/10\/9-600x456.jpg 600w, https:\/\/sfgrs.de\/wordpress\/wp-content\/uploads\/2024\/10\/9-800x608.jpg 800w, https:\/\/sfgrs.de\/wordpress\/wp-content\/uploads\/2024\/10\/9-1200x912.jpg 1200w, https:\/\/sfgrs.de\/wordpress\/wp-content\/uploads\/2024\/10\/9.jpg 1539w\" sizes=\"(min-width: 2200px) 100vw, (min-width: 800px) 694px, (min-width: 640px) 800px, \" \/><\/div><\/div><\/div><\/div><div class=\"awb-swiper-button awb-swiper-button-prev\"><i class=\"awb-icon-angle-left\" aria-hidden=\"true\"><\/i><\/div><div class=\"awb-swiper-button awb-swiper-button-next\"><i class=\"awb-icon-angle-right\" aria-hidden=\"true\"><\/i><\/div><\/div><\/div><\/div><\/div><div class=\"fusion-layout-column fusion_builder_column fusion-builder-column-2 fusion_builder_column_1_6 1_6 fusion-flex-column\" style=\"--awb-bg-size:cover;--awb-width-large:16.666666666667%;--awb-margin-top-large:0px;--awb-spacing-right-large:11.52%;--awb-margin-bottom-large:20px;--awb-spacing-left-large:11.52%;--awb-width-medium:100%;--awb-order-medium:0;--awb-spacing-right-medium:1.92%;--awb-spacing-left-medium:1.92%;--awb-width-small:100%;--awb-order-small:0;--awb-spacing-right-small:1.92%;--awb-spacing-left-small:1.92%;\"><div class=\"fusion-column-wrapper fusion-column-has-shadow fusion-flex-justify-content-flex-start fusion-content-layout-column\"><\/div><\/div><\/div><\/div>\n","protected":false},"excerpt":{"rendered":"","protected":false},"author":1,"featured_media":0,"parent":0,"menu_order":0,"comment_status":"closed","ping_status":"closed","template":"","meta":{"footnotes":""},"categories":[],"tags":[],"class_list":["post-11668","page","type-page","status-publish","hentry"],"_links":{"self":[{"href":"https:\/\/sfgrs.de\/wordpress\/index.php\/wp-json\/wp\/v2\/pages\/11668","targetHints":{"allow":["GET"]}}],"collection":[{"href":"https:\/\/sfgrs.de\/wordpress\/index.php\/wp-json\/wp\/v2\/pages"}],"about":[{"href":"https:\/\/sfgrs.de\/wordpress\/index.php\/wp-json\/wp\/v2\/types\/page"}],"author":[{"embeddable":true,"href":"https:\/\/sfgrs.de\/wordpress\/index.php\/wp-json\/wp\/v2\/users\/1"}],"replies":[{"embeddable":true,"href":"https:\/\/sfgrs.de\/wordpress\/index.php\/wp-json\/wp\/v2\/comments?post=11668"}],"version-history":[{"count":2,"href":"https:\/\/sfgrs.de\/wordpress\/index.php\/wp-json\/wp\/v2\/pages\/11668\/revisions"}],"predecessor-version":[{"id":11671,"href":"https:\/\/sfgrs.de\/wordpress\/index.php\/wp-json\/wp\/v2\/pages\/11668\/revisions\/11671"}],"wp:attachment":[{"href":"https:\/\/sfgrs.de\/wordpress\/index.php\/wp-json\/wp\/v2\/media?parent=11668"}],"wp:term":[{"taxonomy":"category","embeddable":true,"href":"https:\/\/sfgrs.de\/wordpress\/index.php\/wp-json\/wp\/v2\/categories?post=11668"},{"taxonomy":"post_tag","embeddable":true,"href":"https:\/\/sfgrs.de\/wordpress\/index.php\/wp-json\/wp\/v2\/tags?post=11668"}],"curies":[{"name":"wp","href":"https:\/\/api.w.org\/{rel}","templated":true}]}}