{"id":11739,"date":"2024-10-30T12:12:28","date_gmt":"2024-10-30T11:12:28","guid":{"rendered":"https:\/\/sfgrs.de\/wordpress\/sfgrs-24\/?page_id=11739"},"modified":"2024-10-30T15:20:12","modified_gmt":"2024-10-30T14:20:12","slug":"schulfest","status":"publish","type":"page","link":"https:\/\/sfgrs.de\/wordpress\/index.php\/schulfest\/","title":{"rendered":"Schulfest"},"content":{"rendered":"<div class=\"fusion-fullwidth fullwidth-box fusion-builder-row-1 fusion-flex-container has-pattern-background has-mask-background nonhundred-percent-fullwidth non-hundred-percent-height-scrolling\" style=\"--awb-border-radius-top-left:0px;--awb-border-radius-top-right:0px;--awb-border-radius-bottom-right:0px;--awb-border-radius-bottom-left:0px;--awb-flex-wrap:wrap;\" ><div class=\"fusion-builder-row fusion-row fusion-flex-align-items-flex-start fusion-flex-content-wrap\" style=\"max-width:1456px;margin-left: calc(-4% \/ 2 );margin-right: calc(-4% \/ 2 );\"><div class=\"fusion-layout-column fusion_builder_column fusion-builder-column-0 fusion_builder_column_1_6 1_6 fusion-flex-column\" style=\"--awb-bg-size:cover;--awb-width-large:16.666666666667%;--awb-margin-top-large:0px;--awb-spacing-right-large:11.52%;--awb-margin-bottom-large:20px;--awb-spacing-left-large:11.52%;--awb-width-medium:100%;--awb-order-medium:0;--awb-spacing-right-medium:1.92%;--awb-spacing-left-medium:1.92%;--awb-width-small:100%;--awb-order-small:0;--awb-spacing-right-small:1.92%;--awb-spacing-left-small:1.92%;\"><div class=\"fusion-column-wrapper fusion-column-has-shadow fusion-flex-justify-content-flex-start fusion-content-layout-column\"><\/div><\/div><div class=\"fusion-layout-column fusion_builder_column fusion-builder-column-1 fusion_builder_column_2_3 2_3 fusion-flex-column\" style=\"--awb-bg-size:cover;--awb-width-large:66.666666666667%;--awb-margin-top-large:0px;--awb-spacing-right-large:2.88%;--awb-margin-bottom-large:20px;--awb-spacing-left-large:2.88%;--awb-width-medium:100%;--awb-order-medium:0;--awb-spacing-right-medium:1.92%;--awb-spacing-left-medium:1.92%;--awb-width-small:100%;--awb-order-small:0;--awb-spacing-right-small:1.92%;--awb-spacing-left-small:1.92%;\"><div class=\"fusion-column-wrapper fusion-column-has-shadow fusion-flex-justify-content-flex-start fusion-content-layout-column\"><div class=\"fusion-image-element \" style=\"--awb-aspect-ratio:21 \/ 9;--awb-object-position:49% 27%;--awb-margin-bottom:30px;--awb-caption-title-font-family:var(--h2_typography-font-family);--awb-caption-title-font-weight:var(--h2_typography-font-weight);--awb-caption-title-font-style:var(--h2_typography-font-style);--awb-caption-title-size:var(--h2_typography-font-size);--awb-caption-title-transform:var(--h2_typography-text-transform);--awb-caption-title-line-height:var(--h2_typography-line-height);--awb-caption-title-letter-spacing:var(--h2_typography-letter-spacing);\"><span class=\" fusion-imageframe imageframe-none imageframe-1 hover-type-none has-aspect-ratio\"><img decoding=\"async\" width=\"300\" height=\"246\" title=\"79 &#8211; Schulfest 2024_L-05835 &#8211; SQUARE\" src=\"https:\/\/sfgrs.de\/wordpress\/wp-content\/uploads\/2024\/07\/79-Schulfest-2024_L-05835-SQUARE-300x246.jpg\" class=\"img-responsive wp-image-9571 img-with-aspect-ratio\" alt srcset=\"https:\/\/sfgrs.de\/wordpress\/wp-content\/uploads\/2024\/07\/79-Schulfest-2024_L-05835-SQUARE-200x164.jpg 200w, https:\/\/sfgrs.de\/wordpress\/wp-content\/uploads\/2024\/07\/79-Schulfest-2024_L-05835-SQUARE-400x328.jpg 400w, https:\/\/sfgrs.de\/wordpress\/wp-content\/uploads\/2024\/07\/79-Schulfest-2024_L-05835-SQUARE-600x492.jpg 600w, https:\/\/sfgrs.de\/wordpress\/wp-content\/uploads\/2024\/07\/79-Schulfest-2024_L-05835-SQUARE-800x656.jpg 800w, https:\/\/sfgrs.de\/wordpress\/wp-content\/uploads\/2024\/07\/79-Schulfest-2024_L-05835-SQUARE-1200x984.jpg 1200w\" sizes=\"(max-width: 1140px) 100vw, (max-width: 640px) 100vw, 1200px\" \/><\/span><\/div><div class=\"fusion-text fusion-text-1\"><h3><strong>Unser Schulfest<\/strong><\/h3>\n<ul>\n<li>J\u00e4hrliche Abrundung des Schuljahres (letzter Samstag im Schuljahr)<\/li>\n<li>Sch\u00fclerinnen bestimmen mit Lehrkr\u00e4ften auf der SV Fahrt das Thema des Festes<\/li>\n<li>Schulgemeinschaft bringt kreative Angebote und Aktivit\u00e4ten ein und machen das Schulfest bunt<\/li>\n<li>Kulinarische Vielfalt<\/li>\n<li>Gemeinschaftliches Arbeiten aller schulischer Bereiche (Sch\u00fclerinnen, Eltern und Lehrkr\u00e4fte<\/li>\n<li>Schule \u00f6ffnet ihre Pforte und bietet Einblicke ins Schulleben am SFGRS<\/li>\n<\/ul>\n<p>Unser Schulfest am St. Franziskus ist f\u00fcr viele der feierliche Abschluss des Schuljahres. Das Event findet jedes Jahr am letzten Samstag des Schuljahres statt. Jedes Jahr kommen aus der Sch\u00fclerschaft viele Themenvorschl\u00e4ge, welche w\u00e4hrend der SV Fahrt besprochen werden. In Abstimmung mit Schulleitung und Lehrkr\u00e4ften wird das Motto festgelegt. Auf dieser Basis wird von der gesamten Schulgemeinschaft ein buntes Programm auf die Beine gestellt. Dieses reicht von Angeboten \u00fcber Aktivit\u00e4ten bis hin zu kulinarischen Highlights. Alle Beteiligten bereiten ihren Bereich liebevoll vor und Frauen sich auf viele Besucher. Das Schulfest am SFGRS ist eine tolle M\u00f6glichkeit Einblicke in die Schulgemeinschaft zu erhalten und sich einen vielf\u00e4ltigen Tag zu bereiten.<\/p>\n<\/div><div class=\"fusion-image-carousel fusion-image-carousel-auto fusion-image-carousel-1 fusion-carousel-border\"><div class=\"awb-carousel awb-swiper awb-swiper-carousel\" data-autoplay=\"no\" data-columns=\"3\" data-itemmargin=\"13\" data-itemwidth=\"180\" data-touchscroll=\"no\" data-imagesize=\"auto\" style=\"--awb-columns:3;\"><div class=\"swiper-wrapper awb-image-carousel-wrapper fusion-flex-align-items-center\"><div class=\"swiper-slide\"><div class=\"fusion-carousel-item-wrapper\"><div class=\"fusion-image-wrapper hover-type-none\"><img decoding=\"async\" width=\"1707\" height=\"2560\" src=\"https:\/\/sfgrs.de\/wordpress\/wp-content\/uploads\/2024\/07\/67-Schulfest-2024_L-05801-scaled.jpg\" class=\"attachment-full size-full\" alt=\"\" srcset=\"https:\/\/sfgrs.de\/wordpress\/wp-content\/uploads\/2024\/07\/67-Schulfest-2024_L-05801-200x300.jpg 200w, https:\/\/sfgrs.de\/wordpress\/wp-content\/uploads\/2024\/07\/67-Schulfest-2024_L-05801-400x600.jpg 400w, https:\/\/sfgrs.de\/wordpress\/wp-content\/uploads\/2024\/07\/67-Schulfest-2024_L-05801-600x900.jpg 600w, https:\/\/sfgrs.de\/wordpress\/wp-content\/uploads\/2024\/07\/67-Schulfest-2024_L-05801-800x1200.jpg 800w, https:\/\/sfgrs.de\/wordpress\/wp-content\/uploads\/2024\/07\/67-Schulfest-2024_L-05801-1200x1800.jpg 1200w, https:\/\/sfgrs.de\/wordpress\/wp-content\/uploads\/2024\/07\/67-Schulfest-2024_L-05801-scaled.jpg 1707w\" sizes=\"(min-width: 2200px) 100vw, (min-width: 960px) 458px, (min-width: 800px) 687px, (min-width: 640px) 800px, \" \/><\/div><\/div><\/div><div class=\"swiper-slide\"><div class=\"fusion-carousel-item-wrapper\"><div class=\"fusion-image-wrapper hover-type-none\"><img decoding=\"async\" width=\"1707\" height=\"2560\" src=\"https:\/\/sfgrs.de\/wordpress\/wp-content\/uploads\/2024\/07\/72-Schulfest-2024_L-05819-scaled.jpg\" class=\"attachment-full size-full\" alt=\"\" srcset=\"https:\/\/sfgrs.de\/wordpress\/wp-content\/uploads\/2024\/07\/72-Schulfest-2024_L-05819-200x300.jpg 200w, https:\/\/sfgrs.de\/wordpress\/wp-content\/uploads\/2024\/07\/72-Schulfest-2024_L-05819-400x600.jpg 400w, https:\/\/sfgrs.de\/wordpress\/wp-content\/uploads\/2024\/07\/72-Schulfest-2024_L-05819-600x900.jpg 600w, https:\/\/sfgrs.de\/wordpress\/wp-content\/uploads\/2024\/07\/72-Schulfest-2024_L-05819-800x1200.jpg 800w, https:\/\/sfgrs.de\/wordpress\/wp-content\/uploads\/2024\/07\/72-Schulfest-2024_L-05819-1200x1800.jpg 1200w, https:\/\/sfgrs.de\/wordpress\/wp-content\/uploads\/2024\/07\/72-Schulfest-2024_L-05819-scaled.jpg 1707w\" sizes=\"(min-width: 2200px) 100vw, (min-width: 960px) 458px, (min-width: 800px) 687px, (min-width: 640px) 800px, \" \/><\/div><\/div><\/div><div class=\"swiper-slide\"><div class=\"fusion-carousel-item-wrapper\"><div class=\"fusion-image-wrapper hover-type-none\"><img decoding=\"async\" width=\"1707\" height=\"2560\" src=\"https:\/\/sfgrs.de\/wordpress\/wp-content\/uploads\/2024\/07\/74-Schulfest-2024_L-05822-scaled.jpg\" class=\"attachment-full size-full\" alt=\"\" srcset=\"https:\/\/sfgrs.de\/wordpress\/wp-content\/uploads\/2024\/07\/74-Schulfest-2024_L-05822-200x300.jpg 200w, https:\/\/sfgrs.de\/wordpress\/wp-content\/uploads\/2024\/07\/74-Schulfest-2024_L-05822-400x600.jpg 400w, https:\/\/sfgrs.de\/wordpress\/wp-content\/uploads\/2024\/07\/74-Schulfest-2024_L-05822-600x900.jpg 600w, https:\/\/sfgrs.de\/wordpress\/wp-content\/uploads\/2024\/07\/74-Schulfest-2024_L-05822-800x1200.jpg 800w, https:\/\/sfgrs.de\/wordpress\/wp-content\/uploads\/2024\/07\/74-Schulfest-2024_L-05822-1200x1800.jpg 1200w, https:\/\/sfgrs.de\/wordpress\/wp-content\/uploads\/2024\/07\/74-Schulfest-2024_L-05822-scaled.jpg 1707w\" sizes=\"(min-width: 2200px) 100vw, (min-width: 960px) 458px, (min-width: 800px) 687px, (min-width: 640px) 800px, \" \/><\/div><\/div><\/div><div class=\"swiper-slide\"><div class=\"fusion-carousel-item-wrapper\"><div class=\"fusion-image-wrapper hover-type-none\"><img decoding=\"async\" width=\"1707\" height=\"2560\" src=\"https:\/\/sfgrs.de\/wordpress\/wp-content\/uploads\/2024\/07\/96-Schulfest-2024_L-05871-scaled.jpg\" class=\"attachment-full size-full\" alt=\"\" srcset=\"https:\/\/sfgrs.de\/wordpress\/wp-content\/uploads\/2024\/07\/96-Schulfest-2024_L-05871-200x300.jpg 200w, https:\/\/sfgrs.de\/wordpress\/wp-content\/uploads\/2024\/07\/96-Schulfest-2024_L-05871-400x600.jpg 400w, https:\/\/sfgrs.de\/wordpress\/wp-content\/uploads\/2024\/07\/96-Schulfest-2024_L-05871-600x900.jpg 600w, https:\/\/sfgrs.de\/wordpress\/wp-content\/uploads\/2024\/07\/96-Schulfest-2024_L-05871-800x1200.jpg 800w, https:\/\/sfgrs.de\/wordpress\/wp-content\/uploads\/2024\/07\/96-Schulfest-2024_L-05871-1200x1800.jpg 1200w, https:\/\/sfgrs.de\/wordpress\/wp-content\/uploads\/2024\/07\/96-Schulfest-2024_L-05871-scaled.jpg 1707w\" sizes=\"(min-width: 2200px) 100vw, (min-width: 960px) 458px, (min-width: 800px) 687px, (min-width: 640px) 800px, \" \/><\/div><\/div><\/div><div class=\"swiper-slide\"><div class=\"fusion-carousel-item-wrapper\"><div class=\"fusion-image-wrapper hover-type-none\"><img decoding=\"async\" width=\"1707\" height=\"2560\" src=\"https:\/\/sfgrs.de\/wordpress\/wp-content\/uploads\/2024\/07\/1-Schulfest-2024_L-05650-scaled.jpg\" class=\"attachment-full size-full\" alt=\"\" srcset=\"https:\/\/sfgrs.de\/wordpress\/wp-content\/uploads\/2024\/07\/1-Schulfest-2024_L-05650-200x300.jpg 200w, https:\/\/sfgrs.de\/wordpress\/wp-content\/uploads\/2024\/07\/1-Schulfest-2024_L-05650-400x600.jpg 400w, https:\/\/sfgrs.de\/wordpress\/wp-content\/uploads\/2024\/07\/1-Schulfest-2024_L-05650-600x900.jpg 600w, https:\/\/sfgrs.de\/wordpress\/wp-content\/uploads\/2024\/07\/1-Schulfest-2024_L-05650-800x1200.jpg 800w, https:\/\/sfgrs.de\/wordpress\/wp-content\/uploads\/2024\/07\/1-Schulfest-2024_L-05650-1200x1800.jpg 1200w, https:\/\/sfgrs.de\/wordpress\/wp-content\/uploads\/2024\/07\/1-Schulfest-2024_L-05650-scaled.jpg 1707w\" sizes=\"(min-width: 2200px) 100vw, (min-width: 960px) 458px, (min-width: 800px) 687px, (min-width: 640px) 800px, \" \/><\/div><\/div><\/div><div class=\"swiper-slide\"><div class=\"fusion-carousel-item-wrapper\"><div class=\"fusion-image-wrapper hover-type-none\"><img decoding=\"async\" width=\"1707\" height=\"2560\" src=\"https:\/\/sfgrs.de\/wordpress\/wp-content\/uploads\/2024\/07\/12-Schulfest-2024_L-05674-scaled.jpg\" class=\"attachment-full size-full\" alt=\"\" srcset=\"https:\/\/sfgrs.de\/wordpress\/wp-content\/uploads\/2024\/07\/12-Schulfest-2024_L-05674-200x300.jpg 200w, https:\/\/sfgrs.de\/wordpress\/wp-content\/uploads\/2024\/07\/12-Schulfest-2024_L-05674-400x600.jpg 400w, https:\/\/sfgrs.de\/wordpress\/wp-content\/uploads\/2024\/07\/12-Schulfest-2024_L-05674-600x900.jpg 600w, https:\/\/sfgrs.de\/wordpress\/wp-content\/uploads\/2024\/07\/12-Schulfest-2024_L-05674-800x1200.jpg 800w, https:\/\/sfgrs.de\/wordpress\/wp-content\/uploads\/2024\/07\/12-Schulfest-2024_L-05674-1200x1800.jpg 1200w, https:\/\/sfgrs.de\/wordpress\/wp-content\/uploads\/2024\/07\/12-Schulfest-2024_L-05674-scaled.jpg 1707w\" sizes=\"(min-width: 2200px) 100vw, (min-width: 960px) 458px, (min-width: 800px) 687px, (min-width: 640px) 800px, \" \/><\/div><\/div><\/div><div class=\"swiper-slide\"><div class=\"fusion-carousel-item-wrapper\"><div class=\"fusion-image-wrapper hover-type-none\"><img decoding=\"async\" width=\"1707\" height=\"2560\" src=\"https:\/\/sfgrs.de\/wordpress\/wp-content\/uploads\/2024\/07\/14-Schulfest-2024_L-05681-scaled.jpg\" class=\"attachment-full size-full\" alt=\"\" srcset=\"https:\/\/sfgrs.de\/wordpress\/wp-content\/uploads\/2024\/07\/14-Schulfest-2024_L-05681-200x300.jpg 200w, https:\/\/sfgrs.de\/wordpress\/wp-content\/uploads\/2024\/07\/14-Schulfest-2024_L-05681-400x600.jpg 400w, https:\/\/sfgrs.de\/wordpress\/wp-content\/uploads\/2024\/07\/14-Schulfest-2024_L-05681-600x900.jpg 600w, https:\/\/sfgrs.de\/wordpress\/wp-content\/uploads\/2024\/07\/14-Schulfest-2024_L-05681-800x1200.jpg 800w, https:\/\/sfgrs.de\/wordpress\/wp-content\/uploads\/2024\/07\/14-Schulfest-2024_L-05681-1200x1800.jpg 1200w, https:\/\/sfgrs.de\/wordpress\/wp-content\/uploads\/2024\/07\/14-Schulfest-2024_L-05681-scaled.jpg 1707w\" sizes=\"(min-width: 2200px) 100vw, (min-width: 960px) 458px, (min-width: 800px) 687px, (min-width: 640px) 800px, \" \/><\/div><\/div><\/div><div class=\"swiper-slide\"><div class=\"fusion-carousel-item-wrapper\"><div class=\"fusion-image-wrapper hover-type-none\"><img decoding=\"async\" width=\"1707\" height=\"2560\" src=\"https:\/\/sfgrs.de\/wordpress\/wp-content\/uploads\/2024\/07\/58-Schulfest-2024_L-05783-scaled.jpg\" class=\"attachment-full size-full\" alt=\"\" srcset=\"https:\/\/sfgrs.de\/wordpress\/wp-content\/uploads\/2024\/07\/58-Schulfest-2024_L-05783-200x300.jpg 200w, https:\/\/sfgrs.de\/wordpress\/wp-content\/uploads\/2024\/07\/58-Schulfest-2024_L-05783-400x600.jpg 400w, https:\/\/sfgrs.de\/wordpress\/wp-content\/uploads\/2024\/07\/58-Schulfest-2024_L-05783-600x900.jpg 600w, https:\/\/sfgrs.de\/wordpress\/wp-content\/uploads\/2024\/07\/58-Schulfest-2024_L-05783-800x1200.jpg 800w, https:\/\/sfgrs.de\/wordpress\/wp-content\/uploads\/2024\/07\/58-Schulfest-2024_L-05783-1200x1800.jpg 1200w, https:\/\/sfgrs.de\/wordpress\/wp-content\/uploads\/2024\/07\/58-Schulfest-2024_L-05783-scaled.jpg 1707w\" sizes=\"(min-width: 2200px) 100vw, (min-width: 960px) 458px, (min-width: 800px) 687px, (min-width: 640px) 800px, \" \/><\/div><\/div><\/div><\/div><div class=\"awb-swiper-button awb-swiper-button-prev\"><i class=\"awb-icon-angle-left\" aria-hidden=\"true\"><\/i><\/div><div class=\"awb-swiper-button awb-swiper-button-next\"><i class=\"awb-icon-angle-right\" aria-hidden=\"true\"><\/i><\/div><\/div><\/div><\/div><\/div><div class=\"fusion-layout-column fusion_builder_column fusion-builder-column-2 fusion_builder_column_1_6 1_6 fusion-flex-column\" style=\"--awb-bg-size:cover;--awb-width-large:16.666666666667%;--awb-margin-top-large:0px;--awb-spacing-right-large:11.52%;--awb-margin-bottom-large:20px;--awb-spacing-left-large:11.52%;--awb-width-medium:100%;--awb-order-medium:0;--awb-spacing-right-medium:1.92%;--awb-spacing-left-medium:1.92%;--awb-width-small:100%;--awb-order-small:0;--awb-spacing-right-small:1.92%;--awb-spacing-left-small:1.92%;\"><div class=\"fusion-column-wrapper fusion-column-has-shadow fusion-flex-justify-content-flex-start fusion-content-layout-column\"><\/div><\/div><\/div><\/div>\n","protected":false},"excerpt":{"rendered":"","protected":false},"author":13,"featured_media":0,"parent":0,"menu_order":0,"comment_status":"closed","ping_status":"closed","template":"","meta":{"footnotes":""},"categories":[55],"tags":[],"class_list":["post-11739","page","type-page","status-publish","hentry","category-sub-unser-profil"],"_links":{"self":[{"href":"https:\/\/sfgrs.de\/wordpress\/index.php\/wp-json\/wp\/v2\/pages\/11739","targetHints":{"allow":["GET"]}}],"collection":[{"href":"https:\/\/sfgrs.de\/wordpress\/index.php\/wp-json\/wp\/v2\/pages"}],"about":[{"href":"https:\/\/sfgrs.de\/wordpress\/index.php\/wp-json\/wp\/v2\/types\/page"}],"author":[{"embeddable":true,"href":"https:\/\/sfgrs.de\/wordpress\/index.php\/wp-json\/wp\/v2\/users\/13"}],"replies":[{"embeddable":true,"href":"https:\/\/sfgrs.de\/wordpress\/index.php\/wp-json\/wp\/v2\/comments?post=11739"}],"version-history":[{"count":3,"href":"https:\/\/sfgrs.de\/wordpress\/index.php\/wp-json\/wp\/v2\/pages\/11739\/revisions"}],"predecessor-version":[{"id":11827,"href":"https:\/\/sfgrs.de\/wordpress\/index.php\/wp-json\/wp\/v2\/pages\/11739\/revisions\/11827"}],"wp:attachment":[{"href":"https:\/\/sfgrs.de\/wordpress\/index.php\/wp-json\/wp\/v2\/media?parent=11739"}],"wp:term":[{"taxonomy":"category","embeddable":true,"href":"https:\/\/sfgrs.de\/wordpress\/index.php\/wp-json\/wp\/v2\/categories?post=11739"},{"taxonomy":"post_tag","embeddable":true,"href":"https:\/\/sfgrs.de\/wordpress\/index.php\/wp-json\/wp\/v2\/tags?post=11739"}],"curies":[{"name":"wp","href":"https:\/\/api.w.org\/{rel}","templated":true}]}}