{"id":12221,"date":"2024-12-04T11:33:19","date_gmt":"2024-12-04T10:33:19","guid":{"rendered":"https:\/\/sfgrs.de\/wordpress\/?page_id=12221"},"modified":"2024-12-04T11:33:19","modified_gmt":"2024-12-04T10:33:19","slug":"zahlenjongleur","status":"publish","type":"page","link":"https:\/\/sfgrs.de\/wordpress\/index.php\/zahlenjongleur\/","title":{"rendered":"Zahlenjongleur"},"content":{"rendered":"<div class=\"fusion-fullwidth fullwidth-box fusion-builder-row-1 fusion-flex-container has-pattern-background has-mask-background nonhundred-percent-fullwidth non-hundred-percent-height-scrolling\" style=\"--awb-border-radius-top-left:0px;--awb-border-radius-top-right:0px;--awb-border-radius-bottom-right:0px;--awb-border-radius-bottom-left:0px;--awb-flex-wrap:wrap;\" ><div class=\"fusion-builder-row fusion-row fusion-flex-align-items-flex-start fusion-flex-content-wrap\" style=\"max-width:1456px;margin-left: calc(-4% \/ 2 );margin-right: calc(-4% \/ 2 );\"><div class=\"fusion-layout-column fusion_builder_column fusion-builder-column-0 fusion_builder_column_1_6 1_6 fusion-flex-column\" style=\"--awb-bg-size:cover;--awb-width-large:16.666666666667%;--awb-margin-top-large:0px;--awb-spacing-right-large:11.52%;--awb-margin-bottom-large:20px;--awb-spacing-left-large:11.52%;--awb-width-medium:100%;--awb-order-medium:0;--awb-spacing-right-medium:1.92%;--awb-spacing-left-medium:1.92%;--awb-width-small:100%;--awb-order-small:0;--awb-spacing-right-small:1.92%;--awb-spacing-left-small:1.92%;\"><div class=\"fusion-column-wrapper fusion-column-has-shadow fusion-flex-justify-content-flex-start fusion-content-layout-column\"><\/div><\/div><div class=\"fusion-layout-column fusion_builder_column fusion-builder-column-1 fusion_builder_column_2_3 2_3 fusion-flex-column\" style=\"--awb-bg-size:cover;--awb-width-large:66.666666666667%;--awb-margin-top-large:0px;--awb-spacing-right-large:2.88%;--awb-margin-bottom-large:20px;--awb-spacing-left-large:2.88%;--awb-width-medium:100%;--awb-order-medium:0;--awb-spacing-right-medium:1.92%;--awb-spacing-left-medium:1.92%;--awb-width-small:100%;--awb-order-small:0;--awb-spacing-right-small:1.92%;--awb-spacing-left-small:1.92%;\"><div class=\"fusion-column-wrapper fusion-column-has-shadow fusion-flex-justify-content-flex-start fusion-content-layout-column\"><div class=\"fusion-image-element \" style=\"--awb-aspect-ratio:21 \/ 9;--awb-object-position:49% 49%;--awb-margin-bottom:30px;--awb-caption-title-font-family:var(--h2_typography-font-family);--awb-caption-title-font-weight:var(--h2_typography-font-weight);--awb-caption-title-font-style:var(--h2_typography-font-style);--awb-caption-title-size:var(--h2_typography-font-size);--awb-caption-title-transform:var(--h2_typography-text-transform);--awb-caption-title-line-height:var(--h2_typography-line-height);--awb-caption-title-letter-spacing:var(--h2_typography-letter-spacing);\"><span class=\" fusion-imageframe imageframe-none imageframe-1 hover-type-none has-aspect-ratio\"><img decoding=\"async\" width=\"300\" height=\"176\" title=\"IMG_20241120_140000_home_1\" src=\"https:\/\/sfgrs.de\/wordpress\/wp-content\/uploads\/2024\/12\/IMG_20241120_140000_home_1-300x176.jpg\" class=\"img-responsive wp-image-12226 img-with-aspect-ratio\" alt srcset=\"https:\/\/sfgrs.de\/wordpress\/wp-content\/uploads\/2024\/12\/IMG_20241120_140000_home_1-200x118.jpg 200w, https:\/\/sfgrs.de\/wordpress\/wp-content\/uploads\/2024\/12\/IMG_20241120_140000_home_1-400x235.jpg 400w, https:\/\/sfgrs.de\/wordpress\/wp-content\/uploads\/2024\/12\/IMG_20241120_140000_home_1-600x353.jpg 600w, https:\/\/sfgrs.de\/wordpress\/wp-content\/uploads\/2024\/12\/IMG_20241120_140000_home_1-800x470.jpg 800w, https:\/\/sfgrs.de\/wordpress\/wp-content\/uploads\/2024\/12\/IMG_20241120_140000_home_1-1200x706.jpg 1200w\" sizes=\"(max-width: 1140px) 100vw, (max-width: 640px) 100vw, 1200px\" \/><\/span><\/div><div class=\"fusion-text fusion-text-1\"><h4>Zahlenjongleur &#8211; Alle Kinder k\u00f6nnen Mathe!<\/h4>\n<\/div><div class=\"fusion-image-element \" style=\"--awb-caption-title-font-family:var(--h2_typography-font-family);--awb-caption-title-font-weight:var(--h2_typography-font-weight);--awb-caption-title-font-style:var(--h2_typography-font-style);--awb-caption-title-size:var(--h2_typography-font-size);--awb-caption-title-transform:var(--h2_typography-text-transform);--awb-caption-title-line-height:var(--h2_typography-line-height);--awb-caption-title-letter-spacing:var(--h2_typography-letter-spacing);\"><span class=\" fusion-imageframe imageframe-none imageframe-2 hover-type-none\"><img decoding=\"async\" width=\"121\" height=\"126\" title=\"Smiley 2\" src=\"https:\/\/sfgrs.de\/wordpress\/wp-content\/uploads\/2024\/12\/Smiley-2.png\" alt class=\"img-responsive wp-image-12223\"\/><\/span><\/div><div class=\"accordian fusion-accordian\" style=\"--awb-border-size:1px;--awb-icon-size:13px;--awb-content-font-size:16px;--awb-icon-alignment:left;--awb-hover-color:#f9f9f9;--awb-border-color:var(--awb-color3);--awb-background-color:#ffffff;--awb-divider-color:var(--awb-color3);--awb-divider-hover-color:var(--awb-color3);--awb-icon-color:#ffffff;--awb-title-color:#5dad24;--awb-content-color:#747474;--awb-icon-box-color:#b8d3b6;--awb-toggle-hover-accent-color:var(--awb-color7);--awb-toggle-active-accent-color:var(--awb-color5);--awb-title-font-family:var(--awb-typography4-font-family);--awb-title-font-weight:var(--awb-typography4-font-weight);--awb-title-font-style:var(--awb-typography4-font-style);--awb-title-font-size:var(--awb-typography4-font-size);--awb-title-letter-spacing:var(--awb-typography4-letter-spacing);--awb-title-line-height:var(--awb-typography4-line-height);--awb-content-font-family:&quot;Raleway&quot;;--awb-content-font-style:normal;--awb-content-font-weight:400;\"><div class=\"panel-group fusion-toggle-icon-boxed\" id=\"accordion-12221-1\"><div class=\"fusion-panel panel-default panel-bae14d4f252ceedf3 fusion-toggle-has-divider\" style=\"--awb-title-color:#5dad24;\"><div class=\"panel-heading\"><h4 class=\"panel-title toggle\" id=\"toggle_bae14d4f252ceedf3\"><a aria-expanded=\"false\" aria-controls=\"bae14d4f252ceedf3\" role=\"button\" data-toggle=\"collapse\" data-parent=\"#accordion-12221-1\" data-target=\"#bae14d4f252ceedf3\" href=\"#bae14d4f252ceedf3\"><span class=\"fusion-toggle-icon-wrapper\" aria-hidden=\"true\"><i class=\"fa-fusion-box active-icon awb-icon-minus\" aria-hidden=\"true\"><\/i><i class=\"fa-fusion-box inactive-icon awb-icon-plus\" aria-hidden=\"true\"><\/i><\/span><span class=\"fusion-toggle-heading\">Infos f\u00fcr Eltern<\/span><\/a><\/h4><\/div><div id=\"bae14d4f252ceedf3\" class=\"panel-collapse collapse \" aria-labelledby=\"toggle_bae14d4f252ceedf3\"><div class=\"panel-body toggle-content fusion-clearfix\">\n<p><strong>Alle Kinder k\u00f6nnen Mathe!<\/strong><\/p>\n<p><strong>Die AG Zahlenjongleur bei Frau Dr. Trauth und Frau Zoller<\/strong><\/p>\n<p>Seit sieben Jahren f\u00f6rdern wir in unserer AG \u201eZahlenjongleur\u201c Sch\u00fclerinnen mit diagnostizierter Dyskalkulie und auch andere, die eine Rechenschw\u00e4che zeigen.<br \/>\nAlle Sch\u00fclerinnen unserer 5. Klassen schreiben am Anfang des Schuljahres einen unbenoteten Eingangstest zu den vier Leitideen (Zahlen, Gr\u00f6\u00dfen und Messen, Raum und Form, Daten und Zufall), um Schwierigkeiten in diesen Bereichen herauszufinden. Mit Sch\u00fclerinnen, die dabei oder im Unterricht auffallen, wird dann ein ca. 15-min\u00fctiges \u201ediagnostisches Interview\u201c gef\u00fchrt, und die Sch\u00fclerinnen werden nach dem erreichten Lernstandsniveau als f\u00f6rderbed\u00fcrftig oder nicht f\u00f6rderbed\u00fcrftig eingestuft. Alle Eltern der getesteten M\u00e4dchen werden \u00fcber den eventuellen F\u00f6rderbedarf ihres Kindes informiert. Bei einem Elternabend stellen wir das Konzept unserer AG vor.<\/p>\n<\/div><\/div><\/div><div class=\"fusion-panel panel-default panel-5d66e4fb4293d32d6 fusion-toggle-has-divider\" style=\"--awb-title-color:var(--awb-color5);\"><div class=\"panel-heading\"><h4 class=\"panel-title toggle\" id=\"toggle_5d66e4fb4293d32d6\"><a aria-expanded=\"false\" aria-controls=\"5d66e4fb4293d32d6\" role=\"button\" data-toggle=\"collapse\" data-parent=\"#accordion-12221-1\" data-target=\"#5d66e4fb4293d32d6\" href=\"#5d66e4fb4293d32d6\"><span class=\"fusion-toggle-icon-wrapper\" aria-hidden=\"true\"><i class=\"fa-fusion-box active-icon awb-icon-minus\" aria-hidden=\"true\"><\/i><i class=\"fa-fusion-box inactive-icon awb-icon-plus\" aria-hidden=\"true\"><\/i><\/span><span class=\"fusion-toggle-heading\">Infos f\u00fcr Sch\u00fclerinnen<\/span><\/a><\/h4><\/div><div id=\"5d66e4fb4293d32d6\" class=\"panel-collapse collapse \" aria-labelledby=\"toggle_5d66e4fb4293d32d6\"><div class=\"panel-body toggle-content fusion-clearfix\">\n<p>Liebe Sch\u00fclerin,<\/p>\n<p>vielleicht hast Du dich schon einmal gewundert, dass manche mit Zahlen sehr geschickt und schnell umgehen k\u00f6nnen. Das kannst Du auch lernen. Es ist wie beim Sport, wenn man mit Freude und Spa\u00df trainiert, wird man schneller, springt man weiter und hat mehr Erfolg.<\/p>\n<p>Frag Deinen Mathe-Lehrer nach der AG Zahlenjongleur bei Frau Dr. Trauth und Frau Zoller.<\/p>\n<p>Hier kannst Du Lernfortschritte machen und merkst<\/p>\n<ul>\n<li>Mathe kann Spa\u00df machen<\/li>\n<li>Du traust Dir viel mehr zu<\/li>\n<li>Du machst m\u00fcndlich mehr mit<\/li>\n<li>Deine Noten werden allm\u00e4hlich besser.<\/li>\n<\/ul>\n<\/div><\/div><\/div><\/div><\/div><div class=\"fusion-image-carousel fusion-image-carousel-auto fusion-image-carousel-1 fusion-carousel-border\"><div class=\"awb-carousel awb-swiper awb-swiper-carousel\" data-autoplay=\"no\" data-columns=\"5\" data-itemmargin=\"13\" data-itemwidth=\"180\" data-touchscroll=\"no\" data-imagesize=\"auto\"><div class=\"swiper-wrapper awb-image-carousel-wrapper fusion-flex-align-items-center\"><div class=\"swiper-slide\"><div class=\"fusion-carousel-item-wrapper\"><div class=\"fusion-image-wrapper hover-type-none\"><img decoding=\"async\" width=\"2176\" height=\"2560\" src=\"https:\/\/sfgrs.de\/wordpress\/wp-content\/uploads\/2024\/12\/IMG_20241120_134230_home_2-scaled.jpg\" class=\"attachment-full size-full\" alt=\"\" srcset=\"https:\/\/sfgrs.de\/wordpress\/wp-content\/uploads\/2024\/12\/IMG_20241120_134230_home_2-200x235.jpg 200w, https:\/\/sfgrs.de\/wordpress\/wp-content\/uploads\/2024\/12\/IMG_20241120_134230_home_2-400x471.jpg 400w, https:\/\/sfgrs.de\/wordpress\/wp-content\/uploads\/2024\/12\/IMG_20241120_134230_home_2-600x706.jpg 600w, https:\/\/sfgrs.de\/wordpress\/wp-content\/uploads\/2024\/12\/IMG_20241120_134230_home_2-800x941.jpg 800w, https:\/\/sfgrs.de\/wordpress\/wp-content\/uploads\/2024\/12\/IMG_20241120_134230_home_2-1200x1412.jpg 1200w, https:\/\/sfgrs.de\/wordpress\/wp-content\/uploads\/2024\/12\/IMG_20241120_134230_home_2-scaled.jpg 2176w\" sizes=\"(min-width: 2200px) 100vw, (min-width: 960px) 458px, (min-width: 800px) 687px, (min-width: 640px) 800px, \" \/><\/div><\/div><\/div><div class=\"swiper-slide\"><div class=\"fusion-carousel-item-wrapper\"><div class=\"fusion-image-wrapper hover-type-none\"><img decoding=\"async\" width=\"171\" height=\"146\" src=\"https:\/\/sfgrs.de\/wordpress\/wp-content\/uploads\/2024\/12\/Smiley-1.png\" class=\"attachment-full size-full\" alt=\"\" \/><\/div><\/div><\/div><div class=\"swiper-slide\"><div class=\"fusion-carousel-item-wrapper\"><div class=\"fusion-image-wrapper hover-type-none\"><img decoding=\"async\" width=\"264\" height=\"219\" src=\"https:\/\/sfgrs.de\/wordpress\/wp-content\/uploads\/2024\/12\/Bild-3.png\" class=\"attachment-full size-full\" alt=\"\" srcset=\"https:\/\/sfgrs.de\/wordpress\/wp-content\/uploads\/2024\/12\/Bild-3-200x166.png 200w, https:\/\/sfgrs.de\/wordpress\/wp-content\/uploads\/2024\/12\/Bild-3.png 264w\" sizes=\"(min-width: 2200px) 100vw, (min-width: 960px) 458px, (min-width: 800px) 687px, (min-width: 640px) 800px, \" \/><\/div><\/div><\/div><\/div><div class=\"awb-swiper-button awb-swiper-button-prev\"><i class=\"awb-icon-angle-left\" aria-hidden=\"true\"><\/i><\/div><div class=\"awb-swiper-button awb-swiper-button-next\"><i class=\"awb-icon-angle-right\" aria-hidden=\"true\"><\/i><\/div><\/div><\/div><\/div><\/div><div class=\"fusion-layout-column fusion_builder_column fusion-builder-column-2 fusion_builder_column_1_6 1_6 fusion-flex-column\" style=\"--awb-bg-size:cover;--awb-width-large:16.666666666667%;--awb-margin-top-large:0px;--awb-spacing-right-large:11.52%;--awb-margin-bottom-large:20px;--awb-spacing-left-large:11.52%;--awb-width-medium:100%;--awb-order-medium:0;--awb-spacing-right-medium:1.92%;--awb-spacing-left-medium:1.92%;--awb-width-small:100%;--awb-order-small:0;--awb-spacing-right-small:1.92%;--awb-spacing-left-small:1.92%;\"><div class=\"fusion-column-wrapper fusion-column-has-shadow fusion-flex-justify-content-flex-start fusion-content-layout-column\"><\/div><\/div><\/div><\/div>\n","protected":false},"excerpt":{"rendered":"","protected":false},"author":13,"featured_media":0,"parent":0,"menu_order":0,"comment_status":"closed","ping_status":"closed","template":"","meta":{"footnotes":""},"categories":[58],"tags":[],"class_list":["post-12221","page","type-page","status-publish","hentry","category-sub-ag"],"_links":{"self":[{"href":"https:\/\/sfgrs.de\/wordpress\/index.php\/wp-json\/wp\/v2\/pages\/12221","targetHints":{"allow":["GET"]}}],"collection":[{"href":"https:\/\/sfgrs.de\/wordpress\/index.php\/wp-json\/wp\/v2\/pages"}],"about":[{"href":"https:\/\/sfgrs.de\/wordpress\/index.php\/wp-json\/wp\/v2\/types\/page"}],"author":[{"embeddable":true,"href":"https:\/\/sfgrs.de\/wordpress\/index.php\/wp-json\/wp\/v2\/users\/13"}],"replies":[{"embeddable":true,"href":"https:\/\/sfgrs.de\/wordpress\/index.php\/wp-json\/wp\/v2\/comments?post=12221"}],"version-history":[{"count":2,"href":"https:\/\/sfgrs.de\/wordpress\/index.php\/wp-json\/wp\/v2\/pages\/12221\/revisions"}],"predecessor-version":[{"id":12231,"href":"https:\/\/sfgrs.de\/wordpress\/index.php\/wp-json\/wp\/v2\/pages\/12221\/revisions\/12231"}],"wp:attachment":[{"href":"https:\/\/sfgrs.de\/wordpress\/index.php\/wp-json\/wp\/v2\/media?parent=12221"}],"wp:term":[{"taxonomy":"category","embeddable":true,"href":"https:\/\/sfgrs.de\/wordpress\/index.php\/wp-json\/wp\/v2\/categories?post=12221"},{"taxonomy":"post_tag","embeddable":true,"href":"https:\/\/sfgrs.de\/wordpress\/index.php\/wp-json\/wp\/v2\/tags?post=12221"}],"curies":[{"name":"wp","href":"https:\/\/api.w.org\/{rel}","templated":true}]}}