{"id":12731,"date":"2025-09-16T09:06:21","date_gmt":"2025-09-16T07:06:21","guid":{"rendered":"https:\/\/sfgrs.de\/wordpress\/?page_id=12731"},"modified":"2025-10-08T11:20:42","modified_gmt":"2025-10-08T09:20:42","slug":"fundraising","status":"publish","type":"page","link":"https:\/\/sfgrs.de\/wordpress\/index.php\/fundraising\/","title":{"rendered":"Fundraising"},"content":{"rendered":"<p><div class=\"fusion-fullwidth fullwidth-box fusion-builder-row-1 fusion-flex-container has-pattern-background has-mask-background nonhundred-percent-fullwidth non-hundred-percent-height-scrolling\" style=\"--awb-border-radius-top-left:0px;--awb-border-radius-top-right:0px;--awb-border-radius-bottom-right:0px;--awb-border-radius-bottom-left:0px;--awb-flex-wrap:wrap;\" ><div class=\"fusion-builder-row fusion-row fusion-flex-align-items-flex-start fusion-flex-content-wrap\" style=\"max-width:1456px;margin-left: calc(-4% \/ 2 );margin-right: calc(-4% \/ 2 );\"><div class=\"fusion-layout-column fusion_builder_column fusion-builder-column-0 fusion_builder_column_1_6 1_6 fusion-flex-column\" style=\"--awb-bg-size:cover;--awb-width-large:16.666666666667%;--awb-margin-top-large:0px;--awb-spacing-right-large:11.52%;--awb-margin-bottom-large:20px;--awb-spacing-left-large:11.52%;--awb-width-medium:100%;--awb-order-medium:0;--awb-spacing-right-medium:1.92%;--awb-spacing-left-medium:1.92%;--awb-width-small:100%;--awb-order-small:0;--awb-spacing-right-small:1.92%;--awb-spacing-left-small:1.92%;\"><div class=\"fusion-column-wrapper fusion-column-has-shadow fusion-flex-justify-content-flex-start fusion-content-layout-column\"><\/div><\/div><div class=\"fusion-layout-column fusion_builder_column fusion-builder-column-1 fusion_builder_column_2_3 2_3 fusion-flex-column\" style=\"--awb-bg-size:cover;--awb-width-large:66.666666666667%;--awb-margin-top-large:0px;--awb-spacing-right-large:2.88%;--awb-margin-bottom-large:20px;--awb-spacing-left-large:2.88%;--awb-width-medium:100%;--awb-order-medium:0;--awb-spacing-right-medium:1.92%;--awb-spacing-left-medium:1.92%;--awb-width-small:100%;--awb-order-small:0;--awb-spacing-right-small:1.92%;--awb-spacing-left-small:1.92%;\"><div class=\"fusion-column-wrapper fusion-column-has-shadow fusion-flex-justify-content-flex-start fusion-content-layout-column\"><div class=\"fusion-image-element \" style=\"--awb-aspect-ratio:21 \/ 9;--awb-margin-bottom:25px;--awb-caption-title-font-family:var(--h2_typography-font-family);--awb-caption-title-font-weight:var(--h2_typography-font-weight);--awb-caption-title-font-style:var(--h2_typography-font-style);--awb-caption-title-size:var(--h2_typography-font-size);--awb-caption-title-transform:var(--h2_typography-text-transform);--awb-caption-title-line-height:var(--h2_typography-line-height);--awb-caption-title-letter-spacing:var(--h2_typography-letter-spacing);\"><span class=\" fusion-imageframe imageframe-none imageframe-1 hover-type-none has-aspect-ratio\"><img decoding=\"async\" width=\"2560\" height=\"1889\" title=\"Schu\u0308ler St. Franziskus (71)\" src=\"https:\/\/sfgrs.de\/wordpress\/wp-content\/uploads\/2025\/09\/Schueler-St.-Franziskus-71-scaled.jpg\" class=\"img-responsive wp-image-12730 img-with-aspect-ratio\" alt srcset=\"https:\/\/sfgrs.de\/wordpress\/wp-content\/uploads\/2025\/09\/Schueler-St.-Franziskus-71-200x148.jpg 200w, https:\/\/sfgrs.de\/wordpress\/wp-content\/uploads\/2025\/09\/Schueler-St.-Franziskus-71-400x295.jpg 400w, https:\/\/sfgrs.de\/wordpress\/wp-content\/uploads\/2025\/09\/Schueler-St.-Franziskus-71-600x443.jpg 600w, https:\/\/sfgrs.de\/wordpress\/wp-content\/uploads\/2025\/09\/Schueler-St.-Franziskus-71-800x590.jpg 800w, https:\/\/sfgrs.de\/wordpress\/wp-content\/uploads\/2025\/09\/Schueler-St.-Franziskus-71-1200x885.jpg 1200w, https:\/\/sfgrs.de\/wordpress\/wp-content\/uploads\/2025\/09\/Schueler-St.-Franziskus-71-scaled.jpg 2560w\" sizes=\"(max-width: 1140px) 100vw, (max-width: 640px) 100vw, 1200px\" \/><\/span><\/div><div class=\"fusion-title title fusion-title-1 fusion-sep-none fusion-title-text fusion-title-size-one\" style=\"--awb-margin-top:25px;\"><h1 class=\"fusion-title-heading title-heading-left\" style=\"margin:0;\"><h4>Fundraising am SFGRS<\/h4><\/h1><\/div><div class=\"fusion-text fusion-text-1 fusion-text-no-margin\" style=\"--awb-margin-bottom:30px;\"><p><strong>Gemeinsam stark f\u00fcr unsere Schule<\/strong><\/p>\n<p><em>Die St. Franziskus-Schule Kaiserslautern \u2013 franziskanisch. pers\u00f6nlich. engagiert.<\/em><\/p>\n<p>Seit \u00fcber 100 Jahren begleiten wir an der St. Franziskus-Schule junge Frauen auf ihrem Weg \u2013 mit einem Bildungsverst\u00e4ndnis, das Wissen, Werte und Pers\u00f6nlichkeit gleicherma\u00dfen in den Mittelpunkt stellt. In der franziskanischen Tradition schaffen wir ein Umfeld, in dem junge Menschen sich entfalten, st\u00e4rken und ihren Platz im Leben finden k\u00f6nnen.<\/p>\n<p>Seit 2020 tr\u00e4gt das <strong>Bistum Speyer<\/strong> die Verantwortung f\u00fcr unsere Schule. Es sorgt daf\u00fcr, dass die Arbeit der Dillinger Franziskanerinnen mit Herz und Qualit\u00e4t weitergef\u00fchrt wird. Unsere Abschl\u00fcsse sind staatlich anerkannt, wir folgen den rheinland-pf\u00e4lzischen Lehrpl\u00e4nen \u2013 und finanzielle Leistungen gelten wie an \u00f6ffentlichen Schulen.<\/p>\n<p><strong>Was uns besonders macht:<\/strong><br \/>\nKurze Wege, pers\u00f6nliche Betreuung und eine starke technische wie p\u00e4dagogische Ausstattung zeichnen unsere Schule aus. Ob digitale Schulb\u00fccher, lokale Schulbuchausleihe oder schneller IT-Support \u2013 bei uns l\u00e4uft Schule mit Engagement und N\u00e4he. Auch die Unterrichtsr\u00e4ume, Fachbereiche und Aufenthaltszonen entwickeln wir mit Unterst\u00fctzung des Tr\u00e4gers kontinuierlich weiter.<\/p>\n<p>Hinter den Kulissen sorgt ein engagiertes Team aus Verwaltung, Haustechnik, K\u00fcche, Reinigung und IT daf\u00fcr, dass der Alltag rund l\u00e4uft \u2013 verl\u00e4sslich und mit ganzem Herzen.<\/p>\n<p><strong>Warum wir Ihre Unterst\u00fctzung brauchen:<\/strong><br \/>\nZusch\u00fcsse und Tr\u00e4germittel sichern den laufenden Schulbetrieb \u2013 doch besondere Projekte, moderne Lernmaterialien oder innovative Raumkonzepte sind oft nur durch zus\u00e4tzliche Hilfe m\u00f6glich.<\/p>\n<p>Darum laden wir Sie ein: <strong>Eltern, Ehemalige, Freundinnen und Freunde der Schule \u2013 gestalten Sie mit!<\/strong><br \/>\nOb durch Spenden, Zeit oder Ideen: Ihre Unterst\u00fctzung macht den Unterschied. F\u00fcr unsere Sch\u00fclerinnen. F\u00fcr gelebte Bildung. F\u00fcr die Zukunft.<\/p>\n<\/div><\/div><\/div><div class=\"fusion-layout-column fusion_builder_column fusion-builder-column-2 fusion_builder_column_1_6 1_6 fusion-flex-column\" style=\"--awb-bg-size:cover;--awb-width-large:16.666666666667%;--awb-margin-top-large:0px;--awb-spacing-right-large:11.52%;--awb-margin-bottom-large:20px;--awb-spacing-left-large:11.52%;--awb-width-medium:100%;--awb-order-medium:0;--awb-spacing-right-medium:1.92%;--awb-spacing-left-medium:1.92%;--awb-width-small:100%;--awb-order-small:0;--awb-spacing-right-small:1.92%;--awb-spacing-left-small:1.92%;\"><div class=\"fusion-column-wrapper fusion-column-has-shadow fusion-flex-justify-content-flex-start fusion-content-layout-column\"><\/div><\/div><div class=\"fusion-layout-column fusion_builder_column fusion-builder-column-3 fusion_builder_column_1_6 1_6 fusion-flex-column\" style=\"--awb-bg-size:cover;--awb-width-large:16.666666666667%;--awb-margin-top-large:0px;--awb-spacing-right-large:11.52%;--awb-margin-bottom-large:20px;--awb-spacing-left-large:11.52%;--awb-width-medium:100%;--awb-order-medium:0;--awb-spacing-right-medium:1.92%;--awb-spacing-left-medium:1.92%;--awb-width-small:100%;--awb-order-small:0;--awb-spacing-right-small:1.92%;--awb-spacing-left-small:1.92%;\"><div class=\"fusion-column-wrapper fusion-column-has-shadow fusion-flex-justify-content-flex-start fusion-content-layout-column\"><\/div><\/div><div class=\"fusion-layout-column fusion_builder_column fusion-builder-column-4 fusion_builder_column_1_3 1_3 fusion-flex-column\" style=\"--awb-bg-size:cover;--awb-width-large:33.333333333333%;--awb-margin-top-large:0px;--awb-spacing-right-large:5.76%;--awb-margin-bottom-large:20px;--awb-spacing-left-large:5.76%;--awb-width-medium:100%;--awb-order-medium:0;--awb-spacing-right-medium:1.92%;--awb-spacing-left-medium:1.92%;--awb-width-small:100%;--awb-order-small:0;--awb-spacing-right-small:1.92%;--awb-spacing-left-small:1.92%;\"><div class=\"fusion-column-wrapper fusion-column-has-shadow fusion-flex-justify-content-flex-start fusion-content-layout-column\"><div class=\"fusion-text fusion-text-2 fusion-text-no-margin\" style=\"--awb-margin-bottom:30px;\"><p><strong>Ihr Ansprechpartner: Christian Lee<\/strong><\/p>\n<p>Christian Lee war von 2017 bis 2020 in der Leitung des Kundenservice bei engelhorn in Mannheim. Anschlie\u00dfend arbeitete er als Gesch\u00e4ftsf\u00fchrender Referent f\u00fcr das Kolpingwerk in der Di\u00f6zese Speyer und dem Landesverband Rheinland-Pfalz. 2022 wechselte er in das Erzbistum Freiburg als Referent f\u00fcr innovative Projekte im katholischen Stadtdekanat Mannheim.<\/p>\n<p><strong>Was macht ein Fundraiser \u00fcberhaupt? Vor allem im kirchlichen Kontext?<\/strong><\/p>\n<p>Als Fundraiser bin ich daf\u00fcr zust\u00e4ndig, finanzielle Mittel zu gewinnen, um vor allem die bisch\u00f6flichen Schulen in ihren Projekten und Aufgaben zu unterst\u00fctzen. Dabei geht es nicht nur ums \u201eGeld sammeln\u201c, sondern vor allem um gezielte Kommunikation \u2013 intern wie extern \u2013 mit Spenderinnen und Spendern und F\u00f6rdererinnen und F\u00f6rderern. Konkret hei\u00dft das: Vertrauensaufbau, Entwicklung und Umsetzung von Spendenkampagnen, Beziehungsarbeit, F\u00f6rderantr\u00e4ge, Projektfinanzierung und strategische Planung.<\/p>\n<p><a href=\"https:\/\/www.bistum-speyer.de\/de\/news\/nachrichtenansicht\/?tx_ttnews%5Btt_news%5D=45416&amp;cHash=e4923d38b4bedb64581a77bdeaf985a3\" target=\"_blank\" rel=\"noopener\">Mehr Informationen<\/a><\/p>\n<\/div><\/div><\/div><div class=\"fusion-layout-column fusion_builder_column fusion-builder-column-5 fusion_builder_column_1_3 1_3 fusion-flex-column\" style=\"--awb-bg-size:cover;--awb-width-large:33.333333333333%;--awb-margin-top-large:0px;--awb-spacing-right-large:5.76%;--awb-margin-bottom-large:20px;--awb-spacing-left-large:5.76%;--awb-width-medium:100%;--awb-order-medium:0;--awb-spacing-right-medium:1.92%;--awb-spacing-left-medium:1.92%;--awb-width-small:100%;--awb-order-small:0;--awb-spacing-right-small:1.92%;--awb-spacing-left-small:1.92%;\"><div class=\"fusion-column-wrapper fusion-column-has-shadow fusion-flex-justify-content-flex-start fusion-content-layout-column\"><div class=\"fusion-image-element \" style=\"--awb-aspect-ratio:1 \/ 1;--awb-margin-bottom:30px;--awb-caption-title-font-family:var(--h2_typography-font-family);--awb-caption-title-font-weight:var(--h2_typography-font-weight);--awb-caption-title-font-style:var(--h2_typography-font-style);--awb-caption-title-size:var(--h2_typography-font-size);--awb-caption-title-transform:var(--h2_typography-text-transform);--awb-caption-title-line-height:var(--h2_typography-line-height);--awb-caption-title-letter-spacing:var(--h2_typography-letter-spacing);\"><span class=\" fusion-imageframe imageframe-none imageframe-2 hover-type-none has-aspect-ratio\"><img decoding=\"async\" width=\"1500\" height=\"1570\" title=\"Lee Homepage(1)\" src=\"https:\/\/sfgrs.de\/wordpress\/wp-content\/uploads\/2025\/09\/Lee-Homepage1.jpg\" class=\"img-responsive wp-image-12732 img-with-aspect-ratio\" alt srcset=\"https:\/\/sfgrs.de\/wordpress\/wp-content\/uploads\/2025\/09\/Lee-Homepage1-200x209.jpg 200w, https:\/\/sfgrs.de\/wordpress\/wp-content\/uploads\/2025\/09\/Lee-Homepage1-400x419.jpg 400w, https:\/\/sfgrs.de\/wordpress\/wp-content\/uploads\/2025\/09\/Lee-Homepage1-600x628.jpg 600w, https:\/\/sfgrs.de\/wordpress\/wp-content\/uploads\/2025\/09\/Lee-Homepage1-800x837.jpg 800w, https:\/\/sfgrs.de\/wordpress\/wp-content\/uploads\/2025\/09\/Lee-Homepage1-1200x1256.jpg 1200w, https:\/\/sfgrs.de\/wordpress\/wp-content\/uploads\/2025\/09\/Lee-Homepage1.jpg 1500w\" sizes=\"(max-width: 1140px) 100vw, (max-width: 640px) 100vw, 600px\" \/><\/span><\/div><div class=\"fusion-image-element \" style=\"--awb-aspect-ratio:3 \/ 2;--awb-object-position:55% 27%;--awb-margin-bottom:30px;--awb-caption-title-font-family:var(--h2_typography-font-family);--awb-caption-title-font-weight:var(--h2_typography-font-weight);--awb-caption-title-font-style:var(--h2_typography-font-style);--awb-caption-title-size:var(--h2_typography-font-size);--awb-caption-title-transform:var(--h2_typography-text-transform);--awb-caption-title-line-height:var(--h2_typography-line-height);--awb-caption-title-letter-spacing:var(--h2_typography-letter-spacing);\"><span class=\" fusion-imageframe imageframe-none imageframe-3 hover-type-none has-aspect-ratio\"><img decoding=\"async\" width=\"600\" height=\"900\" title=\"csm_Christian_Lee_auf_dem_Schulfest_der_St._Franziskus_Schulen__C__Zoermer__Anika-3_09a751f96d\" src=\"https:\/\/sfgrs.de\/wordpress\/wp-content\/uploads\/2025\/09\/csm_Christian_Lee_auf_dem_Schulfest_der_St._Franziskus_Schulen__C__Zoermer__Anika-3_09a751f96d.jpg\" class=\"img-responsive wp-image-12753 img-with-aspect-ratio\" alt srcset=\"https:\/\/sfgrs.de\/wordpress\/wp-content\/uploads\/2025\/09\/csm_Christian_Lee_auf_dem_Schulfest_der_St._Franziskus_Schulen__C__Zoermer__Anika-3_09a751f96d-200x300.jpg 200w, https:\/\/sfgrs.de\/wordpress\/wp-content\/uploads\/2025\/09\/csm_Christian_Lee_auf_dem_Schulfest_der_St._Franziskus_Schulen__C__Zoermer__Anika-3_09a751f96d-400x600.jpg 400w, https:\/\/sfgrs.de\/wordpress\/wp-content\/uploads\/2025\/09\/csm_Christian_Lee_auf_dem_Schulfest_der_St._Franziskus_Schulen__C__Zoermer__Anika-3_09a751f96d.jpg 600w\" sizes=\"(max-width: 1140px) 100vw, (max-width: 640px) 100vw, 600px\" \/><\/span><\/div><\/div><\/div><div class=\"fusion-layout-column fusion_builder_column fusion-builder-column-6 fusion_builder_column_1_6 1_6 fusion-flex-column\" style=\"--awb-bg-size:cover;--awb-width-large:16.666666666667%;--awb-margin-top-large:0px;--awb-spacing-right-large:11.52%;--awb-margin-bottom-large:20px;--awb-spacing-left-large:11.52%;--awb-width-medium:100%;--awb-order-medium:0;--awb-spacing-right-medium:1.92%;--awb-spacing-left-medium:1.92%;--awb-width-small:100%;--awb-order-small:0;--awb-spacing-right-small:1.92%;--awb-spacing-left-small:1.92%;\"><div class=\"fusion-column-wrapper fusion-column-has-shadow fusion-flex-justify-content-flex-start fusion-content-layout-column\"><\/div><\/div><\/div><\/div><div class=\"fusion-fullwidth fullwidth-box fusion-builder-row-2 fusion-flex-container has-pattern-background has-mask-background nonhundred-percent-fullwidth non-hundred-percent-height-scrolling\" style=\"--awb-border-radius-top-left:0px;--awb-border-radius-top-right:0px;--awb-border-radius-bottom-right:0px;--awb-border-radius-bottom-left:0px;--awb-margin-top:40px;--awb-flex-wrap:wrap;\" ><div class=\"fusion-builder-row fusion-row fusion-flex-align-items-flex-start fusion-flex-content-wrap\" style=\"max-width:1456px;margin-left: calc(-4% \/ 2 );margin-right: calc(-4% \/ 2 );\"><div class=\"fusion-layout-column fusion_builder_column fusion-builder-column-7 fusion_builder_column_1_6 1_6 fusion-flex-column\" style=\"--awb-bg-size:cover;--awb-width-large:16.666666666667%;--awb-margin-top-large:0px;--awb-spacing-right-large:11.52%;--awb-margin-bottom-large:20px;--awb-spacing-left-large:11.52%;--awb-width-medium:100%;--awb-order-medium:0;--awb-spacing-right-medium:1.92%;--awb-spacing-left-medium:1.92%;--awb-width-small:100%;--awb-order-small:0;--awb-spacing-right-small:1.92%;--awb-spacing-left-small:1.92%;\"><div class=\"fusion-column-wrapper fusion-column-has-shadow fusion-flex-justify-content-flex-start fusion-content-layout-column\"><\/div><\/div><div class=\"fusion-layout-column fusion_builder_column fusion-builder-column-8 fusion_builder_column_2_3 2_3 fusion-flex-column\" style=\"--awb-bg-size:cover;--awb-width-large:66.666666666667%;--awb-margin-top-large:0px;--awb-spacing-right-large:2.88%;--awb-margin-bottom-large:20px;--awb-spacing-left-large:2.88%;--awb-width-medium:100%;--awb-order-medium:0;--awb-spacing-right-medium:1.92%;--awb-spacing-left-medium:1.92%;--awb-width-small:100%;--awb-order-small:0;--awb-spacing-right-small:1.92%;--awb-spacing-left-small:1.92%;\"><div class=\"fusion-column-wrapper fusion-column-has-shadow fusion-flex-justify-content-flex-start fusion-content-layout-column\"><div class=\"fusion-text fusion-text-3 fusion-text-no-margin\" style=\"--awb-margin-bottom:30px;\"><p><strong>Sie m\u00f6chten schnell und unkompliziert spenden?<\/strong><\/p>\n<p>Das ist ganz einfach per \u00dcberweisung m\u00f6glich \u2013 an folgende Bankverbindung:<\/p>\n<p><strong>Di\u00f6zese Speyer<\/strong><br \/>\n<strong>IBAN:<\/strong> <strong>DE68 7509 0300 0000 0505 04<\/strong><br \/>\n<strong>BIC:<\/strong> GENODEF1M05 (LIGA Bank)<br \/>\n<strong>Verwendungszweck:<\/strong> Spende SFGRS + vollst\u00e4ndiger Name und Anschrift<\/p>\n<p><strong>Ihre Spende ist steuerlich abzugsf\u00e4hig.<\/strong><\/p>\n<p>Bitte beachten Sie:<\/p>\n<ul>\n<li>F\u00fcr Spenden bis <strong>300 Euro<\/strong> gen\u00fcgt in der Regel ein einfacher Nachweis (z.\u202fB. Ihr Kontoauszug).<\/li>\n<li>Ab <strong>300 Euro<\/strong> stellen wir Ihnen gerne eine <strong>Zuwendungsbest\u00e4tigung<\/strong> (Spendenquittung) aus.<br \/>\nGeben Sie dazu bitte im Verwendungszweck <strong>Ihren vollst\u00e4ndigen Namen und Ihre aktuelle Anschrift<\/strong> an.<\/li>\n<\/ul>\n<\/div><div class=\"fusion-text fusion-text-4 fusion-text-no-margin\" style=\"--awb-margin-bottom:30px;\"><p><strong>Anlassspende \u2013 Freude und Erinnerung mit Sinn<\/strong><\/p>\n<p>Planen Sie einen besonderen Anlass \u2013 etwa einen Geburtstag \u2013 und sind eigentlich wunschlos gl\u00fccklich?<br \/>\nOder m\u00f6chten Sie beim Abschied von einem geliebten Menschen im Sinne dieser Person etwas Gutes tun?<\/p>\n<p>Wenn Sie sich mit unserer Schule verbunden f\u00fchlen, danken wir Ihnen von Herzen, wenn Sie diese Momente des Lebens mit einer <strong>Anlassspende<\/strong> verbinden. Ganz gleich, ob in freudiger Dankbarkeit oder stiller Erinnerung \u2013 Ihre Unterst\u00fctzung wirkt weiter und gibt etwas zur\u00fcck: Bildung, Begleitung und Zukunft f\u00fcr junge Menschen.<\/p>\n<p>Auch in diesem Fall nutzen Sie bitte folgende Bankverbindung:<\/p>\n<p><strong>Di\u00f6zese Speyer<\/strong><br \/>\n<strong>IBAN:<\/strong> <strong>DE68 7509 0300 0000 0505 04<\/strong><br \/>\n<strong>BIC:<\/strong> GENODEF1M05 (LIGA Bank)<br \/>\n<strong>Verwendungszweck:<\/strong> <em>Anlassspende SFGRS + Name und Anschrift<\/em><\/p>\n<p>Alle Spenden sind steuerlich absetzbar \u2013 siehe Hinweise oben.<\/p>\n<\/div><div class=\"fusion-text fusion-text-5 fusion-text-no-margin\" style=\"--awb-margin-bottom:30px;\"><p><strong>Sie m\u00f6chten unsere Schule dauerhaft unterst\u00fctzen?<\/strong><\/p>\n<p>Wenn Sie regelm\u00e4\u00dfig helfen und die St. Franziskus-Schule langfristig begleiten m\u00f6chten, freuen wir uns, wenn Sie dem <strong>Freundeskreis unserer Schule<\/strong> beitreten.<\/p>\n<p>Der Freundeskreis unterst\u00fctzt gezielt Projekte und st\u00e4rkt das schulische Leben auf vielf\u00e4ltige Weise.<\/p>\n<p>\u27a1\ufe0f <strong>Weitere Informationen und die Beitrittsm\u00f6glichkeit finden Sie auf der <a href=\"https:\/\/sfgrs.de\/wordpress\/index.php\/freundeskreis-des-st-franziskus-gymnasiums-und-der-realschule-e-v\/\" target=\"_blank\" rel=\"noopener\">Seite des Freundeskreises<\/a><\/strong>.<\/p>\n<p><strong>Herzlichen Dank f\u00fcr Ihre Unterst\u00fctzung \u2013 im Kleinen wie im Gro\u00dfen!<\/strong><\/p>\n<\/div><\/div><\/div><div class=\"fusion-layout-column fusion_builder_column fusion-builder-column-9 fusion_builder_column_1_6 1_6 fusion-flex-column\" style=\"--awb-bg-size:cover;--awb-width-large:16.666666666667%;--awb-margin-top-large:0px;--awb-spacing-right-large:11.52%;--awb-margin-bottom-large:20px;--awb-spacing-left-large:11.52%;--awb-width-medium:100%;--awb-order-medium:0;--awb-spacing-right-medium:1.92%;--awb-spacing-left-medium:1.92%;--awb-width-small:100%;--awb-order-small:0;--awb-spacing-right-small:1.92%;--awb-spacing-left-small:1.92%;\"><div class=\"fusion-column-wrapper fusion-column-has-shadow fusion-flex-justify-content-flex-start fusion-content-layout-column\"><\/div><\/div><\/div><\/div><\/p>\n","protected":false},"excerpt":{"rendered":"","protected":false},"author":1,"featured_media":0,"parent":0,"menu_order":0,"comment_status":"closed","ping_status":"closed","template":"","meta":{"footnotes":""},"categories":[],"tags":[],"class_list":["post-12731","page","type-page","status-publish","hentry"],"_links":{"self":[{"href":"https:\/\/sfgrs.de\/wordpress\/index.php\/wp-json\/wp\/v2\/pages\/12731","targetHints":{"allow":["GET"]}}],"collection":[{"href":"https:\/\/sfgrs.de\/wordpress\/index.php\/wp-json\/wp\/v2\/pages"}],"about":[{"href":"https:\/\/sfgrs.de\/wordpress\/index.php\/wp-json\/wp\/v2\/types\/page"}],"author":[{"embeddable":true,"href":"https:\/\/sfgrs.de\/wordpress\/index.php\/wp-json\/wp\/v2\/users\/1"}],"replies":[{"embeddable":true,"href":"https:\/\/sfgrs.de\/wordpress\/index.php\/wp-json\/wp\/v2\/comments?post=12731"}],"version-history":[{"count":15,"href":"https:\/\/sfgrs.de\/wordpress\/index.php\/wp-json\/wp\/v2\/pages\/12731\/revisions"}],"predecessor-version":[{"id":12822,"href":"https:\/\/sfgrs.de\/wordpress\/index.php\/wp-json\/wp\/v2\/pages\/12731\/revisions\/12822"}],"wp:attachment":[{"href":"https:\/\/sfgrs.de\/wordpress\/index.php\/wp-json\/wp\/v2\/media?parent=12731"}],"wp:term":[{"taxonomy":"category","embeddable":true,"href":"https:\/\/sfgrs.de\/wordpress\/index.php\/wp-json\/wp\/v2\/categories?post=12731"},{"taxonomy":"post_tag","embeddable":true,"href":"https:\/\/sfgrs.de\/wordpress\/index.php\/wp-json\/wp\/v2\/tags?post=12731"}],"curies":[{"name":"wp","href":"https:\/\/api.w.org\/{rel}","templated":true}]}}