{"id":2317,"date":"2018-09-20T20:09:58","date_gmt":"2018-09-20T18:09:58","guid":{"rendered":"http:\/\/arthurchmiel.com\/wordpress\/?page_id=2317"},"modified":"2025-01-17T17:24:10","modified_gmt":"2025-01-17T16:24:10","slug":"impressum","status":"publish","type":"page","link":"https:\/\/sfgrs.de\/wordpress\/index.php\/impressum\/","title":{"rendered":"Impressum"},"content":{"rendered":"<div class=\"fusion-fullwidth fullwidth-box fusion-builder-row-1 fusion-flex-container has-pattern-background has-mask-background nonhundred-percent-fullwidth non-hundred-percent-height-scrolling\" style=\"--awb-border-radius-top-left:0px;--awb-border-radius-top-right:0px;--awb-border-radius-bottom-right:0px;--awb-border-radius-bottom-left:0px;--awb-flex-wrap:wrap;\" ><div class=\"fusion-builder-row fusion-row fusion-flex-align-items-flex-start fusion-flex-content-wrap\" style=\"max-width:1456px;margin-left: calc(-4% \/ 2 );margin-right: calc(-4% \/ 2 );\"><div class=\"fusion-layout-column fusion_builder_column fusion-builder-column-0 fusion_builder_column_1_6 1_6 fusion-flex-column\" style=\"--awb-bg-size:cover;--awb-width-large:16.666666666667%;--awb-margin-top-large:0px;--awb-spacing-right-large:11.52%;--awb-margin-bottom-large:20px;--awb-spacing-left-large:11.52%;--awb-width-medium:100%;--awb-order-medium:0;--awb-spacing-right-medium:1.92%;--awb-spacing-left-medium:1.92%;--awb-width-small:100%;--awb-order-small:0;--awb-spacing-right-small:1.92%;--awb-spacing-left-small:1.92%;\"><div class=\"fusion-column-wrapper fusion-column-has-shadow fusion-flex-justify-content-flex-start fusion-content-layout-column\"><\/div><\/div><div class=\"fusion-layout-column fusion_builder_column fusion-builder-column-1 fusion_builder_column_2_3 2_3 fusion-flex-column\" style=\"--awb-padding-top:40px;--awb-bg-size:cover;--awb-width-large:66.666666666667%;--awb-margin-top-large:0px;--awb-spacing-right-large:2.88%;--awb-margin-bottom-large:20px;--awb-spacing-left-large:2.88%;--awb-width-medium:100%;--awb-spacing-right-medium:1.92%;--awb-spacing-left-medium:1.92%;--awb-width-small:100%;--awb-spacing-right-small:1.92%;--awb-spacing-left-small:1.92%;\"><div class=\"fusion-column-wrapper fusion-flex-justify-content-flex-start fusion-content-layout-column\"><div class=\"fusion-text fusion-text-1\"><div id=\"c20\" class=\"csc-default\">\n<h1>IMPRESSUM<\/h1>\n<p>Der Dienstanbieter dieses Internetangebotes ist:<\/p>\n<h3><b>Schule<\/b><\/h3>\n<p>St.-Franziskus-Gymnasium und -Realschule<br \/>\nSt.-Franziskus-Stra\u00dfe 2<br \/>\n67655 Kaiserslautern<br \/>\nE-Mail: webmaster(at)st-franziskus.region-kl.de<br \/>\nTelefon: 0631 3175-190<br \/>\nTelefax: 0631 3175-145<\/p>\n<p>Schulleitung Gymnasium: StD&#8216; Ursula Vollrath<br \/>\nSchulleitung Realschule: RR Christian Sieber<\/p>\n<p>Betrieblicher Datenschutzbeauftragter: Herr Ren\u00e9 Pfeiffer, datenschutz(at)bistum-speyer.de<br \/>\nSchulischer Datenschutzkoordinator: Herr Torsten Ziegler, ziegler.t(at)st-franziskus.region-kl.de<\/p>\n<h3><\/h3>\n<h3><b>Tr\u00e4ger<\/b><\/h3>\n<p>Bistum Speyer<br \/>\nKleine Pfaffengasse 16<br \/>\n67346 Speyer<\/p>\n<p>Leitung Hauptabteilung II &#8222;Schulen, Hochschulen und Bildung&#8220;: Frau Dr. I. Kreusch, Ordinariatsdirektorin<br \/>\nKontaktperson Hauptabteilung II f\u00fcr SFGRS: Herr Hans Beitz<\/p>\n<p>Zur Homepage des Bistums: <a href=\"https:\/\/www.bistum-speyer.de\">https:\/\/www.bistum-speyer.de<\/a><\/p>\n<h3><\/h3>\n<h3><b>Zust\u00e4ndige Aufsichtsbeh\u00f6rde<\/b><\/h3>\n<p><a class=\"external-link-new-window\" href=\"http:\/\/www.mbwwk.rlp.de\/\" target=\"_blank\" rel=\"noopener noreferrer\">Ministerium f\u00fcr Bildung, Wissenschaft, Weiterbildung und Kultur<br \/>\nRheinland-Pfalz<\/a><br \/>\nMittlere Bleiche 61<br \/>\n55116 Mainz<br \/>\nE-Mail: <a class=\"mail\">poststelle(at)mbwjk.rlp.de<\/a><br \/>\nTelefon: 06131-16-0<br \/>\nTelefax: 06131-16-2878<\/p>\n<p>Der Schultr\u00e4ger unterliegt der staatlichen Schulaufsicht.<\/p>\n<\/div>\n<div id=\"c424\" class=\"csc-default\">\n<p>Bei Beschwerden, Hinweisen und Anregungen wenden Sie sich bitte zun\u00e4chst an den &#8211; <a class=\"mail\">Webmaster<\/a>\u00a0&#8211; dieser Homepage.<\/p>\n<\/div>\n<div id=\"c425\" class=\"csc-default\">\n<p><b>Webdesign<\/b><\/p>\n<ul>\n<li>Web-Team des SFGRS (Bn, Chm, Wh)<\/li>\n<\/ul>\n<p><b>Inhalt:<\/b><\/p>\n<ul>\n<li>St.-Franziskus-Gymnasium und -Realschule<\/li>\n<\/ul>\n<\/div>\n<div id=\"c426\" class=\"csc-default\">\n<div class=\"csc-header csc-header-n4\">\n<h2><\/h2>\n<h2>Haftungsausschluss &#8211; Copyrights<\/h2>\n<\/div>\n<p><b>1. Inhalt des Onlieangebots:<\/b><\/p>\n<p>Die bereitgestellten Informationen auf dieser Web Site wurden sorgf\u00e4ltig gepr\u00fcft und werden regelm\u00e4\u00dfig aktualisiert. Jedoch kann keine Garantie daf\u00fcr \u00fcbernommen werden, dass alle Angaben zu jeder Zeit vollst\u00e4ndig, richtig und in letzter Aktualit\u00e4t dargestellt sind. Dies gilt insbesondere f\u00fcr alle Verbindungen (&#8222;Links&#8220;) zu anderen Web Sites, auf die direkt oder indirekt verwiesen wird.<\/p>\n<p>Alle Angaben k\u00f6nnen ohne vorherige Ank\u00fcndigung erg\u00e4nzt, entfernt oder ge\u00e4ndert werden. Haftungsanspr\u00fcche gegen den Autor, welche sich auf Sch\u00e4den materieller oder ideeller Art beziehen, die durch die Nutzung oder Nichtnutzung der dargebotenen Informationen bzw. durch die Nutzung fehlerhafter und unvollst\u00e4ndiger Informationen verursacht wurden, sind grunds\u00e4tzlich ausgeschlossen, sofern seitens des Autors kein nachweislich vors\u00e4tzliches oder grob fahrl\u00e4ssiges Verschulden vorliegt.<\/p>\n<p>Alle Angebote sind freibleibend und unverbindlich. Der Autor beh\u00e4lt es sich ausdr\u00fccklich vor, Teile der Seiten oder das gesamte Angebot ohne gesonderte Ank\u00fcndigung zu ver\u00e4ndern, zu erg\u00e4nzen, zu l\u00f6schen oder die Ver\u00f6ffentlichung zeitweise oder endg\u00fcltig einzustellen.<\/p>\n<p><b>2. Verweise und Links:<\/b><\/p>\n<p>Bei direkten oder indirekten Verweisen auf fremde Internetseiten (&#8222;Links&#8220;), die au\u00dferhalb unseres Verantwortungsbereiches liegen, w\u00fcrde eine Haftungsverpflichtung ausschlie\u00dflich in dem Fall in Kraft treten, in dem wir von den Inhalten Kenntnis haben und es uns technisch m\u00f6glich und zumutbar w\u00e4re, die Nutzung im Falle rechtswidriger Inhalte zu verhindern.<\/p>\n<p>Wir erkl\u00e4ren hiermit ausdr\u00fccklich, dass zum Zeitpunkt der Linksetzung keine illegalen Inhalte auf den zu verlinkenden Seiten erkennbar waren.<\/p>\n<p>Auf die aktuelle und zuk\u00fcnftige Gestaltung, die Inhalte oder die Urheberschaft der gelinkten oder verkn\u00fcpften Seiten haben wir keinerlei Einfluss. Deshalb distanzieren wir uns hiermit ausdr\u00fccklich von allen Inhalten aller gelinkten oder verkn\u00fcpften Seiten, die nach der Linksetzung ver\u00e4ndert wurden. Diese Feststellung gilt f\u00fcr alle innerhalb des eigenen Internetangebotes gesetzten Links und Verweise sowie f\u00fcr Fremdeintr\u00e4ge in vom Autor eingerichteten G\u00e4steb\u00fcchern, Diskussionsforen, Linkverzeichnissen, Mailinglisten und in allen anderen Formen von Datenbanken, auf deren Inhalt externe Schreibzugriffe m\u00f6glich sind.<\/p>\n<p>F\u00fcr illegale, fehlerhafte oder unvollst\u00e4ndige Inhalte und insbesondere f\u00fcr Sch\u00e4den, die aus der Nutzung oder Nichtnutzung solcherart dargebotener Informationen entstehen, haftet allein der Anbieter der Seite, auf welche verwiesen wurde, nicht derjenige, der \u00fcber Links auf die jeweilige Ver\u00f6ffentlichung lediglich verweist.<\/p>\n<p><b>3. Urheber- und Kennzeichenrecht:<\/b><\/p>\n<p>Alle auf dieser Website genannten Produktnamen, Produktbezeichnungen und Logos sind eingetragene Warenzeichen und Eigentum der jeweiligen Rechteinhaber.<\/p>\n<p>Der Autor ist bestrebt, in allen Publikationen die Urheberrechte der verwendeten Bilder, Grafiken, Tondokumente, Videosequenzen und Texte zu beachten, von ihm selbst erstellte Bilder, Grafiken, Tondokumente, Videosequenzen und Texte zu nutzen oder auf lizenzfreie Grafiken, Tondokumente, Videosequenzen und Texte zur\u00fcckzugreifen.<\/p>\n<p>Alle innerhalb des Internetangebotes genannten und ggf. durch Dritte gesch\u00fctzten Marken- und Warenzeichen unterliegen uneingeschr\u00e4nkt den Bestimmungen des jeweils g\u00fcltigen Kennzeichenrechts und den Besitzrechten der jeweiligen eingetragenen Eigent\u00fcmer. Allein aufgrund der blo\u00dfen Nennung ist nicht der Schluss zu ziehen, dass Markenzeichen nicht durch Rechte Dritter gesch\u00fctzt sind!<\/p>\n<p>Der Inhalt und die Darstellung dieser Website ist urheberrechtlich gesch\u00fctzt. Insbesondere ist die Speicherung und Vervielf\u00e4ltigung von hier wiedergegebenem Bildmaterial, von Fotografien oder Grafiken, Tondokumenten, Videosequenzen und Texten in anderen elektronischen oder gedruckten Publikationen aus urheberrechtlichen Gr\u00fcnden nicht gestattet. Jede gewerbliche Nutzung bedarf der vorherigen schriftlichen Genehmigung. Zuwiderhandlungen werden wir unserer Rechtsabteilung weiterleiten.<\/p>\n<p><b>4. Datenschutz:<\/b><\/p>\n<p>Sofern innerhalb des Internetangebotes die M\u00f6glichkeit zur Eingabe pers\u00f6nlicher oder gesch\u00e4ftlicher Daten (Emailadressen, Namen, Anschriften) besteht, so erfolgt die Preisgabe dieser Daten seitens des Nutzers auf ausdr\u00fccklich freiwilliger Basis. Die Inanspruchnahme\u00a0 aller angebotenen Dienste ist &#8211; soweit technisch m\u00f6glich und zumutbar &#8211; auch ohne Angabe solcher Daten bzw. unter Angabe anonymisierter Daten oder eines Pseudonyms gestattet.<\/p>\n<p>Siehe auch die <a class=\"internal-link\" title=\"\u00d6ffnet internen Link im aktuellen Fenster\" href=\"https:\/\/www.sfgrs.de\/wordpress\/index.php\/datenschutzerklaerung-2\/\">Datenschutzerkl\u00e4rung<\/a>.<\/p>\n<p>Die Nutzung der im Rahmen des Impressums oder vergleichbarer Angaben ver\u00f6ffentlichten Kontaktdaten wie Postanschriften, Telefon- und Faxnummern sowie Emailadressen durch Dritte zur \u00dcbersendung von nicht ausdr\u00fccklich angeforderten Informationen ist nicht gestattet. Rechtliche Schritte gegen die Versender von sogenannten Spam-Mails bei Verst\u00f6\u00dfen gegen dieses Verbot sind ausdr\u00fccklich vorbehalten.<\/p>\n<p><b>5. Rechtswirksamkeit dieses Haftungsausschlusses<\/b><\/p>\n<p>Dieser Haftungsausschluss ist als Teil des Internetangebotes zu betrachten, von dem aus auf diese Seite verwiesen wurde. Sofern Teile oder einzelne Formulierungen dieses Textes der geltenden Rechtslage nicht, nicht mehr oder nicht vollst\u00e4ndig entsprechen sollten, bleiben die \u00fcbrigen Teile des Dokumentes in ihrem Inhalt und ihrer G\u00fcltigkeit davon unber\u00fchrt.<\/p>\n<\/div>\n<\/div><\/div><\/div><div class=\"fusion-layout-column fusion_builder_column fusion-builder-column-2 fusion_builder_column_1_6 1_6 fusion-flex-column\" style=\"--awb-bg-size:cover;--awb-width-large:16.666666666667%;--awb-margin-top-large:0px;--awb-spacing-right-large:11.52%;--awb-margin-bottom-large:20px;--awb-spacing-left-large:11.52%;--awb-width-medium:100%;--awb-order-medium:0;--awb-spacing-right-medium:1.92%;--awb-spacing-left-medium:1.92%;--awb-width-small:100%;--awb-order-small:0;--awb-spacing-right-small:1.92%;--awb-spacing-left-small:1.92%;\"><div class=\"fusion-column-wrapper fusion-column-has-shadow fusion-flex-justify-content-flex-start fusion-content-layout-column\"><\/div><\/div><\/div><\/div>\n","protected":false},"excerpt":{"rendered":"","protected":false},"author":1,"featured_media":0,"parent":0,"menu_order":0,"comment_status":"closed","ping_status":"closed","template":"","meta":{"footnotes":""},"categories":[],"tags":[],"class_list":["post-2317","page","type-page","status-publish","hentry"],"_links":{"self":[{"href":"https:\/\/sfgrs.de\/wordpress\/index.php\/wp-json\/wp\/v2\/pages\/2317","targetHints":{"allow":["GET"]}}],"collection":[{"href":"https:\/\/sfgrs.de\/wordpress\/index.php\/wp-json\/wp\/v2\/pages"}],"about":[{"href":"https:\/\/sfgrs.de\/wordpress\/index.php\/wp-json\/wp\/v2\/types\/page"}],"author":[{"embeddable":true,"href":"https:\/\/sfgrs.de\/wordpress\/index.php\/wp-json\/wp\/v2\/users\/1"}],"replies":[{"embeddable":true,"href":"https:\/\/sfgrs.de\/wordpress\/index.php\/wp-json\/wp\/v2\/comments?post=2317"}],"version-history":[{"count":4,"href":"https:\/\/sfgrs.de\/wordpress\/index.php\/wp-json\/wp\/v2\/pages\/2317\/revisions"}],"predecessor-version":[{"id":12349,"href":"https:\/\/sfgrs.de\/wordpress\/index.php\/wp-json\/wp\/v2\/pages\/2317\/revisions\/12349"}],"wp:attachment":[{"href":"https:\/\/sfgrs.de\/wordpress\/index.php\/wp-json\/wp\/v2\/media?parent=2317"}],"wp:term":[{"taxonomy":"category","embeddable":true,"href":"https:\/\/sfgrs.de\/wordpress\/index.php\/wp-json\/wp\/v2\/categories?post=2317"},{"taxonomy":"post_tag","embeddable":true,"href":"https:\/\/sfgrs.de\/wordpress\/index.php\/wp-json\/wp\/v2\/tags?post=2317"}],"curies":[{"name":"wp","href":"https:\/\/api.w.org\/{rel}","templated":true}]}}