{"id":5577,"date":"2020-09-30T13:39:33","date_gmt":"2020-09-30T11:39:33","guid":{"rendered":"https:\/\/www.sfgrs.de\/wordpress\/?page_id=5577"},"modified":"2024-04-04T16:00:42","modified_gmt":"2024-04-04T14:00:42","slug":"tag-der-offenen-tuer-wahlpflichtfaecher-der-realschule","status":"publish","type":"page","link":"https:\/\/sfgrs.de\/wordpress\/index.php\/tag-der-offenen-tuer-alt\/tag-der-offenen-tuer-wahlpflichtfaecher-der-realschule\/","title":{"rendered":"Tag der offenen T\u00fcr &#8211; Wahlpflichtf\u00e4cher der Realschule"},"content":{"rendered":"<p><div class=\"fusion-fullwidth fullwidth-box fusion-builder-row-1 nonhundred-percent-fullwidth non-hundred-percent-height-scrolling\" style=\"--awb-border-radius-top-left:0px;--awb-border-radius-top-right:0px;--awb-border-radius-bottom-right:0px;--awb-border-radius-bottom-left:0px;--awb-flex-wrap:wrap;\" ><div class=\"fusion-builder-row fusion-row\"><div class=\"fusion-layout-column fusion_builder_column fusion-builder-column-0 fusion_builder_column_1_6 1_6 fusion-one-sixth fusion-column-first\" style=\"--awb-bg-size:cover;width:16.666666666667%;width:calc(16.666666666667% - ( ( 4% + 4% ) * 0.16666666666667 ) );margin-right: 4%;\"><div class=\"fusion-column-wrapper fusion-column-has-shadow fusion-flex-column-wrapper-legacy\"><div class=\"fusion-clearfix\"><\/div><\/div><\/div><div class=\"fusion-layout-column fusion_builder_column fusion-builder-column-1 fusion_builder_column_2_3 2_3 fusion-two-third\" style=\"--awb-bg-size:cover;width:66.666666666667%;width:calc(66.666666666667% - ( ( 4% + 4% ) * 0.66666666666667 ) );margin-right: 4%;\"><div class=\"fusion-column-wrapper fusion-column-has-shadow fusion-flex-column-wrapper-legacy\"><div class=\"fusion-button-wrapper\"><a class=\"fusion-button button-flat fusion-button-default-size button-default fusion-button-default button-1 fusion-button-default-span fusion-button-default-type\" target=\"_self\" href=\"https:\/\/www.sfgrs.de\/wordpress\/index.php\/tag-der-offenen-tuer-fachbereiche\/\"><span class=\"fusion-button-text\">Zur\u00fcck zur \u00dcbersicht<\/span><\/a><\/div><div class=\"fusion-section-separator section-separator bigtriangle fusion-section-separator-1\" style=\"--awb-spacer-height:99px;--awb-svg-margin-left:0;--awb-svg-margin-right:0;--awb-divider-height:99px;--awb-spacer-padding-top:inherit;--awb-sep-padding:0;--awb-svg-padding:0;\"><div class=\"fusion-section-separator-svg\"><svg class=\"fusion-big-triangle-candy\" xmlns=\"http:\/\/www.w3.org\/2000\/svg\" version=\"1.1\" width=\"100%\" height=\"100\" viewBox=\"0 0 100 100\" preserveAspectRatio=\"none\" fill=\"rgba(255,255,255,1)\"><path d=\"M0 100 L50 2 L100 100 Z\"><\/path><\/svg><\/div><div class=\"fusion-section-separator-spacer\"><div class=\"fusion-section-separator-spacer-height\"><\/div><\/div><\/div><div class=\"fusion-clearfix\"><\/div><\/div><\/div><div class=\"fusion-layout-column fusion_builder_column fusion-builder-column-2 fusion_builder_column_1_6 1_6 fusion-one-sixth fusion-column-last\" style=\"--awb-bg-size:cover;width:16.666666666667%;width:calc(16.666666666667% - ( ( 4% + 4% ) * 0.16666666666667 ) );\"><div class=\"fusion-column-wrapper fusion-column-has-shadow fusion-flex-column-wrapper-legacy\"><div class=\"fusion-clearfix\"><\/div><\/div><\/div><\/div><\/div><div class=\"fusion-fullwidth fullwidth-box fusion-builder-row-2 nonhundred-percent-fullwidth non-hundred-percent-height-scrolling\" style=\"--awb-border-radius-top-left:0px;--awb-border-radius-top-right:0px;--awb-border-radius-bottom-right:0px;--awb-border-radius-bottom-left:0px;--awb-flex-wrap:wrap;\" ><div class=\"fusion-builder-row fusion-row\"><div class=\"fusion-layout-column fusion_builder_column fusion-builder-column-3 fusion_builder_column_1_6 1_6 fusion-one-sixth fusion-column-first\" style=\"--awb-bg-size:cover;width:16.666666666667%;width:calc(16.666666666667% - ( ( 4% + 4% ) * 0.16666666666667 ) );margin-right: 4%;\"><div class=\"fusion-column-wrapper fusion-column-has-shadow fusion-flex-column-wrapper-legacy\"><div class=\"fusion-clearfix\"><\/div><\/div><\/div><div class=\"fusion-layout-column fusion_builder_column fusion-builder-column-4 fusion_builder_column_2_3 2_3 fusion-two-third\" style=\"--awb-bg-size:cover;width:66.666666666667%;width:calc(66.666666666667% - ( ( 4% + 4% ) * 0.66666666666667 ) );margin-right: 4%;\"><div class=\"fusion-column-wrapper fusion-column-has-shadow fusion-flex-column-wrapper-legacy\"><div class=\"fusion-text fusion-text-1\"><h1>Wahlpflichtf\u00e4cher der Realschule<\/h1>\n<\/div><div class=\"fusion-text fusion-text-2\"><p>Ab der siebten Klasse bietet die Realschule neben den Pflichtf\u00e4chern so genannte Wahlpflichtf\u00e4cher an, die den individuellen Neigungen und Begabungen der Sch\u00fclerinnen entgegenkommen.<br \/>\nZiel sind eine erh\u00f6hte Motivation, Einblicke in verschiedenste Berufe und die Vorbereitung auf weiterf\u00fchrende Bildungsg\u00e4nge.<\/p>\n<p>Dabei haben die Sch\u00fclerinnen die Wahl zwischen folgenden F\u00e4chern:<\/p>\n<p><strong>Klasse 7 &amp; 8<\/strong><\/p>\n<ul>\n<li>KUS (Kulturtechniken, Umwelt, Soziales), erg\u00e4nzt durch MKU (Medienkompetenzunterricht)<\/li>\n<li>TuN (Technik und Naturwissenschaften), erg\u00e4nzt durch MKU und TZ (Technisches Zeichnen)<\/li>\n<li><a href=\"https:\/\/www.sfgrs.de\/wordpress\/wp-content\/uploads\/2022\/03\/2022-03-15-ICDL-als-WPF-7R-8R.pdf\"><strong>ICDL<\/strong><\/a> (Internationaler Computerf\u00fchrerschein), erg\u00e4nzt durch MKU und VD (Virtuelles Design)<\/li>\n<\/ul>\n<p><strong>Klasse 9 &amp; 10<\/strong><\/p>\n<ul>\n<li><strong><a href=\"https:\/\/www.sfgrs.de\/wordpress\/wp-content\/uploads\/2022\/03\/SOP-Wpf-Pr\u00e4sentation.pdf\">Sozialp\u00e4dagogik<\/a><\/strong><\/li>\n<li>TuN<\/li>\n<li><strong><a href=\"https:\/\/www.sfgrs.de\/wordpress\/wp-content\/uploads\/2022\/03\/2022-03-17-Inf-als-WPF-9R-10R-Homepage.pdf\">Informatik<\/a><\/strong><\/li>\n<li><a href=\"https:\/\/www.sfgrs.de\/wordpress\/wp-content\/uploads\/2022\/03\/Info_WPF_WuV.pdf\"><strong>Wirtschaft und Verwaltung<\/strong><\/a><\/li>\n<\/ul>\n<p><strong><a href=\"http:\/\/www3.st-franziskus.region-kl.de\/cms\/typo3\/index.php?id=73\">Weiterf\u00fchrende Informationen<\/a><\/strong><\/p>\n<\/div><div class=\"fusion-section-separator section-separator bigtriangle fusion-section-separator-2\" style=\"--awb-spacer-height:99px;--awb-svg-margin-left:0;--awb-svg-margin-right:0;--awb-divider-height:99px;--awb-spacer-padding-top:inherit;--awb-sep-padding:0;--awb-svg-padding:0;\"><div class=\"fusion-section-separator-svg\"><svg class=\"fusion-big-triangle-candy\" xmlns=\"http:\/\/www.w3.org\/2000\/svg\" version=\"1.1\" width=\"100%\" height=\"100\" viewBox=\"0 0 100 100\" preserveAspectRatio=\"none\" fill=\"rgba(255,255,255,1)\"><path d=\"M0 100 L50 2 L100 100 Z\"><\/path><\/svg><\/div><div class=\"fusion-section-separator-spacer\"><div class=\"fusion-section-separator-spacer-height\"><\/div><\/div><\/div><div class=\"fusion-text fusion-text-3\"><p>Ein Blick in unseren Werkraum:<\/p>\n<\/div><div class=\"fusion-image-carousel fusion-image-carousel-auto fusion-image-carousel-1 fusion-carousel-border\"><div class=\"awb-carousel awb-swiper awb-swiper-carousel\" data-autoplay=\"yes\" data-columns=\"1\" data-itemmargin=\"13\" data-itemwidth=\"180\" data-touchscroll=\"no\" data-imagesize=\"auto\" style=\"--awb-columns:1;\"><div class=\"swiper-wrapper awb-image-carousel-wrapper fusion-flex-align-items-center\"><div class=\"swiper-slide\"><div class=\"fusion-carousel-item-wrapper\"><div class=\"fusion-image-wrapper hover-type-none\"><img decoding=\"async\" width=\"600\" height=\"401\" src=\"https:\/\/sfgrs.de\/wordpress\/wp-content\/uploads\/2020\/09\/Virtueller-Rundgang_2-60.jpg\" class=\"attachment-full size-full\" alt=\"\" srcset=\"https:\/\/sfgrs.de\/wordpress\/wp-content\/uploads\/2020\/09\/Virtueller-Rundgang_2-60-200x134.jpg 200w, https:\/\/sfgrs.de\/wordpress\/wp-content\/uploads\/2020\/09\/Virtueller-Rundgang_2-60-300x201.jpg 300w, https:\/\/sfgrs.de\/wordpress\/wp-content\/uploads\/2020\/09\/Virtueller-Rundgang_2-60-400x267.jpg 400w, https:\/\/sfgrs.de\/wordpress\/wp-content\/uploads\/2020\/09\/Virtueller-Rundgang_2-60.jpg 600w\" sizes=\"(max-width: 600px) 100vw, 600px\" \/><\/div><\/div><\/div><div class=\"swiper-slide\"><div class=\"fusion-carousel-item-wrapper\"><div class=\"fusion-image-wrapper hover-type-none\"><img decoding=\"async\" width=\"600\" height=\"401\" src=\"https:\/\/sfgrs.de\/wordpress\/wp-content\/uploads\/2020\/09\/Virtueller-Rundgang_2-59.jpg\" class=\"attachment-full size-full\" alt=\"\" srcset=\"https:\/\/sfgrs.de\/wordpress\/wp-content\/uploads\/2020\/09\/Virtueller-Rundgang_2-59-200x134.jpg 200w, https:\/\/sfgrs.de\/wordpress\/wp-content\/uploads\/2020\/09\/Virtueller-Rundgang_2-59-300x201.jpg 300w, https:\/\/sfgrs.de\/wordpress\/wp-content\/uploads\/2020\/09\/Virtueller-Rundgang_2-59-400x267.jpg 400w, https:\/\/sfgrs.de\/wordpress\/wp-content\/uploads\/2020\/09\/Virtueller-Rundgang_2-59.jpg 600w\" sizes=\"(max-width: 600px) 100vw, 600px\" \/><\/div><\/div><\/div><div class=\"swiper-slide\"><div class=\"fusion-carousel-item-wrapper\"><div class=\"fusion-image-wrapper hover-type-none\"><img decoding=\"async\" width=\"600\" height=\"401\" src=\"https:\/\/sfgrs.de\/wordpress\/wp-content\/uploads\/2020\/09\/Virtueller-Rundgang_2-47.jpg\" class=\"attachment-full size-full\" alt=\"\" srcset=\"https:\/\/sfgrs.de\/wordpress\/wp-content\/uploads\/2020\/09\/Virtueller-Rundgang_2-47-200x134.jpg 200w, https:\/\/sfgrs.de\/wordpress\/wp-content\/uploads\/2020\/09\/Virtueller-Rundgang_2-47-300x201.jpg 300w, https:\/\/sfgrs.de\/wordpress\/wp-content\/uploads\/2020\/09\/Virtueller-Rundgang_2-47-400x267.jpg 400w, https:\/\/sfgrs.de\/wordpress\/wp-content\/uploads\/2020\/09\/Virtueller-Rundgang_2-47.jpg 600w\" sizes=\"(max-width: 600px) 100vw, 600px\" \/><\/div><\/div><\/div><div class=\"swiper-slide\"><div class=\"fusion-carousel-item-wrapper\"><div class=\"fusion-image-wrapper hover-type-none\"><img decoding=\"async\" width=\"600\" height=\"401\" src=\"https:\/\/sfgrs.de\/wordpress\/wp-content\/uploads\/2020\/09\/Virtueller-Rundgang_2-36.jpg\" class=\"attachment-full size-full\" alt=\"\" srcset=\"https:\/\/sfgrs.de\/wordpress\/wp-content\/uploads\/2020\/09\/Virtueller-Rundgang_2-36-200x134.jpg 200w, https:\/\/sfgrs.de\/wordpress\/wp-content\/uploads\/2020\/09\/Virtueller-Rundgang_2-36-300x201.jpg 300w, https:\/\/sfgrs.de\/wordpress\/wp-content\/uploads\/2020\/09\/Virtueller-Rundgang_2-36-400x267.jpg 400w, https:\/\/sfgrs.de\/wordpress\/wp-content\/uploads\/2020\/09\/Virtueller-Rundgang_2-36.jpg 600w\" sizes=\"(max-width: 600px) 100vw, 600px\" \/><\/div><\/div><\/div><div class=\"swiper-slide\"><div class=\"fusion-carousel-item-wrapper\"><div class=\"fusion-image-wrapper hover-type-none\"><img decoding=\"async\" width=\"600\" height=\"401\" src=\"https:\/\/sfgrs.de\/wordpress\/wp-content\/uploads\/2020\/09\/Virtueller-Rundgang_2-34.jpg\" class=\"attachment-full size-full\" alt=\"\" srcset=\"https:\/\/sfgrs.de\/wordpress\/wp-content\/uploads\/2020\/09\/Virtueller-Rundgang_2-34-200x134.jpg 200w, https:\/\/sfgrs.de\/wordpress\/wp-content\/uploads\/2020\/09\/Virtueller-Rundgang_2-34-300x201.jpg 300w, https:\/\/sfgrs.de\/wordpress\/wp-content\/uploads\/2020\/09\/Virtueller-Rundgang_2-34-400x267.jpg 400w, https:\/\/sfgrs.de\/wordpress\/wp-content\/uploads\/2020\/09\/Virtueller-Rundgang_2-34.jpg 600w\" sizes=\"(max-width: 600px) 100vw, 600px\" \/><\/div><\/div><\/div><div class=\"swiper-slide\"><div class=\"fusion-carousel-item-wrapper\"><div class=\"fusion-image-wrapper hover-type-none\"><img decoding=\"async\" width=\"600\" height=\"401\" src=\"https:\/\/sfgrs.de\/wordpress\/wp-content\/uploads\/2020\/09\/Virtueller-Rundgang_2-32.jpg\" class=\"attachment-full size-full\" alt=\"\" srcset=\"https:\/\/sfgrs.de\/wordpress\/wp-content\/uploads\/2020\/09\/Virtueller-Rundgang_2-32-200x134.jpg 200w, https:\/\/sfgrs.de\/wordpress\/wp-content\/uploads\/2020\/09\/Virtueller-Rundgang_2-32-300x201.jpg 300w, https:\/\/sfgrs.de\/wordpress\/wp-content\/uploads\/2020\/09\/Virtueller-Rundgang_2-32-400x267.jpg 400w, https:\/\/sfgrs.de\/wordpress\/wp-content\/uploads\/2020\/09\/Virtueller-Rundgang_2-32.jpg 600w\" sizes=\"(max-width: 600px) 100vw, 600px\" \/><\/div><\/div><\/div><div class=\"swiper-slide\"><div class=\"fusion-carousel-item-wrapper\"><div class=\"fusion-image-wrapper hover-type-none\"><img decoding=\"async\" width=\"600\" height=\"401\" src=\"https:\/\/sfgrs.de\/wordpress\/wp-content\/uploads\/2020\/09\/Fotos-fu\u0308r-Infotag-156.jpg\" class=\"attachment-full size-full\" alt=\"\" srcset=\"https:\/\/sfgrs.de\/wordpress\/wp-content\/uploads\/2020\/09\/Fotos-fu\u0308r-Infotag-156-200x134.jpg 200w, https:\/\/sfgrs.de\/wordpress\/wp-content\/uploads\/2020\/09\/Fotos-fu\u0308r-Infotag-156-300x201.jpg 300w, https:\/\/sfgrs.de\/wordpress\/wp-content\/uploads\/2020\/09\/Fotos-fu\u0308r-Infotag-156-400x267.jpg 400w, https:\/\/sfgrs.de\/wordpress\/wp-content\/uploads\/2020\/09\/Fotos-fu\u0308r-Infotag-156.jpg 600w\" sizes=\"(max-width: 600px) 100vw, 600px\" \/><\/div><\/div><\/div><\/div><div class=\"awb-swiper-button awb-swiper-button-prev\"><i class=\"awb-icon-angle-left\" aria-hidden=\"true\"><\/i><\/div><div class=\"awb-swiper-button awb-swiper-button-next\"><i class=\"awb-icon-angle-right\" aria-hidden=\"true\"><\/i><\/div><\/div><\/div><div class=\"fusion-section-separator section-separator bigtriangle fusion-section-separator-3\" style=\"--awb-spacer-height:99px;--awb-svg-margin-left:0;--awb-svg-margin-right:0;--awb-divider-height:99px;--awb-spacer-padding-top:inherit;--awb-sep-padding:0;--awb-svg-padding:0;\"><div class=\"fusion-section-separator-svg\"><svg class=\"fusion-big-triangle-candy\" xmlns=\"http:\/\/www.w3.org\/2000\/svg\" version=\"1.1\" width=\"100%\" height=\"100\" viewBox=\"0 0 100 100\" preserveAspectRatio=\"none\" fill=\"rgba(255,255,255,1)\"><path d=\"M0 100 L50 2 L100 100 Z\"><\/path><\/svg><\/div><div class=\"fusion-section-separator-spacer\"><div class=\"fusion-section-separator-spacer-height\"><\/div><\/div><\/div><div class=\"fusion-text fusion-text-4\"><p>Ein Blick in unsere Schulk\u00fcche. Trotz der strengeren Hygienevorschriften darf unter entsprechenden Auflagen gekocht werden.<\/p>\n<\/div><div class=\"fusion-image-carousel fusion-image-carousel-auto fusion-image-carousel-2 fusion-carousel-border\"><div class=\"awb-carousel awb-swiper awb-swiper-carousel\" data-autoplay=\"yes\" data-columns=\"1\" data-itemmargin=\"13\" data-itemwidth=\"180\" data-touchscroll=\"no\" data-imagesize=\"auto\" style=\"--awb-columns:1;\"><div class=\"swiper-wrapper awb-image-carousel-wrapper fusion-flex-align-items-center\"><div class=\"swiper-slide\"><div class=\"fusion-carousel-item-wrapper\"><div class=\"fusion-image-wrapper hover-type-none\"><img decoding=\"async\" width=\"600\" height=\"401\" src=\"https:\/\/sfgrs.de\/wordpress\/wp-content\/uploads\/2020\/09\/Virtueller-Rundgang_2-28.jpg\" class=\"attachment-full size-full\" alt=\"\" srcset=\"https:\/\/sfgrs.de\/wordpress\/wp-content\/uploads\/2020\/09\/Virtueller-Rundgang_2-28-200x134.jpg 200w, https:\/\/sfgrs.de\/wordpress\/wp-content\/uploads\/2020\/09\/Virtueller-Rundgang_2-28-300x201.jpg 300w, https:\/\/sfgrs.de\/wordpress\/wp-content\/uploads\/2020\/09\/Virtueller-Rundgang_2-28-400x267.jpg 400w, https:\/\/sfgrs.de\/wordpress\/wp-content\/uploads\/2020\/09\/Virtueller-Rundgang_2-28.jpg 600w\" sizes=\"(max-width: 600px) 100vw, 600px\" \/><\/div><\/div><\/div><div class=\"swiper-slide\"><div class=\"fusion-carousel-item-wrapper\"><div class=\"fusion-image-wrapper hover-type-none\"><img decoding=\"async\" width=\"600\" height=\"401\" src=\"https:\/\/sfgrs.de\/wordpress\/wp-content\/uploads\/2020\/09\/Virtueller-Rundgang_2-25.jpg\" class=\"attachment-full size-full\" alt=\"\" srcset=\"https:\/\/sfgrs.de\/wordpress\/wp-content\/uploads\/2020\/09\/Virtueller-Rundgang_2-25-200x134.jpg 200w, https:\/\/sfgrs.de\/wordpress\/wp-content\/uploads\/2020\/09\/Virtueller-Rundgang_2-25-300x201.jpg 300w, https:\/\/sfgrs.de\/wordpress\/wp-content\/uploads\/2020\/09\/Virtueller-Rundgang_2-25-400x267.jpg 400w, https:\/\/sfgrs.de\/wordpress\/wp-content\/uploads\/2020\/09\/Virtueller-Rundgang_2-25.jpg 600w\" sizes=\"(max-width: 600px) 100vw, 600px\" \/><\/div><\/div><\/div><\/div><div class=\"awb-swiper-button awb-swiper-button-prev\"><i class=\"awb-icon-angle-left\" aria-hidden=\"true\"><\/i><\/div><div class=\"awb-swiper-button awb-swiper-button-next\"><i class=\"awb-icon-angle-right\" aria-hidden=\"true\"><\/i><\/div><\/div><\/div><div class=\"fusion-clearfix\"><\/div><\/div><\/div><div class=\"fusion-layout-column fusion_builder_column fusion-builder-column-5 fusion_builder_column_1_6 1_6 fusion-one-sixth fusion-column-last\" style=\"--awb-bg-size:cover;width:16.666666666667%;width:calc(16.666666666667% - ( ( 4% + 4% ) * 0.16666666666667 ) );\"><div class=\"fusion-column-wrapper fusion-column-has-shadow fusion-flex-column-wrapper-legacy\"><div class=\"fusion-clearfix\"><\/div><\/div><\/div><\/div><\/div><div class=\"fusion-fullwidth fullwidth-box fusion-builder-row-3 nonhundred-percent-fullwidth non-hundred-percent-height-scrolling\" style=\"--awb-border-radius-top-left:0px;--awb-border-radius-top-right:0px;--awb-border-radius-bottom-right:0px;--awb-border-radius-bottom-left:0px;--awb-flex-wrap:wrap;\" ><div class=\"fusion-builder-row fusion-row\"><div class=\"fusion-layout-column fusion_builder_column fusion-builder-column-6 fusion_builder_column_1_6 1_6 fusion-one-sixth fusion-column-first\" style=\"--awb-bg-size:cover;width:16.666666666667%;width:calc(16.666666666667% - ( ( 4% + 4% ) * 0.16666666666667 ) );margin-right: 4%;\"><div class=\"fusion-column-wrapper fusion-column-has-shadow fusion-flex-column-wrapper-legacy\"><div class=\"fusion-clearfix\"><\/div><\/div><\/div><div class=\"fusion-layout-column fusion_builder_column fusion-builder-column-7 fusion_builder_column_2_3 2_3 fusion-two-third\" style=\"--awb-bg-size:cover;width:66.666666666667%;width:calc(66.666666666667% - ( ( 4% + 4% ) * 0.66666666666667 ) );margin-right: 4%;\"><div class=\"fusion-column-wrapper fusion-column-has-shadow fusion-flex-column-wrapper-legacy\"><div class=\"fusion-section-separator section-separator bigtriangle fusion-section-separator-4\" style=\"--awb-spacer-height:99px;--awb-svg-margin-left:0;--awb-svg-margin-right:0;--awb-divider-height:99px;--awb-spacer-padding-top:inherit;--awb-sep-padding:0;--awb-svg-padding:0;\"><div class=\"fusion-section-separator-svg\"><svg class=\"fusion-big-triangle-candy\" xmlns=\"http:\/\/www.w3.org\/2000\/svg\" version=\"1.1\" width=\"100%\" height=\"100\" viewBox=\"0 0 100 100\" preserveAspectRatio=\"none\" fill=\"rgba(255,255,255,1)\"><path d=\"M0 100 L50 2 L100 100 Z\"><\/path><\/svg><\/div><div class=\"fusion-section-separator-spacer\"><div class=\"fusion-section-separator-spacer-height\"><\/div><\/div><\/div><div class=\"fusion-button-wrapper\"><a class=\"fusion-button button-flat fusion-button-default-size button-default fusion-button-default button-2 fusion-button-default-span fusion-button-default-type\" target=\"_self\" href=\"https:\/\/www.sfgrs.de\/wordpress\/index.php\/tag-der-offenen-tuer-fachbereiche\/\"><span class=\"fusion-button-text\">Zur\u00fcck zur \u00dcbersicht<\/span><\/a><\/div><div class=\"fusion-clearfix\"><\/div><\/div><\/div><div class=\"fusion-layout-column fusion_builder_column fusion-builder-column-8 fusion_builder_column_1_6 1_6 fusion-one-sixth fusion-column-last\" style=\"--awb-bg-size:cover;width:16.666666666667%;width:calc(16.666666666667% - ( ( 4% + 4% ) * 0.16666666666667 ) );\"><div class=\"fusion-column-wrapper fusion-column-has-shadow fusion-flex-column-wrapper-legacy\"><div class=\"fusion-clearfix\"><\/div><\/div><\/div><\/div><\/div><\/p>\n","protected":false},"excerpt":{"rendered":"","protected":false},"author":1,"featured_media":0,"parent":5359,"menu_order":0,"comment_status":"closed","ping_status":"closed","template":"","meta":{"footnotes":""},"categories":[],"tags":[],"class_list":["post-5577","page","type-page","status-publish","hentry"],"_links":{"self":[{"href":"https:\/\/sfgrs.de\/wordpress\/index.php\/wp-json\/wp\/v2\/pages\/5577","targetHints":{"allow":["GET"]}}],"collection":[{"href":"https:\/\/sfgrs.de\/wordpress\/index.php\/wp-json\/wp\/v2\/pages"}],"about":[{"href":"https:\/\/sfgrs.de\/wordpress\/index.php\/wp-json\/wp\/v2\/types\/page"}],"author":[{"embeddable":true,"href":"https:\/\/sfgrs.de\/wordpress\/index.php\/wp-json\/wp\/v2\/users\/1"}],"replies":[{"embeddable":true,"href":"https:\/\/sfgrs.de\/wordpress\/index.php\/wp-json\/wp\/v2\/comments?post=5577"}],"version-history":[{"count":1,"href":"https:\/\/sfgrs.de\/wordpress\/index.php\/wp-json\/wp\/v2\/pages\/5577\/revisions"}],"predecessor-version":[{"id":8912,"href":"https:\/\/sfgrs.de\/wordpress\/index.php\/wp-json\/wp\/v2\/pages\/5577\/revisions\/8912"}],"up":[{"embeddable":true,"href":"https:\/\/sfgrs.de\/wordpress\/index.php\/wp-json\/wp\/v2\/pages\/5359"}],"wp:attachment":[{"href":"https:\/\/sfgrs.de\/wordpress\/index.php\/wp-json\/wp\/v2\/media?parent=5577"}],"wp:term":[{"taxonomy":"category","embeddable":true,"href":"https:\/\/sfgrs.de\/wordpress\/index.php\/wp-json\/wp\/v2\/categories?post=5577"},{"taxonomy":"post_tag","embeddable":true,"href":"https:\/\/sfgrs.de\/wordpress\/index.php\/wp-json\/wp\/v2\/tags?post=5577"}],"curies":[{"name":"wp","href":"https:\/\/api.w.org\/{rel}","templated":true}]}}