{"id":6774,"date":"2021-10-22T10:21:41","date_gmt":"2021-10-22T08:21:41","guid":{"rendered":"https:\/\/www.sfgrs.de\/wordpress\/?page_id=6774"},"modified":"2024-04-04T16:00:40","modified_gmt":"2024-04-04T14:00:40","slug":"ag-mittelstufenchor","status":"publish","type":"page","link":"https:\/\/sfgrs.de\/wordpress\/index.php\/ag-mittelstufenchor\/","title":{"rendered":"AG &#8211; Mittelstufenchor"},"content":{"rendered":"<h1 class=\"csc-firstHeader\">Der Mittelstufenchor (Klasse 7 &#8211; 10)<\/h1>\n<p><strong>Wichtig ist ganz allein der Spa\u00df am Musizieren<\/strong><\/p>\n<p>Liebe Sch\u00fclerinnen, liebe Lehrer, liebe Eltern,<\/p>\n<p><img decoding=\"async\" class=\"size-medium wp-image-6775 alignright\" src=\"https:\/\/www.sfgrs.de\/wordpress\/wp-content\/uploads\/2021\/10\/2018-Mittelstufenchor-300x225.jpg\" alt=\"\" width=\"300\" height=\"225\" srcset=\"https:\/\/sfgrs.de\/wordpress\/wp-content\/uploads\/2021\/10\/2018-Mittelstufenchor-200x150.jpg 200w, https:\/\/sfgrs.de\/wordpress\/wp-content\/uploads\/2021\/10\/2018-Mittelstufenchor-300x225.jpg 300w, https:\/\/sfgrs.de\/wordpress\/wp-content\/uploads\/2021\/10\/2018-Mittelstufenchor-400x300.jpg 400w, https:\/\/sfgrs.de\/wordpress\/wp-content\/uploads\/2021\/10\/2018-Mittelstufenchor-600x450.jpg 600w, https:\/\/sfgrs.de\/wordpress\/wp-content\/uploads\/2021\/10\/2018-Mittelstufenchor-768x576.jpg 768w, https:\/\/sfgrs.de\/wordpress\/wp-content\/uploads\/2021\/10\/2018-Mittelstufenchor.jpg 800w\" sizes=\"(max-width: 300px) 100vw, 300px\" \/>wir wollen Euch\/Ihnen den Mittelstufenchor vorstellen und einen kleinen Einblick in unsere\u00a0musikalische und zugleich sch\u00f6ne Arbeit vermitteln. Jeden Mittwoch, in der 6. Stunde, treffen sich Sch\u00fclerinnen der Klassen 7 bis 10 in der Franziskushalle, um mit der Chorleiterin Frau Liese zu musizieren.<\/p>\n<p>Durch ihre offene Art und ihre Herzlichkeit f\u00fchlen wir uns bei Frau Liese immer wohl. Mit viel Motivation bringt sie uns die Musikst\u00fccke bei. Auch wenn wir manchmal das Gef\u00fchl haben, dass uns die Zeit bis zum Konzert nicht ausreicht, haben wir es durch Frau Lieses Kraft immer geschafft, ein gelungenes Konzert zu absolvieren.<\/p>\n<p>Die Musikst\u00fccke, die Sie f\u00fcr uns ausw\u00e4hlt, sind sehr vielseitig. Sowohl klassische als auch moderne St\u00fccke spielen bei uns eine wichtige Rolle. Wenn man an die Klassik denkt, haben manche vielleicht gleich ein Gef\u00fchl von Langeweile. Doch die kommt in unseren Zusammenk\u00fcnften niemals auf. Frau Liese versteht es, aus jedem Musikst\u00fcck, ob\u00a0 modern, \u00fcberliefert, uralt oder topmodern, ein besonderes Liedgut f\u00fcr uns zu machen.<\/p>\n<p>Eine weitere wichtige Person im Mittelstufenchor ist die ehemalige Musiklehrerin Frau Gemmecker-Gropp. Da auch sie Musik \u00fcber alles liebt, hilft sie Frau Liese und unterst\u00fctzt sie tatkr\u00e4ftig.<\/p>\n<p>Uns macht es riesigen Spa\u00df, in solch einer gro\u00dfen, buntgemischten und von Teamgeist gepr\u00e4gten Gemeinschaft zu musizieren. Zusammen arbeiten wir an einem Projekt. Deshalb ist jede einzelne Sch\u00fclerin ein wichtiger Teil in diesem Chor. Ob Sopran oder Alt, jede Stimme tr\u00e4gt dazu bei, dass jedes Konzert aufs Neue ein ganz besonderes Erlebnis wird. Wichtig ist ganz allein der Spa\u00df am Musizieren. Musik ist f\u00fcr uns, d.h. f\u00fcr die Sch\u00fclerinnen des Mittelstufenchores, etwas ganz Besonderes.<\/p>\n<p>&#8222;Meine Seele spricht durch Musik in T\u00f6nen, f\u00fcr die mir die Worte fehlen, und die Melodie, die wird getragen auf den Wellen des Klanges.&#8220;<\/p>\n<p><em>Laura Uttenreuther und Sophia Westrich\u00a0(Klasse 10c)<\/em><br \/>\n<em>Sommer, 2018<\/em><\/p>\n","protected":false},"excerpt":{"rendered":"<p>Der Mittelstufenchor (Klasse 7 &#8211; 10) Wichtig ist ganz allein der Spa\u00df am Musizieren Liebe Sch\u00fclerinnen, liebe Lehrer, liebe Eltern, wir wollen Euch\/Ihnen den Mittelstufenchor vorstellen und einen kleinen Einblick in unsere\u00a0musikalische und zugleich sch\u00f6ne Arbeit vermitteln. Jeden Mittwoch, in der 6. Stunde, treffen sich Sch\u00fclerinnen der  [&#8230;]<\/p>\n","protected":false},"author":1,"featured_media":0,"parent":0,"menu_order":0,"comment_status":"closed","ping_status":"closed","template":"","meta":{"footnotes":""},"categories":[],"tags":[],"class_list":["post-6774","page","type-page","status-publish","hentry"],"_links":{"self":[{"href":"https:\/\/sfgrs.de\/wordpress\/index.php\/wp-json\/wp\/v2\/pages\/6774","targetHints":{"allow":["GET"]}}],"collection":[{"href":"https:\/\/sfgrs.de\/wordpress\/index.php\/wp-json\/wp\/v2\/pages"}],"about":[{"href":"https:\/\/sfgrs.de\/wordpress\/index.php\/wp-json\/wp\/v2\/types\/page"}],"author":[{"embeddable":true,"href":"https:\/\/sfgrs.de\/wordpress\/index.php\/wp-json\/wp\/v2\/users\/1"}],"replies":[{"embeddable":true,"href":"https:\/\/sfgrs.de\/wordpress\/index.php\/wp-json\/wp\/v2\/comments?post=6774"}],"version-history":[{"count":1,"href":"https:\/\/sfgrs.de\/wordpress\/index.php\/wp-json\/wp\/v2\/pages\/6774\/revisions"}],"predecessor-version":[{"id":8885,"href":"https:\/\/sfgrs.de\/wordpress\/index.php\/wp-json\/wp\/v2\/pages\/6774\/revisions\/8885"}],"wp:attachment":[{"href":"https:\/\/sfgrs.de\/wordpress\/index.php\/wp-json\/wp\/v2\/media?parent=6774"}],"wp:term":[{"taxonomy":"category","embeddable":true,"href":"https:\/\/sfgrs.de\/wordpress\/index.php\/wp-json\/wp\/v2\/categories?post=6774"},{"taxonomy":"post_tag","embeddable":true,"href":"https:\/\/sfgrs.de\/wordpress\/index.php\/wp-json\/wp\/v2\/tags?post=6774"}],"curies":[{"name":"wp","href":"https:\/\/api.w.org\/{rel}","templated":true}]}}