{"id":6779,"date":"2021-10-22T10:27:53","date_gmt":"2021-10-22T08:27:53","guid":{"rendered":"https:\/\/www.sfgrs.de\/wordpress\/?page_id=6779"},"modified":"2024-10-21T09:13:44","modified_gmt":"2024-10-21T07:13:44","slug":"ag-grosses-orchester","status":"publish","type":"page","link":"https:\/\/sfgrs.de\/wordpress\/index.php\/ag-grosses-orchester\/","title":{"rendered":"AG &#8211; Gro\u00dfes Orchester"},"content":{"rendered":"<div class=\"fusion-fullwidth fullwidth-box fusion-builder-row-1 fusion-flex-container nonhundred-percent-fullwidth non-hundred-percent-height-scrolling\" style=\"--awb-border-radius-top-left:0px;--awb-border-radius-top-right:0px;--awb-border-radius-bottom-right:0px;--awb-border-radius-bottom-left:0px;--awb-flex-wrap:wrap;\" ><div class=\"fusion-builder-row fusion-row fusion-flex-align-items-flex-start fusion-flex-content-wrap\" style=\"max-width:1456px;margin-left: calc(-4% \/ 2 );margin-right: calc(-4% \/ 2 );\"><div class=\"fusion-layout-column fusion_builder_column fusion-builder-column-0 fusion_builder_column_1_1 1_1 fusion-flex-column\" style=\"--awb-bg-size:cover;--awb-width-large:100%;--awb-margin-top-large:0px;--awb-spacing-right-large:1.92%;--awb-margin-bottom-large:0px;--awb-spacing-left-large:1.92%;--awb-width-medium:100%;--awb-spacing-right-medium:1.92%;--awb-spacing-left-medium:1.92%;--awb-width-small:100%;--awb-spacing-right-small:1.92%;--awb-spacing-left-small:1.92%;\"><div class=\"fusion-column-wrapper fusion-flex-justify-content-flex-start fusion-content-layout-column\"><div class=\"fusion-text fusion-text-1\"><h1>&#8222;Spielt, als h\u00e4ttet ihr eine Rei\u00dfzwecke im Po!&#8220;<\/h1>\n<p>Diesen Satz h\u00f6ren etwa 50 Sch\u00fclerinnen des SFGRS jeden Dienstag (und manchmal auch \u00f6fter!) im Gro\u00dfen Orchester, denn Andrea Liese, die das Orchester mit viel Herzblut leitet, wei\u00df immer, wie sie uns mit ihrer Begeisterung zum Proben anstecken kann.<\/p>\n<p>Obwohl das Musizieren oft auch sehr anstrengend sein kann, sind es kleine Momente wie diese, die unsere gute Orchestergemeinschaft ausmachen.<\/p>\n<p>Anl\u00e4sslich unserer j\u00e4hrlichen &#8222;Kleinen Marktmusik&#8220; (seit 2019 &#8222;Mittagsmusik&#8220;) bereisten wir im Rahmen unseres Probenwochenendes bereits Bamberg, Kusel, Otterberg, Saarbr\u00fccken und viele weitere Orte. Und auch bei Schulveranstaltungen wie den Sommer- und Winterkonzerten fehlt unser Orchester nie, gr\u00f6\u00dfere Projekte wie die Friedensmesse in Otterberg wissen wir jedoch ebenfalls zu meistern.<\/p>\n<p>Erm\u00f6glicht wird das alles unter anderem durch unseren &#8222;Notenwart&#8220;, Frau Brigitte Gemmecker-Gropp (\u00fcber die es sogar ein Lied gibt!). Sie schreibt, kopiert, klebt und organisiert unsere Noten, was das Fundament eines jeden Orchesters bildet und ist zudem auch als aktives Mitglied des Orchesters unm\u00f6glich wegzudenken.<\/p>\n<p>Von jung bis alt, von Kontrabass bis Piccolo-Fl\u00f6te, bei uns ist jeder willkommen, der wie wir das Herz bei der Musik hat!<\/p>\n<p><em>Lena Wolf\u00a0(MSS 12)<\/em><br \/>\n<em>Sommer, 2018<\/em><\/p>\n<p><img decoding=\"async\" class=\"alignnone size-medium wp-image-6780\" src=\"https:\/\/www.sfgrs.de\/wordpress\/wp-content\/uploads\/2021\/10\/2020-Gro\u00dfes-Orchester-300x225.jpg\" alt=\"\" width=\"300\" height=\"225\" srcset=\"https:\/\/sfgrs.de\/wordpress\/wp-content\/uploads\/2021\/10\/2020-Gro\u00dfes-Orchester-200x150.jpg 200w, https:\/\/sfgrs.de\/wordpress\/wp-content\/uploads\/2021\/10\/2020-Gro\u00dfes-Orchester-300x225.jpg 300w, https:\/\/sfgrs.de\/wordpress\/wp-content\/uploads\/2021\/10\/2020-Gro\u00dfes-Orchester-400x300.jpg 400w, https:\/\/sfgrs.de\/wordpress\/wp-content\/uploads\/2021\/10\/2020-Gro\u00dfes-Orchester-600x450.jpg 600w, https:\/\/sfgrs.de\/wordpress\/wp-content\/uploads\/2021\/10\/2020-Gro\u00dfes-Orchester-768x576.jpg 768w, https:\/\/sfgrs.de\/wordpress\/wp-content\/uploads\/2021\/10\/2020-Gro\u00dfes-Orchester.jpg 800w\" sizes=\"(max-width: 300px) 100vw, 300px\" \/><br \/>\nGro\u00dfes Orchester 2020<\/p>\n<p><img decoding=\"async\" class=\"alignnone size-medium wp-image-6781\" src=\"https:\/\/www.sfgrs.de\/wordpress\/wp-content\/uploads\/2021\/10\/2021-Gro\u00dfes-Orchester-Corona-300x225.jpg\" alt=\"\" width=\"300\" height=\"225\" srcset=\"https:\/\/sfgrs.de\/wordpress\/wp-content\/uploads\/2021\/10\/2021-Gro\u00dfes-Orchester-Corona-200x150.jpg 200w, https:\/\/sfgrs.de\/wordpress\/wp-content\/uploads\/2021\/10\/2021-Gro\u00dfes-Orchester-Corona-300x225.jpg 300w, https:\/\/sfgrs.de\/wordpress\/wp-content\/uploads\/2021\/10\/2021-Gro\u00dfes-Orchester-Corona-400x300.jpg 400w, https:\/\/sfgrs.de\/wordpress\/wp-content\/uploads\/2021\/10\/2021-Gro\u00dfes-Orchester-Corona-600x450.jpg 600w, https:\/\/sfgrs.de\/wordpress\/wp-content\/uploads\/2021\/10\/2021-Gro\u00dfes-Orchester-Corona-768x576.jpg 768w, https:\/\/sfgrs.de\/wordpress\/wp-content\/uploads\/2021\/10\/2021-Gro\u00dfes-Orchester-Corona.jpg 800w\" sizes=\"(max-width: 300px) 100vw, 300px\" \/><br \/>\nProben unter &#8222;Corona-Bedingungen&#8220;<\/p>\n<\/div><\/div><\/div><\/div><\/div>\n","protected":false},"excerpt":{"rendered":"","protected":false},"author":1,"featured_media":0,"parent":0,"menu_order":0,"comment_status":"closed","ping_status":"closed","template":"","meta":{"footnotes":""},"categories":[],"tags":[],"class_list":["post-6779","page","type-page","status-publish","hentry"],"_links":{"self":[{"href":"https:\/\/sfgrs.de\/wordpress\/index.php\/wp-json\/wp\/v2\/pages\/6779","targetHints":{"allow":["GET"]}}],"collection":[{"href":"https:\/\/sfgrs.de\/wordpress\/index.php\/wp-json\/wp\/v2\/pages"}],"about":[{"href":"https:\/\/sfgrs.de\/wordpress\/index.php\/wp-json\/wp\/v2\/types\/page"}],"author":[{"embeddable":true,"href":"https:\/\/sfgrs.de\/wordpress\/index.php\/wp-json\/wp\/v2\/users\/1"}],"replies":[{"embeddable":true,"href":"https:\/\/sfgrs.de\/wordpress\/index.php\/wp-json\/wp\/v2\/comments?post=6779"}],"version-history":[{"count":3,"href":"https:\/\/sfgrs.de\/wordpress\/index.php\/wp-json\/wp\/v2\/pages\/6779\/revisions"}],"predecessor-version":[{"id":11997,"href":"https:\/\/sfgrs.de\/wordpress\/index.php\/wp-json\/wp\/v2\/pages\/6779\/revisions\/11997"}],"wp:attachment":[{"href":"https:\/\/sfgrs.de\/wordpress\/index.php\/wp-json\/wp\/v2\/media?parent=6779"}],"wp:term":[{"taxonomy":"category","embeddable":true,"href":"https:\/\/sfgrs.de\/wordpress\/index.php\/wp-json\/wp\/v2\/categories?post=6779"},{"taxonomy":"post_tag","embeddable":true,"href":"https:\/\/sfgrs.de\/wordpress\/index.php\/wp-json\/wp\/v2\/tags?post=6779"}],"curies":[{"name":"wp","href":"https:\/\/api.w.org\/{rel}","templated":true}]}}