{"id":6789,"date":"2021-10-22T10:43:25","date_gmt":"2021-10-22T08:43:25","guid":{"rendered":"https:\/\/www.sfgrs.de\/wordpress\/?page_id=6789"},"modified":"2024-04-04T16:00:40","modified_gmt":"2024-04-04T14:00:40","slug":"ag-schulband","status":"publish","type":"page","link":"https:\/\/sfgrs.de\/wordpress\/index.php\/ag-schulband\/","title":{"rendered":"AG &#8211; Schulband"},"content":{"rendered":"<h1 class=\"csc-firstHeader\">Die Schulband &#8222;Spring&#8220;<\/h1>\n<p><b>In der Schulband &#8222;Spring&#8220; spielen Sch\u00fclerinnen, Lehrerinnen und Lehrer gemeinsam ihre Musik<\/b><\/p>\n<ul>\n<li>neue geistliche Lieder<\/li>\n<li>Popsongs<\/li>\n<li>Musicalmesse, Friedensmesse, &#8230;<\/li>\n<li>Franziskanische Lieder und St\u00fccke (Singspiele)<\/li>\n<li>&#8230;<\/li>\n<\/ul>\n<p><img decoding=\"async\" class=\"size-medium wp-image-6790 alignright\" src=\"https:\/\/www.sfgrs.de\/wordpress\/wp-content\/uploads\/2021\/10\/Band-SPRING-sw_02-300x266.jpg\" alt=\"\" width=\"300\" height=\"266\" srcset=\"https:\/\/sfgrs.de\/wordpress\/wp-content\/uploads\/2021\/10\/Band-SPRING-sw_02-200x178.jpg 200w, https:\/\/sfgrs.de\/wordpress\/wp-content\/uploads\/2021\/10\/Band-SPRING-sw_02-300x266.jpg 300w, https:\/\/sfgrs.de\/wordpress\/wp-content\/uploads\/2021\/10\/Band-SPRING-sw_02-400x355.jpg 400w, https:\/\/sfgrs.de\/wordpress\/wp-content\/uploads\/2021\/10\/Band-SPRING-sw_02.jpg 500w\" sizes=\"(max-width: 300px) 100vw, 300px\" \/>Im Vordergrund steht bei allen Beteiligten die Freude an der Musik und am gemeinsamen Musizieren.<\/p>\n<p>F\u00fcr die Lehrer ist die Band ein Hobby, das viel Freude mit sich bringt. Es macht viel Spa\u00df, mit Freunden und Sch\u00fclerinnen Songs zu \u00fcben und aufzuf\u00fchren.<\/p>\n<p>Einige gr\u00f6\u00dfere und kleinere Werke werden auch zusammen mit anderen Musik-Gruppen einstudiert.<\/p>\n<p>Beispiele\u00a0daf\u00fcr aus unserer Schulgemeinschaft\u00a0sind das Gro\u00dfe Orchester, das Blasorchester, die STOMP-AG, der FELS-Chor\u00a0und andere.<\/p>\n<p>Auch\u00a0mit au\u00dferschulischen Gruppen wird musiziert.\u00a0Ein besonderes Highlight ist immer wieder das gemeinsame Spielen mit der Anklung-Gruppe &#8222;Farbt\u00f6ne&#8220; der Lebenshilfe\u00a0Kaiserslautern.<\/p>\n<p>&nbsp;<\/p>\n<h3>Innerhalb der Schulgemeinschaft sehen wir unsere Aufgabe darin&#8230;<\/h3>\n<ul>\n<li>die\u00a0<strong>Schulgottesdienste<\/strong>\u00a0musikalisch mitzugestalten,<\/li>\n<li>besonderen schulischen Anl\u00e4ssen einen musikalischen Rahmen zu geben (z.B.\u00a0<strong>Kundgebung am Hungermarsch, Feierstunden<\/strong>, &#8230;),<\/li>\n<li>die\u00a0<strong>Konzerte der Schule<\/strong>\u00a0mit &#8222;nichtklassischen&#8220; Musikstilen z.B. aus dem Pop- Rock &#8211; Bereich zu erg\u00e4nzen,<\/li>\n<li>an\u00a0<strong>Schulfesten<\/strong>\u00a0fetzige Musik zur Unterhaltung zu spielen,<\/li>\n<li>am\u00a0<strong>Sozialen Tag<\/strong>\u00a0spielt die Schulband im Schulhof,<\/li>\n<li>in\u00a0<strong>Gottesdiensten von Kirchengemeinden<\/strong>\u00a0Neue Geistliche Lieder einzubringen,<\/li>\n<li>bei Veranstaltungen wie\u00a0<strong>Katholikentagen, Jugendtagen, Jubil\u00e4en<\/strong>\u00a0usw. musikalisch<br \/>\nmitzuwirken,<\/li>\n<li>&#8230;<\/li>\n<\/ul>\n<h3>Highlights au\u00dferhalb der Schule&#8230;<\/h3>\n<p>Beispiele f\u00fcr Auftritte der Schulband au\u00dferhalb der Schule waren\/sind:<\/p>\n<p><strong>2000<\/strong><\/p>\n<ul>\n<li>29.10. \/ 14.11. \/ 02.12. Musical-Messe von Johannes Mathias Michel in Enkenbach, Klosterkirche \/ SFGRS \/ Pirmasens, St.-Elisabeth.<\/li>\n<li>06.07. Gottesdienst in der Landesgartenschau Kaiserslautern<\/li>\n<li>30.04. Konfirmationsgottesdienst in Kaiserslautern, Friedenskirche<\/li>\n<\/ul>\n<p><strong>2003<\/strong><\/p>\n<ul>\n<li>01.02. Nacht der offenen Kirchen des BDKJ in Kaiserslautern, Maria Schutz<\/li>\n<li>20.09. Sommer der Kirchen, Edith-Stein-Haus, Kaiserslautern<\/li>\n<li>09.11. Jugendgottesdienst in Maria Schutz, Kaiserslautern<\/li>\n<li><span class=\"125362505-26062007\">07.12. Adventsjugendgottesdienst in der Abteikirche Otterberg<\/span><\/li>\n<\/ul>\n<p><strong>2004<\/strong><\/p>\n<ul>\n<li><span class=\"125362505-26062007\">04.04. Jugendtag der Di\u00f6zese\u00a0Speyer in der St.-Franziskus-Schule, Kaiserslautern<\/span><\/li>\n<li><span class=\"125362505-26062007\">04.10. Franziskustag in der Gartenschau Kaiserslautern<\/span><\/li>\n<\/ul>\n<p><strong>2005<\/strong><\/p>\n<ul>\n<li>17.03. Jugendkreuzweg in Maria Schutz, Kaiserslautern<\/li>\n<\/ul>\n<p><strong>2006<\/strong><\/p>\n<ul>\n<li><span class=\"125362505-26062007\">26.\/27.05. Gottesdienste auf dem Deutschen Katholikentag in Saarbr\u00fccken, St.-Antonius<\/span><\/li>\n<li><span class=\"125362505-26062007\">19.06. Jugendgottesdienst zur Fu\u00dfball-Weltmeisterschaft,\u00a0WM-Jugendkirche, Kaiserslautern<\/span><\/li>\n<li><span class=\"125362505-26062007\">29.11. Aufnahme eines Band-Titels f\u00fcr die Jubil\u00e4ums-CD der Schule im Atlas-Tonstudio, Oberotterbach<\/span><\/li>\n<\/ul>\n<p><strong>2007<\/strong><\/p>\n<ul>\n<li><img decoding=\"async\" class=\"alignright size-medium wp-image-6792\" src=\"https:\/\/www.sfgrs.de\/wordpress\/wp-content\/uploads\/2021\/10\/MusicalMesse-301107-2_01-300x225.jpg\" alt=\"\" width=\"300\" height=\"225\" srcset=\"https:\/\/sfgrs.de\/wordpress\/wp-content\/uploads\/2021\/10\/MusicalMesse-301107-2_01-200x150.jpg 200w, https:\/\/sfgrs.de\/wordpress\/wp-content\/uploads\/2021\/10\/MusicalMesse-301107-2_01-300x225.jpg 300w, https:\/\/sfgrs.de\/wordpress\/wp-content\/uploads\/2021\/10\/MusicalMesse-301107-2_01-400x300.jpg 400w, https:\/\/sfgrs.de\/wordpress\/wp-content\/uploads\/2021\/10\/MusicalMesse-301107-2_01.jpg 500w\" sizes=\"(max-width: 300px) 100vw, 300px\" \/>04.05.\u00a0s+e Fr\u00fchlingsfest in der Gartenschau, Kaiserslautern<\/li>\n<li>03.10. Festgottesdienst zum 100. Schuljubil\u00e4um mit dem Di\u00f6zesanadministrator Weihbischof Otto Georgens in\u00a0St. Maria, Kaiserslautern<\/li>\n<li>30.11. Auff\u00fchrung der Musical-Messe von Johannes Mathias Michel\u00a0in St. Teresia, Kaiserslautern<\/li>\n<\/ul>\n<p><strong>2008<\/strong><\/p>\n<ul>\n<li>24.02. Jugendgottesdienst im Rahmen von &#8222;Jugend-Kirche&#8220; in St.-Franziskus, Kaiserslautern<\/li>\n<li>30.05. Tage der Rheinland-Pf\u00e4lzischen Schulmusik in Kaiserslautern auf dem Gel\u00e4nde der Gartenschau; von unserer Schuls war unter anderem die Band beteiligt<\/li>\n<li>01.06. Konzert mit dem Titel &#8222;Himmelst\u00f6ne&#8220; in der protestantischen Kirche in Mehlingen anl\u00e4sslich\u00a0ihres 75-j\u00e4hrigen Jubil\u00e4ums; die Band spielte 2 Stunden Gospels, Spirituals, Neue Geistliche Lieder und mitrei\u00dfende Songs &#8222;von Gott und den Menschen&#8220;<\/li>\n<\/ul>\n<p><strong>2009<\/strong><\/p>\n<ul>\n<li>08.05.\u00a0s+e Fr\u00fchlingsfest in der Gartenschau Kaiserslautern, die Band spielte\u00a02 Stunden lang\u00a0fetzige Songs zur Unterhaltung des Publikums<\/li>\n<li>04.09. Konzert in der Stadthalle Landstuhl zusammen mit dem Orchester und\u00a0dem Blasorchester.<\/li>\n<\/ul>\n<p><strong>2010<\/strong><\/p>\n<ul>\n<li>11.-13.06. Probewochenende in Limburg\/Lahn<\/li>\n<li>19.06. Konzert auf dem Gel\u00e4nde der Gartenschau in Kaiserslautern zusammen mit der Anklung-Gruppe &#8222;Farbt\u00f6ne&#8220; der Lebenshilfe Kaiserslautern<\/li>\n<li>06.10. Musikalische Umrahmung beim &#8222;P\u00e4dagogischen Tag 2010&#8220; in der Kreissparkasse Kaiserslautern<\/li>\n<\/ul>\n<p><strong>2011<\/strong><\/p>\n<ul>\n<li>24.02.\u00a0Konzert zusammen mit der Anklung-Gruppe &#8222;Farbt\u00f6ne&#8220; der Lebenshilfe Kaiserslautern und der Gruppe &#8222;Carpe Diem Unerh\u00f6rt&#8220; der Reha Westpfalz in einem Zirkuszelt in der GS &#8222;In der Au&#8220; in Landstuhl<\/li>\n<li>06.08. Auftritt auf dem &#8222;Alles muss raus&#8220;- Stra\u00dfentheater-Festival der\u00a0<a class=\"external-link-new-window\" title=\"\u00d6ffnet externen Link in neuem Fenster\" href=\"http:\/\/www.lebenshilfe-kl.de\/\" target=\"_blank\" rel=\"noopener noreferrer\">Lebenshilfe Kaiserslautern<\/a>\u00a0auf der B\u00fchne am Stiftsplatz\u00a0zusammen mit der Anklung-Gruppe &#8222;Farbt\u00f6ne&#8220; der Lebenshilfe Kaiserslautern<\/li>\n<\/ul>\n<p><strong>2012<\/strong><\/p>\n<ul>\n<li><img decoding=\"async\" class=\"alignright size-medium wp-image-6791\" src=\"https:\/\/www.sfgrs.de\/wordpress\/wp-content\/uploads\/2021\/10\/Schulband-2012-05-300x267.jpg\" alt=\"\" width=\"300\" height=\"267\" srcset=\"https:\/\/sfgrs.de\/wordpress\/wp-content\/uploads\/2021\/10\/Schulband-2012-05-200x178.jpg 200w, https:\/\/sfgrs.de\/wordpress\/wp-content\/uploads\/2021\/10\/Schulband-2012-05-300x267.jpg 300w, https:\/\/sfgrs.de\/wordpress\/wp-content\/uploads\/2021\/10\/Schulband-2012-05-400x356.jpg 400w, https:\/\/sfgrs.de\/wordpress\/wp-content\/uploads\/2021\/10\/Schulband-2012-05.jpg 500w\" sizes=\"(max-width: 300px) 100vw, 300px\" \/>04.05. s+e Fr\u00fchlingsfest in der Gartenschau Kaiserslautern, die Band spielte\u00a02 Stunden lang\u00a0fetzige Songs zur Unterhaltung des Publikums<\/li>\n<li>11.08. Auftritt auf dem &#8222;Alles muss raus&#8220;- Stra\u00dfentheater-Festival der\u00a0<a class=\"external-link-new-window\" title=\"\u00d6ffnet externen Link in neuem Fenster\" href=\"http:\/\/www.lebenshilfe-kl.de\/\" target=\"_blank\" rel=\"noopener noreferrer\">Lebenshilfe Kaiserslautern<\/a>\u00a0auf der B\u00fchne am Stiftsplatz\u00a0zusammen mit der Anklung-Gruppe &#8222;Farbt\u00f6ne&#8220; der Lebenshilfe Kaiserslautern<\/li>\n<li>08.09. Sp\u00e4tsommerkonzert auf der Schulb\u00fchne, unterst\u00fctzt von Ehemaligen\u00a0zusammen mit einer Lehrer-Jazz-Combo und der Folk-Rock-Band &#8222;South-West-Wind&#8220; um eine ehemalige Sch\u00fclerin des SFG<\/li>\n<li>16.12. Auftritt auf dem\u00a0Adventsmarkt in der Fruchthalle Kaiserslautern\u00a0zusammen mit der Anklung-Gruppe &#8222;Farbt\u00f6ne&#8220; der Lebenshilfe Kaiserslautern<\/li>\n<\/ul>\n<p><strong>2013<\/strong><\/p>\n<ul>\n<li>16.06. Mitgestaltung der Abschlussfeier der 72-Stunden-Aktion des BDKJ (Dekanat Kaiserslautern) in der Marienkirche<\/li>\n<li>07.12. Adventskonzert der Schulband &#8222;Spring&#8220; in der Klosterkirche in Enkenbach<\/li>\n<\/ul>\n<p><strong>2014<\/strong><\/p>\n<ul>\n<li>19.06. Auftritt der Schulband beim Sommerfest der Klosterkirchengemeinde im Hof des Heinrich-Brauns-Hauses in Enkenbach<\/li>\n<li>16.12. Auff\u00fchrung der &#8222;Musical-Messe&#8220; von J.J.Michael in der AT des SFG\/RS:<br \/>\nBand &#8222;Spring&#8220;, FELS-Chor, MSS-Chor, Mittelstufenchor, Chor SIMBAKIRA aus Pirmasens, Teile des gro\u00dfen Orchesters und Instrumental-Solisten der Schule<\/li>\n<\/ul>\n<p><strong>2015<\/strong><\/p>\n<ul>\n<li>23.05. mehrere Kurzauftritte der Schulband &#8222;Spring&#8220; beim \u00d6kumenischen Kirchentag an der Ged\u00e4chtniskirche in Speyer<\/li>\n<\/ul>\n<p><strong>2016<\/strong><\/p>\n<ul>\n<li>04.10. Auftritt beim &#8222;Sozialen Tag&#8220; anl\u00e4sslich des Jubil\u00e4ums &#8222;775 Jahre Dillinger Franziskanerinnen&#8220;<\/li>\n<\/ul>\n<p><strong>2017<\/strong><\/p>\n<ul>\n<li>03.11. &#8211; 05.11. Probewochenende in der Jugendherrberge Bad Bergzabern<\/li>\n<\/ul>\n<p><strong>2018<\/strong><\/p>\n<ul>\n<li><img decoding=\"async\" class=\"alignright size-medium wp-image-6793\" src=\"https:\/\/www.sfgrs.de\/wordpress\/wp-content\/uploads\/2021\/10\/2c8b47287c-226x300.jpg\" alt=\"\" width=\"226\" height=\"300\" srcset=\"https:\/\/sfgrs.de\/wordpress\/wp-content\/uploads\/2021\/10\/2c8b47287c-200x266.jpg 200w, https:\/\/sfgrs.de\/wordpress\/wp-content\/uploads\/2021\/10\/2c8b47287c-226x300.jpg 226w, https:\/\/sfgrs.de\/wordpress\/wp-content\/uploads\/2021\/10\/2c8b47287c-400x532.jpg 400w, https:\/\/sfgrs.de\/wordpress\/wp-content\/uploads\/2021\/10\/2c8b47287c.jpg 451w\" sizes=\"(max-width: 226px) 100vw, 226px\" \/>20.04. Konzert im Jugendzentrum &#8222;JUZ&#8220; in der Steinstra\u00dfe, Kaiserslautern<\/li>\n<li>26.05. Auff\u00fchrung der &#8222;Missa 4 You(th)&#8220; von T. Baumann in der Kirche &#8222;Maria Schutz&#8220; in Kaiserslautern:<br \/>\nInstrumentalisten und Solisten der Band &#8222;Spring&#8220;, Gro\u00dfes Orchester, FELS-Chor, Chor SIMBAKIRA aus Pirmasens, Mittelstufenchor<\/li>\n<\/ul>\n<p><strong>2019<\/strong><\/p>\n<ul>\n<li>29.06. Erster Platz beim 2. Schulbandwettbewerb &#8222;Rock it for your school&#8220; der Emmerich-Smola-Musikschule und Musikakademie der Stadt Kaiserslautern.<\/li>\n<\/ul>\n","protected":false},"excerpt":{"rendered":"<p>Die Schulband &#8222;Spring&#8220; In der Schulband &#8222;Spring&#8220; spielen Sch\u00fclerinnen, Lehrerinnen und Lehrer gemeinsam ihre Musik neue geistliche Lieder Popsongs Musicalmesse, Friedensmesse, &#8230; Franziskanische Lieder und St\u00fccke (Singspiele) &#8230; Im Vordergrund steht bei allen Beteiligten die Freude an der Musik und am gemeinsamen Musizieren. F\u00fcr die Lehrer ist  [&#8230;]<\/p>\n","protected":false},"author":1,"featured_media":0,"parent":0,"menu_order":0,"comment_status":"closed","ping_status":"closed","template":"","meta":{"footnotes":""},"categories":[],"tags":[],"class_list":["post-6789","page","type-page","status-publish","hentry"],"_links":{"self":[{"href":"https:\/\/sfgrs.de\/wordpress\/index.php\/wp-json\/wp\/v2\/pages\/6789","targetHints":{"allow":["GET"]}}],"collection":[{"href":"https:\/\/sfgrs.de\/wordpress\/index.php\/wp-json\/wp\/v2\/pages"}],"about":[{"href":"https:\/\/sfgrs.de\/wordpress\/index.php\/wp-json\/wp\/v2\/types\/page"}],"author":[{"embeddable":true,"href":"https:\/\/sfgrs.de\/wordpress\/index.php\/wp-json\/wp\/v2\/users\/1"}],"replies":[{"embeddable":true,"href":"https:\/\/sfgrs.de\/wordpress\/index.php\/wp-json\/wp\/v2\/comments?post=6789"}],"version-history":[{"count":1,"href":"https:\/\/sfgrs.de\/wordpress\/index.php\/wp-json\/wp\/v2\/pages\/6789\/revisions"}],"predecessor-version":[{"id":8886,"href":"https:\/\/sfgrs.de\/wordpress\/index.php\/wp-json\/wp\/v2\/pages\/6789\/revisions\/8886"}],"wp:attachment":[{"href":"https:\/\/sfgrs.de\/wordpress\/index.php\/wp-json\/wp\/v2\/media?parent=6789"}],"wp:term":[{"taxonomy":"category","embeddable":true,"href":"https:\/\/sfgrs.de\/wordpress\/index.php\/wp-json\/wp\/v2\/categories?post=6789"},{"taxonomy":"post_tag","embeddable":true,"href":"https:\/\/sfgrs.de\/wordpress\/index.php\/wp-json\/wp\/v2\/tags?post=6789"}],"curies":[{"name":"wp","href":"https:\/\/api.w.org\/{rel}","templated":true}]}}