{"id":6828,"date":"2021-10-22T11:40:16","date_gmt":"2021-10-22T09:40:16","guid":{"rendered":"https:\/\/www.sfgrs.de\/wordpress\/?page_id=6828"},"modified":"2024-10-30T10:55:59","modified_gmt":"2024-10-30T09:55:59","slug":"ag-mediation","status":"publish","type":"page","link":"https:\/\/sfgrs.de\/wordpress\/index.php\/ag-mediation\/","title":{"rendered":"AG &#8211; Mediation"},"content":{"rendered":"<h2 class=\"csc-firstHeader\">Mediation<\/h2>\n<h3 style=\"text-align: left;\" align=\"center\">Die Streitschlichter &#8211; das sind wir:<\/h3>\n<div id=\"c744\" class=\"csc-default\">\n<p><strong>&#8222;Die Streitschlichter &#8211; das sind wir!&#8220;<\/strong><\/p>\n<p><img decoding=\"async\" class=\"size-medium wp-image-6829 alignnone\" src=\"https:\/\/www.sfgrs.de\/wordpress\/wp-content\/uploads\/2021\/10\/Bild_038a_01-225x300.jpg\" alt=\"\" width=\"225\" height=\"300\" srcset=\"https:\/\/sfgrs.de\/wordpress\/wp-content\/uploads\/2021\/10\/Bild_038a_01-200x267.jpg 200w, https:\/\/sfgrs.de\/wordpress\/wp-content\/uploads\/2021\/10\/Bild_038a_01-225x300.jpg 225w, https:\/\/sfgrs.de\/wordpress\/wp-content\/uploads\/2021\/10\/Bild_038a_01.jpg 375w\" sizes=\"(max-width: 225px) 100vw, 225px\" \/><\/p>\n<p>So nennen wir uns!<\/p>\n<p>Aber wer sind wir eigentlich?!<\/p>\n<p>In diesem Artikel werdet ihr einen kleinen Einblick in unsere Arbeit und unsere AG bekommen!<\/p>\n<p>&nbsp;<\/p>\n<\/div>\n<div id=\"c745\" class=\"csc-default\">\n<div class=\"csc-header csc-header-n3\">\n<h3>Was machen wir?<\/h3>\n<\/div>\n<p>Wir finden gemeinsam mit euch eine akzeptable L\u00f6sung f\u00fcr beide Streitparteien.<\/p>\n<ul>\n<li>Wir sind unparteiisch!<\/li>\n<li>Wir versuchen, dass die L\u00f6sung fair und gerecht ist!<\/li>\n<\/ul>\n<p>&nbsp;<\/p>\n<\/div>\n<div id=\"c746\" class=\"csc-default\">\n<div class=\"csc-header csc-header-n4\">\n<h3>Wie funktioniert ein Streitschlichtergespr\u00e4ch?<\/h3>\n<\/div>\n<p><strong>Unsere Kriterien:<\/strong><\/p>\n<ul>\n<li>Begr\u00fc\u00dfung und Erl\u00e4uterung unserer Regeln:\n<ul>\n<li><em>Jeder l\u00e4sst den anderen ausreden.<\/em><\/li>\n<li><em>Keiner verletzt den anderen oder kr\u00e4nkt ihn,<br \/>\ndas bedeutet, dass keiner Schimpfw\u00f6rter benutzt.<\/em><\/li>\n<li><em>Unser Gespr\u00e4ch ist vertraulich,<br \/>\ndas bedeutet, dass wir Schweigepflicht haben.<\/em><\/li>\n<\/ul>\n<\/li>\n<li>Ihr erz\u00e4hlt nacheinander, was passiert ist.<\/li>\n<li>Wir versuchen, eure Gef\u00fchle zu verstehen.<\/li>\n<li>Eine m\u00f6gliche L\u00f6sung wird von euch vorgeschlagen:<br \/>\neine sogenannte\u00a0<strong><em>win-win-L\u00f6sung<\/em><\/strong>, bei der keiner von euch als Verlierer aus dem Gespr\u00e4ch geht.<\/li>\n<li>Wir schlie\u00dfen mit euch einen &#8222;Vertrag&#8220;, in dem genau steht, woran ihr euch halten m\u00fcsst.<\/li>\n<\/ul>\n<p>&nbsp;<\/p>\n<\/div>\n<div id=\"c747\" class=\"csc-default\">\n<div class=\"csc-header csc-header-n5\">\n<h3>Wo und Wann findet ihr uns?<\/h3>\n<\/div>\n<p>Wir sind jeden Tag in der gro\u00dfen Pause im Musikbau, im Saal\u00a0<strong>D 206<\/strong>\u00a0(der Raum, an dessen T\u00fcr die &#8222;K\u00f6pfe&#8220; h\u00e4ngen\u00a0<img decoding=\"async\" src=\"http:\/\/www3.st-franziskus.region-kl.de\/cms\/typo3\/uploads\/RTEmagicC_Smile_05.gif.gif\" alt=\"\" \/>.<\/p>\n<p>Aber wenn ihr uns fragt, w\u00fcrden wir auch au\u00dferhalb der Schulzeit einen Termin finden!<\/p>\n<p>&nbsp;<\/p>\n<\/div>\n<div id=\"c748\" class=\"csc-default\">\n<div class=\"csc-header csc-header-n6\">\n<h3>Die AG zur Streitschlichter-Ausbildung<\/h3>\n<\/div>\n<p>Spielerisch lernen wir in der AG verschiedene Techniken, die im Gespr\u00e4ch mit euch f\u00fcr uns wichtig sind:<\/p>\n<\/div>\n<p><strong>Mimik-Spiel:<\/strong><\/p>\n<div id=\"c749\" class=\"csc-default\">\n<div class=\"csc-textpic csc-textpic-center csc-textpic-above csc-textpic-equalheight\">\n<div class=\"csc-textpic-text\">\n<p><img decoding=\"async\" class=\"alignright size-medium wp-image-6830\" src=\"https:\/\/www.sfgrs.de\/wordpress\/wp-content\/uploads\/2021\/10\/Bild_009_01-300x225.jpg\" alt=\"\" width=\"300\" height=\"225\" srcset=\"https:\/\/sfgrs.de\/wordpress\/wp-content\/uploads\/2021\/10\/Bild_009_01-200x150.jpg 200w, https:\/\/sfgrs.de\/wordpress\/wp-content\/uploads\/2021\/10\/Bild_009_01-300x225.jpg 300w, https:\/\/sfgrs.de\/wordpress\/wp-content\/uploads\/2021\/10\/Bild_009_01-400x300.jpg 400w, https:\/\/sfgrs.de\/wordpress\/wp-content\/uploads\/2021\/10\/Bild_009_01.jpg 500w\" sizes=\"(max-width: 300px) 100vw, 300px\" \/>Bei diesem Spiel stellen wir durch Mimik die Gesichter auf unseren K\u00e4rtchen dar. Der Rest der Gruppe versucht, das dargestellte Gef\u00fchl zu erraten.<\/p>\n<p>Der Sinn des Spiels ist es, als Streitschlichter die Gef\u00fchle an der Mimik der Streitenden ohne Worte zu erkennen.<\/p>\n<p>Err\u00e4t man das Gef\u00fchl, bekommt man die Karte. Wer die meisten Karten hat, gewinnt.<\/p>\n<p>&nbsp;<\/p>\n<\/div>\n<\/div>\n<\/div>\n<div id=\"c750\" class=\"csc-default\">\n<div class=\"csc-header csc-header-n8\">\n<p><strong>Rollenspiel<\/strong>:<\/p>\n<div id=\"c750\" class=\"csc-default\">\n<div class=\"csc-textpic csc-textpic-center csc-textpic-above csc-textpic-equalheight\">\n<div class=\"csc-textpic-text\">\n<p><img decoding=\"async\" class=\"alignright size-medium wp-image-6831\" src=\"https:\/\/www.sfgrs.de\/wordpress\/wp-content\/uploads\/2021\/10\/Bild_025_01-300x225.jpg\" alt=\"\" width=\"300\" height=\"225\" srcset=\"https:\/\/sfgrs.de\/wordpress\/wp-content\/uploads\/2021\/10\/Bild_025_01-200x150.jpg 200w, https:\/\/sfgrs.de\/wordpress\/wp-content\/uploads\/2021\/10\/Bild_025_01-300x225.jpg 300w, https:\/\/sfgrs.de\/wordpress\/wp-content\/uploads\/2021\/10\/Bild_025_01-400x300.jpg 400w, https:\/\/sfgrs.de\/wordpress\/wp-content\/uploads\/2021\/10\/Bild_025_01.jpg 500w\" sizes=\"(max-width: 300px) 100vw, 300px\" \/>Auf diesen Bildern sieht man uns bei einem Rollenspiel, bei dem wir viel Spa\u00df haben. In einem Rollenspiel wird ein wirklicher Streit nachgestellt.<\/p>\n<p>Durch das Rollenspiel lernen wir, wie man mit Streitenden umgeht, wie man ihre Gef\u00fchle wiedergibt und mit ihnen redet.<\/p>\n<p>&nbsp;<\/p>\n<\/div>\n<\/div>\n<div class=\"csc-textpic-clear\"><\/div>\n<\/div>\n<div id=\"c751\" class=\"csc-default\">\n<div class=\"csc-header csc-header-n9\">\n<p><strong>Streitschlichterdomino<\/strong>:<\/p>\n<div id=\"c751\" class=\"csc-default\">\n<div class=\"csc-textpic csc-textpic-center csc-textpic-above csc-textpic-equalheight\">\n<div class=\"csc-textpic-text\">\n<p><img decoding=\"async\" class=\"alignright size-medium wp-image-6832\" src=\"https:\/\/www.sfgrs.de\/wordpress\/wp-content\/uploads\/2021\/10\/Bild_020_01-300x225.jpg\" alt=\"\" width=\"300\" height=\"225\" srcset=\"https:\/\/sfgrs.de\/wordpress\/wp-content\/uploads\/2021\/10\/Bild_020_01-200x150.jpg 200w, https:\/\/sfgrs.de\/wordpress\/wp-content\/uploads\/2021\/10\/Bild_020_01-300x225.jpg 300w, https:\/\/sfgrs.de\/wordpress\/wp-content\/uploads\/2021\/10\/Bild_020_01-400x300.jpg 400w, https:\/\/sfgrs.de\/wordpress\/wp-content\/uploads\/2021\/10\/Bild_020_01.jpg 500w\" sizes=\"(max-width: 300px) 100vw, 300px\" \/>Beim &#8222;Streitschlichterdomino&#8220; geh\u00f6ren jeweils eine positive und eine negative Aussage zusammen.<br \/>\nZum Beispiel:<\/p>\n<ul>\n<li><em>Jemand muss mir sofort beim Aufr\u00e4umen helfen!<\/em><\/li>\n<li><em>Ich r\u00e4ume erst einmal selbst auf, so weit ich kann.<\/em><\/li>\n<\/ul>\n<p>So lernen wir, negative Aussagen in positive umzuwandeln.<\/p>\n<p>Zur Kontrolle passen immer ein &#8222;Vorder-&#8220; und ein &#8222;Hinterteil&#8220; der auf den Karten abgebildeten Tiere zusammen.<\/p>\n<p>&nbsp;<\/p>\n<\/div>\n<\/div>\n<\/div>\n<div id=\"c752\" class=\"csc-default\">\n<div class=\"csc-header csc-header-n10\">\n<p><strong>Fragen und Aufgaben zur Streitschlichtung:<\/strong><\/p>\n<div id=\"c752\" class=\"csc-default\">\n<div class=\"csc-textpic csc-textpic-center csc-textpic-above csc-textpic-equalheight\">\n<div class=\"csc-textpic-text\">\n<p><img decoding=\"async\" class=\"alignright size-medium wp-image-6833\" src=\"https:\/\/www.sfgrs.de\/wordpress\/wp-content\/uploads\/2021\/10\/Bild_031_01-300x225.jpg\" alt=\"\" width=\"300\" height=\"225\" srcset=\"https:\/\/sfgrs.de\/wordpress\/wp-content\/uploads\/2021\/10\/Bild_031_01-200x150.jpg 200w, https:\/\/sfgrs.de\/wordpress\/wp-content\/uploads\/2021\/10\/Bild_031_01-300x225.jpg 300w, https:\/\/sfgrs.de\/wordpress\/wp-content\/uploads\/2021\/10\/Bild_031_01-400x300.jpg 400w, https:\/\/sfgrs.de\/wordpress\/wp-content\/uploads\/2021\/10\/Bild_031_01.jpg 500w\" sizes=\"(max-width: 300px) 100vw, 300px\" \/>Auf diesen Bildern sieht man uns bei einem Spiel, bei dem wir Fragen zur Streitschlichtung beantworten d\u00fcrfen und bestimmte Aufgaben erledigen m\u00fcssen.<br \/>\nZum Beispiel:<\/p>\n<ul>\n<li><em><strong>Frage:<\/strong>\u00a0Was ist der Unterschied zwischen einem Streitschlichter und einem Schiedsrichter?<br \/>\n<\/em><\/li>\n<li><em><strong>Aufgabe:<\/strong>\u00a0Erz\u00e4hle, was du tust, wenn du w\u00fctend bist!<\/em><\/li>\n<\/ul>\n<p>&nbsp;<\/p>\n<\/div>\n<\/div>\n<div class=\"csc-textpic-clear\"><\/div>\n<\/div>\n<div id=\"c753\" class=\"csc-default\">\n<div class=\"csc-header csc-header-n11\">\n<h3>Wo sind wir zu finden?<\/h3>\n<\/div>\n<div class=\"csc-textpic csc-textpic-left csc-textpic-below\">\n<div class=\"csc-textpic-text\">\n<p><strong>Unsere AG findet jeden Donnerstag von 13.00 ? 13.45 Uhr in D206 statt.<\/strong><\/p>\n<p>Wir kommen momentan aus der 6. bis 9. Klasse,<br \/>\n&#8230; und wir lieben unseren &#8222;Job&#8220;!<\/p>\n<p>Ihr habt noch fragen?! Dann los! Fragt uns! Ihr wisst, wo ihr uns findet\u00a0<img decoding=\"async\" src=\"http:\/\/www3.st-franziskus.region-kl.de\/cms\/typo3\/uploads\/RTEmagicC_Smile_06.gif.gif\" alt=\"\" \/><\/p>\n<p><em>Sarah Herbrand und<br \/>\nLara B\u00f6\u00df, Anna Edel, Lena Edel, Ann-Catrin Hellriegel, Katrin Jung, Martyna Kurek, Johanna Leis, Leslie Paine, Dana Schwarz, Dorothea St\u00f6rtz, Theresa Ungemach, Sophie Wagner.<\/em><\/p>\n<\/div>\n<\/div>\n<\/div>\n<\/div>\n<\/div>\n<\/div>\n<\/div>\n<\/div>\n<\/div>\n","protected":false},"excerpt":{"rendered":"<p>Mediation Die Streitschlichter &#8211; das sind wir: &#8222;Die Streitschlichter &#8211; das sind wir!&#8220; So nennen wir uns! Aber wer sind wir eigentlich?! In diesem Artikel werdet ihr einen kleinen Einblick in unsere Arbeit und unsere AG bekommen! &nbsp; Was machen wir? Wir finden gemeinsam mit euch eine  [&#8230;]<\/p>\n","protected":false},"author":1,"featured_media":0,"parent":0,"menu_order":0,"comment_status":"closed","ping_status":"closed","template":"","meta":{"footnotes":""},"categories":[58],"tags":[],"class_list":["post-6828","page","type-page","status-publish","hentry","category-sub-ag"],"_links":{"self":[{"href":"https:\/\/sfgrs.de\/wordpress\/index.php\/wp-json\/wp\/v2\/pages\/6828","targetHints":{"allow":["GET"]}}],"collection":[{"href":"https:\/\/sfgrs.de\/wordpress\/index.php\/wp-json\/wp\/v2\/pages"}],"about":[{"href":"https:\/\/sfgrs.de\/wordpress\/index.php\/wp-json\/wp\/v2\/types\/page"}],"author":[{"embeddable":true,"href":"https:\/\/sfgrs.de\/wordpress\/index.php\/wp-json\/wp\/v2\/users\/1"}],"replies":[{"embeddable":true,"href":"https:\/\/sfgrs.de\/wordpress\/index.php\/wp-json\/wp\/v2\/comments?post=6828"}],"version-history":[{"count":1,"href":"https:\/\/sfgrs.de\/wordpress\/index.php\/wp-json\/wp\/v2\/pages\/6828\/revisions"}],"predecessor-version":[{"id":8883,"href":"https:\/\/sfgrs.de\/wordpress\/index.php\/wp-json\/wp\/v2\/pages\/6828\/revisions\/8883"}],"wp:attachment":[{"href":"https:\/\/sfgrs.de\/wordpress\/index.php\/wp-json\/wp\/v2\/media?parent=6828"}],"wp:term":[{"taxonomy":"category","embeddable":true,"href":"https:\/\/sfgrs.de\/wordpress\/index.php\/wp-json\/wp\/v2\/categories?post=6828"},{"taxonomy":"post_tag","embeddable":true,"href":"https:\/\/sfgrs.de\/wordpress\/index.php\/wp-json\/wp\/v2\/tags?post=6828"}],"curies":[{"name":"wp","href":"https:\/\/api.w.org\/{rel}","templated":true}]}}