{"id":7043,"date":"2021-11-22T13:53:59","date_gmt":"2021-11-22T12:53:59","guid":{"rendered":"https:\/\/www.sfgrs.de\/wordpress\/?page_id=7043"},"modified":"2024-04-04T16:00:42","modified_gmt":"2024-04-04T14:00:42","slug":"tag-der-offenen-tuer-fsa","status":"publish","type":"page","link":"https:\/\/sfgrs.de\/wordpress\/index.php\/tag-der-offenen-tuer-alt\/tag-der-offenen-tuer-fsa\/","title":{"rendered":"Tag der offenen T\u00fcr &#8211; FSA"},"content":{"rendered":"<p><div class=\"fusion-fullwidth fullwidth-box fusion-builder-row-1 nonhundred-percent-fullwidth non-hundred-percent-height-scrolling\" style=\"--awb-border-radius-top-left:0px;--awb-border-radius-top-right:0px;--awb-border-radius-bottom-right:0px;--awb-border-radius-bottom-left:0px;--awb-flex-wrap:wrap;\" ><div class=\"fusion-builder-row fusion-row\"><div class=\"fusion-layout-column fusion_builder_column fusion-builder-column-0 fusion_builder_column_1_6 1_6 fusion-one-sixth fusion-column-first\" style=\"--awb-bg-size:cover;width:16.666666666667%;width:calc(16.666666666667% - ( ( 4% + 4% ) * 0.16666666666667 ) );margin-right: 4%;\"><div class=\"fusion-column-wrapper fusion-column-has-shadow fusion-flex-column-wrapper-legacy\"><div class=\"fusion-clearfix\"><\/div><\/div><\/div><div class=\"fusion-layout-column fusion_builder_column fusion-builder-column-1 fusion_builder_column_2_3 2_3 fusion-two-third\" style=\"--awb-bg-size:cover;width:66.666666666667%;width:calc(66.666666666667% - ( ( 4% + 4% ) * 0.66666666666667 ) );margin-right: 4%;\"><div class=\"fusion-column-wrapper fusion-column-has-shadow fusion-flex-column-wrapper-legacy\"><div class=\"fusion-button-wrapper\"><a class=\"fusion-button button-flat fusion-button-default-size button-default fusion-button-default button-1 fusion-button-default-span fusion-button-default-type\" target=\"_self\" href=\"https:\/\/www.sfgrs.de\/wordpress\/index.php\/tag-der-offenen-tuer-fachbereiche\/\"><span class=\"fusion-button-text\">Zur\u00fcck zur \u00dcbersicht<\/span><\/a><\/div><div class=\"fusion-section-separator section-separator bigtriangle fusion-section-separator-1\" style=\"--awb-spacer-height:99px;--awb-svg-margin-left:0;--awb-svg-margin-right:0;--awb-divider-height:99px;--awb-spacer-padding-top:inherit;--awb-sep-padding:0;--awb-svg-padding:0;\"><div class=\"fusion-section-separator-svg\"><svg class=\"fusion-big-triangle-candy\" xmlns=\"http:\/\/www.w3.org\/2000\/svg\" version=\"1.1\" width=\"100%\" height=\"100\" viewBox=\"0 0 100 100\" preserveAspectRatio=\"none\" fill=\"rgba(255,255,255,1)\"><path d=\"M0 100 L50 2 L100 100 Z\"><\/path><\/svg><\/div><div class=\"fusion-section-separator-spacer\"><div class=\"fusion-section-separator-spacer-height\"><\/div><\/div><\/div><div class=\"fusion-title title fusion-title-1 fusion-sep-none fusion-title-text fusion-title-size-two\"><h2 class=\"fusion-title-heading title-heading-left\" style=\"margin:0;\">FSA &#8211; &#8222;Freie Stillarbeit&#8220;<\/h2><\/div><div class=\"fusion-clearfix\"><\/div><\/div><\/div>\n<div class=\"fusion-layout-column fusion_builder_column fusion-builder-column-2 fusion_builder_column_1_6 1_6 fusion-one-sixth fusion-column-last\" style=\"--awb-bg-size:cover;width:16.666666666667%;width:calc(16.666666666667% - ( ( 4% + 4% ) * 0.16666666666667 ) );\"><div class=\"fusion-column-wrapper fusion-column-has-shadow fusion-flex-column-wrapper-legacy\"><div class=\"fusion-clearfix\"><\/div><\/div><\/div><\/div><\/div><div class=\"fusion-fullwidth fullwidth-box fusion-builder-row-2 nonhundred-percent-fullwidth non-hundred-percent-height-scrolling\" style=\"--awb-border-radius-top-left:0px;--awb-border-radius-top-right:0px;--awb-border-radius-bottom-right:0px;--awb-border-radius-bottom-left:0px;--awb-flex-wrap:wrap;\" ><div class=\"fusion-builder-row fusion-row\"><div class=\"fusion-layout-column fusion_builder_column fusion-builder-column-3 fusion_builder_column_1_6 1_6 fusion-one-sixth fusion-column-first\" style=\"--awb-bg-size:cover;width:16.666666666667%;width:calc(16.666666666667% - ( ( 4% + 4% + 4% ) * 0.16666666666667 ) );margin-right: 4%;\"><div class=\"fusion-column-wrapper fusion-column-has-shadow fusion-flex-column-wrapper-legacy\"><div class=\"fusion-clearfix\"><\/div><\/div><\/div><div class=\"fusion-layout-column fusion_builder_column fusion-builder-column-4 fusion_builder_column_1_3 1_3 fusion-one-third\" style=\"--awb-bg-size:cover;width:33.333333333333%;width:calc(33.333333333333% - ( ( 4% + 4% + 4% ) * 0.33333333333333 ) );margin-right: 4%;\"><div class=\"fusion-column-wrapper fusion-column-has-shadow fusion-flex-column-wrapper-legacy\"><div class=\"fusion-text fusion-text-1\"><p>Um die Sch\u00fclerinnen in ihren unterschiedlichen Leistungsst\u00e4rken bestm\u00f6glich fordern und f\u00f6rdern zu k\u00f6nnen, ist die Methode der \u201eFreien Stillarbeit\u201c (FSA) Teil unseres Unterrichtsprofils. Hier trainieren die Sch\u00fclerinnen w\u00f6chentlich in einer Fachstunde der Hauptf\u00e4cher und Nawi nochmals gezielt das eigenst\u00e4ndige Arbeiten an Aufgaben auf verschiedenen Niveaustufen und in ihrem individuellen Lern- und Arbeitstempo (<a href=\"https:\/\/www.sfgrs.de\/wordpress\/wp-content\/uploads\/2021\/11\/FSA_Beispiel-f\u00fcr-HP.pdf\"><strong>Beispiel<\/strong><\/a> f\u00fcr einen Wochenplan in Mathematik).<\/p>\n<p>Das Konzept wird in den Klassen 7 (in den Hauptf\u00e4chern und Biologie) und 8 (in den Hauptf\u00e4chern) der Realschule weitergef\u00fchrt.<\/p>\n<\/div><div class=\"fusion-clearfix\"><\/div><\/div><\/div><div class=\"fusion-layout-column fusion_builder_column fusion-builder-column-5 fusion_builder_column_1_3 1_3 fusion-one-third\" style=\"--awb-bg-size:cover;width:33.333333333333%;width:calc(33.333333333333% - ( ( 4% + 4% + 4% ) * 0.33333333333333 ) );margin-right: 4%;\"><div class=\"fusion-column-wrapper fusion-column-has-shadow fusion-flex-column-wrapper-legacy\"><div class=\"fusion-image-carousel fusion-image-carousel-auto fusion-image-carousel-1 fusion-carousel-border\"><div class=\"awb-carousel awb-swiper awb-swiper-carousel\" data-autoplay=\"yes\" data-columns=\"1\" data-itemmargin=\"13\" data-itemwidth=\"180\" data-touchscroll=\"no\" data-imagesize=\"auto\" style=\"--awb-columns:1;\"><div class=\"swiper-wrapper awb-image-carousel-wrapper fusion-flex-align-items-center\"><div class=\"swiper-slide\"><div class=\"fusion-carousel-item-wrapper\"><div class=\"fusion-image-wrapper hover-type-none\"><img decoding=\"async\" width=\"2000\" height=\"1335\" src=\"https:\/\/sfgrs.de\/wordpress\/wp-content\/uploads\/2021\/11\/image0.jpeg\" class=\"attachment-full size-full\" alt=\"\" srcset=\"https:\/\/sfgrs.de\/wordpress\/wp-content\/uploads\/2021\/11\/image0-200x134.jpeg 200w, https:\/\/sfgrs.de\/wordpress\/wp-content\/uploads\/2021\/11\/image0-300x200.jpeg 300w, https:\/\/sfgrs.de\/wordpress\/wp-content\/uploads\/2021\/11\/image0-400x267.jpeg 400w, https:\/\/sfgrs.de\/wordpress\/wp-content\/uploads\/2021\/11\/image0-600x401.jpeg 600w, https:\/\/sfgrs.de\/wordpress\/wp-content\/uploads\/2021\/11\/image0-768x513.jpeg 768w, https:\/\/sfgrs.de\/wordpress\/wp-content\/uploads\/2021\/11\/image0-800x534.jpeg 800w, https:\/\/sfgrs.de\/wordpress\/wp-content\/uploads\/2021\/11\/image0-1024x684.jpeg 1024w, https:\/\/sfgrs.de\/wordpress\/wp-content\/uploads\/2021\/11\/image0-1200x801.jpeg 1200w, https:\/\/sfgrs.de\/wordpress\/wp-content\/uploads\/2021\/11\/image0-1536x1025.jpeg 1536w, https:\/\/sfgrs.de\/wordpress\/wp-content\/uploads\/2021\/11\/image0.jpeg 2000w\" sizes=\"(max-width: 2000px) 100vw, 2000px\" \/><\/div><\/div><\/div><div class=\"swiper-slide\"><div class=\"fusion-carousel-item-wrapper\"><div class=\"fusion-image-wrapper hover-type-none\"><img decoding=\"async\" width=\"2000\" height=\"1335\" src=\"https:\/\/sfgrs.de\/wordpress\/wp-content\/uploads\/2021\/11\/image2.jpeg\" class=\"attachment-full size-full\" alt=\"\" srcset=\"https:\/\/sfgrs.de\/wordpress\/wp-content\/uploads\/2021\/11\/image2-200x134.jpeg 200w, https:\/\/sfgrs.de\/wordpress\/wp-content\/uploads\/2021\/11\/image2-300x200.jpeg 300w, https:\/\/sfgrs.de\/wordpress\/wp-content\/uploads\/2021\/11\/image2-400x267.jpeg 400w, https:\/\/sfgrs.de\/wordpress\/wp-content\/uploads\/2021\/11\/image2-600x401.jpeg 600w, https:\/\/sfgrs.de\/wordpress\/wp-content\/uploads\/2021\/11\/image2-768x513.jpeg 768w, https:\/\/sfgrs.de\/wordpress\/wp-content\/uploads\/2021\/11\/image2-800x534.jpeg 800w, https:\/\/sfgrs.de\/wordpress\/wp-content\/uploads\/2021\/11\/image2-1024x684.jpeg 1024w, https:\/\/sfgrs.de\/wordpress\/wp-content\/uploads\/2021\/11\/image2-1200x801.jpeg 1200w, https:\/\/sfgrs.de\/wordpress\/wp-content\/uploads\/2021\/11\/image2-1536x1025.jpeg 1536w, https:\/\/sfgrs.de\/wordpress\/wp-content\/uploads\/2021\/11\/image2.jpeg 2000w\" sizes=\"(max-width: 2000px) 100vw, 2000px\" \/><\/div><\/div><\/div><div class=\"swiper-slide\"><div class=\"fusion-carousel-item-wrapper\"><div class=\"fusion-image-wrapper hover-type-none\"><img decoding=\"async\" width=\"2000\" height=\"1335\" src=\"https:\/\/sfgrs.de\/wordpress\/wp-content\/uploads\/2021\/11\/image3.jpeg\" class=\"attachment-full size-full\" alt=\"\" srcset=\"https:\/\/sfgrs.de\/wordpress\/wp-content\/uploads\/2021\/11\/image3-200x134.jpeg 200w, https:\/\/sfgrs.de\/wordpress\/wp-content\/uploads\/2021\/11\/image3-300x200.jpeg 300w, https:\/\/sfgrs.de\/wordpress\/wp-content\/uploads\/2021\/11\/image3-400x267.jpeg 400w, https:\/\/sfgrs.de\/wordpress\/wp-content\/uploads\/2021\/11\/image3-600x401.jpeg 600w, https:\/\/sfgrs.de\/wordpress\/wp-content\/uploads\/2021\/11\/image3-768x513.jpeg 768w, https:\/\/sfgrs.de\/wordpress\/wp-content\/uploads\/2021\/11\/image3-800x534.jpeg 800w, https:\/\/sfgrs.de\/wordpress\/wp-content\/uploads\/2021\/11\/image3-1024x684.jpeg 1024w, https:\/\/sfgrs.de\/wordpress\/wp-content\/uploads\/2021\/11\/image3-1200x801.jpeg 1200w, https:\/\/sfgrs.de\/wordpress\/wp-content\/uploads\/2021\/11\/image3-1536x1025.jpeg 1536w, https:\/\/sfgrs.de\/wordpress\/wp-content\/uploads\/2021\/11\/image3.jpeg 2000w\" sizes=\"(max-width: 2000px) 100vw, 2000px\" \/><\/div><\/div><\/div><\/div><div class=\"awb-swiper-button awb-swiper-button-prev\"><i class=\"awb-icon-angle-left\" aria-hidden=\"true\"><\/i><\/div><div class=\"awb-swiper-button awb-swiper-button-next\"><i class=\"awb-icon-angle-right\" aria-hidden=\"true\"><\/i><\/div><\/div><\/div><div class=\"fusion-clearfix\"><\/div><\/div><\/div><div class=\"fusion-layout-column fusion_builder_column fusion-builder-column-6 fusion_builder_column_1_6 1_6 fusion-one-sixth fusion-column-last\" style=\"--awb-bg-size:cover;width:16.666666666667%;width:calc(16.666666666667% - ( ( 4% + 4% + 4% ) * 0.16666666666667 ) );\"><div class=\"fusion-column-wrapper fusion-column-has-shadow fusion-flex-column-wrapper-legacy\"><div class=\"fusion-clearfix\"><\/div><\/div><\/div><\/div><\/div><\/p>\n","protected":false},"excerpt":{"rendered":"","protected":false},"author":1,"featured_media":0,"parent":5359,"menu_order":0,"comment_status":"closed","ping_status":"closed","template":"","meta":{"footnotes":""},"categories":[],"tags":[],"class_list":["post-7043","page","type-page","status-publish","hentry"],"_links":{"self":[{"href":"https:\/\/sfgrs.de\/wordpress\/index.php\/wp-json\/wp\/v2\/pages\/7043","targetHints":{"allow":["GET"]}}],"collection":[{"href":"https:\/\/sfgrs.de\/wordpress\/index.php\/wp-json\/wp\/v2\/pages"}],"about":[{"href":"https:\/\/sfgrs.de\/wordpress\/index.php\/wp-json\/wp\/v2\/types\/page"}],"author":[{"embeddable":true,"href":"https:\/\/sfgrs.de\/wordpress\/index.php\/wp-json\/wp\/v2\/users\/1"}],"replies":[{"embeddable":true,"href":"https:\/\/sfgrs.de\/wordpress\/index.php\/wp-json\/wp\/v2\/comments?post=7043"}],"version-history":[{"count":1,"href":"https:\/\/sfgrs.de\/wordpress\/index.php\/wp-json\/wp\/v2\/pages\/7043\/revisions"}],"predecessor-version":[{"id":8908,"href":"https:\/\/sfgrs.de\/wordpress\/index.php\/wp-json\/wp\/v2\/pages\/7043\/revisions\/8908"}],"up":[{"embeddable":true,"href":"https:\/\/sfgrs.de\/wordpress\/index.php\/wp-json\/wp\/v2\/pages\/5359"}],"wp:attachment":[{"href":"https:\/\/sfgrs.de\/wordpress\/index.php\/wp-json\/wp\/v2\/media?parent=7043"}],"wp:term":[{"taxonomy":"category","embeddable":true,"href":"https:\/\/sfgrs.de\/wordpress\/index.php\/wp-json\/wp\/v2\/categories?post=7043"},{"taxonomy":"post_tag","embeddable":true,"href":"https:\/\/sfgrs.de\/wordpress\/index.php\/wp-json\/wp\/v2\/tags?post=7043"}],"curies":[{"name":"wp","href":"https:\/\/api.w.org\/{rel}","templated":true}]}}