{"id":9728,"date":"2024-09-04T16:51:03","date_gmt":"2024-09-04T14:51:03","guid":{"rendered":"https:\/\/sfgrs.de\/wordpress\/?page_id=9728"},"modified":"2024-10-31T16:31:20","modified_gmt":"2024-10-31T15:31:20","slug":"damit-der-anfang-gelingt","status":"publish","type":"page","link":"https:\/\/sfgrs.de\/wordpress\/index.php\/damit-der-anfang-gelingt\/","title":{"rendered":"Damit der Anfang gelingt"},"content":{"rendered":"<div class=\"fusion-fullwidth fullwidth-box fusion-builder-row-1 fusion-flex-container has-pattern-background has-mask-background nonhundred-percent-fullwidth non-hundred-percent-height-scrolling\" style=\"--awb-border-radius-top-left:0px;--awb-border-radius-top-right:0px;--awb-border-radius-bottom-right:0px;--awb-border-radius-bottom-left:0px;--awb-flex-wrap:wrap;\" ><div class=\"fusion-builder-row fusion-row fusion-flex-align-items-flex-start fusion-flex-content-wrap\" style=\"max-width:1456px;margin-left: calc(-4% \/ 2 );margin-right: calc(-4% \/ 2 );\"><div class=\"fusion-layout-column fusion_builder_column fusion-builder-column-0 fusion_builder_column_1_6 1_6 fusion-flex-column\" style=\"--awb-bg-size:cover;--awb-width-large:16.666666666667%;--awb-margin-top-large:0px;--awb-spacing-right-large:11.52%;--awb-margin-bottom-large:20px;--awb-spacing-left-large:11.52%;--awb-width-medium:100%;--awb-order-medium:0;--awb-spacing-right-medium:1.92%;--awb-spacing-left-medium:1.92%;--awb-width-small:100%;--awb-order-small:0;--awb-spacing-right-small:1.92%;--awb-spacing-left-small:1.92%;\"><div class=\"fusion-column-wrapper fusion-column-has-shadow fusion-flex-justify-content-flex-start fusion-content-layout-column\"><\/div><\/div><div class=\"fusion-layout-column fusion_builder_column fusion-builder-column-1 fusion_builder_column_2_3 2_3 fusion-flex-column\" style=\"--awb-bg-size:cover;--awb-width-large:66.666666666667%;--awb-margin-top-large:0px;--awb-spacing-right-large:2.88%;--awb-margin-bottom-large:20px;--awb-spacing-left-large:2.88%;--awb-width-medium:100%;--awb-order-medium:0;--awb-spacing-right-medium:1.92%;--awb-spacing-left-medium:1.92%;--awb-width-small:100%;--awb-order-small:0;--awb-spacing-right-small:1.92%;--awb-spacing-left-small:1.92%;\"><div class=\"fusion-column-wrapper fusion-column-has-shadow fusion-flex-justify-content-flex-start fusion-content-layout-column\"><div class=\"fusion-image-element \" style=\"--awb-aspect-ratio:21 \/ 9;--awb-object-position:49% 49%;--awb-margin-bottom:30px;--awb-caption-title-font-family:var(--h2_typography-font-family);--awb-caption-title-font-weight:var(--h2_typography-font-weight);--awb-caption-title-font-style:var(--h2_typography-font-style);--awb-caption-title-size:var(--h2_typography-font-size);--awb-caption-title-transform:var(--h2_typography-text-transform);--awb-caption-title-line-height:var(--h2_typography-line-height);--awb-caption-title-letter-spacing:var(--h2_typography-letter-spacing);\"><span class=\" fusion-imageframe imageframe-none imageframe-1 hover-type-none has-aspect-ratio\"><img decoding=\"async\" width=\"300\" height=\"200\" title=\"_DSC0832-11\" src=\"https:\/\/sfgrs.de\/wordpress\/wp-content\/uploads\/2024\/10\/DSC0832-11-300x200.jpg\" class=\"img-responsive wp-image-11514 img-with-aspect-ratio\" alt srcset=\"https:\/\/sfgrs.de\/wordpress\/wp-content\/uploads\/2024\/10\/DSC0832-11-200x133.jpg 200w, https:\/\/sfgrs.de\/wordpress\/wp-content\/uploads\/2024\/10\/DSC0832-11-400x267.jpg 400w, https:\/\/sfgrs.de\/wordpress\/wp-content\/uploads\/2024\/10\/DSC0832-11-600x400.jpg 600w, https:\/\/sfgrs.de\/wordpress\/wp-content\/uploads\/2024\/10\/DSC0832-11-800x534.jpg 800w, https:\/\/sfgrs.de\/wordpress\/wp-content\/uploads\/2024\/10\/DSC0832-11-1200x800.jpg 1200w\" sizes=\"(max-width: 1140px) 100vw, (max-width: 640px) 100vw, 1200px\" \/><\/span><\/div><div class=\"fusion-text fusion-text-1 fusion-text-no-margin\" style=\"--awb-margin-bottom:30px;\"><h2><strong>Damit der Anfang gelingt<\/strong><\/h2>\n<p>Wir gestalten den \u00dcbergang in die weiterf\u00fchrende Schule wie folgt:<\/p>\n<\/div><div class=\"accordian fusion-accordian\" style=\"--awb-border-size:1px;--awb-icon-size:13px;--awb-content-font-size:16px;--awb-icon-alignment:left;--awb-hover-color:#f9f9f9;--awb-border-color:var(--awb-color3);--awb-background-color:#ffffff;--awb-divider-color:var(--awb-color3);--awb-divider-hover-color:var(--awb-color3);--awb-icon-color:#ffffff;--awb-title-color:#5dad24;--awb-content-color:#747474;--awb-icon-box-color:#b8d3b6;--awb-toggle-hover-accent-color:var(--awb-color7);--awb-toggle-active-accent-color:var(--awb-color5);--awb-title-font-family:var(--awb-typography4-font-family);--awb-title-font-weight:var(--awb-typography4-font-weight);--awb-title-font-style:var(--awb-typography4-font-style);--awb-title-font-size:var(--awb-typography4-font-size);--awb-title-letter-spacing:var(--awb-typography4-letter-spacing);--awb-title-line-height:var(--awb-typography4-line-height);--awb-content-font-family:&quot;Raleway&quot;;--awb-content-font-style:normal;--awb-content-font-weight:400;\"><div class=\"panel-group fusion-toggle-icon-boxed\" id=\"accordion-9728-1\"><div class=\"fusion-panel panel-default panel-a5040d23fd3ea4147 fusion-toggle-has-divider\" style=\"--awb-title-color:var(--awb-color5);\"><div class=\"panel-heading\"><h4 class=\"panel-title toggle\" id=\"toggle_a5040d23fd3ea4147\"><a aria-expanded=\"false\" aria-controls=\"a5040d23fd3ea4147\" role=\"button\" data-toggle=\"collapse\" data-parent=\"#accordion-9728-1\" data-target=\"#a5040d23fd3ea4147\" href=\"#a5040d23fd3ea4147\"><span class=\"fusion-toggle-icon-wrapper\" aria-hidden=\"true\"><i class=\"fa-fusion-box active-icon awb-icon-minus\" aria-hidden=\"true\"><\/i><i class=\"fa-fusion-box inactive-icon awb-icon-plus\" aria-hidden=\"true\"><\/i><\/span><span class=\"fusion-toggle-heading\">Begr\u00fc\u00dfung der neuen F\u00fcnftkl\u00e4sslerinnen<\/span><\/a><\/h4><\/div><div id=\"a5040d23fd3ea4147\" class=\"panel-collapse collapse \" aria-labelledby=\"toggle_a5040d23fd3ea4147\"><div class=\"panel-body toggle-content fusion-clearfix\">\n<p>Schon am Schulfest am vorletzten Samstag vor Ferienbeginn begr\u00fc\u00dfen wir die neuen F\u00fcnftkl\u00e4sslerinnen in unserer Schulgemeinschaft und laden ein zu einem bunten Programm, das die Klassen f\u00fcr Eltern, Freunde und G\u00e4ste vorbereiten.<\/p>\n<\/div><\/div><\/div><div class=\"fusion-panel panel-default panel-0a8426f081c7df855 fusion-toggle-has-divider\" style=\"--awb-title-color:var(--awb-color5);\"><div class=\"panel-heading\"><h4 class=\"panel-title toggle\" id=\"toggle_0a8426f081c7df855\"><a aria-expanded=\"false\" aria-controls=\"0a8426f081c7df855\" role=\"button\" data-toggle=\"collapse\" data-parent=\"#accordion-9728-1\" data-target=\"#0a8426f081c7df855\" href=\"#0a8426f081c7df855\"><span class=\"fusion-toggle-icon-wrapper\" aria-hidden=\"true\"><i class=\"fa-fusion-box active-icon awb-icon-minus\" aria-hidden=\"true\"><\/i><i class=\"fa-fusion-box inactive-icon awb-icon-plus\" aria-hidden=\"true\"><\/i><\/span><span class=\"fusion-toggle-heading\">Erster Schultag<\/span><\/a><\/h4><\/div><div id=\"0a8426f081c7df855\" class=\"panel-collapse collapse \" aria-labelledby=\"toggle_0a8426f081c7df855\"><div class=\"panel-body toggle-content fusion-clearfix\">\n<p>Am ersten Schultag empfangen die Sechstkl\u00e4sslerinnen die Neuen mit Liedern und einem kleinen Theaterst\u00fcck, dann lernen sie Klassenleitungen und die neuen Mitsch\u00fclerinnen kennen.<\/p>\n<\/div><\/div><\/div><div class=\"fusion-panel panel-default panel-f2ce1991d008893f0 fusion-toggle-has-divider\" style=\"--awb-title-color:var(--awb-color5);\"><div class=\"panel-heading\"><h4 class=\"panel-title toggle\" id=\"toggle_f2ce1991d008893f0\"><a aria-expanded=\"false\" aria-controls=\"f2ce1991d008893f0\" role=\"button\" data-toggle=\"collapse\" data-parent=\"#accordion-9728-1\" data-target=\"#f2ce1991d008893f0\" href=\"#f2ce1991d008893f0\"><span class=\"fusion-toggle-icon-wrapper\" aria-hidden=\"true\"><i class=\"fa-fusion-box active-icon awb-icon-minus\" aria-hidden=\"true\"><\/i><i class=\"fa-fusion-box inactive-icon awb-icon-plus\" aria-hidden=\"true\"><\/i><\/span><span class=\"fusion-toggle-heading\">Kennenlerntage<\/span><\/a><\/h4><\/div><div id=\"f2ce1991d008893f0\" class=\"panel-collapse collapse \" aria-labelledby=\"toggle_f2ce1991d008893f0\"><div class=\"panel-body toggle-content fusion-clearfix\">\n<p>Die ersten Kennenlerntage werden intensiv von dem Klassenleitungen begleitet. Schnell kennen sich die Kinder im Schulhaus und Schulhof aus und k\u00f6nnen den Eltern am Begegnungstag stolz die neue Schule zeigen.<\/p>\n<\/div><\/div><\/div><div class=\"fusion-panel panel-default panel-a08ce73c661aefc56 fusion-toggle-has-divider\" style=\"--awb-title-color:var(--awb-color5);\"><div class=\"panel-heading\"><h4 class=\"panel-title toggle\" id=\"toggle_a08ce73c661aefc56\"><a aria-expanded=\"false\" aria-controls=\"a08ce73c661aefc56\" role=\"button\" data-toggle=\"collapse\" data-parent=\"#accordion-9728-1\" data-target=\"#a08ce73c661aefc56\" href=\"#a08ce73c661aefc56\"><span class=\"fusion-toggle-icon-wrapper\" aria-hidden=\"true\"><i class=\"fa-fusion-box active-icon awb-icon-minus\" aria-hidden=\"true\"><\/i><i class=\"fa-fusion-box inactive-icon awb-icon-plus\" aria-hidden=\"true\"><\/i><\/span><span class=\"fusion-toggle-heading\">Begegnungstag<\/span><\/a><\/h4><\/div><div id=\"a08ce73c661aefc56\" class=\"panel-collapse collapse \" aria-labelledby=\"toggle_a08ce73c661aefc56\"><div class=\"panel-body toggle-content fusion-clearfix\">\n<p>Unter dem Motto \u201eGemeinschaft\u201c kommen Klassenleitung, Sch\u00fclerinnen und Eltern f\u00fcr einen spielerisch-kreativen Vormittag und einen \u00f6komenischen Gottesdienst zusammen.<\/p>\n<\/div><\/div><\/div><div class=\"fusion-panel panel-default panel-1f43c64043f70408d fusion-toggle-has-divider\" style=\"--awb-title-color:var(--awb-color5);\"><div class=\"panel-heading\"><h4 class=\"panel-title toggle\" id=\"toggle_1f43c64043f70408d\"><a aria-expanded=\"false\" aria-controls=\"1f43c64043f70408d\" role=\"button\" data-toggle=\"collapse\" data-parent=\"#accordion-9728-1\" data-target=\"#1f43c64043f70408d\" href=\"#1f43c64043f70408d\"><span class=\"fusion-toggle-icon-wrapper\" aria-hidden=\"true\"><i class=\"fa-fusion-box active-icon awb-icon-minus\" aria-hidden=\"true\"><\/i><i class=\"fa-fusion-box inactive-icon awb-icon-plus\" aria-hidden=\"true\"><\/i><\/span><span class=\"fusion-toggle-heading\">Methodentraining<\/span><\/a><\/h4><\/div><div id=\"1f43c64043f70408d\" class=\"panel-collapse collapse \" aria-labelledby=\"toggle_1f43c64043f70408d\"><div class=\"panel-body toggle-content fusion-clearfix\">\n<p>Auch Lernen muss gelernt sein. Wir lerne ich Vokabeln? Wie kann ich mir helfen, wenn ich Angst vor Klassenarbeiten habe? Wie recherchiere ich sicher im Netz? Deshalb findet gezieltes Methodentraining sowohl im jeweiligen Fachunterricht, als auch in den ersten Klassenleiterstunden, an speziellen Methodentrainingstagen und schlie\u00dflich vertieft in der Laborwoche im zweiten Halbjahr statt. Sich im Computerraum oder auf dem Tablet einloggen und Sdui gewinnbringend geh\u00f6rt auch zu den wichtigsten Methoden dazu.<\/p>\n<\/div><\/div><\/div><div class=\"fusion-panel panel-default panel-e062c0f9488633edf fusion-toggle-has-divider\" style=\"--awb-title-color:var(--awb-color5);\"><div class=\"panel-heading\"><h4 class=\"panel-title toggle\" id=\"toggle_e062c0f9488633edf\"><a aria-expanded=\"false\" aria-controls=\"e062c0f9488633edf\" role=\"button\" data-toggle=\"collapse\" data-parent=\"#accordion-9728-1\" data-target=\"#e062c0f9488633edf\" href=\"#e062c0f9488633edf\"><span class=\"fusion-toggle-icon-wrapper\" aria-hidden=\"true\"><i class=\"fa-fusion-box active-icon awb-icon-minus\" aria-hidden=\"true\"><\/i><i class=\"fa-fusion-box inactive-icon awb-icon-plus\" aria-hidden=\"true\"><\/i><\/span><span class=\"fusion-toggle-heading\">Klassengemeinschaft<\/span><\/a><\/h4><\/div><div id=\"e062c0f9488633edf\" class=\"panel-collapse collapse \" aria-labelledby=\"toggle_e062c0f9488633edf\"><div class=\"panel-body toggle-content fusion-clearfix\">\n<p>An die neuen Arbeitsweisen und Anforderungen werden sie stufenweise herangef\u00fchrt. Auch Regeln f\u00fcr die Klassengemeinschaft, in der Schule und in Chats werden mit den Kindern erarbeitet und eingefordert<\/p>\n<\/div><\/div><\/div><div class=\"fusion-panel panel-default panel-115614bcaae988751 fusion-toggle-has-divider\" style=\"--awb-title-color:var(--awb-color5);\"><div class=\"panel-heading\"><h4 class=\"panel-title toggle\" id=\"toggle_115614bcaae988751\"><a aria-expanded=\"false\" aria-controls=\"115614bcaae988751\" role=\"button\" data-toggle=\"collapse\" data-parent=\"#accordion-9728-1\" data-target=\"#115614bcaae988751\" href=\"#115614bcaae988751\"><span class=\"fusion-toggle-icon-wrapper\" aria-hidden=\"true\"><i class=\"fa-fusion-box active-icon awb-icon-minus\" aria-hidden=\"true\"><\/i><i class=\"fa-fusion-box inactive-icon awb-icon-plus\" aria-hidden=\"true\"><\/i><\/span><span class=\"fusion-toggle-heading\">Klassenleiterstunde<\/span><\/a><\/h4><\/div><div id=\"115614bcaae988751\" class=\"panel-collapse collapse \" aria-labelledby=\"toggle_115614bcaae988751\"><div class=\"panel-body toggle-content fusion-clearfix\">\n<p>Wichtig f\u00fcr die Klassengemeinschaft sind die w\u00f6chentlichen Klassenleiterstunden, in denen die Dinge besprochen werden, die die Kinder besch\u00e4ftigen und in denen Wandertage und gemeinsame Aktivit\u00e4ten geplant werden.<\/p>\n<\/div><\/div><\/div><div class=\"fusion-panel panel-default panel-6846e90862075bb48 fusion-toggle-has-divider\" style=\"--awb-title-color:var(--awb-color5);\"><div class=\"panel-heading\"><h4 class=\"panel-title toggle\" id=\"toggle_6846e90862075bb48\"><a aria-expanded=\"false\" aria-controls=\"6846e90862075bb48\" role=\"button\" data-toggle=\"collapse\" data-parent=\"#accordion-9728-1\" data-target=\"#6846e90862075bb48\" href=\"#6846e90862075bb48\"><span class=\"fusion-toggle-icon-wrapper\" aria-hidden=\"true\"><i class=\"fa-fusion-box active-icon awb-icon-minus\" aria-hidden=\"true\"><\/i><i class=\"fa-fusion-box inactive-icon awb-icon-plus\" aria-hidden=\"true\"><\/i><\/span><span class=\"fusion-toggle-heading\">Busschule<\/span><\/a><\/h4><\/div><div id=\"6846e90862075bb48\" class=\"panel-collapse collapse \" aria-labelledby=\"toggle_6846e90862075bb48\"><div class=\"panel-body toggle-content fusion-clearfix\">\n<p>Um morgens sicher mit Bus zur Schule und nachmittags ebenso wieder nach Hause zu kommen, gibt es zu Anfang eines jeden Schuljahres f\u00fcr unsere neuen 5er in Kooperation mit dem VRN die Busschule. Dieses Jahr fand diese am 5. und 6. September 2024 statt. Nach einem theoretischen Teil im Schulhaus mit einem Austausch \u00fcber Erfahrungen im \u00f6ffentlichen Nahverkehr wurde jede Klasse mit einem VRN-Bus abgeholt. In den folgenden 60 Minuten konnten die Sch\u00fclerinnen alles \u00fcber den Bus und das richtige Verhalten im Bus lernen. So lernten die Sch\u00fclerinnen z.B., wie wichtig es ist, sich gut festzuhalten, sollte der Bus mal eine Vollbremsung machen m\u00fcssen. Aber auch wichtige Fragen wurden in diesem praktischen Teil gekl\u00e4rt (Was darf ich im Bus und was nicht? Werde ich in der T\u00fcr stecken bleiben, wenn ich an der Schwelle stehe und die T\u00fcr zugeht?)<\/p>\n<\/div><\/div><\/div><\/div><\/div><div class=\"fusion-image-carousel fusion-image-carousel-auto fusion-image-carousel-1 fusion-carousel-border\"><div class=\"awb-carousel awb-swiper awb-swiper-carousel\" data-autoplay=\"no\" data-columns=\"3\" data-itemmargin=\"13\" data-itemwidth=\"180\" data-touchscroll=\"no\" data-imagesize=\"auto\" style=\"--awb-columns:3;\"><div class=\"swiper-wrapper awb-image-carousel-wrapper fusion-flex-align-items-center\"><div class=\"swiper-slide\"><div class=\"fusion-carousel-item-wrapper\"><div class=\"fusion-image-wrapper hover-type-none\"><img decoding=\"async\" width=\"1920\" height=\"2560\" src=\"https:\/\/sfgrs.de\/wordpress\/wp-content\/uploads\/2024\/10\/IMG_6393-1-scaled.jpeg\" class=\"attachment-full size-full\" alt=\"\" srcset=\"https:\/\/sfgrs.de\/wordpress\/wp-content\/uploads\/2024\/10\/IMG_6393-1-200x267.jpeg 200w, https:\/\/sfgrs.de\/wordpress\/wp-content\/uploads\/2024\/10\/IMG_6393-1-400x533.jpeg 400w, https:\/\/sfgrs.de\/wordpress\/wp-content\/uploads\/2024\/10\/IMG_6393-1-600x800.jpeg 600w, https:\/\/sfgrs.de\/wordpress\/wp-content\/uploads\/2024\/10\/IMG_6393-1-800x1067.jpeg 800w, https:\/\/sfgrs.de\/wordpress\/wp-content\/uploads\/2024\/10\/IMG_6393-1-1200x1600.jpeg 1200w, https:\/\/sfgrs.de\/wordpress\/wp-content\/uploads\/2024\/10\/IMG_6393-1-scaled.jpeg 1920w\" sizes=\"(min-width: 2200px) 100vw, (min-width: 960px) 458px, (min-width: 800px) 687px, (min-width: 640px) 800px, \" \/><\/div><\/div><\/div><div class=\"swiper-slide\"><div class=\"fusion-carousel-item-wrapper\"><div class=\"fusion-image-wrapper hover-type-none\"><img decoding=\"async\" width=\"2560\" height=\"1920\" src=\"https:\/\/sfgrs.de\/wordpress\/wp-content\/uploads\/2024\/10\/IMG_7475-2-scaled.jpeg\" class=\"attachment-full size-full\" alt=\"\" srcset=\"https:\/\/sfgrs.de\/wordpress\/wp-content\/uploads\/2024\/10\/IMG_7475-2-200x150.jpeg 200w, https:\/\/sfgrs.de\/wordpress\/wp-content\/uploads\/2024\/10\/IMG_7475-2-400x300.jpeg 400w, https:\/\/sfgrs.de\/wordpress\/wp-content\/uploads\/2024\/10\/IMG_7475-2-600x450.jpeg 600w, https:\/\/sfgrs.de\/wordpress\/wp-content\/uploads\/2024\/10\/IMG_7475-2-800x600.jpeg 800w, https:\/\/sfgrs.de\/wordpress\/wp-content\/uploads\/2024\/10\/IMG_7475-2-1200x900.jpeg 1200w, https:\/\/sfgrs.de\/wordpress\/wp-content\/uploads\/2024\/10\/IMG_7475-2-scaled.jpeg 2560w\" sizes=\"(min-width: 2200px) 100vw, (min-width: 960px) 458px, (min-width: 800px) 687px, (min-width: 640px) 800px, \" \/><\/div><\/div><\/div><div class=\"swiper-slide\"><div class=\"fusion-carousel-item-wrapper\"><div class=\"fusion-image-wrapper hover-type-none\"><img decoding=\"async\" width=\"1920\" height=\"2560\" src=\"https:\/\/sfgrs.de\/wordpress\/wp-content\/uploads\/2024\/10\/IMG_7517-2-scaled.jpeg\" class=\"attachment-full size-full\" alt=\"\" srcset=\"https:\/\/sfgrs.de\/wordpress\/wp-content\/uploads\/2024\/10\/IMG_7517-2-200x267.jpeg 200w, https:\/\/sfgrs.de\/wordpress\/wp-content\/uploads\/2024\/10\/IMG_7517-2-400x533.jpeg 400w, https:\/\/sfgrs.de\/wordpress\/wp-content\/uploads\/2024\/10\/IMG_7517-2-600x800.jpeg 600w, https:\/\/sfgrs.de\/wordpress\/wp-content\/uploads\/2024\/10\/IMG_7517-2-800x1067.jpeg 800w, https:\/\/sfgrs.de\/wordpress\/wp-content\/uploads\/2024\/10\/IMG_7517-2-1200x1600.jpeg 1200w, https:\/\/sfgrs.de\/wordpress\/wp-content\/uploads\/2024\/10\/IMG_7517-2-scaled.jpeg 1920w\" sizes=\"(min-width: 2200px) 100vw, (min-width: 960px) 458px, (min-width: 800px) 687px, (min-width: 640px) 800px, \" \/><\/div><\/div><\/div><div class=\"swiper-slide\"><div class=\"fusion-carousel-item-wrapper\"><div class=\"fusion-image-wrapper hover-type-none\"><img decoding=\"async\" width=\"2560\" height=\"1920\" src=\"https:\/\/sfgrs.de\/wordpress\/wp-content\/uploads\/2024\/10\/IMG_3717-scaled.jpeg\" class=\"attachment-full size-full\" alt=\"\" srcset=\"https:\/\/sfgrs.de\/wordpress\/wp-content\/uploads\/2024\/10\/IMG_3717-200x150.jpeg 200w, https:\/\/sfgrs.de\/wordpress\/wp-content\/uploads\/2024\/10\/IMG_3717-400x300.jpeg 400w, https:\/\/sfgrs.de\/wordpress\/wp-content\/uploads\/2024\/10\/IMG_3717-600x450.jpeg 600w, https:\/\/sfgrs.de\/wordpress\/wp-content\/uploads\/2024\/10\/IMG_3717-800x600.jpeg 800w, https:\/\/sfgrs.de\/wordpress\/wp-content\/uploads\/2024\/10\/IMG_3717-1200x900.jpeg 1200w, https:\/\/sfgrs.de\/wordpress\/wp-content\/uploads\/2024\/10\/IMG_3717-scaled.jpeg 2560w\" sizes=\"(min-width: 2200px) 100vw, (min-width: 960px) 458px, (min-width: 800px) 687px, (min-width: 640px) 800px, \" \/><\/div><\/div><\/div><div class=\"swiper-slide\"><div class=\"fusion-carousel-item-wrapper\"><div class=\"fusion-image-wrapper hover-type-none\"><img decoding=\"async\" width=\"2560\" height=\"1920\" src=\"https:\/\/sfgrs.de\/wordpress\/wp-content\/uploads\/2024\/10\/IMG_3712-scaled.jpeg\" class=\"attachment-full size-full\" alt=\"\" srcset=\"https:\/\/sfgrs.de\/wordpress\/wp-content\/uploads\/2024\/10\/IMG_3712-200x150.jpeg 200w, https:\/\/sfgrs.de\/wordpress\/wp-content\/uploads\/2024\/10\/IMG_3712-400x300.jpeg 400w, https:\/\/sfgrs.de\/wordpress\/wp-content\/uploads\/2024\/10\/IMG_3712-600x450.jpeg 600w, https:\/\/sfgrs.de\/wordpress\/wp-content\/uploads\/2024\/10\/IMG_3712-800x600.jpeg 800w, https:\/\/sfgrs.de\/wordpress\/wp-content\/uploads\/2024\/10\/IMG_3712-1200x900.jpeg 1200w, https:\/\/sfgrs.de\/wordpress\/wp-content\/uploads\/2024\/10\/IMG_3712-scaled.jpeg 2560w\" sizes=\"(min-width: 2200px) 100vw, (min-width: 960px) 458px, (min-width: 800px) 687px, (min-width: 640px) 800px, \" \/><\/div><\/div><\/div><div class=\"swiper-slide\"><div class=\"fusion-carousel-item-wrapper\"><div class=\"fusion-image-wrapper hover-type-none\"><img decoding=\"async\" width=\"2560\" height=\"1920\" src=\"https:\/\/sfgrs.de\/wordpress\/wp-content\/uploads\/2024\/10\/IMG_3729-scaled.jpeg\" class=\"attachment-full size-full\" alt=\"\" srcset=\"https:\/\/sfgrs.de\/wordpress\/wp-content\/uploads\/2024\/10\/IMG_3729-200x150.jpeg 200w, https:\/\/sfgrs.de\/wordpress\/wp-content\/uploads\/2024\/10\/IMG_3729-400x300.jpeg 400w, https:\/\/sfgrs.de\/wordpress\/wp-content\/uploads\/2024\/10\/IMG_3729-600x450.jpeg 600w, https:\/\/sfgrs.de\/wordpress\/wp-content\/uploads\/2024\/10\/IMG_3729-800x600.jpeg 800w, https:\/\/sfgrs.de\/wordpress\/wp-content\/uploads\/2024\/10\/IMG_3729-1200x900.jpeg 1200w, https:\/\/sfgrs.de\/wordpress\/wp-content\/uploads\/2024\/10\/IMG_3729-scaled.jpeg 2560w\" sizes=\"(min-width: 2200px) 100vw, (min-width: 960px) 458px, (min-width: 800px) 687px, (min-width: 640px) 800px, \" \/><\/div><\/div><\/div><div class=\"swiper-slide\"><div class=\"fusion-carousel-item-wrapper\"><div class=\"fusion-image-wrapper hover-type-none\"><img decoding=\"async\" width=\"1024\" height=\"768\" src=\"https:\/\/sfgrs.de\/wordpress\/wp-content\/uploads\/2024\/09\/Begruessung-5.jpeg\" class=\"attachment-full size-full\" alt=\"\" srcset=\"https:\/\/sfgrs.de\/wordpress\/wp-content\/uploads\/2024\/09\/Begruessung-5-200x150.jpeg 200w, https:\/\/sfgrs.de\/wordpress\/wp-content\/uploads\/2024\/09\/Begruessung-5-400x300.jpeg 400w, https:\/\/sfgrs.de\/wordpress\/wp-content\/uploads\/2024\/09\/Begruessung-5-600x450.jpeg 600w, https:\/\/sfgrs.de\/wordpress\/wp-content\/uploads\/2024\/09\/Begruessung-5-800x600.jpeg 800w, https:\/\/sfgrs.de\/wordpress\/wp-content\/uploads\/2024\/09\/Begruessung-5.jpeg 1024w\" sizes=\"(min-width: 2200px) 100vw, (min-width: 960px) 458px, (min-width: 800px) 687px, (min-width: 640px) 800px, \" \/><\/div><\/div><\/div><\/div><div class=\"awb-swiper-button awb-swiper-button-prev\"><i class=\"awb-icon-angle-left\" aria-hidden=\"true\"><\/i><\/div><div class=\"awb-swiper-button awb-swiper-button-next\"><i class=\"awb-icon-angle-right\" aria-hidden=\"true\"><\/i><\/div><\/div><\/div><\/div><\/div><div class=\"fusion-layout-column fusion_builder_column fusion-builder-column-2 fusion_builder_column_1_6 1_6 fusion-flex-column\" style=\"--awb-bg-size:cover;--awb-width-large:16.666666666667%;--awb-margin-top-large:0px;--awb-spacing-right-large:11.52%;--awb-margin-bottom-large:20px;--awb-spacing-left-large:11.52%;--awb-width-medium:100%;--awb-order-medium:0;--awb-spacing-right-medium:1.92%;--awb-spacing-left-medium:1.92%;--awb-width-small:100%;--awb-order-small:0;--awb-spacing-right-small:1.92%;--awb-spacing-left-small:1.92%;\"><div class=\"fusion-column-wrapper fusion-column-has-shadow fusion-flex-justify-content-flex-start fusion-content-layout-column\"><\/div><\/div><\/div><\/div>\n","protected":false},"excerpt":{"rendered":"","protected":false},"author":1,"featured_media":0,"parent":0,"menu_order":0,"comment_status":"closed","ping_status":"closed","template":"","meta":{"footnotes":""},"categories":[27],"tags":[],"class_list":["post-9728","page","type-page","status-publish","hentry","category-os"],"_links":{"self":[{"href":"https:\/\/sfgrs.de\/wordpress\/index.php\/wp-json\/wp\/v2\/pages\/9728","targetHints":{"allow":["GET"]}}],"collection":[{"href":"https:\/\/sfgrs.de\/wordpress\/index.php\/wp-json\/wp\/v2\/pages"}],"about":[{"href":"https:\/\/sfgrs.de\/wordpress\/index.php\/wp-json\/wp\/v2\/types\/page"}],"author":[{"embeddable":true,"href":"https:\/\/sfgrs.de\/wordpress\/index.php\/wp-json\/wp\/v2\/users\/1"}],"replies":[{"embeddable":true,"href":"https:\/\/sfgrs.de\/wordpress\/index.php\/wp-json\/wp\/v2\/comments?post=9728"}],"version-history":[{"count":6,"href":"https:\/\/sfgrs.de\/wordpress\/index.php\/wp-json\/wp\/v2\/pages\/9728\/revisions"}],"predecessor-version":[{"id":11926,"href":"https:\/\/sfgrs.de\/wordpress\/index.php\/wp-json\/wp\/v2\/pages\/9728\/revisions\/11926"}],"wp:attachment":[{"href":"https:\/\/sfgrs.de\/wordpress\/index.php\/wp-json\/wp\/v2\/media?parent=9728"}],"wp:term":[{"taxonomy":"category","embeddable":true,"href":"https:\/\/sfgrs.de\/wordpress\/index.php\/wp-json\/wp\/v2\/categories?post=9728"},{"taxonomy":"post_tag","embeddable":true,"href":"https:\/\/sfgrs.de\/wordpress\/index.php\/wp-json\/wp\/v2\/tags?post=9728"}],"curies":[{"name":"wp","href":"https:\/\/api.w.org\/{rel}","templated":true}]}}