{"id":9901,"date":"2024-09-11T13:49:08","date_gmt":"2024-09-11T11:49:08","guid":{"rendered":"https:\/\/sfgrs.de\/wordpress\/sfgrs-24\/?page_id=9901"},"modified":"2024-11-05T14:38:36","modified_gmt":"2024-11-05T13:38:36","slug":"kontakt-2","status":"publish","type":"page","link":"https:\/\/sfgrs.de\/wordpress\/index.php\/kontakt-2\/","title":{"rendered":"Kontakt"},"content":{"rendered":"<p><div class=\"fusion-fullwidth fullwidth-box fusion-builder-row-1 nonhundred-percent-fullwidth non-hundred-percent-height-scrolling\" style=\"--awb-border-sizes-top:0px;--awb-border-sizes-bottom:0px;--awb-border-sizes-left:0px;--awb-border-sizes-right:0px;--awb-border-radius-top-left:0px;--awb-border-radius-top-right:0px;--awb-border-radius-bottom-right:0px;--awb-border-radius-bottom-left:0px;--awb-padding-top:50px;--awb-padding-right:30px.;--awb-padding-bottom:30px;--awb-padding-left:30px.;--awb-background-color:#f5f5f5;--awb-flex-wrap:wrap;\" ><div class=\"fusion-builder-row fusion-row\"><div class=\"fusion-layout-column fusion_builder_column fusion-builder-column-0 fusion_builder_column_1_1 1_1 fusion-one-full fusion-column-first fusion-column-last\" style=\"--awb-padding-top:20px;--awb-padding-right:40px;--awb-padding-bottom:20px;--awb-padding-left:40px;--awb-bg-size:cover;--awb-margin-top:25px;--awb-margin-bottom:25px;\"><div class=\"fusion-column-wrapper fusion-flex-column-wrapper-legacy\"><div class=\"fusion-text fusion-text-1\"><h2>Kontaktieren Sie uns per E-Mail<\/h2>\n<\/div>  \n<div class=\"wpcf7 no-js\" id=\"wpcf7-f824-o1\" lang=\"de-DE\" dir=\"ltr\" data-wpcf7-id=\"824\">\n<div class=\"screen-reader-response\"><p role=\"status\" aria-live=\"polite\" aria-atomic=\"true\"><\/p> <ul><\/ul><\/div>\n<form action=\"\/wordpress\/index.php\/wp-json\/wp\/v2\/pages\/9901#wpcf7-f824-o1\" method=\"post\" class=\"wpcf7-form init\" aria-label=\"Kontaktformular\" novalidate=\"novalidate\" data-status=\"init\">\n<fieldset class=\"hidden-fields-container\"><input type=\"hidden\" name=\"_wpcf7\" value=\"824\" \/><input type=\"hidden\" name=\"_wpcf7_version\" value=\"6.1.5\" \/><input type=\"hidden\" name=\"_wpcf7_locale\" value=\"de_DE\" \/><input type=\"hidden\" name=\"_wpcf7_unit_tag\" value=\"wpcf7-f824-o1\" \/><input type=\"hidden\" name=\"_wpcf7_container_post\" value=\"0\" \/><input type=\"hidden\" name=\"_wpcf7_posted_data_hash\" value=\"\" \/>\n<\/fieldset>\n<p><label> Ihr Name (Pflichtfeld)<br \/>\n<span class=\"wpcf7-form-control-wrap\" data-name=\"your-name\"><input size=\"40\" maxlength=\"400\" class=\"wpcf7-form-control wpcf7-text wpcf7-validates-as-required\" aria-required=\"true\" aria-invalid=\"false\" value=\"\" type=\"text\" name=\"your-name\" \/><\/span> <\/label>\n<\/p>\n<p><label> Ihre E-Mail-Adresse (Pflichtfeld)<br \/>\n<span class=\"wpcf7-form-control-wrap\" data-name=\"your-email\"><input size=\"40\" maxlength=\"400\" class=\"wpcf7-form-control wpcf7-email wpcf7-validates-as-required wpcf7-text wpcf7-validates-as-email\" aria-required=\"true\" aria-invalid=\"false\" value=\"\" type=\"email\" name=\"your-email\" \/><\/span> <\/label>\n<\/p>\n<p><label> Betreff (Pflichtfeld)<br \/>\n<span class=\"wpcf7-form-control-wrap\" data-name=\"your-subject\"><input size=\"40\" maxlength=\"400\" class=\"wpcf7-form-control wpcf7-text wpcf7-validates-as-required\" aria-required=\"true\" aria-invalid=\"false\" value=\"\" type=\"text\" name=\"your-subject\" \/><\/span> <\/label>\n<\/p>\n<p><label> Ihre Nachricht<br \/>\n<span class=\"wpcf7-form-control-wrap\" data-name=\"your-message\"><textarea cols=\"40\" rows=\"10\" maxlength=\"2000\" class=\"wpcf7-form-control wpcf7-textarea\" aria-invalid=\"false\" name=\"your-message\"><\/textarea><\/span> <\/label>\n<\/p>\n<p><input class=\"wpcf7-form-control wpcf7-submit has-spinner\" type=\"submit\" value=\"Senden\" \/>\n<\/p><div class=\"fusion-alert alert custom alert-custom fusion-alert-center wpcf7-response-output fusion-alert-capitalize awb-alert-native-link-color alert-dismissable awb-alert-close-boxed\" style=\"--awb-border-top-left-radius:0px;--awb-border-top-right-radius:0px;--awb-border-bottom-left-radius:0px;--awb-border-bottom-right-radius:0px;\" role=\"alert\"><div class=\"fusion-alert-content-wrapper\"><span class=\"fusion-alert-content\"><\/span><\/div><button type=\"button\" class=\"close toggle-alert\" data-dismiss=\"alert\" aria-label=\"Close\">&times;<\/button><\/div>\n<\/form>\n<\/div>\n<div class=\"fusion-clearfix\"><\/div><\/div><\/div><\/div><\/div>\n<div class=\"fusion-fullwidth fullwidth-box fusion-builder-row-2 has-pattern-background has-mask-background hundred-percent-fullwidth non-hundred-percent-height-scrolling fusion-equal-height-columns\" style=\"--awb-background-position:right top;--awb-border-sizes-top:0px;--awb-border-sizes-bottom:0px;--awb-border-sizes-left:0px;--awb-border-sizes-right:0px;--awb-border-radius-top-left:0px;--awb-border-radius-top-right:0px;--awb-border-radius-bottom-right:0px;--awb-border-radius-bottom-left:0px;--awb-padding-top:0px;--awb-padding-right:0px;--awb-padding-bottom:0px;--awb-padding-left:0px;--awb-margin-top:30px;--awb-margin-bottom:30px;--awb-flex-wrap:wrap;\" ><div class=\"fusion-builder-row fusion-row\"><div class=\"fusion-layout-column fusion_builder_column fusion-builder-column-1 fusion_builder_column_1_2 1_2 fusion-one-half fusion-column-first\" style=\"--awb-padding-top:25px;--awb-padding-right:10%;--awb-padding-bottom:25px;--awb-padding-left:10%;--awb-bg-size:cover;--awb-margin-bottom:0px;width:48%; margin-right: 4%;\"><div class=\"fusion-column-wrapper fusion-flex-column-wrapper-legacy\"><div class=\"fusion-text fusion-text-2\"><h3 style=\"text-align: left;\"><strong>Adresse<\/strong><\/h3>\n<\/div><div class=\"fusion-text fusion-text-3\"><p><strong>St.-Franziskus-Gymnasium und -Realschule<\/strong><br \/>\n<strong> St.-Franziskus-Stra\u00dfe 2<\/strong><br \/>\n<strong> 67655 Kaiserslautern<\/strong><\/p>\n<p>Telefon: 0631 3175-190<br \/>\nTelefax: 0631 3175-145<\/p>\n<p>E-Mail: <a href=\"mailto:info@sfgrs.de\"><strong>info@sfgrs.de<\/strong><\/a><\/p>\n<\/div><div class=\"fusion-clearfix\"><\/div><\/div><\/div><div class=\"fusion-layout-column fusion_builder_column fusion-builder-column-2 fusion_builder_column_1_2 1_2 fusion-one-half fusion-column-last\" style=\"--awb-padding-top:25px;--awb-padding-right:10%;--awb-padding-bottom:25px;--awb-padding-left:10%;--awb-bg-size:cover;--awb-border-color:#000000;--awb-border-top:0;--awb-border-right:0;--awb-border-bottom:0;--awb-border-left:0;--awb-border-style:solid;--awb-margin-bottom:0px;width:48%;\"><div class=\"fusion-column-wrapper fusion-flex-column-wrapper-legacy\"><div class=\"fusion-text fusion-text-4\"><h3><strong>\u00d6ffnungszeiten des Sekretariats<\/strong><\/h3>\n<\/div><div class=\"fusion-text fusion-text-5\"><p><strong>Montag \u2013 Donnerstag:<\/strong><br \/>\n07:00 Uhr \u2013 13:30 Uhr<br \/>\n14:00 Uhr \u2013 16:00 Uhr<br \/>\n<strong>Freitag:<\/strong><br \/>\n07:00 Uhr \u2013 13:30 Uhr<\/p>\n<\/div><div class=\"fusion-text fusion-text-6\"><p>In den <strong>Schulferien<\/strong> ist das Sekretariat in der Regel von 10 bis 12 Uhr besetzt.<\/p>\n<p class=\"x_MsoNormal\">In den mittleren beiden Sommerferienwochen sowie zwischen Weihnachten und Neujahr ist die Schule geschlossen.<\/p>\n<\/div><div class=\"fusion-clearfix\"><\/div><\/div><\/div><\/div><\/div>\n<div class=\"fusion-fullwidth fullwidth-box fusion-builder-row-3 has-pattern-background has-mask-background hundred-percent-fullwidth non-hundred-percent-height-scrolling fusion-equal-height-columns\" style=\"--awb-background-position:left top;--awb-border-sizes-top:0px;--awb-border-sizes-bottom:0px;--awb-border-sizes-left:0px;--awb-border-sizes-right:0px;--awb-border-color:#ea2323;--awb-border-radius-top-left:0px;--awb-border-radius-top-right:0px;--awb-border-radius-bottom-right:0px;--awb-border-radius-bottom-left:0px;--awb-padding-top:35px;--awb-margin-top:30px;--awb-margin-bottom:0px;--awb-background-color:var(--awb-custom_color_16);--awb-flex-wrap:wrap;\" ><div class=\"fusion-builder-row fusion-row\"><div class=\"fusion-layout-column fusion_builder_column fusion-builder-column-3 fusion_builder_column_1_1 1_1 fusion-one-full fusion-column-first fusion-column-last\" style=\"--awb-padding-top:25px;--awb-padding-right:10%;--awb-padding-bottom:25px;--awb-padding-left:10%;--awb-bg-size:cover;--awb-border-color:#000000;--awb-border-top:0;--awb-border-right:0;--awb-border-bottom:0;--awb-border-left:0;--awb-border-style:solid;\"><div class=\"fusion-column-wrapper fusion-flex-column-wrapper-legacy\"><div class=\"fusion-text fusion-text-7\"><h3><strong>Anfahrt<\/strong><\/h3>\n<\/div><div class=\"fusion-text fusion-text-8\"><p>Die Schule liegt direkt in der Stadtmitte von Kaiserslautern und ist aus allen Richtungen sowohl mit dem Auto als auch mit \u00f6ffentlichen Verkehrsmitteln zu erreichen.<\/p>\n<p><strong><span style=\"color: #000000;\">Bahn: <\/span>V<\/strong>om Hauptbahnhof erreichen Sie uns zu Fu\u00df in nur 10 Gehminuten<\/p>\n<hr \/>\n<p><strong><span style=\"color: #000000;\">Bus:<\/span>\u00a0<\/strong>Die Buslinien 101, 103, 104, 106, 111, 114 und 115 halten direkt an der Mall nebenan.<\/p>\n<hr \/>\n<p><span style=\"color: #000000;\"><strong>Auto:\u00a0<\/strong><\/span>Sie erreichen uns ganz einfach \u00fcber die A6 und A63 und dann \u00fcber die Pariser Stra\u00dfe oder die Mainzer Stra\u00dfe.<\/p>\n<hr \/>\n<p><span style=\"color: #000000;\"><strong>Parkpl\u00e4tze:\u00a0<\/strong><\/span>Parkhaus der Mall direkt neben der Schule<\/p>\n<\/div><div class=\"fusion-clearfix\"><\/div><\/div><\/div><\/div><\/div>\n<div class=\"fusion-fullwidth fullwidth-box fusion-builder-row-4 has-pattern-background has-mask-background hundred-percent-fullwidth non-hundred-percent-height-scrolling\" style=\"--awb-background-position:right top;--awb-border-sizes-top:0px;--awb-border-sizes-bottom:0px;--awb-border-sizes-left:0px;--awb-border-sizes-right:0px;--awb-border-radius-top-left:0px;--awb-border-radius-top-right:0px;--awb-border-radius-bottom-right:0px;--awb-border-radius-bottom-left:0px;--awb-padding-top:25px;--awb-padding-right:5%;--awb-padding-bottom:25px;--awb-padding-left:5%;--awb-background-color:#ffffff;--awb-flex-wrap:wrap;\" ><div class=\"fusion-builder-row fusion-row\"><div class=\"fusion-layout-column fusion_builder_column fusion-builder-column-4 fusion_builder_column_1_1 1_1 fusion-one-full fusion-column-first fusion-column-last\" style=\"--awb-bg-size:cover;\"><div class=\"fusion-column-wrapper fusion-flex-column-wrapper-legacy\"><div class=\"fusion-text fusion-text-9\"><h3>Ansprechpartner<\/h3>\n<\/div><div class=\"fusion-sep-clear\"><\/div><div class=\"fusion-separator fusion-full-width-sep\" style=\"margin-left: auto;margin-right: auto;width:100%;\"><div class=\"fusion-separator-border sep-single sep-solid\" style=\"--awb-height:20px;--awb-amount:20px;--awb-sep-color:#e91e63;border-color:#e91e63;border-top-width:3px;\"><\/div><\/div><div class=\"fusion-sep-clear\"><\/div><div class=\"fusion-clearfix\"><\/div><\/div><\/div><div class=\"fusion-layout-column fusion_builder_column fusion-builder-column-5 fusion_builder_column_1_2 1_2 fusion-one-half fusion-column-first\" style=\"--awb-padding-top:20px;--awb-padding-right:2%;--awb-padding-bottom:20px;--awb-padding-left:2%;--awb-bg-size:cover;--awb-margin-bottom:0px;width:50%;width:calc(50% - ( ( 4% ) * 0.5 ) );margin-right: 4%;\"><div class=\"fusion-column-wrapper fusion-column-has-shadow fusion-flex-column-wrapper-legacy\"><div class=\"fusion-text fusion-text-10\"><h3>Gymnasium:<\/h3>\n<\/div><div class=\"fusion-text fusion-text-11\"><p><span style=\"color: #000000;\"><strong>Schulleitung:<\/strong> <\/span>OStD\u2019 <a href=\"mailto:vollrath.u@sfgrs.de\">Ursula Vollrath<\/a><\/p>\n<\/div><div class=\"fusion-text fusion-text-12\"><p><span style=\"color: #000000;\"><strong>Stellvertretender Schulleiter:<\/strong><\/span> StD <a href=\"mailto:chmiel@sfgrs.de\">Arthur Chmiel<\/a><\/p>\n<\/div><div class=\"fusion-text fusion-text-13\"><p><span style=\"color: #000000;\"><strong>Zweite stellvertretende Schulleiterin:<\/strong><\/span> StD\u2019 <a href=\"mailto:juergens.m@sfgrs.de\">Monika J\u00fcrgens<\/a><\/p>\n<\/div><div class=\"fusion-text fusion-text-14\"><p><span style=\"color: #000000;\"><strong>MSS-Leitung:<\/strong><\/span> StD\u2019 <a href=\"mailto:kuehrt.k@sfgrs.de\">Kerstin K\u00fchrt<\/a><\/p>\n<\/div><div class=\"fusion-text fusion-text-15\"><p><span style=\"color: #000000;\"><strong>Mittelstufenleitung:<\/strong><\/span> StD\u2019 Dr. <a href=\"mailto: trauth.u@sfgrs.de\">Ursula Trauth<\/a><\/p>\n<\/div><div class=\"fusion-text fusion-text-16\"><p><span style=\"color: #000000;\"><strong>Orientierungsstufenleitung:<\/strong><\/span> StD\u2019 i. K. <a href=\"mailto:oezdemir.c@sfgrs.de\">Clare \u00d6zdemir<\/a><\/p>\n<\/div><div class=\"fusion-clearfix\"><\/div><\/div><\/div><div class=\"fusion-layout-column fusion_builder_column fusion-builder-column-6 fusion_builder_column_1_2 1_2 fusion-one-half fusion-column-last\" style=\"--awb-padding-top:20px;--awb-padding-right:2%;--awb-padding-bottom:20px;--awb-padding-left:2%;--awb-bg-size:cover;width:50%;width:calc(50% - ( ( 4% ) * 0.5 ) );\"><div class=\"fusion-column-wrapper fusion-column-has-shadow fusion-flex-column-wrapper-legacy\"><div class=\"fusion-text fusion-text-17\"><h3>Realschule<\/h3>\n<\/div><div class=\"fusion-text fusion-text-18\"><p><span style=\"color: #000000;\"><strong>Schulleitung: <\/strong>RR <a href=\"mailto:sieber.c@sfgrs.de\">Christian Sieber<\/a><\/span><\/p>\n<\/div><div class=\"fusion-text fusion-text-19\"><p><strong><span style=\"color: #000000;\">Stellvertretende Schulleitung:\u00a0<\/span><\/strong>RKR\u2019 <a href=\"mailto:guhmann.h@sfgrs.de\">Heike Guhmann<\/a><\/p>\n<\/div><div class=\"fusion-text fusion-text-20\"><p><span style=\"color: #000000;\"><strong>Orientierungsstufenleitung:<\/strong> <\/span>RL\u2019 <a href=\"mailto:kuehner.a@sfgrs.de\">Anke K\u00fchner<\/a><\/p>\n<\/div><div class=\"fusion-clearfix\"><\/div><\/div><\/div><\/div><\/div>\n<div class=\"fusion-fullwidth fullwidth-box fusion-builder-row-5 hundred-percent-fullwidth non-hundred-percent-height-scrolling\" style=\"--awb-background-position:left top;--awb-border-sizes-top:0px;--awb-border-sizes-bottom:0px;--awb-border-sizes-left:0px;--awb-border-sizes-right:0px;--awb-border-radius-top-left:0px;--awb-border-radius-top-right:0px;--awb-border-radius-bottom-right:0px;--awb-border-radius-bottom-left:0px;--awb-padding-top:0px;--awb-padding-right:5%;--awb-padding-bottom:0px;--awb-padding-left:5%;--awb-background-color:#f4f4f4;--awb-flex-wrap:wrap;\" ><div class=\"fusion-builder-row fusion-row\"><div class=\"fusion-layout-column fusion_builder_column fusion-builder-column-7 fusion_builder_column_1_2 1_2 fusion-one-half fusion-column-first\" style=\"--awb-padding-top:20px;--awb-padding-right:2%;--awb-padding-bottom:20px;--awb-padding-left:2%;--awb-bg-size:cover;--awb-margin-bottom:0px;width:50%;width:calc(50% - ( ( 4% ) * 0.5 ) );margin-right: 4%;\"><div class=\"fusion-column-wrapper fusion-column-has-shadow fusion-flex-column-wrapper-legacy\"><div class=\"fusion-text fusion-text-21\"><h3>Weitere Funktionen<\/h3>\n<\/div><div class=\"fusion-text fusion-text-22\"><p><span style=\"color: #000000;\"><strong>Koordinatorin f\u00fcr Sch\u00fclerinnen mit Migrationshintergrund:<\/strong> <\/span>RKR\u2019 Heike Guhmann<\/p>\n<\/div><div class=\"fusion-text fusion-text-23\"><p><span style=\"color: #000000;\"><strong>Neue Medien, Systemadministrator:<\/strong><\/span> OStR Christoph Nebe<\/p>\n<\/div><div class=\"fusion-text fusion-text-24\"><p><span style=\"color: #000000;\"><strong>Berufskundekoordinatorin (Gymnasium):<\/strong><\/span> StR\u2019 Lisa Stahlschmidt<\/p>\n<\/div><div class=\"fusion-text fusion-text-25\"><p><span style=\"color: #000000;\"><strong>Berufskundekoordinatorin (Realschule):<\/strong><\/span>\u00a0RL\u2019 Jasmin Klein<\/p>\n<\/div><div class=\"fusion-text fusion-text-26\"><p><span style=\"color: #000000;\"><strong>Ausbildungsleitung (Gymnasium):<\/strong><\/span> StD\u2019 Monika J\u00fcrgens<\/p>\n<\/div><div class=\"fusion-text fusion-text-27\"><p><span style=\"color: #000000;\"><strong>\u00d6ffentlichkeitsarbeit:<\/strong><\/span> StD\u2019 i.K. Regina Rudnick<\/p>\n<\/div><div class=\"fusion-clearfix\"><\/div><\/div><\/div><div class=\"fusion-layout-column fusion_builder_column fusion-builder-column-8 fusion_builder_column_1_2 1_2 fusion-one-half fusion-column-last\" style=\"--awb-padding-top:20px;--awb-padding-right:2%;--awb-padding-bottom:20px;--awb-padding-left:2%;--awb-bg-size:cover;--awb-margin-bottom:0px;width:50%;width:calc(50% - ( ( 4% ) * 0.5 ) );\"><div class=\"fusion-column-wrapper fusion-column-has-shadow fusion-flex-column-wrapper-legacy\"><div class=\"fusion-text fusion-text-28\"><h3>Schultr\u00e4ger<\/h3>\n<\/div><div class=\"fusion-title title fusion-title-1 fusion-sep-none fusion-title-text fusion-title-size-four\"><h4 class=\"fusion-title-heading title-heading-left\" style=\"margin:0;\"><p>Di\u00f6zese Speyer<br \/>\nBisch\u00f6fliches Ordinariat<br \/>\nKleine Pfaffengasse 16<br \/>\n67346 Speyer<\/p><\/h4><\/div><div class=\"fusion-text fusion-text-29\"><p><span style=\"color: #000000;\"><strong>Leitung Hauptabteilung II \u201cSchulen, Hochschulen und Bildung\u201d:<\/strong><\/span> Frau Dr. I. Kreusch, Ordinariatsdirektorin<\/p>\n<\/div><div class=\"fusion-text fusion-text-30\"><p><span style=\"color: #000000;\"><strong>Kontaktperson Hauptabteilung II f\u00fcr SFGRS:<\/strong><\/span> Herr Hans Beitz<\/p>\n<\/div><div class=\"fusion-text fusion-text-31\"><p><span style=\"color: #000000;\"><strong>Zur Homepage des Bistums:<\/strong><\/span> <a href=\"https:\/\/www.bistum-speyer.de\">https:\/\/www.bistum-speyer.de<\/a><\/p>\n<\/div><div class=\"fusion-clearfix\"><\/div><\/div><\/div><\/div><\/div>\n<\/p>\n","protected":false},"excerpt":{"rendered":"","protected":false},"author":1,"featured_media":0,"parent":0,"menu_order":0,"comment_status":"closed","ping_status":"closed","template":"","meta":{"footnotes":""},"categories":[30],"tags":[],"class_list":["post-9901","page","type-page","status-publish","hentry","category-neu24"],"_links":{"self":[{"href":"https:\/\/sfgrs.de\/wordpress\/index.php\/wp-json\/wp\/v2\/pages\/9901","targetHints":{"allow":["GET"]}}],"collection":[{"href":"https:\/\/sfgrs.de\/wordpress\/index.php\/wp-json\/wp\/v2\/pages"}],"about":[{"href":"https:\/\/sfgrs.de\/wordpress\/index.php\/wp-json\/wp\/v2\/types\/page"}],"author":[{"embeddable":true,"href":"https:\/\/sfgrs.de\/wordpress\/index.php\/wp-json\/wp\/v2\/users\/1"}],"replies":[{"embeddable":true,"href":"https:\/\/sfgrs.de\/wordpress\/index.php\/wp-json\/wp\/v2\/comments?post=9901"}],"version-history":[{"count":4,"href":"https:\/\/sfgrs.de\/wordpress\/index.php\/wp-json\/wp\/v2\/pages\/9901\/revisions"}],"predecessor-version":[{"id":11747,"href":"https:\/\/sfgrs.de\/wordpress\/index.php\/wp-json\/wp\/v2\/pages\/9901\/revisions\/11747"}],"wp:attachment":[{"href":"https:\/\/sfgrs.de\/wordpress\/index.php\/wp-json\/wp\/v2\/media?parent=9901"}],"wp:term":[{"taxonomy":"category","embeddable":true,"href":"https:\/\/sfgrs.de\/wordpress\/index.php\/wp-json\/wp\/v2\/categories?post=9901"},{"taxonomy":"post_tag","embeddable":true,"href":"https:\/\/sfgrs.de\/wordpress\/index.php\/wp-json\/wp\/v2\/tags?post=9901"}],"curies":[{"name":"wp","href":"https:\/\/api.w.org\/{rel}","templated":true}]}}