{"id":9978,"date":"2024-09-11T16:07:59","date_gmt":"2024-09-11T14:07:59","guid":{"rendered":"https:\/\/sfgrs.de\/wordpress\/sfgrs-24\/?page_id=9978"},"modified":"2025-03-13T13:30:39","modified_gmt":"2025-03-13T12:30:39","slug":"wahlpflichtfaecher","status":"publish","type":"page","link":"https:\/\/sfgrs.de\/wordpress\/index.php\/wahlpflichtfaecher\/","title":{"rendered":"Wahlpflichtf\u00e4cher"},"content":{"rendered":"<div class=\"fusion-fullwidth fullwidth-box fusion-builder-row-1 fusion-flex-container has-pattern-background has-mask-background nonhundred-percent-fullwidth non-hundred-percent-height-scrolling\" style=\"--awb-border-radius-top-left:0px;--awb-border-radius-top-right:0px;--awb-border-radius-bottom-right:0px;--awb-border-radius-bottom-left:0px;--awb-flex-wrap:wrap;\" ><div class=\"fusion-builder-row fusion-row fusion-flex-align-items-flex-start fusion-flex-content-wrap\" style=\"max-width:1456px;margin-left: calc(-4% \/ 2 );margin-right: calc(-4% \/ 2 );\"><div class=\"fusion-layout-column fusion_builder_column fusion-builder-column-0 fusion_builder_column_1_6 1_6 fusion-flex-column\" style=\"--awb-bg-size:cover;--awb-width-large:16.666666666667%;--awb-margin-top-large:0px;--awb-spacing-right-large:11.52%;--awb-margin-bottom-large:20px;--awb-spacing-left-large:11.52%;--awb-width-medium:100%;--awb-order-medium:0;--awb-spacing-right-medium:1.92%;--awb-spacing-left-medium:1.92%;--awb-width-small:100%;--awb-order-small:0;--awb-spacing-right-small:1.92%;--awb-spacing-left-small:1.92%;\"><div class=\"fusion-column-wrapper fusion-column-has-shadow fusion-flex-justify-content-flex-start fusion-content-layout-column\"><\/div><\/div><div class=\"fusion-layout-column fusion_builder_column fusion-builder-column-1 fusion_builder_column_2_3 2_3 fusion-flex-column\" style=\"--awb-bg-size:cover;--awb-width-large:66.666666666667%;--awb-margin-top-large:0px;--awb-spacing-right-large:2.88%;--awb-margin-bottom-large:20px;--awb-spacing-left-large:2.88%;--awb-width-medium:100%;--awb-order-medium:0;--awb-spacing-right-medium:1.92%;--awb-spacing-left-medium:1.92%;--awb-width-small:100%;--awb-order-small:0;--awb-spacing-right-small:1.92%;--awb-spacing-left-small:1.92%;\"><div class=\"fusion-column-wrapper fusion-column-has-shadow fusion-flex-justify-content-flex-start fusion-content-layout-column\"><div class=\"fusion-image-element \" style=\"--awb-aspect-ratio:21 \/ 9;--awb-object-position:49% 49%;--awb-margin-bottom:30px;--awb-caption-title-font-family:var(--h2_typography-font-family);--awb-caption-title-font-weight:var(--h2_typography-font-weight);--awb-caption-title-font-style:var(--h2_typography-font-style);--awb-caption-title-size:var(--h2_typography-font-size);--awb-caption-title-transform:var(--h2_typography-text-transform);--awb-caption-title-line-height:var(--h2_typography-line-height);--awb-caption-title-letter-spacing:var(--h2_typography-letter-spacing);\"><span class=\" fusion-imageframe imageframe-none imageframe-1 hover-type-none has-aspect-ratio\"><img decoding=\"async\" width=\"300\" height=\"200\" title=\"Kus 5\" src=\"https:\/\/sfgrs.de\/wordpress\/wp-content\/uploads\/2024\/10\/Kus-5-300x200.png\" class=\"img-responsive wp-image-10902 img-with-aspect-ratio\" alt srcset=\"https:\/\/sfgrs.de\/wordpress\/wp-content\/uploads\/2024\/10\/Kus-5-200x133.png 200w, https:\/\/sfgrs.de\/wordpress\/wp-content\/uploads\/2024\/10\/Kus-5-400x267.png 400w, https:\/\/sfgrs.de\/wordpress\/wp-content\/uploads\/2024\/10\/Kus-5-600x400.png 600w, https:\/\/sfgrs.de\/wordpress\/wp-content\/uploads\/2024\/10\/Kus-5-800x533.png 800w, https:\/\/sfgrs.de\/wordpress\/wp-content\/uploads\/2024\/10\/Kus-5-1200x800.png 1200w\" sizes=\"(max-width: 1140px) 100vw, (max-width: 640px) 100vw, 1200px\" \/><\/span><\/div><div class=\"fusion-text fusion-text-1 fusion-text-no-margin\" style=\"--awb-margin-bottom:30px;\"><h3><strong>Wahlpflichtf\u00e4cher an der Realschule<\/strong><\/h3>\n<p>Ab der 7. Klasse bietet die Realschule neben den Pflichtf\u00e4chern so genannte Wahlpflichtf\u00e4cher an, die den individuellen Begabungen und Neigungen der Sch\u00fclerin und ihren sp\u00e4teren Berufsw\u00fcnschen entgegenkommen.<\/p>\n<p>Die einger\u00e4umte Wahlfreiheit soll Interesse wecken und zu erh\u00f6hter Leistungsbereitschaft motivieren. Die Sch\u00fclerin soll an fachspezifische Arbeitsformen und Arbeitstechniken herangef\u00fchrt und damit auf weiterf\u00fchrende Bildungsg\u00e4nge vorbereitet werden.<\/p>\n<p>Aus dem Angebot der Schule w\u00e4hlen Sch\u00fclerinnen und Eltern in eigener Entscheidung unter verschiedenen Lernschwerpunkten:<\/p>\n<p><strong>Klasse 6:<\/strong><\/p>\n<ul>\n<li>Mensch \/ Umwelt \/ Technik (MUT)<\/li>\n<\/ul>\n<p><strong>Klasse 7 und 8:<\/strong><\/p>\n<ul>\n<li>Franz\u00f6sisch <a href=\"https:\/\/sfgrs.de\/wordpress\/?page_id=6977\">(F<\/a><a href=\"https:\/\/www.sfgrs-kl.de\/wordpress\/index.php\/fachbereiche\/\">)<\/a><\/li>\n<li>Medienkompetenzunterricht (MKU)<\/li>\n<li>Kultur, Umwelt und Soziales\u00a0(<a href=\"https:\/\/sfgrs.de\/wordpress\/?page_id=10115\">KUS<\/a>)<\/li>\n<li>Technik und\u00a0Naturwissenschaften (TuN)<\/li>\n<li>Technisches Zeichnen (TZ)<\/li>\n<li>Europ\u00e4ischer Computerf\u00fchrerschein (ICDL)<\/li>\n<li>Virtuelles Design (VD)<\/li>\n<\/ul>\n<p><strong>Klasse 9 und 10:<\/strong><\/p>\n<ul>\n<li>Franz\u00f6sisch (<a href=\"https:\/\/sfgrs.de\/wordpress\/?page_id=6977\">F<\/a>)<\/li>\n<li>Sozialp\u00e4dagogik (<a href=\"https:\/\/sfgrs.de\/wordpress\/?page_id=10119\">Sop<\/a>)<\/li>\n<li>Wirtschaft und Verwaltung (<a href=\"https:\/\/sfgrs.de\/wordpress\/?page_id=10117\">WuV<\/a>)<\/li>\n<li>Technik und Naturwissenschaften (TuN)<\/li>\n<li>Informatik (Inf)<\/li>\n<\/ul>\n<p><strong>Eine Darstellung der Wahlpflichtf\u00e4cher ab dem Schuljahr 2025\/26 erhalten Sie hier: <a href=\"https:\/\/sfgrs.de\/wordpress\/wp-content\/uploads\/2025\/03\/Darstellung-WPF-SFRS.pdf\">Darstellung der Wahlpflichtf\u00e4cher<\/a><br \/>\n<\/strong><\/p>\n<\/div><div class=\"fusion-image-carousel fusion-image-carousel-auto fusion-image-carousel-1 fusion-carousel-border\"><div class=\"awb-carousel awb-swiper awb-swiper-carousel\" data-autoplay=\"no\" data-columns=\"3\" data-itemmargin=\"13\" data-itemwidth=\"180\" data-touchscroll=\"no\" data-imagesize=\"auto\" style=\"--awb-columns:3;\"><div class=\"swiper-wrapper awb-image-carousel-wrapper fusion-flex-align-items-center\"><div class=\"swiper-slide\"><div class=\"fusion-carousel-item-wrapper\"><div class=\"fusion-image-wrapper hover-type-none\"><img decoding=\"async\" width=\"3183\" height=\"2122\" src=\"https:\/\/sfgrs.de\/wordpress\/wp-content\/uploads\/2024\/10\/Kus-2.png\" class=\"attachment-full size-full\" alt=\"\" srcset=\"https:\/\/sfgrs.de\/wordpress\/wp-content\/uploads\/2024\/10\/Kus-2-200x133.png 200w, https:\/\/sfgrs.de\/wordpress\/wp-content\/uploads\/2024\/10\/Kus-2-400x267.png 400w, https:\/\/sfgrs.de\/wordpress\/wp-content\/uploads\/2024\/10\/Kus-2-600x400.png 600w, https:\/\/sfgrs.de\/wordpress\/wp-content\/uploads\/2024\/10\/Kus-2-800x533.png 800w, https:\/\/sfgrs.de\/wordpress\/wp-content\/uploads\/2024\/10\/Kus-2-1200x800.png 1200w, https:\/\/sfgrs.de\/wordpress\/wp-content\/uploads\/2024\/10\/Kus-2.png 3183w\" sizes=\"(min-width: 2200px) 100vw, (min-width: 960px) 458px, (min-width: 800px) 687px, (min-width: 640px) 800px, \" \/><\/div><\/div><\/div><div class=\"swiper-slide\"><div class=\"fusion-carousel-item-wrapper\"><div class=\"fusion-image-wrapper hover-type-none\"><img decoding=\"async\" width=\"2560\" height=\"1442\" src=\"https:\/\/sfgrs.de\/wordpress\/wp-content\/uploads\/2024\/10\/Xs214SnJ-scaled-e1729668311521.jpeg\" class=\"attachment-full size-full\" alt=\"\" srcset=\"https:\/\/sfgrs.de\/wordpress\/wp-content\/uploads\/2024\/10\/Xs214SnJ-scaled-e1729668311521-200x113.jpeg 200w, https:\/\/sfgrs.de\/wordpress\/wp-content\/uploads\/2024\/10\/Xs214SnJ-scaled-e1729668311521-400x225.jpeg 400w, https:\/\/sfgrs.de\/wordpress\/wp-content\/uploads\/2024\/10\/Xs214SnJ-scaled-e1729668311521-600x338.jpeg 600w, https:\/\/sfgrs.de\/wordpress\/wp-content\/uploads\/2024\/10\/Xs214SnJ-scaled-e1729668311521-800x451.jpeg 800w, https:\/\/sfgrs.de\/wordpress\/wp-content\/uploads\/2024\/10\/Xs214SnJ-scaled-e1729668311521-1200x676.jpeg 1200w, https:\/\/sfgrs.de\/wordpress\/wp-content\/uploads\/2024\/10\/Xs214SnJ-scaled-e1729668311521.jpeg 2560w\" sizes=\"(min-width: 2200px) 100vw, (min-width: 960px) 458px, (min-width: 800px) 687px, (min-width: 640px) 800px, \" \/><\/div><\/div><\/div><div class=\"swiper-slide\"><div class=\"fusion-carousel-item-wrapper\"><div class=\"fusion-image-wrapper hover-type-none\"><img decoding=\"async\" width=\"600\" height=\"401\" src=\"https:\/\/sfgrs.de\/wordpress\/wp-content\/uploads\/2020\/09\/Fotos-fu\u0308r-Infotag-155.jpg\" class=\"attachment-full size-full\" alt=\"\" srcset=\"https:\/\/sfgrs.de\/wordpress\/wp-content\/uploads\/2020\/09\/Fotos-fu\u0308r-Infotag-155-200x134.jpg 200w, https:\/\/sfgrs.de\/wordpress\/wp-content\/uploads\/2020\/09\/Fotos-fu\u0308r-Infotag-155-400x267.jpg 400w, https:\/\/sfgrs.de\/wordpress\/wp-content\/uploads\/2020\/09\/Fotos-fu\u0308r-Infotag-155.jpg 600w\" sizes=\"(min-width: 2200px) 100vw, (min-width: 960px) 458px, (min-width: 800px) 687px, (min-width: 640px) 800px, \" \/><\/div><\/div><\/div><div class=\"swiper-slide\"><div class=\"fusion-carousel-item-wrapper\"><div class=\"fusion-image-wrapper hover-type-none\"><img decoding=\"async\" width=\"600\" height=\"401\" src=\"https:\/\/sfgrs.de\/wordpress\/wp-content\/uploads\/2020\/09\/Virtueller-Rundgang_2-32.jpg\" class=\"attachment-full size-full\" alt=\"\" srcset=\"https:\/\/sfgrs.de\/wordpress\/wp-content\/uploads\/2020\/09\/Virtueller-Rundgang_2-32-200x134.jpg 200w, https:\/\/sfgrs.de\/wordpress\/wp-content\/uploads\/2020\/09\/Virtueller-Rundgang_2-32-400x267.jpg 400w, https:\/\/sfgrs.de\/wordpress\/wp-content\/uploads\/2020\/09\/Virtueller-Rundgang_2-32.jpg 600w\" sizes=\"(min-width: 2200px) 100vw, (min-width: 960px) 458px, (min-width: 800px) 687px, (min-width: 640px) 800px, \" \/><\/div><\/div><\/div><div class=\"swiper-slide\"><div class=\"fusion-carousel-item-wrapper\"><div class=\"fusion-image-wrapper hover-type-none\"><img decoding=\"async\" width=\"600\" height=\"401\" src=\"https:\/\/sfgrs.de\/wordpress\/wp-content\/uploads\/2020\/09\/Fotos-fu\u0308r-Infotag-156.jpg\" class=\"attachment-full size-full\" alt=\"\" srcset=\"https:\/\/sfgrs.de\/wordpress\/wp-content\/uploads\/2020\/09\/Fotos-fu\u0308r-Infotag-156-200x134.jpg 200w, https:\/\/sfgrs.de\/wordpress\/wp-content\/uploads\/2020\/09\/Fotos-fu\u0308r-Infotag-156-400x267.jpg 400w, https:\/\/sfgrs.de\/wordpress\/wp-content\/uploads\/2020\/09\/Fotos-fu\u0308r-Infotag-156.jpg 600w\" sizes=\"(min-width: 2200px) 100vw, (min-width: 960px) 458px, (min-width: 800px) 687px, (min-width: 640px) 800px, \" \/><\/div><\/div><\/div><div class=\"swiper-slide\"><div class=\"fusion-carousel-item-wrapper\"><div class=\"fusion-image-wrapper hover-type-none\"><img decoding=\"async\" width=\"600\" height=\"401\" src=\"https:\/\/sfgrs.de\/wordpress\/wp-content\/uploads\/2020\/09\/Virtueller-Rundgang_2-47.jpg\" class=\"attachment-full size-full\" alt=\"\" srcset=\"https:\/\/sfgrs.de\/wordpress\/wp-content\/uploads\/2020\/09\/Virtueller-Rundgang_2-47-200x134.jpg 200w, https:\/\/sfgrs.de\/wordpress\/wp-content\/uploads\/2020\/09\/Virtueller-Rundgang_2-47-400x267.jpg 400w, https:\/\/sfgrs.de\/wordpress\/wp-content\/uploads\/2020\/09\/Virtueller-Rundgang_2-47.jpg 600w\" sizes=\"(min-width: 2200px) 100vw, (min-width: 960px) 458px, (min-width: 800px) 687px, (min-width: 640px) 800px, \" \/><\/div><\/div><\/div><div class=\"swiper-slide\"><div class=\"fusion-carousel-item-wrapper\"><div class=\"fusion-image-wrapper hover-type-none\"><img decoding=\"async\" width=\"600\" height=\"401\" src=\"https:\/\/sfgrs.de\/wordpress\/wp-content\/uploads\/2020\/09\/Virtueller-Rundgang_2-59.jpg\" class=\"attachment-full size-full\" alt=\"\" srcset=\"https:\/\/sfgrs.de\/wordpress\/wp-content\/uploads\/2020\/09\/Virtueller-Rundgang_2-59-200x134.jpg 200w, https:\/\/sfgrs.de\/wordpress\/wp-content\/uploads\/2020\/09\/Virtueller-Rundgang_2-59-400x267.jpg 400w, https:\/\/sfgrs.de\/wordpress\/wp-content\/uploads\/2020\/09\/Virtueller-Rundgang_2-59.jpg 600w\" sizes=\"(min-width: 2200px) 100vw, (min-width: 960px) 458px, (min-width: 800px) 687px, (min-width: 640px) 800px, \" \/><\/div><\/div><\/div><div class=\"swiper-slide\"><div class=\"fusion-carousel-item-wrapper\"><div class=\"fusion-image-wrapper hover-type-none\"><img decoding=\"async\" width=\"600\" height=\"401\" src=\"https:\/\/sfgrs.de\/wordpress\/wp-content\/uploads\/2020\/09\/Virtueller-Rundgang_2-60.jpg\" class=\"attachment-full size-full\" alt=\"\" srcset=\"https:\/\/sfgrs.de\/wordpress\/wp-content\/uploads\/2020\/09\/Virtueller-Rundgang_2-60-200x134.jpg 200w, https:\/\/sfgrs.de\/wordpress\/wp-content\/uploads\/2020\/09\/Virtueller-Rundgang_2-60-400x267.jpg 400w, https:\/\/sfgrs.de\/wordpress\/wp-content\/uploads\/2020\/09\/Virtueller-Rundgang_2-60.jpg 600w\" sizes=\"(min-width: 2200px) 100vw, (min-width: 960px) 458px, (min-width: 800px) 687px, (min-width: 640px) 800px, \" \/><\/div><\/div><\/div><\/div><div class=\"awb-swiper-button awb-swiper-button-prev\"><i class=\"awb-icon-angle-left\" aria-hidden=\"true\"><\/i><\/div><div class=\"awb-swiper-button awb-swiper-button-next\"><i class=\"awb-icon-angle-right\" aria-hidden=\"true\"><\/i><\/div><\/div><\/div><\/div><\/div><div class=\"fusion-layout-column fusion_builder_column fusion-builder-column-2 fusion_builder_column_1_6 1_6 fusion-flex-column\" style=\"--awb-bg-size:cover;--awb-width-large:16.666666666667%;--awb-margin-top-large:0px;--awb-spacing-right-large:11.52%;--awb-margin-bottom-large:20px;--awb-spacing-left-large:11.52%;--awb-width-medium:100%;--awb-order-medium:0;--awb-spacing-right-medium:1.92%;--awb-spacing-left-medium:1.92%;--awb-width-small:100%;--awb-order-small:0;--awb-spacing-right-small:1.92%;--awb-spacing-left-small:1.92%;\"><div class=\"fusion-column-wrapper fusion-column-has-shadow fusion-flex-justify-content-flex-start fusion-content-layout-column\"><\/div><\/div><\/div><\/div>\n","protected":false},"excerpt":{"rendered":"","protected":false},"author":1,"featured_media":0,"parent":0,"menu_order":0,"comment_status":"closed","ping_status":"closed","template":"","meta":{"footnotes":""},"categories":[43],"tags":[],"class_list":["post-9978","page","type-page","status-publish","hentry","category-sub-real"],"_links":{"self":[{"href":"https:\/\/sfgrs.de\/wordpress\/index.php\/wp-json\/wp\/v2\/pages\/9978","targetHints":{"allow":["GET"]}}],"collection":[{"href":"https:\/\/sfgrs.de\/wordpress\/index.php\/wp-json\/wp\/v2\/pages"}],"about":[{"href":"https:\/\/sfgrs.de\/wordpress\/index.php\/wp-json\/wp\/v2\/types\/page"}],"author":[{"embeddable":true,"href":"https:\/\/sfgrs.de\/wordpress\/index.php\/wp-json\/wp\/v2\/users\/1"}],"replies":[{"embeddable":true,"href":"https:\/\/sfgrs.de\/wordpress\/index.php\/wp-json\/wp\/v2\/comments?post=9978"}],"version-history":[{"count":7,"href":"https:\/\/sfgrs.de\/wordpress\/index.php\/wp-json\/wp\/v2\/pages\/9978\/revisions"}],"predecessor-version":[{"id":12461,"href":"https:\/\/sfgrs.de\/wordpress\/index.php\/wp-json\/wp\/v2\/pages\/9978\/revisions\/12461"}],"wp:attachment":[{"href":"https:\/\/sfgrs.de\/wordpress\/index.php\/wp-json\/wp\/v2\/media?parent=9978"}],"wp:term":[{"taxonomy":"category","embeddable":true,"href":"https:\/\/sfgrs.de\/wordpress\/index.php\/wp-json\/wp\/v2\/categories?post=9978"},{"taxonomy":"post_tag","embeddable":true,"href":"https:\/\/sfgrs.de\/wordpress\/index.php\/wp-json\/wp\/v2\/tags?post=9978"}],"curies":[{"name":"wp","href":"https:\/\/api.w.org\/{rel}","templated":true}]}}