{"id":9984,"date":"2024-09-11T16:08:49","date_gmt":"2024-09-11T14:08:49","guid":{"rendered":"https:\/\/sfgrs.de\/wordpress\/sfgrs-24\/?page_id=9984"},"modified":"2024-10-30T08:47:38","modified_gmt":"2024-10-30T07:47:38","slug":"abschlussfahrt-in-10r","status":"publish","type":"page","link":"https:\/\/sfgrs.de\/wordpress\/index.php\/abschlussfahrt-in-10r\/","title":{"rendered":"Abschlussfahrt in 10R"},"content":{"rendered":"<div class=\"fusion-fullwidth fullwidth-box fusion-builder-row-1 fusion-flex-container has-pattern-background has-mask-background nonhundred-percent-fullwidth non-hundred-percent-height-scrolling\" style=\"--awb-border-radius-top-left:0px;--awb-border-radius-top-right:0px;--awb-border-radius-bottom-right:0px;--awb-border-radius-bottom-left:0px;--awb-flex-wrap:wrap;\" ><div class=\"fusion-builder-row fusion-row fusion-flex-align-items-flex-start fusion-flex-content-wrap\" style=\"max-width:1456px;margin-left: calc(-4% \/ 2 );margin-right: calc(-4% \/ 2 );\"><div class=\"fusion-layout-column fusion_builder_column fusion-builder-column-0 fusion_builder_column_1_6 1_6 fusion-flex-column\" style=\"--awb-bg-size:cover;--awb-width-large:16.666666666667%;--awb-margin-top-large:0px;--awb-spacing-right-large:11.52%;--awb-margin-bottom-large:20px;--awb-spacing-left-large:11.52%;--awb-width-medium:100%;--awb-order-medium:0;--awb-spacing-right-medium:1.92%;--awb-spacing-left-medium:1.92%;--awb-width-small:100%;--awb-order-small:0;--awb-spacing-right-small:1.92%;--awb-spacing-left-small:1.92%;\"><div class=\"fusion-column-wrapper fusion-column-has-shadow fusion-flex-justify-content-flex-start fusion-content-layout-column\"><\/div><\/div><div class=\"fusion-layout-column fusion_builder_column fusion-builder-column-1 fusion_builder_column_2_3 2_3 fusion-flex-column\" style=\"--awb-bg-size:cover;--awb-width-large:66.666666666667%;--awb-margin-top-large:0px;--awb-spacing-right-large:2.88%;--awb-margin-bottom-large:20px;--awb-spacing-left-large:2.88%;--awb-width-medium:100%;--awb-order-medium:0;--awb-spacing-right-medium:1.92%;--awb-spacing-left-medium:1.92%;--awb-width-small:100%;--awb-order-small:0;--awb-spacing-right-small:1.92%;--awb-spacing-left-small:1.92%;\"><div class=\"fusion-column-wrapper fusion-column-has-shadow fusion-flex-justify-content-flex-start fusion-content-layout-column\"><div class=\"fusion-image-element \" style=\"--awb-aspect-ratio:21 \/ 9;--awb-object-position:49% 49%;--awb-margin-bottom:30px;--awb-caption-title-font-family:var(--h2_typography-font-family);--awb-caption-title-font-weight:var(--h2_typography-font-weight);--awb-caption-title-font-style:var(--h2_typography-font-style);--awb-caption-title-size:var(--h2_typography-font-size);--awb-caption-title-transform:var(--h2_typography-text-transform);--awb-caption-title-line-height:var(--h2_typography-line-height);--awb-caption-title-letter-spacing:var(--h2_typography-letter-spacing);\"><span class=\" fusion-imageframe imageframe-none imageframe-1 hover-type-none has-aspect-ratio\"><img decoding=\"async\" width=\"300\" height=\"225\" title=\"PENTACON DIGITAL CAMERA\" src=\"https:\/\/sfgrs.de\/wordpress\/wp-content\/uploads\/2024\/10\/Dornumersiel-Nordsee-2-300x225.jpg\" class=\"img-responsive wp-image-10820 img-with-aspect-ratio\" alt srcset=\"https:\/\/sfgrs.de\/wordpress\/wp-content\/uploads\/2024\/10\/Dornumersiel-Nordsee-2-200x150.jpg 200w, https:\/\/sfgrs.de\/wordpress\/wp-content\/uploads\/2024\/10\/Dornumersiel-Nordsee-2-400x300.jpg 400w, https:\/\/sfgrs.de\/wordpress\/wp-content\/uploads\/2024\/10\/Dornumersiel-Nordsee-2-600x450.jpg 600w, https:\/\/sfgrs.de\/wordpress\/wp-content\/uploads\/2024\/10\/Dornumersiel-Nordsee-2-800x600.jpg 800w, https:\/\/sfgrs.de\/wordpress\/wp-content\/uploads\/2024\/10\/Dornumersiel-Nordsee-2-1200x900.jpg 1200w\" sizes=\"(max-width: 1140px) 100vw, (max-width: 640px) 100vw, 1200px\" \/><\/span><\/div><div class=\"fusion-text fusion-text-1 fusion-text-no-margin\" style=\"--awb-margin-bottom:30px;\"><h3><strong>Abschlussfahrt in Klasse 10 der Realschule<\/strong><\/h3>\n<p>Als eines der letzten Highlights der Realschullaufbahn steht gegen Ende der 10. Klasse die einw\u00f6chige Abschlussfahrt an. Die Sch\u00fclerinnen w\u00e4hlen zusammen mit ihrer Klassenleitung ein Ziel daf\u00fcr aus. Das Programm, meist mit kulturellem und\/oder erlebnisp\u00e4dagogischem Schwerpunkt, wird ebenfalls gemeinsam gew\u00e4hlt, sodass die Sch\u00fclerinnen sich auf eine spannende, ereignisreiche Woche freuen k\u00f6nnen. Neben dem Sammeln von Erfahrungen an au\u00dferschulischen Lernorten haben die Sch\u00fclerinnen auch Zeit f\u00fcr Unternehmungen in Kleingruppen oder der gesamten Klassengemeinschaft. Immer eine sehr sch\u00f6ne und wertvolle M\u00f6glichkeit, die gemeinsame Schulzeit abzuschlie\u00dfen.<\/p>\n<\/div><div class=\"fusion-image-carousel fusion-image-carousel-auto fusion-image-carousel-1 fusion-carousel-border\"><div class=\"awb-carousel awb-swiper awb-swiper-carousel\" data-autoplay=\"no\" data-columns=\"3\" data-itemmargin=\"13\" data-itemwidth=\"180\" data-touchscroll=\"no\" data-imagesize=\"auto\" style=\"--awb-columns:3;\"><div class=\"swiper-wrapper awb-image-carousel-wrapper fusion-flex-align-items-center\"><div class=\"swiper-slide\"><div class=\"fusion-carousel-item-wrapper\"><div class=\"fusion-image-wrapper hover-type-none\"><img decoding=\"async\" width=\"828\" height=\"619\" src=\"https:\/\/sfgrs.de\/wordpress\/wp-content\/uploads\/2024\/10\/IMG_6875.jpg\" class=\"attachment-full size-full\" alt=\"\" srcset=\"https:\/\/sfgrs.de\/wordpress\/wp-content\/uploads\/2024\/10\/IMG_6875-200x150.jpg 200w, https:\/\/sfgrs.de\/wordpress\/wp-content\/uploads\/2024\/10\/IMG_6875-400x299.jpg 400w, https:\/\/sfgrs.de\/wordpress\/wp-content\/uploads\/2024\/10\/IMG_6875-600x449.jpg 600w, https:\/\/sfgrs.de\/wordpress\/wp-content\/uploads\/2024\/10\/IMG_6875-800x598.jpg 800w, https:\/\/sfgrs.de\/wordpress\/wp-content\/uploads\/2024\/10\/IMG_6875.jpg 828w\" sizes=\"(min-width: 2200px) 100vw, (min-width: 960px) 458px, (min-width: 800px) 687px, (min-width: 640px) 800px, \" \/><\/div><\/div><\/div><div class=\"swiper-slide\"><div class=\"fusion-carousel-item-wrapper\"><div class=\"fusion-image-wrapper hover-type-none\"><img decoding=\"async\" width=\"828\" height=\"640\" src=\"https:\/\/sfgrs.de\/wordpress\/wp-content\/uploads\/2024\/10\/IMG_6876.jpg\" class=\"attachment-full size-full\" alt=\"\" srcset=\"https:\/\/sfgrs.de\/wordpress\/wp-content\/uploads\/2024\/10\/IMG_6876-200x155.jpg 200w, https:\/\/sfgrs.de\/wordpress\/wp-content\/uploads\/2024\/10\/IMG_6876-400x309.jpg 400w, https:\/\/sfgrs.de\/wordpress\/wp-content\/uploads\/2024\/10\/IMG_6876-600x464.jpg 600w, https:\/\/sfgrs.de\/wordpress\/wp-content\/uploads\/2024\/10\/IMG_6876-800x618.jpg 800w, https:\/\/sfgrs.de\/wordpress\/wp-content\/uploads\/2024\/10\/IMG_6876.jpg 828w\" sizes=\"(min-width: 2200px) 100vw, (min-width: 960px) 458px, (min-width: 800px) 687px, (min-width: 640px) 800px, \" \/><\/div><\/div><\/div><div class=\"swiper-slide\"><div class=\"fusion-carousel-item-wrapper\"><div class=\"fusion-image-wrapper hover-type-none\"><img decoding=\"async\" width=\"828\" height=\"602\" src=\"https:\/\/sfgrs.de\/wordpress\/wp-content\/uploads\/2024\/10\/IMG_6877.jpg\" class=\"attachment-full size-full\" alt=\"\" srcset=\"https:\/\/sfgrs.de\/wordpress\/wp-content\/uploads\/2024\/10\/IMG_6877-200x145.jpg 200w, https:\/\/sfgrs.de\/wordpress\/wp-content\/uploads\/2024\/10\/IMG_6877-400x291.jpg 400w, https:\/\/sfgrs.de\/wordpress\/wp-content\/uploads\/2024\/10\/IMG_6877-600x436.jpg 600w, https:\/\/sfgrs.de\/wordpress\/wp-content\/uploads\/2024\/10\/IMG_6877-800x582.jpg 800w, https:\/\/sfgrs.de\/wordpress\/wp-content\/uploads\/2024\/10\/IMG_6877.jpg 828w\" sizes=\"(min-width: 2200px) 100vw, (min-width: 960px) 458px, (min-width: 800px) 687px, (min-width: 640px) 800px, \" \/><\/div><\/div><\/div><div class=\"swiper-slide\"><div class=\"fusion-carousel-item-wrapper\"><div class=\"fusion-image-wrapper hover-type-none\"><img decoding=\"async\" width=\"828\" height=\"631\" src=\"https:\/\/sfgrs.de\/wordpress\/wp-content\/uploads\/2024\/10\/IMG_6883.jpg\" class=\"attachment-full size-full\" alt=\"\" srcset=\"https:\/\/sfgrs.de\/wordpress\/wp-content\/uploads\/2024\/10\/IMG_6883-200x152.jpg 200w, https:\/\/sfgrs.de\/wordpress\/wp-content\/uploads\/2024\/10\/IMG_6883-400x305.jpg 400w, https:\/\/sfgrs.de\/wordpress\/wp-content\/uploads\/2024\/10\/IMG_6883-600x457.jpg 600w, https:\/\/sfgrs.de\/wordpress\/wp-content\/uploads\/2024\/10\/IMG_6883-800x610.jpg 800w, https:\/\/sfgrs.de\/wordpress\/wp-content\/uploads\/2024\/10\/IMG_6883.jpg 828w\" sizes=\"(min-width: 2200px) 100vw, (min-width: 960px) 458px, (min-width: 800px) 687px, (min-width: 640px) 800px, \" \/><\/div><\/div><\/div><div class=\"swiper-slide\"><div class=\"fusion-carousel-item-wrapper\"><div class=\"fusion-image-wrapper hover-type-none\"><img decoding=\"async\" width=\"828\" height=\"617\" src=\"https:\/\/sfgrs.de\/wordpress\/wp-content\/uploads\/2024\/10\/IMG_6879.jpg\" class=\"attachment-full size-full\" alt=\"\" srcset=\"https:\/\/sfgrs.de\/wordpress\/wp-content\/uploads\/2024\/10\/IMG_6879-200x149.jpg 200w, https:\/\/sfgrs.de\/wordpress\/wp-content\/uploads\/2024\/10\/IMG_6879-400x298.jpg 400w, https:\/\/sfgrs.de\/wordpress\/wp-content\/uploads\/2024\/10\/IMG_6879-600x447.jpg 600w, https:\/\/sfgrs.de\/wordpress\/wp-content\/uploads\/2024\/10\/IMG_6879-800x596.jpg 800w, https:\/\/sfgrs.de\/wordpress\/wp-content\/uploads\/2024\/10\/IMG_6879.jpg 828w\" sizes=\"(min-width: 2200px) 100vw, (min-width: 960px) 458px, (min-width: 800px) 687px, (min-width: 640px) 800px, \" \/><\/div><\/div><\/div><div class=\"swiper-slide\"><div class=\"fusion-carousel-item-wrapper\"><div class=\"fusion-image-wrapper hover-type-none\"><img decoding=\"async\" width=\"828\" height=\"1090\" src=\"https:\/\/sfgrs.de\/wordpress\/wp-content\/uploads\/2024\/10\/IMG_6880.jpg\" class=\"attachment-full size-full\" alt=\"\" srcset=\"https:\/\/sfgrs.de\/wordpress\/wp-content\/uploads\/2024\/10\/IMG_6880-200x263.jpg 200w, https:\/\/sfgrs.de\/wordpress\/wp-content\/uploads\/2024\/10\/IMG_6880-400x527.jpg 400w, https:\/\/sfgrs.de\/wordpress\/wp-content\/uploads\/2024\/10\/IMG_6880-600x790.jpg 600w, https:\/\/sfgrs.de\/wordpress\/wp-content\/uploads\/2024\/10\/IMG_6880-800x1053.jpg 800w, https:\/\/sfgrs.de\/wordpress\/wp-content\/uploads\/2024\/10\/IMG_6880.jpg 828w\" sizes=\"(min-width: 2200px) 100vw, (min-width: 960px) 458px, (min-width: 800px) 687px, (min-width: 640px) 800px, \" \/><\/div><\/div><\/div><div class=\"swiper-slide\"><div class=\"fusion-carousel-item-wrapper\"><div class=\"fusion-image-wrapper hover-type-none\"><img decoding=\"async\" width=\"828\" height=\"1079\" src=\"https:\/\/sfgrs.de\/wordpress\/wp-content\/uploads\/2024\/10\/IMG_6878.jpg\" class=\"attachment-full size-full\" alt=\"\" srcset=\"https:\/\/sfgrs.de\/wordpress\/wp-content\/uploads\/2024\/10\/IMG_6878-200x261.jpg 200w, https:\/\/sfgrs.de\/wordpress\/wp-content\/uploads\/2024\/10\/IMG_6878-400x521.jpg 400w, https:\/\/sfgrs.de\/wordpress\/wp-content\/uploads\/2024\/10\/IMG_6878-600x782.jpg 600w, https:\/\/sfgrs.de\/wordpress\/wp-content\/uploads\/2024\/10\/IMG_6878-800x1043.jpg 800w, https:\/\/sfgrs.de\/wordpress\/wp-content\/uploads\/2024\/10\/IMG_6878.jpg 828w\" sizes=\"(min-width: 2200px) 100vw, (min-width: 960px) 458px, (min-width: 800px) 687px, (min-width: 640px) 800px, \" \/><\/div><\/div><\/div><div class=\"swiper-slide\"><div class=\"fusion-carousel-item-wrapper\"><div class=\"fusion-image-wrapper hover-type-none\"><img decoding=\"async\" width=\"828\" height=\"1075\" src=\"https:\/\/sfgrs.de\/wordpress\/wp-content\/uploads\/2024\/10\/IMG_6881.jpg\" class=\"attachment-full size-full\" alt=\"\" srcset=\"https:\/\/sfgrs.de\/wordpress\/wp-content\/uploads\/2024\/10\/IMG_6881-200x260.jpg 200w, https:\/\/sfgrs.de\/wordpress\/wp-content\/uploads\/2024\/10\/IMG_6881-400x519.jpg 400w, https:\/\/sfgrs.de\/wordpress\/wp-content\/uploads\/2024\/10\/IMG_6881-600x779.jpg 600w, https:\/\/sfgrs.de\/wordpress\/wp-content\/uploads\/2024\/10\/IMG_6881-800x1039.jpg 800w, https:\/\/sfgrs.de\/wordpress\/wp-content\/uploads\/2024\/10\/IMG_6881.jpg 828w\" sizes=\"(min-width: 2200px) 100vw, (min-width: 960px) 458px, (min-width: 800px) 687px, (min-width: 640px) 800px, \" \/><\/div><\/div><\/div><div class=\"swiper-slide\"><div class=\"fusion-carousel-item-wrapper\"><div class=\"fusion-image-wrapper hover-type-none\"><img decoding=\"async\" width=\"828\" height=\"1075\" src=\"https:\/\/sfgrs.de\/wordpress\/wp-content\/uploads\/2024\/10\/IMG_6882.jpg\" class=\"attachment-full size-full\" alt=\"\" srcset=\"https:\/\/sfgrs.de\/wordpress\/wp-content\/uploads\/2024\/10\/IMG_6882-200x260.jpg 200w, https:\/\/sfgrs.de\/wordpress\/wp-content\/uploads\/2024\/10\/IMG_6882-400x519.jpg 400w, https:\/\/sfgrs.de\/wordpress\/wp-content\/uploads\/2024\/10\/IMG_6882-600x779.jpg 600w, https:\/\/sfgrs.de\/wordpress\/wp-content\/uploads\/2024\/10\/IMG_6882-800x1039.jpg 800w, https:\/\/sfgrs.de\/wordpress\/wp-content\/uploads\/2024\/10\/IMG_6882.jpg 828w\" sizes=\"(min-width: 2200px) 100vw, (min-width: 960px) 458px, (min-width: 800px) 687px, (min-width: 640px) 800px, \" \/><\/div><\/div><\/div><\/div><div class=\"awb-swiper-button awb-swiper-button-prev\"><i class=\"awb-icon-angle-left\" aria-hidden=\"true\"><\/i><\/div><div class=\"awb-swiper-button awb-swiper-button-next\"><i class=\"awb-icon-angle-right\" aria-hidden=\"true\"><\/i><\/div><\/div><\/div><\/div><\/div><div class=\"fusion-layout-column fusion_builder_column fusion-builder-column-2 fusion_builder_column_1_6 1_6 fusion-flex-column\" style=\"--awb-bg-size:cover;--awb-width-large:16.666666666667%;--awb-margin-top-large:0px;--awb-spacing-right-large:11.52%;--awb-margin-bottom-large:20px;--awb-spacing-left-large:11.52%;--awb-width-medium:100%;--awb-order-medium:0;--awb-spacing-right-medium:1.92%;--awb-spacing-left-medium:1.92%;--awb-width-small:100%;--awb-order-small:0;--awb-spacing-right-small:1.92%;--awb-spacing-left-small:1.92%;\"><div class=\"fusion-column-wrapper fusion-column-has-shadow fusion-flex-justify-content-flex-start fusion-content-layout-column\"><\/div><\/div><\/div><\/div>\n","protected":false},"excerpt":{"rendered":"","protected":false},"author":1,"featured_media":0,"parent":0,"menu_order":0,"comment_status":"closed","ping_status":"closed","template":"","meta":{"footnotes":""},"categories":[43],"tags":[],"class_list":["post-9984","page","type-page","status-publish","hentry","category-sub-real"],"_links":{"self":[{"href":"https:\/\/sfgrs.de\/wordpress\/index.php\/wp-json\/wp\/v2\/pages\/9984","targetHints":{"allow":["GET"]}}],"collection":[{"href":"https:\/\/sfgrs.de\/wordpress\/index.php\/wp-json\/wp\/v2\/pages"}],"about":[{"href":"https:\/\/sfgrs.de\/wordpress\/index.php\/wp-json\/wp\/v2\/types\/page"}],"author":[{"embeddable":true,"href":"https:\/\/sfgrs.de\/wordpress\/index.php\/wp-json\/wp\/v2\/users\/1"}],"replies":[{"embeddable":true,"href":"https:\/\/sfgrs.de\/wordpress\/index.php\/wp-json\/wp\/v2\/comments?post=9984"}],"version-history":[{"count":10,"href":"https:\/\/sfgrs.de\/wordpress\/index.php\/wp-json\/wp\/v2\/pages\/9984\/revisions"}],"predecessor-version":[{"id":11582,"href":"https:\/\/sfgrs.de\/wordpress\/index.php\/wp-json\/wp\/v2\/pages\/9984\/revisions\/11582"}],"wp:attachment":[{"href":"https:\/\/sfgrs.de\/wordpress\/index.php\/wp-json\/wp\/v2\/media?parent=9984"}],"wp:term":[{"taxonomy":"category","embeddable":true,"href":"https:\/\/sfgrs.de\/wordpress\/index.php\/wp-json\/wp\/v2\/categories?post=9984"},{"taxonomy":"post_tag","embeddable":true,"href":"https:\/\/sfgrs.de\/wordpress\/index.php\/wp-json\/wp\/v2\/tags?post=9984"}],"curies":[{"name":"wp","href":"https:\/\/api.w.org\/{rel}","templated":true}]}}